{"id":9185,"date":"2025-04-22T09:26:52","date_gmt":"2025-04-22T09:26:52","guid":{"rendered":"https:\/\/myeye.ee\/product\/total-30-toric-3pcs\/"},"modified":"2025-12-04T20:57:19","modified_gmt":"2025-12-04T20:57:19","slug":"total-30-toric-3pcs","status":"publish","type":"product","link":"https:\/\/myeye.ee\/en\/product\/total-30-toric-3pcs\/","title":{"rendered":"Total 30 Toric  3pcs"},"content":{"rendered":"<p>Total 30 Toric \u2013 clear vision all month long<\/p>\n<p>If you have astigmatism, you need contact lenses that correct cylindrical vision and stay stable in your eye. Total 30 Toric is designed for just that \u2013 they are toric lenses that help you see clearly all day long and in any situation.<\/p>\n<p>These are monthly contact lenses that are suitable for daily wear for up to 30 consecutive days. The lenses must be removed, cleaned and stored in a care solution every day.<\/p>\n<p>Total 30 Toric lenses have a special Water Gradient design \u2013 the surface of the lens consists almost entirely of water, which ensures a soft and natural feel. The lenses are made of silicone hydrogel, which ensures good oxygen permeability and suitability for prolonged wear.<\/p>\n<p>The stable position in the eye helps prevent the &#8220;floating&#8221; of the image, which can occur with astigmatism. The lens is well suited for everyday wear \u2013 both in the office, on the go and with an active lifestyle.<\/p>\n<p>In short:<br \/>\n\u2013 Monthly toric lenses<br \/>\n\u2013 Correct astigmatism and cylinder vision impairment<br \/>\n\u2013 Soft and moisturizing surface layer \u2013 suitable for sensitive eyes<br \/>\n\u2013 For daily use, removable at night<br \/>\n\u2013 Need cleaning and storage<\/p>\n<p data-start=\"1865\" data-end=\"2095\">\n","protected":false},"excerpt":{"rendered":"<p>Total 30 Toric \u2013 clear vision all month long If you have astigmatism, you need contact lenses that correct cylindrical vision and stay stable in your eye. Total 30 Toric is designed for just that \u2013 they are toric lenses that help you see clearly all day long and in any situation. These are monthly [&hellip;]<\/p>\n","protected":false},"featured_media":7894,"template":"","meta":{"_acf_changed":false},"product_brand":[328],"product_cat":[324,326,330,343],"product_tag":[],"class_list":{"0":"post-9185","1":"product","2":"type-product","3":"status-publish","4":"has-post-thumbnail","6":"product_brand-alcon-en","7":"product_cat-contact-lenses","8":"product_cat-monthly-contact-lenses","9":"product_cat-subscription-order","10":"product_cat-toric-astigmatism-lenses","11":"pa_diameeter-14-5-en","12":"pa_kandmisreziim-paevane-en","13":"pa_kasutusaeg-1-kuu-en","14":"pa_kumerus-8-6-en","15":"pa_tootja-alcon-en","17":"first","18":"instock","19":"taxable","20":"shipping-taxable","21":"purchasable","22":"product-type-variable-subscription"},"acf":[],"yoast_head":"<!-- This site is optimized with the Yoast SEO Premium plugin v26.4 (Yoast SEO v27.3) - https:\/\/yoast.com\/product\/yoast-seo-premium-wordpress\/ -->\n<title>Total 30 Toric 3pcs - Myeye<\/title>\n<meta name=\"description\" content=\"Total 30 Toric are toric contact lenses for the correction of astigmatism. A comfortable choice for daily wear for a whole month.\" \/>\n<meta name=\"robots\" content=\"index, follow, max-snippet:-1, max-image-preview:large, max-video-preview:-1\" \/>\n<link rel=\"canonical\" href=\"https:\/\/myeye.ee\/en\/product\/total-30-toric-3pcs\/\" \/>\n<meta property=\"og:locale\" content=\"en_US\" \/>\n<meta property=\"og:type\" content=\"article\" \/>\n<meta property=\"og:title\" content=\"Total 30 Toric 3pcs\" \/>\n<meta property=\"og:description\" content=\"Total 30 Toric are toric contact lenses for the correction of astigmatism. A comfortable choice for daily wear for a whole month.\" \/>\n<meta property=\"og:url\" content=\"https:\/\/myeye.ee\/en\/product\/total-30-toric-3pcs\/\" \/>\n<meta property=\"og:site_name\" content=\"Myeye\" \/>\n<meta property=\"article:publisher\" content=\"https:\/\/www.facebook.com\/profile.php?id=61571474589924\" \/>\n<meta property=\"article:modified_time\" content=\"2025-12-04T20:57:19+00:00\" \/>\n<meta property=\"og:image\" content=\"https:\/\/myeye.ee\/wp-content\/uploads\/2025\/04\/Total30-03-pack-Toric_R.jpeg\" \/>\n\t<meta property=\"og:image:width\" content=\"2500\" \/>\n\t<meta property=\"og:image:height\" content=\"2500\" \/>\n\t<meta property=\"og:image:type\" content=\"image\/jpeg\" \/>\n<meta name=\"twitter:card\" content=\"summary_large_image\" \/>\n<meta name=\"twitter:label1\" content=\"Est. reading time\" \/>\n\t<meta name=\"twitter:data1\" content=\"2 minutes\" \/>\n<script type=\"application\/ld+json\" class=\"yoast-schema-graph\">{\"@context\":\"https:\\\/\\\/schema.org\",\"@graph\":[{\"@type\":\"WebPage\",\"@id\":\"https:\\\/\\\/myeye.ee\\\/en\\\/product\\\/total-30-toric-3pcs\\\/\",\"url\":\"https:\\\/\\\/myeye.ee\\\/en\\\/product\\\/total-30-toric-3pcs\\\/\",\"name\":\"Total 30 Toric 3pcs - Myeye\",\"isPartOf\":{\"@id\":\"https:\\\/\\\/myeye.ee\\\/#website\"},\"primaryImageOfPage\":{\"@id\":\"https:\\\/\\\/myeye.ee\\\/en\\\/product\\\/total-30-toric-3pcs\\\/#primaryimage\"},\"image\":{\"@id\":\"https:\\\/\\\/myeye.ee\\\/en\\\/product\\\/total-30-toric-3pcs\\\/#primaryimage\"},\"thumbnailUrl\":\"https:\\\/\\\/myeye.ee\\\/wp-content\\\/uploads\\\/2025\\\/04\\\/Total30-03-pack-Toric_R.jpeg\",\"datePublished\":\"2025-04-22T09:26:52+00:00\",\"dateModified\":\"2025-12-04T20:57:19+00:00\",\"description\":\"Total 30 Toric are toric contact lenses for the correction of astigmatism. A comfortable choice for daily wear for a whole month.\",\"breadcrumb\":{\"@id\":\"https:\\\/\\\/myeye.ee\\\/en\\\/product\\\/total-30-toric-3pcs\\\/#breadcrumb\"},\"inLanguage\":\"en-US\",\"potentialAction\":[{\"@type\":\"ReadAction\",\"target\":[\"https:\\\/\\\/myeye.ee\\\/en\\\/product\\\/total-30-toric-3pcs\\\/\"]}]},{\"@type\":\"ImageObject\",\"inLanguage\":\"en-US\",\"@id\":\"https:\\\/\\\/myeye.ee\\\/en\\\/product\\\/total-30-toric-3pcs\\\/#primaryimage\",\"url\":\"https:\\\/\\\/myeye.ee\\\/wp-content\\\/uploads\\\/2025\\\/04\\\/Total30-03-pack-Toric_R.jpeg\",\"contentUrl\":\"https:\\\/\\\/myeye.ee\\\/wp-content\\\/uploads\\\/2025\\\/04\\\/Total30-03-pack-Toric_R.jpeg\",\"width\":2500,\"height\":2500,\"caption\":\"Total 30 Toric lenses for astigmatism with cylinder\"},{\"@type\":\"BreadcrumbList\",\"@id\":\"https:\\\/\\\/myeye.ee\\\/en\\\/product\\\/total-30-toric-3pcs\\\/#breadcrumb\",\"itemListElement\":[{\"@type\":\"ListItem\",\"position\":1,\"name\":\"Home\",\"item\":\"https:\\\/\\\/myeye.ee\\\/en\\\/\"},{\"@type\":\"ListItem\",\"position\":2,\"name\":\"Shop\",\"item\":\"https:\\\/\\\/myeye.ee\\\/pood\\\/\"},{\"@type\":\"ListItem\",\"position\":3,\"name\":\"Total 30 Toric 3pcs\"}]},{\"@type\":\"WebSite\",\"@id\":\"https:\\\/\\\/myeye.ee\\\/#website\",\"url\":\"https:\\\/\\\/myeye.ee\\\/\",\"name\":\"Myeye\",\"description\":\"Pakume professionaalset ja usaldusv\u00e4\u00e4rset teenust, kiiret kohaletoimetamist \u00fcle ning kliendis\u00f5bralikku ostukogemust.\",\"publisher\":{\"@id\":\"https:\\\/\\\/myeye.ee\\\/#organization\"},\"potentialAction\":[{\"@type\":\"SearchAction\",\"target\":{\"@type\":\"EntryPoint\",\"urlTemplate\":\"https:\\\/\\\/myeye.ee\\\/?s={search_term_string}\"},\"query-input\":{\"@type\":\"PropertyValueSpecification\",\"valueRequired\":true,\"valueName\":\"search_term_string\"}}],\"inLanguage\":\"en-US\"},{\"@type\":\"Organization\",\"@id\":\"https:\\\/\\\/myeye.ee\\\/#organization\",\"name\":\"Myeye\",\"url\":\"https:\\\/\\\/myeye.ee\\\/\",\"logo\":{\"@type\":\"ImageObject\",\"inLanguage\":\"en-US\",\"@id\":\"https:\\\/\\\/myeye.ee\\\/#\\\/schema\\\/logo\\\/image\\\/\",\"url\":\"https:\\\/\\\/myeye.ee\\\/wp-content\\\/uploads\\\/2025\\\/06\\\/1.png\",\"contentUrl\":\"https:\\\/\\\/myeye.ee\\\/wp-content\\\/uploads\\\/2025\\\/06\\\/1.png\",\"width\":1563,\"height\":1563,\"caption\":\"Myeye\"},\"image\":{\"@id\":\"https:\\\/\\\/myeye.ee\\\/#\\\/schema\\\/logo\\\/image\\\/\"},\"sameAs\":[\"https:\\\/\\\/www.facebook.com\\\/profile.php?id=61571474589924\"]}]}<\/script>\n<!-- \/ Yoast SEO Premium plugin. -->","yoast_head_json":{"title":"Total 30 Toric 3pcs - Myeye","description":"Total 30 Toric are toric contact lenses for the correction of astigmatism. A comfortable choice for daily wear for a whole month.","robots":{"index":"index","follow":"follow","max-snippet":"max-snippet:-1","max-image-preview":"max-image-preview:large","max-video-preview":"max-video-preview:-1"},"canonical":"https:\/\/myeye.ee\/en\/product\/total-30-toric-3pcs\/","og_locale":"en_US","og_type":"article","og_title":"Total 30 Toric 3pcs","og_description":"Total 30 Toric are toric contact lenses for the correction of astigmatism. A comfortable choice for daily wear for a whole month.","og_url":"https:\/\/myeye.ee\/en\/product\/total-30-toric-3pcs\/","og_site_name":"Myeye","article_publisher":"https:\/\/www.facebook.com\/profile.php?id=61571474589924","article_modified_time":"2025-12-04T20:57:19+00:00","og_image":[{"width":2500,"height":2500,"url":"https:\/\/myeye.ee\/wp-content\/uploads\/2025\/04\/Total30-03-pack-Toric_R.jpeg","type":"image\/jpeg"}],"twitter_card":"summary_large_image","twitter_misc":{"Est. reading time":"2 minutes"},"schema":{"@context":"https:\/\/schema.org","@graph":[{"@type":"WebPage","@id":"https:\/\/myeye.ee\/en\/product\/total-30-toric-3pcs\/","url":"https:\/\/myeye.ee\/en\/product\/total-30-toric-3pcs\/","name":"Total 30 Toric 3pcs - Myeye","isPartOf":{"@id":"https:\/\/myeye.ee\/#website"},"primaryImageOfPage":{"@id":"https:\/\/myeye.ee\/en\/product\/total-30-toric-3pcs\/#primaryimage"},"image":{"@id":"https:\/\/myeye.ee\/en\/product\/total-30-toric-3pcs\/#primaryimage"},"thumbnailUrl":"https:\/\/myeye.ee\/wp-content\/uploads\/2025\/04\/Total30-03-pack-Toric_R.jpeg","datePublished":"2025-04-22T09:26:52+00:00","dateModified":"2025-12-04T20:57:19+00:00","description":"Total 30 Toric are toric contact lenses for the correction of astigmatism. A comfortable choice for daily wear for a whole month.","breadcrumb":{"@id":"https:\/\/myeye.ee\/en\/product\/total-30-toric-3pcs\/#breadcrumb"},"inLanguage":"en-US","potentialAction":[{"@type":"ReadAction","target":["https:\/\/myeye.ee\/en\/product\/total-30-toric-3pcs\/"]}]},{"@type":"ImageObject","inLanguage":"en-US","@id":"https:\/\/myeye.ee\/en\/product\/total-30-toric-3pcs\/#primaryimage","url":"https:\/\/myeye.ee\/wp-content\/uploads\/2025\/04\/Total30-03-pack-Toric_R.jpeg","contentUrl":"https:\/\/myeye.ee\/wp-content\/uploads\/2025\/04\/Total30-03-pack-Toric_R.jpeg","width":2500,"height":2500,"caption":"Total 30 Toric lenses for astigmatism with cylinder"},{"@type":"BreadcrumbList","@id":"https:\/\/myeye.ee\/en\/product\/total-30-toric-3pcs\/#breadcrumb","itemListElement":[{"@type":"ListItem","position":1,"name":"Home","item":"https:\/\/myeye.ee\/en\/"},{"@type":"ListItem","position":2,"name":"Shop","item":"https:\/\/myeye.ee\/pood\/"},{"@type":"ListItem","position":3,"name":"Total 30 Toric 3pcs"}]},{"@type":"WebSite","@id":"https:\/\/myeye.ee\/#website","url":"https:\/\/myeye.ee\/","name":"Myeye","description":"Pakume professionaalset ja usaldusv\u00e4\u00e4rset teenust, kiiret kohaletoimetamist \u00fcle ning kliendis\u00f5bralikku ostukogemust.","publisher":{"@id":"https:\/\/myeye.ee\/#organization"},"potentialAction":[{"@type":"SearchAction","target":{"@type":"EntryPoint","urlTemplate":"https:\/\/myeye.ee\/?s={search_term_string}"},"query-input":{"@type":"PropertyValueSpecification","valueRequired":true,"valueName":"search_term_string"}}],"inLanguage":"en-US"},{"@type":"Organization","@id":"https:\/\/myeye.ee\/#organization","name":"Myeye","url":"https:\/\/myeye.ee\/","logo":{"@type":"ImageObject","inLanguage":"en-US","@id":"https:\/\/myeye.ee\/#\/schema\/logo\/image\/","url":"https:\/\/myeye.ee\/wp-content\/uploads\/2025\/06\/1.png","contentUrl":"https:\/\/myeye.ee\/wp-content\/uploads\/2025\/06\/1.png","width":1563,"height":1563,"caption":"Myeye"},"image":{"@id":"https:\/\/myeye.ee\/#\/schema\/logo\/image\/"},"sameAs":["https:\/\/www.facebook.com\/profile.php?id=61571474589924"]}]}},"_links":{"self":[{"href":"https:\/\/myeye.ee\/en\/wp-json\/wp\/v2\/product\/9185","targetHints":{"allow":["GET"]}}],"collection":[{"href":"https:\/\/myeye.ee\/en\/wp-json\/wp\/v2\/product"}],"about":[{"href":"https:\/\/myeye.ee\/en\/wp-json\/wp\/v2\/types\/product"}],"wp:featuredmedia":[{"embeddable":true,"href":"https:\/\/myeye.ee\/en\/wp-json\/wp\/v2\/media\/7894"}],"wp:attachment":[{"href":"https:\/\/myeye.ee\/en\/wp-json\/wp\/v2\/media?parent=9185"}],"wp:term":[{"taxonomy":"product_brand","embeddable":true,"href":"https:\/\/myeye.ee\/en\/wp-json\/wp\/v2\/product_brand?post=9185"},{"taxonomy":"product_cat","embeddable":true,"href":"https:\/\/myeye.ee\/en\/wp-json\/wp\/v2\/product_cat?post=9185"},{"taxonomy":"product_tag","embeddable":true,"href":"https:\/\/myeye.ee\/en\/wp-json\/wp\/v2\/product_tag?post=9185"}],"curies":[{"name":"wp","href":"https:\/\/api.w.org\/{rel}","templated":true}]}}