{"id":9177,"date":"2025-04-22T09:38:42","date_gmt":"2025-04-22T09:38:42","guid":{"rendered":"https:\/\/myeye.ee\/product\/dailies-aqua-comfort-plus-30pcs\/"},"modified":"2025-12-04T20:51:07","modified_gmt":"2025-12-04T20:51:07","slug":"dailies-aqua-comfort-plus-30pcs","status":"publish","type":"product","link":"https:\/\/myeye.ee\/en\/product\/dailies-aqua-comfort-plus-30pcs\/","title":{"rendered":"Dailies Aqua Comfort Plus 30pcs"},"content":{"rendered":"<p>Dailies AquaComfort Plus \u2013 comfortable daily lenses for every day<\/p>\n<p>Dailies AquaComfort Plus are daily contact lenses that are suitable for daily wear. These daily lenses ensure a fresh and comfortable feeling all day long \u2013 open a new pair in the morning and throw them away at night. There are 30 contact lenses in a box, or 15 pairs.<\/p>\n<p>The lenses are well suited for those who want a simple and hygienic solution, without the hassle of daily cleaning and storage. Dailies AquaComfort Plus lenses use a triple irrigation system that is activated with every blink and keeps the eyes moisturized even at the end of a long day.<\/p>\n<p>The material is soft and almost unnoticeable on the eye. Thanks to the high water content and thin design, these lenses are also suitable for sensitive or dry eyes. Dailies AquaComfort Plus is a good choice for both new wearers and those who prefer intermittent lens wear \u2013 for example, for exercise, travel or an active day.<\/p>\n<p>Key features:<br \/>\n\u2013 Daily disposable contact lenses<br \/>\n\u2013 30 pcs per box (15 pairs)<br \/>\n\u2013 Suitable for daily or intermittent wear<br \/>\n\u2013 Moisturizing technology for comfort<br \/>\n\u2013 No need for care solutions or lens cases<br \/>\n\u2013 Also suitable for sensitive eyes<br \/>\n\u2013 Ideal for an easy and fresh lens experience<\/p>\n<p>Dailies AquaComfort Plus 30 pcs is a practical and convenient choice if you need reliable daily contact lenses for everyday life or intermittent wear.<\/p>\n","protected":false},"excerpt":{"rendered":"<p>Dailies AquaComfort Plus \u2013 comfortable daily lenses for every day Dailies AquaComfort Plus are daily contact lenses that are suitable for daily wear. These daily lenses ensure a fresh and comfortable feeling all day long \u2013 open a new pair in the morning and throw them away at night. There are 30 contact lenses in [&hellip;]<\/p>\n","protected":false},"featured_media":7884,"template":"","meta":{"_acf_changed":false},"product_brand":[328],"product_cat":[324,344,329,330],"product_tag":[],"class_list":{"0":"post-9177","1":"product","2":"type-product","3":"status-publish","4":"has-post-thumbnail","6":"product_brand-alcon-en","7":"product_cat-contact-lenses","8":"product_cat-daily-contact-lenses","9":"product_cat-regular-contact-lenses","10":"product_cat-subscription-order","11":"pa_diameeter-14-0-en","12":"pa_kandmisreziim-paevane-en","13":"pa_kasutusaeg-1-day","14":"pa_kumerus-8-7-en","15":"pa_tootja-alcon-en","17":"first","18":"instock","19":"taxable","20":"shipping-taxable","21":"purchasable","22":"product-type-variable-subscription"},"acf":[],"yoast_head":"<!-- This site is optimized with the Yoast SEO Premium plugin v26.4 (Yoast SEO v27.3) - https:\/\/yoast.com\/product\/yoast-seo-premium-wordpress\/ -->\n<title>Dailies Aqua Comfort Plus 30pcs - Myeye<\/title>\n<meta name=\"description\" content=\"Dailies AquaComfort Plus are daily disposable contact lenses for everyday wear. Comfortable and moisturizing daily lenses, 30 pieces per box.\" \/>\n<meta name=\"robots\" content=\"index, follow, max-snippet:-1, max-image-preview:large, max-video-preview:-1\" \/>\n<link rel=\"canonical\" href=\"https:\/\/myeye.ee\/en\/product\/dailies-aqua-comfort-plus-30pcs\/\" \/>\n<meta property=\"og:locale\" content=\"en_US\" \/>\n<meta property=\"og:type\" content=\"article\" \/>\n<meta property=\"og:title\" content=\"Dailies Aqua Comfort Plus 30pcs\" \/>\n<meta property=\"og:description\" content=\"Dailies AquaComfort Plus are daily disposable contact lenses for everyday wear. Comfortable and moisturizing daily lenses, 30 pieces per box.\" \/>\n<meta property=\"og:url\" content=\"https:\/\/myeye.ee\/en\/product\/dailies-aqua-comfort-plus-30pcs\/\" \/>\n<meta property=\"og:site_name\" content=\"Myeye\" \/>\n<meta property=\"article:publisher\" content=\"https:\/\/www.facebook.com\/profile.php?id=61571474589924\" \/>\n<meta property=\"article:modified_time\" content=\"2025-12-04T20:51:07+00:00\" \/>\n<meta property=\"og:image\" content=\"https:\/\/myeye.ee\/wp-content\/uploads\/2025\/04\/Dailies-Aqua-Comfort-Plus-30-pack-Sphere_R.jpeg\" \/>\n\t<meta property=\"og:image:width\" content=\"2500\" \/>\n\t<meta property=\"og:image:height\" content=\"2500\" \/>\n\t<meta property=\"og:image:type\" content=\"image\/jpeg\" \/>\n<meta name=\"twitter:card\" content=\"summary_large_image\" \/>\n<meta name=\"twitter:label1\" content=\"Est. reading time\" \/>\n\t<meta name=\"twitter:data1\" content=\"2 minutes\" \/>\n<script type=\"application\/ld+json\" class=\"yoast-schema-graph\">{\"@context\":\"https:\\\/\\\/schema.org\",\"@graph\":[{\"@type\":\"WebPage\",\"@id\":\"https:\\\/\\\/myeye.ee\\\/en\\\/product\\\/dailies-aqua-comfort-plus-30pcs\\\/\",\"url\":\"https:\\\/\\\/myeye.ee\\\/en\\\/product\\\/dailies-aqua-comfort-plus-30pcs\\\/\",\"name\":\"Dailies Aqua Comfort Plus 30pcs - Myeye\",\"isPartOf\":{\"@id\":\"https:\\\/\\\/myeye.ee\\\/#website\"},\"primaryImageOfPage\":{\"@id\":\"https:\\\/\\\/myeye.ee\\\/en\\\/product\\\/dailies-aqua-comfort-plus-30pcs\\\/#primaryimage\"},\"image\":{\"@id\":\"https:\\\/\\\/myeye.ee\\\/en\\\/product\\\/dailies-aqua-comfort-plus-30pcs\\\/#primaryimage\"},\"thumbnailUrl\":\"https:\\\/\\\/myeye.ee\\\/wp-content\\\/uploads\\\/2025\\\/04\\\/Dailies-Aqua-Comfort-Plus-30-pack-Sphere_R.jpeg\",\"datePublished\":\"2025-04-22T09:38:42+00:00\",\"dateModified\":\"2025-12-04T20:51:07+00:00\",\"description\":\"Dailies AquaComfort Plus are daily disposable contact lenses for everyday wear. Comfortable and moisturizing daily lenses, 30 pieces per box.\",\"breadcrumb\":{\"@id\":\"https:\\\/\\\/myeye.ee\\\/en\\\/product\\\/dailies-aqua-comfort-plus-30pcs\\\/#breadcrumb\"},\"inLanguage\":\"en-US\",\"potentialAction\":[{\"@type\":\"ReadAction\",\"target\":[\"https:\\\/\\\/myeye.ee\\\/en\\\/product\\\/dailies-aqua-comfort-plus-30pcs\\\/\"]}]},{\"@type\":\"ImageObject\",\"inLanguage\":\"en-US\",\"@id\":\"https:\\\/\\\/myeye.ee\\\/en\\\/product\\\/dailies-aqua-comfort-plus-30pcs\\\/#primaryimage\",\"url\":\"https:\\\/\\\/myeye.ee\\\/wp-content\\\/uploads\\\/2025\\\/04\\\/Dailies-Aqua-Comfort-Plus-30-pack-Sphere_R.jpeg\",\"contentUrl\":\"https:\\\/\\\/myeye.ee\\\/wp-content\\\/uploads\\\/2025\\\/04\\\/Dailies-Aqua-Comfort-Plus-30-pack-Sphere_R.jpeg\",\"width\":2500,\"height\":2500,\"caption\":\"Alcon daily disposable contact lenses Dailies AquaComfort Plus\"},{\"@type\":\"BreadcrumbList\",\"@id\":\"https:\\\/\\\/myeye.ee\\\/en\\\/product\\\/dailies-aqua-comfort-plus-30pcs\\\/#breadcrumb\",\"itemListElement\":[{\"@type\":\"ListItem\",\"position\":1,\"name\":\"Home\",\"item\":\"https:\\\/\\\/myeye.ee\\\/en\\\/\"},{\"@type\":\"ListItem\",\"position\":2,\"name\":\"Shop\",\"item\":\"https:\\\/\\\/myeye.ee\\\/pood\\\/\"},{\"@type\":\"ListItem\",\"position\":3,\"name\":\"Dailies Aqua Comfort Plus 30pcs\"}]},{\"@type\":\"WebSite\",\"@id\":\"https:\\\/\\\/myeye.ee\\\/#website\",\"url\":\"https:\\\/\\\/myeye.ee\\\/\",\"name\":\"Myeye\",\"description\":\"Pakume professionaalset ja usaldusv\u00e4\u00e4rset teenust, kiiret kohaletoimetamist \u00fcle ning kliendis\u00f5bralikku ostukogemust.\",\"publisher\":{\"@id\":\"https:\\\/\\\/myeye.ee\\\/#organization\"},\"potentialAction\":[{\"@type\":\"SearchAction\",\"target\":{\"@type\":\"EntryPoint\",\"urlTemplate\":\"https:\\\/\\\/myeye.ee\\\/?s={search_term_string}\"},\"query-input\":{\"@type\":\"PropertyValueSpecification\",\"valueRequired\":true,\"valueName\":\"search_term_string\"}}],\"inLanguage\":\"en-US\"},{\"@type\":\"Organization\",\"@id\":\"https:\\\/\\\/myeye.ee\\\/#organization\",\"name\":\"Myeye\",\"url\":\"https:\\\/\\\/myeye.ee\\\/\",\"logo\":{\"@type\":\"ImageObject\",\"inLanguage\":\"en-US\",\"@id\":\"https:\\\/\\\/myeye.ee\\\/#\\\/schema\\\/logo\\\/image\\\/\",\"url\":\"https:\\\/\\\/myeye.ee\\\/wp-content\\\/uploads\\\/2025\\\/06\\\/1.png\",\"contentUrl\":\"https:\\\/\\\/myeye.ee\\\/wp-content\\\/uploads\\\/2025\\\/06\\\/1.png\",\"width\":1563,\"height\":1563,\"caption\":\"Myeye\"},\"image\":{\"@id\":\"https:\\\/\\\/myeye.ee\\\/#\\\/schema\\\/logo\\\/image\\\/\"},\"sameAs\":[\"https:\\\/\\\/www.facebook.com\\\/profile.php?id=61571474589924\"]}]}<\/script>\n<!-- \/ Yoast SEO Premium plugin. -->","yoast_head_json":{"title":"Dailies Aqua Comfort Plus 30pcs - Myeye","description":"Dailies AquaComfort Plus are daily disposable contact lenses for everyday wear. Comfortable and moisturizing daily lenses, 30 pieces per box.","robots":{"index":"index","follow":"follow","max-snippet":"max-snippet:-1","max-image-preview":"max-image-preview:large","max-video-preview":"max-video-preview:-1"},"canonical":"https:\/\/myeye.ee\/en\/product\/dailies-aqua-comfort-plus-30pcs\/","og_locale":"en_US","og_type":"article","og_title":"Dailies Aqua Comfort Plus 30pcs","og_description":"Dailies AquaComfort Plus are daily disposable contact lenses for everyday wear. Comfortable and moisturizing daily lenses, 30 pieces per box.","og_url":"https:\/\/myeye.ee\/en\/product\/dailies-aqua-comfort-plus-30pcs\/","og_site_name":"Myeye","article_publisher":"https:\/\/www.facebook.com\/profile.php?id=61571474589924","article_modified_time":"2025-12-04T20:51:07+00:00","og_image":[{"width":2500,"height":2500,"url":"https:\/\/myeye.ee\/wp-content\/uploads\/2025\/04\/Dailies-Aqua-Comfort-Plus-30-pack-Sphere_R.jpeg","type":"image\/jpeg"}],"twitter_card":"summary_large_image","twitter_misc":{"Est. reading time":"2 minutes"},"schema":{"@context":"https:\/\/schema.org","@graph":[{"@type":"WebPage","@id":"https:\/\/myeye.ee\/en\/product\/dailies-aqua-comfort-plus-30pcs\/","url":"https:\/\/myeye.ee\/en\/product\/dailies-aqua-comfort-plus-30pcs\/","name":"Dailies Aqua Comfort Plus 30pcs - Myeye","isPartOf":{"@id":"https:\/\/myeye.ee\/#website"},"primaryImageOfPage":{"@id":"https:\/\/myeye.ee\/en\/product\/dailies-aqua-comfort-plus-30pcs\/#primaryimage"},"image":{"@id":"https:\/\/myeye.ee\/en\/product\/dailies-aqua-comfort-plus-30pcs\/#primaryimage"},"thumbnailUrl":"https:\/\/myeye.ee\/wp-content\/uploads\/2025\/04\/Dailies-Aqua-Comfort-Plus-30-pack-Sphere_R.jpeg","datePublished":"2025-04-22T09:38:42+00:00","dateModified":"2025-12-04T20:51:07+00:00","description":"Dailies AquaComfort Plus are daily disposable contact lenses for everyday wear. Comfortable and moisturizing daily lenses, 30 pieces per box.","breadcrumb":{"@id":"https:\/\/myeye.ee\/en\/product\/dailies-aqua-comfort-plus-30pcs\/#breadcrumb"},"inLanguage":"en-US","potentialAction":[{"@type":"ReadAction","target":["https:\/\/myeye.ee\/en\/product\/dailies-aqua-comfort-plus-30pcs\/"]}]},{"@type":"ImageObject","inLanguage":"en-US","@id":"https:\/\/myeye.ee\/en\/product\/dailies-aqua-comfort-plus-30pcs\/#primaryimage","url":"https:\/\/myeye.ee\/wp-content\/uploads\/2025\/04\/Dailies-Aqua-Comfort-Plus-30-pack-Sphere_R.jpeg","contentUrl":"https:\/\/myeye.ee\/wp-content\/uploads\/2025\/04\/Dailies-Aqua-Comfort-Plus-30-pack-Sphere_R.jpeg","width":2500,"height":2500,"caption":"Alcon daily disposable contact lenses Dailies AquaComfort Plus"},{"@type":"BreadcrumbList","@id":"https:\/\/myeye.ee\/en\/product\/dailies-aqua-comfort-plus-30pcs\/#breadcrumb","itemListElement":[{"@type":"ListItem","position":1,"name":"Home","item":"https:\/\/myeye.ee\/en\/"},{"@type":"ListItem","position":2,"name":"Shop","item":"https:\/\/myeye.ee\/pood\/"},{"@type":"ListItem","position":3,"name":"Dailies Aqua Comfort Plus 30pcs"}]},{"@type":"WebSite","@id":"https:\/\/myeye.ee\/#website","url":"https:\/\/myeye.ee\/","name":"Myeye","description":"Pakume professionaalset ja usaldusv\u00e4\u00e4rset teenust, kiiret kohaletoimetamist \u00fcle ning kliendis\u00f5bralikku ostukogemust.","publisher":{"@id":"https:\/\/myeye.ee\/#organization"},"potentialAction":[{"@type":"SearchAction","target":{"@type":"EntryPoint","urlTemplate":"https:\/\/myeye.ee\/?s={search_term_string}"},"query-input":{"@type":"PropertyValueSpecification","valueRequired":true,"valueName":"search_term_string"}}],"inLanguage":"en-US"},{"@type":"Organization","@id":"https:\/\/myeye.ee\/#organization","name":"Myeye","url":"https:\/\/myeye.ee\/","logo":{"@type":"ImageObject","inLanguage":"en-US","@id":"https:\/\/myeye.ee\/#\/schema\/logo\/image\/","url":"https:\/\/myeye.ee\/wp-content\/uploads\/2025\/06\/1.png","contentUrl":"https:\/\/myeye.ee\/wp-content\/uploads\/2025\/06\/1.png","width":1563,"height":1563,"caption":"Myeye"},"image":{"@id":"https:\/\/myeye.ee\/#\/schema\/logo\/image\/"},"sameAs":["https:\/\/www.facebook.com\/profile.php?id=61571474589924"]}]}},"_links":{"self":[{"href":"https:\/\/myeye.ee\/en\/wp-json\/wp\/v2\/product\/9177","targetHints":{"allow":["GET"]}}],"collection":[{"href":"https:\/\/myeye.ee\/en\/wp-json\/wp\/v2\/product"}],"about":[{"href":"https:\/\/myeye.ee\/en\/wp-json\/wp\/v2\/types\/product"}],"wp:featuredmedia":[{"embeddable":true,"href":"https:\/\/myeye.ee\/en\/wp-json\/wp\/v2\/media\/7884"}],"wp:attachment":[{"href":"https:\/\/myeye.ee\/en\/wp-json\/wp\/v2\/media?parent=9177"}],"wp:term":[{"taxonomy":"product_brand","embeddable":true,"href":"https:\/\/myeye.ee\/en\/wp-json\/wp\/v2\/product_brand?post=9177"},{"taxonomy":"product_cat","embeddable":true,"href":"https:\/\/myeye.ee\/en\/wp-json\/wp\/v2\/product_cat?post=9177"},{"taxonomy":"product_tag","embeddable":true,"href":"https:\/\/myeye.ee\/en\/wp-json\/wp\/v2\/product_tag?post=9177"}],"curies":[{"name":"wp","href":"https:\/\/api.w.org\/{rel}","templated":true}]}}