{"id":9164,"date":"2025-04-22T09:53:33","date_gmt":"2025-04-22T09:53:33","guid":{"rendered":"https:\/\/myeye.ee\/product\/dailies-aqua-comfort-plus-toric-30pcs\/"},"modified":"2025-12-04T20:45:15","modified_gmt":"2025-12-04T20:45:15","slug":"dailies-aqua-comfort-plus-toric-30pcs","status":"publish","type":"product","link":"https:\/\/myeye.ee\/en\/product\/dailies-aqua-comfort-plus-toric-30pcs\/","title":{"rendered":"Dailies Aqua Comfort Plus Toric 30pcs"},"content":{"rendered":"<p>Dailies AquaComfort Plus Toric \u2013 comfortable daily toric lenses for astigmatism<\/p>\n<p>Dailies AquaComfort Plus Toric are daily toric lenses designed to correct astigmatism. These lenses are suitable for wearers with a cylinder, a vision disorder caused by an irregular shape of the cornea. The lenses provide clear, stable and natural vision throughout the day.<\/p>\n<p>Dailies AquaComfort Plus Toric lenses are suitable for single-use wear \u2013 open a new pair in the morning and throw them away at night. This makes them daily lenses that do not require cleaning or storage and are particularly suitable for active lifestyles or sensitive eyes.<\/p>\n<p>The lenses contain three moisturizing ingredients that are activated with every blink. This ensures a stable moisture level and helps reduce dry eyes, especially during prolonged wear or when working in front of a screen.<\/p>\n<p>Key features:<br \/>\n\u2013 Daily toric lenses for astigmatism<br \/>\n\u2013 Corrects cylindrical vision error<br \/>\n\u2013 Moisturizing system \u2013 comfortable even at the end of a long day<br \/>\n\u2013 No need for care solutions or a container<br \/>\n\u2013 Stable design \u2013 ensures clear focus<br \/>\n\u2013 Also suitable for sensitive or dry eyes<br \/>\n\u2013 Practical solution for travel or intermittent wear<\/p>\n<p>Dailies AquaComfort Plus Toric is the ideal choice for those looking for comfort, hygiene and precise vision in daily lenses. The lens design ensures that the cylinder remains in the correct position and vision remains clear in all situations.<\/p>\n","protected":false},"excerpt":{"rendered":"<p>Dailies AquaComfort Plus Toric \u2013 comfortable daily toric lenses for astigmatism Dailies AquaComfort Plus Toric are daily toric lenses designed to correct astigmatism. These lenses are suitable for wearers with a cylinder, a vision disorder caused by an irregular shape of the cornea. The lenses provide clear, stable and natural vision throughout the day. Dailies [&hellip;]<\/p>\n","protected":false},"featured_media":7885,"template":"","meta":{"_acf_changed":false},"product_brand":[328],"product_cat":[324,344,330,343],"product_tag":[],"class_list":{"0":"post-9164","1":"product","2":"type-product","3":"status-publish","4":"has-post-thumbnail","6":"product_brand-alcon-en","7":"product_cat-contact-lenses","8":"product_cat-daily-contact-lenses","9":"product_cat-subscription-order","10":"product_cat-toric-astigmatism-lenses","11":"pa_diameeter-14-2-en","12":"pa_kandmisreziim-paevane-en","13":"pa_kasutusaeg-1-day","14":"pa_kumerus-8-8-en","15":"pa_tootja-alcon-en","17":"first","18":"instock","19":"taxable","20":"shipping-taxable","21":"purchasable","22":"product-type-variable-subscription"},"acf":[],"yoast_head":"<!-- This site is optimized with the Yoast SEO Premium plugin v26.4 (Yoast SEO v27.3) - https:\/\/yoast.com\/product\/yoast-seo-premium-wordpress\/ -->\n<title>Dailies Aqua Comfort Plus Toric 30pcs - Myeye<\/title>\n<meta name=\"description\" content=\"Dailies AquaComfort Plus Toric are daily disposable toric lenses that correct astigmatism and cylinder. A moisturizing and comfortable everyday choice.\" \/>\n<meta name=\"robots\" content=\"index, follow, max-snippet:-1, max-image-preview:large, max-video-preview:-1\" \/>\n<link rel=\"canonical\" href=\"https:\/\/myeye.ee\/en\/product\/dailies-aqua-comfort-plus-toric-30pcs\/\" \/>\n<meta property=\"og:locale\" content=\"en_US\" \/>\n<meta property=\"og:type\" content=\"article\" \/>\n<meta property=\"og:title\" content=\"Dailies Aqua Comfort Plus Toric 30pcs\" \/>\n<meta property=\"og:description\" content=\"Dailies AquaComfort Plus Toric are daily disposable toric lenses that correct astigmatism and cylinder. A moisturizing and comfortable everyday choice.\" \/>\n<meta property=\"og:url\" content=\"https:\/\/myeye.ee\/en\/product\/dailies-aqua-comfort-plus-toric-30pcs\/\" \/>\n<meta property=\"og:site_name\" content=\"Myeye\" \/>\n<meta property=\"article:publisher\" content=\"https:\/\/www.facebook.com\/profile.php?id=61571474589924\" \/>\n<meta property=\"article:modified_time\" content=\"2025-12-04T20:45:15+00:00\" \/>\n<meta property=\"og:image\" content=\"https:\/\/myeye.ee\/wp-content\/uploads\/2025\/04\/Dailies-Aqua-Comfort-Plus-30-pack-Toric_R.jpeg\" \/>\n\t<meta property=\"og:image:width\" content=\"2500\" \/>\n\t<meta property=\"og:image:height\" content=\"2500\" \/>\n\t<meta property=\"og:image:type\" content=\"image\/jpeg\" \/>\n<meta name=\"twitter:card\" content=\"summary_large_image\" \/>\n<meta name=\"twitter:label1\" content=\"Est. reading time\" \/>\n\t<meta name=\"twitter:data1\" content=\"2 minutes\" \/>\n<script type=\"application\/ld+json\" class=\"yoast-schema-graph\">{\"@context\":\"https:\\\/\\\/schema.org\",\"@graph\":[{\"@type\":\"WebPage\",\"@id\":\"https:\\\/\\\/myeye.ee\\\/en\\\/product\\\/dailies-aqua-comfort-plus-toric-30pcs\\\/\",\"url\":\"https:\\\/\\\/myeye.ee\\\/en\\\/product\\\/dailies-aqua-comfort-plus-toric-30pcs\\\/\",\"name\":\"Dailies Aqua Comfort Plus Toric 30pcs - Myeye\",\"isPartOf\":{\"@id\":\"https:\\\/\\\/myeye.ee\\\/#website\"},\"primaryImageOfPage\":{\"@id\":\"https:\\\/\\\/myeye.ee\\\/en\\\/product\\\/dailies-aqua-comfort-plus-toric-30pcs\\\/#primaryimage\"},\"image\":{\"@id\":\"https:\\\/\\\/myeye.ee\\\/en\\\/product\\\/dailies-aqua-comfort-plus-toric-30pcs\\\/#primaryimage\"},\"thumbnailUrl\":\"https:\\\/\\\/myeye.ee\\\/wp-content\\\/uploads\\\/2025\\\/04\\\/Dailies-Aqua-Comfort-Plus-30-pack-Toric_R.jpeg\",\"datePublished\":\"2025-04-22T09:53:33+00:00\",\"dateModified\":\"2025-12-04T20:45:15+00:00\",\"description\":\"Dailies AquaComfort Plus Toric are daily disposable toric lenses that correct astigmatism and cylinder. A moisturizing and comfortable everyday choice.\",\"breadcrumb\":{\"@id\":\"https:\\\/\\\/myeye.ee\\\/en\\\/product\\\/dailies-aqua-comfort-plus-toric-30pcs\\\/#breadcrumb\"},\"inLanguage\":\"en-US\",\"potentialAction\":[{\"@type\":\"ReadAction\",\"target\":[\"https:\\\/\\\/myeye.ee\\\/en\\\/product\\\/dailies-aqua-comfort-plus-toric-30pcs\\\/\"]}]},{\"@type\":\"ImageObject\",\"inLanguage\":\"en-US\",\"@id\":\"https:\\\/\\\/myeye.ee\\\/en\\\/product\\\/dailies-aqua-comfort-plus-toric-30pcs\\\/#primaryimage\",\"url\":\"https:\\\/\\\/myeye.ee\\\/wp-content\\\/uploads\\\/2025\\\/04\\\/Dailies-Aqua-Comfort-Plus-30-pack-Toric_R.jpeg\",\"contentUrl\":\"https:\\\/\\\/myeye.ee\\\/wp-content\\\/uploads\\\/2025\\\/04\\\/Dailies-Aqua-Comfort-Plus-30-pack-Toric_R.jpeg\",\"width\":2500,\"height\":2500,\"caption\":\"Dailies AquaComfort Plus Toric daily contact lenses in a box\"},{\"@type\":\"BreadcrumbList\",\"@id\":\"https:\\\/\\\/myeye.ee\\\/en\\\/product\\\/dailies-aqua-comfort-plus-toric-30pcs\\\/#breadcrumb\",\"itemListElement\":[{\"@type\":\"ListItem\",\"position\":1,\"name\":\"Home\",\"item\":\"https:\\\/\\\/myeye.ee\\\/en\\\/\"},{\"@type\":\"ListItem\",\"position\":2,\"name\":\"Shop\",\"item\":\"https:\\\/\\\/myeye.ee\\\/pood\\\/\"},{\"@type\":\"ListItem\",\"position\":3,\"name\":\"Dailies Aqua Comfort Plus Toric 30pcs\"}]},{\"@type\":\"WebSite\",\"@id\":\"https:\\\/\\\/myeye.ee\\\/#website\",\"url\":\"https:\\\/\\\/myeye.ee\\\/\",\"name\":\"Myeye\",\"description\":\"Pakume professionaalset ja usaldusv\u00e4\u00e4rset teenust, kiiret kohaletoimetamist \u00fcle ning kliendis\u00f5bralikku ostukogemust.\",\"publisher\":{\"@id\":\"https:\\\/\\\/myeye.ee\\\/#organization\"},\"potentialAction\":[{\"@type\":\"SearchAction\",\"target\":{\"@type\":\"EntryPoint\",\"urlTemplate\":\"https:\\\/\\\/myeye.ee\\\/?s={search_term_string}\"},\"query-input\":{\"@type\":\"PropertyValueSpecification\",\"valueRequired\":true,\"valueName\":\"search_term_string\"}}],\"inLanguage\":\"en-US\"},{\"@type\":\"Organization\",\"@id\":\"https:\\\/\\\/myeye.ee\\\/#organization\",\"name\":\"Myeye\",\"url\":\"https:\\\/\\\/myeye.ee\\\/\",\"logo\":{\"@type\":\"ImageObject\",\"inLanguage\":\"en-US\",\"@id\":\"https:\\\/\\\/myeye.ee\\\/#\\\/schema\\\/logo\\\/image\\\/\",\"url\":\"https:\\\/\\\/myeye.ee\\\/wp-content\\\/uploads\\\/2025\\\/06\\\/1.png\",\"contentUrl\":\"https:\\\/\\\/myeye.ee\\\/wp-content\\\/uploads\\\/2025\\\/06\\\/1.png\",\"width\":1563,\"height\":1563,\"caption\":\"Myeye\"},\"image\":{\"@id\":\"https:\\\/\\\/myeye.ee\\\/#\\\/schema\\\/logo\\\/image\\\/\"},\"sameAs\":[\"https:\\\/\\\/www.facebook.com\\\/profile.php?id=61571474589924\"]}]}<\/script>\n<!-- \/ Yoast SEO Premium plugin. -->","yoast_head_json":{"title":"Dailies Aqua Comfort Plus Toric 30pcs - Myeye","description":"Dailies AquaComfort Plus Toric are daily disposable toric lenses that correct astigmatism and cylinder. A moisturizing and comfortable everyday choice.","robots":{"index":"index","follow":"follow","max-snippet":"max-snippet:-1","max-image-preview":"max-image-preview:large","max-video-preview":"max-video-preview:-1"},"canonical":"https:\/\/myeye.ee\/en\/product\/dailies-aqua-comfort-plus-toric-30pcs\/","og_locale":"en_US","og_type":"article","og_title":"Dailies Aqua Comfort Plus Toric 30pcs","og_description":"Dailies AquaComfort Plus Toric are daily disposable toric lenses that correct astigmatism and cylinder. A moisturizing and comfortable everyday choice.","og_url":"https:\/\/myeye.ee\/en\/product\/dailies-aqua-comfort-plus-toric-30pcs\/","og_site_name":"Myeye","article_publisher":"https:\/\/www.facebook.com\/profile.php?id=61571474589924","article_modified_time":"2025-12-04T20:45:15+00:00","og_image":[{"width":2500,"height":2500,"url":"https:\/\/myeye.ee\/wp-content\/uploads\/2025\/04\/Dailies-Aqua-Comfort-Plus-30-pack-Toric_R.jpeg","type":"image\/jpeg"}],"twitter_card":"summary_large_image","twitter_misc":{"Est. reading time":"2 minutes"},"schema":{"@context":"https:\/\/schema.org","@graph":[{"@type":"WebPage","@id":"https:\/\/myeye.ee\/en\/product\/dailies-aqua-comfort-plus-toric-30pcs\/","url":"https:\/\/myeye.ee\/en\/product\/dailies-aqua-comfort-plus-toric-30pcs\/","name":"Dailies Aqua Comfort Plus Toric 30pcs - Myeye","isPartOf":{"@id":"https:\/\/myeye.ee\/#website"},"primaryImageOfPage":{"@id":"https:\/\/myeye.ee\/en\/product\/dailies-aqua-comfort-plus-toric-30pcs\/#primaryimage"},"image":{"@id":"https:\/\/myeye.ee\/en\/product\/dailies-aqua-comfort-plus-toric-30pcs\/#primaryimage"},"thumbnailUrl":"https:\/\/myeye.ee\/wp-content\/uploads\/2025\/04\/Dailies-Aqua-Comfort-Plus-30-pack-Toric_R.jpeg","datePublished":"2025-04-22T09:53:33+00:00","dateModified":"2025-12-04T20:45:15+00:00","description":"Dailies AquaComfort Plus Toric are daily disposable toric lenses that correct astigmatism and cylinder. A moisturizing and comfortable everyday choice.","breadcrumb":{"@id":"https:\/\/myeye.ee\/en\/product\/dailies-aqua-comfort-plus-toric-30pcs\/#breadcrumb"},"inLanguage":"en-US","potentialAction":[{"@type":"ReadAction","target":["https:\/\/myeye.ee\/en\/product\/dailies-aqua-comfort-plus-toric-30pcs\/"]}]},{"@type":"ImageObject","inLanguage":"en-US","@id":"https:\/\/myeye.ee\/en\/product\/dailies-aqua-comfort-plus-toric-30pcs\/#primaryimage","url":"https:\/\/myeye.ee\/wp-content\/uploads\/2025\/04\/Dailies-Aqua-Comfort-Plus-30-pack-Toric_R.jpeg","contentUrl":"https:\/\/myeye.ee\/wp-content\/uploads\/2025\/04\/Dailies-Aqua-Comfort-Plus-30-pack-Toric_R.jpeg","width":2500,"height":2500,"caption":"Dailies AquaComfort Plus Toric daily contact lenses in a box"},{"@type":"BreadcrumbList","@id":"https:\/\/myeye.ee\/en\/product\/dailies-aqua-comfort-plus-toric-30pcs\/#breadcrumb","itemListElement":[{"@type":"ListItem","position":1,"name":"Home","item":"https:\/\/myeye.ee\/en\/"},{"@type":"ListItem","position":2,"name":"Shop","item":"https:\/\/myeye.ee\/pood\/"},{"@type":"ListItem","position":3,"name":"Dailies Aqua Comfort Plus Toric 30pcs"}]},{"@type":"WebSite","@id":"https:\/\/myeye.ee\/#website","url":"https:\/\/myeye.ee\/","name":"Myeye","description":"Pakume professionaalset ja usaldusv\u00e4\u00e4rset teenust, kiiret kohaletoimetamist \u00fcle ning kliendis\u00f5bralikku ostukogemust.","publisher":{"@id":"https:\/\/myeye.ee\/#organization"},"potentialAction":[{"@type":"SearchAction","target":{"@type":"EntryPoint","urlTemplate":"https:\/\/myeye.ee\/?s={search_term_string}"},"query-input":{"@type":"PropertyValueSpecification","valueRequired":true,"valueName":"search_term_string"}}],"inLanguage":"en-US"},{"@type":"Organization","@id":"https:\/\/myeye.ee\/#organization","name":"Myeye","url":"https:\/\/myeye.ee\/","logo":{"@type":"ImageObject","inLanguage":"en-US","@id":"https:\/\/myeye.ee\/#\/schema\/logo\/image\/","url":"https:\/\/myeye.ee\/wp-content\/uploads\/2025\/06\/1.png","contentUrl":"https:\/\/myeye.ee\/wp-content\/uploads\/2025\/06\/1.png","width":1563,"height":1563,"caption":"Myeye"},"image":{"@id":"https:\/\/myeye.ee\/#\/schema\/logo\/image\/"},"sameAs":["https:\/\/www.facebook.com\/profile.php?id=61571474589924"]}]}},"_links":{"self":[{"href":"https:\/\/myeye.ee\/en\/wp-json\/wp\/v2\/product\/9164","targetHints":{"allow":["GET"]}}],"collection":[{"href":"https:\/\/myeye.ee\/en\/wp-json\/wp\/v2\/product"}],"about":[{"href":"https:\/\/myeye.ee\/en\/wp-json\/wp\/v2\/types\/product"}],"wp:featuredmedia":[{"embeddable":true,"href":"https:\/\/myeye.ee\/en\/wp-json\/wp\/v2\/media\/7885"}],"wp:attachment":[{"href":"https:\/\/myeye.ee\/en\/wp-json\/wp\/v2\/media?parent=9164"}],"wp:term":[{"taxonomy":"product_brand","embeddable":true,"href":"https:\/\/myeye.ee\/en\/wp-json\/wp\/v2\/product_brand?post=9164"},{"taxonomy":"product_cat","embeddable":true,"href":"https:\/\/myeye.ee\/en\/wp-json\/wp\/v2\/product_cat?post=9164"},{"taxonomy":"product_tag","embeddable":true,"href":"https:\/\/myeye.ee\/en\/wp-json\/wp\/v2\/product_tag?post=9164"}],"curies":[{"name":"wp","href":"https:\/\/api.w.org\/{rel}","templated":true}]}}