{"id":9156,"date":"2025-04-22T11:14:46","date_gmt":"2025-04-22T11:14:46","guid":{"rendered":"https:\/\/myeye.ee\/product\/dailies-total-1-30pcs\/"},"modified":"2025-12-04T20:43:39","modified_gmt":"2025-12-04T20:43:39","slug":"dailies-total-1-30pcs","status":"publish","type":"product","link":"https:\/\/myeye.ee\/en\/product\/dailies-total-1-30pcs\/","title":{"rendered":"Dailies Total 1  30pcs"},"content":{"rendered":"<p>Dailies Total 1 \u2013 moisturizing and comfortable daily lenses<\/p>\n<p>Dailies Total 1 are daily lenses that are ideal for the wearer looking for maximum comfort and clear vision throughout the day. These are disposable lenses that do not require cleaning or storage \u2013 use in the morning, throw away in the evening.<\/p>\n<p>The lenses are made of silicone hydrogel and use innovative Water Gradient technology \u2013 the inner layer allows a large amount of oxygen to pass through, while the surface has almost 100% water content. This makes the lens surface particularly moisturizing and soft, which is also suitable for sensitive and dry eyes.<\/p>\n<p>Dailies Total 1 daily lenses offer excellent visual acuity, while being barely noticeable in the eye. The lenses do not require care products, which makes them well suited to people with a fast-paced lifestyle or those who travel.<\/p>\n<p>Key features:<br \/>\n\u2013 Daily disposable lenses \u2013 a new pair every day<br \/>\n\u2013 No cleaning or storage required<br \/>\n\u2013 Water Gradient technology ensures moisture and softness<br \/>\n\u2013 Very good oxygen permeability<br \/>\n\u2013 Disposable lenses \u2013 a hygienic and easy solution<br \/>\n\u2013 Suitable for sensitive or dry eyes<br \/>\n\u2013 Ideal for first-time wearers or active lifestyles<\/p>\n<p>Dailies Total 1 is a good choice if you want a comfortable, hygienic and high-quality daily disposable contact lens that supports eye well-being in all situations.<\/p>\n","protected":false},"excerpt":{"rendered":"<p>Dailies Total 1 \u2013 moisturizing and comfortable daily lenses Dailies Total 1 are daily lenses that are ideal for the wearer looking for maximum comfort and clear vision throughout the day. These are disposable lenses that do not require cleaning or storage \u2013 use in the morning, throw away in the evening. The lenses are [&hellip;]<\/p>\n","protected":false},"featured_media":7890,"template":"","meta":{"_acf_changed":false},"product_brand":[328],"product_cat":[324,344,329,330],"product_tag":[],"class_list":{"0":"post-9156","1":"product","2":"type-product","3":"status-publish","4":"has-post-thumbnail","6":"product_brand-alcon-en","7":"product_cat-contact-lenses","8":"product_cat-daily-contact-lenses","9":"product_cat-regular-contact-lenses","10":"product_cat-subscription-order","11":"pa_diameeter-14-1-en","12":"pa_kandmisreziim-paevane-en","13":"pa_kasutusaeg-1-day","14":"pa_kumerus-8-5-en","15":"pa_tootja-alcon-en","17":"first","18":"instock","19":"taxable","20":"shipping-taxable","21":"purchasable","22":"product-type-variable-subscription"},"acf":[],"yoast_head":"<!-- This site is optimized with the Yoast SEO Premium plugin v26.4 (Yoast SEO v27.3) - https:\/\/yoast.com\/product\/yoast-seo-premium-wordpress\/ -->\n<title>Dailies Total 1 30pcs - Myeye<\/title>\n<meta name=\"description\" content=\"Dailies Total 1 are daily disposable lenses that provide comfort and clear vision all day long. A moisturizing and hygienic choice for everyday wear.\" \/>\n<meta name=\"robots\" content=\"index, follow, max-snippet:-1, max-image-preview:large, max-video-preview:-1\" \/>\n<link rel=\"canonical\" href=\"https:\/\/myeye.ee\/en\/product\/dailies-total-1-30pcs\/\" \/>\n<meta property=\"og:locale\" content=\"en_US\" \/>\n<meta property=\"og:type\" content=\"article\" \/>\n<meta property=\"og:title\" content=\"Dailies Total 1 30pcs\" \/>\n<meta property=\"og:description\" content=\"Dailies Total 1 are daily disposable lenses that provide comfort and clear vision all day long. A moisturizing and hygienic choice for everyday wear.\" \/>\n<meta property=\"og:url\" content=\"https:\/\/myeye.ee\/en\/product\/dailies-total-1-30pcs\/\" \/>\n<meta property=\"og:site_name\" content=\"Myeye\" \/>\n<meta property=\"article:publisher\" content=\"https:\/\/www.facebook.com\/profile.php?id=61571474589924\" \/>\n<meta property=\"article:modified_time\" content=\"2025-12-04T20:43:39+00:00\" \/>\n<meta property=\"og:image\" content=\"https:\/\/myeye.ee\/wp-content\/uploads\/2025\/04\/Total1-30-pack-Sphere_R.jpeg\" \/>\n\t<meta property=\"og:image:width\" content=\"2500\" \/>\n\t<meta property=\"og:image:height\" content=\"2500\" \/>\n\t<meta property=\"og:image:type\" content=\"image\/jpeg\" \/>\n<meta name=\"twitter:card\" content=\"summary_large_image\" \/>\n<meta name=\"twitter:label1\" content=\"Est. reading time\" \/>\n\t<meta name=\"twitter:data1\" content=\"2 minutes\" \/>\n<script type=\"application\/ld+json\" class=\"yoast-schema-graph\">{\"@context\":\"https:\\\/\\\/schema.org\",\"@graph\":[{\"@type\":\"WebPage\",\"@id\":\"https:\\\/\\\/myeye.ee\\\/en\\\/product\\\/dailies-total-1-30pcs\\\/\",\"url\":\"https:\\\/\\\/myeye.ee\\\/en\\\/product\\\/dailies-total-1-30pcs\\\/\",\"name\":\"Dailies Total 1 30pcs - Myeye\",\"isPartOf\":{\"@id\":\"https:\\\/\\\/myeye.ee\\\/#website\"},\"primaryImageOfPage\":{\"@id\":\"https:\\\/\\\/myeye.ee\\\/en\\\/product\\\/dailies-total-1-30pcs\\\/#primaryimage\"},\"image\":{\"@id\":\"https:\\\/\\\/myeye.ee\\\/en\\\/product\\\/dailies-total-1-30pcs\\\/#primaryimage\"},\"thumbnailUrl\":\"https:\\\/\\\/myeye.ee\\\/wp-content\\\/uploads\\\/2025\\\/04\\\/Total1-30-pack-Sphere_R.jpeg\",\"datePublished\":\"2025-04-22T11:14:46+00:00\",\"dateModified\":\"2025-12-04T20:43:39+00:00\",\"description\":\"Dailies Total 1 are daily disposable lenses that provide comfort and clear vision all day long. A moisturizing and hygienic choice for everyday wear.\",\"breadcrumb\":{\"@id\":\"https:\\\/\\\/myeye.ee\\\/en\\\/product\\\/dailies-total-1-30pcs\\\/#breadcrumb\"},\"inLanguage\":\"en-US\",\"potentialAction\":[{\"@type\":\"ReadAction\",\"target\":[\"https:\\\/\\\/myeye.ee\\\/en\\\/product\\\/dailies-total-1-30pcs\\\/\"]}]},{\"@type\":\"ImageObject\",\"inLanguage\":\"en-US\",\"@id\":\"https:\\\/\\\/myeye.ee\\\/en\\\/product\\\/dailies-total-1-30pcs\\\/#primaryimage\",\"url\":\"https:\\\/\\\/myeye.ee\\\/wp-content\\\/uploads\\\/2025\\\/04\\\/Total1-30-pack-Sphere_R.jpeg\",\"contentUrl\":\"https:\\\/\\\/myeye.ee\\\/wp-content\\\/uploads\\\/2025\\\/04\\\/Total1-30-pack-Sphere_R.jpeg\",\"width\":2500,\"height\":2500,\"caption\":\"Dailies Total 1 daily lenses \u2013 moisturizing and comfortable\"},{\"@type\":\"BreadcrumbList\",\"@id\":\"https:\\\/\\\/myeye.ee\\\/en\\\/product\\\/dailies-total-1-30pcs\\\/#breadcrumb\",\"itemListElement\":[{\"@type\":\"ListItem\",\"position\":1,\"name\":\"Home\",\"item\":\"https:\\\/\\\/myeye.ee\\\/en\\\/\"},{\"@type\":\"ListItem\",\"position\":2,\"name\":\"Shop\",\"item\":\"https:\\\/\\\/myeye.ee\\\/pood\\\/\"},{\"@type\":\"ListItem\",\"position\":3,\"name\":\"Dailies Total 1 30pcs\"}]},{\"@type\":\"WebSite\",\"@id\":\"https:\\\/\\\/myeye.ee\\\/#website\",\"url\":\"https:\\\/\\\/myeye.ee\\\/\",\"name\":\"Myeye\",\"description\":\"Pakume professionaalset ja usaldusv\u00e4\u00e4rset teenust, kiiret kohaletoimetamist \u00fcle ning kliendis\u00f5bralikku ostukogemust.\",\"publisher\":{\"@id\":\"https:\\\/\\\/myeye.ee\\\/#organization\"},\"potentialAction\":[{\"@type\":\"SearchAction\",\"target\":{\"@type\":\"EntryPoint\",\"urlTemplate\":\"https:\\\/\\\/myeye.ee\\\/?s={search_term_string}\"},\"query-input\":{\"@type\":\"PropertyValueSpecification\",\"valueRequired\":true,\"valueName\":\"search_term_string\"}}],\"inLanguage\":\"en-US\"},{\"@type\":\"Organization\",\"@id\":\"https:\\\/\\\/myeye.ee\\\/#organization\",\"name\":\"Myeye\",\"url\":\"https:\\\/\\\/myeye.ee\\\/\",\"logo\":{\"@type\":\"ImageObject\",\"inLanguage\":\"en-US\",\"@id\":\"https:\\\/\\\/myeye.ee\\\/#\\\/schema\\\/logo\\\/image\\\/\",\"url\":\"https:\\\/\\\/myeye.ee\\\/wp-content\\\/uploads\\\/2025\\\/06\\\/1.png\",\"contentUrl\":\"https:\\\/\\\/myeye.ee\\\/wp-content\\\/uploads\\\/2025\\\/06\\\/1.png\",\"width\":1563,\"height\":1563,\"caption\":\"Myeye\"},\"image\":{\"@id\":\"https:\\\/\\\/myeye.ee\\\/#\\\/schema\\\/logo\\\/image\\\/\"},\"sameAs\":[\"https:\\\/\\\/www.facebook.com\\\/profile.php?id=61571474589924\"]}]}<\/script>\n<!-- \/ Yoast SEO Premium plugin. -->","yoast_head_json":{"title":"Dailies Total 1 30pcs - Myeye","description":"Dailies Total 1 are daily disposable lenses that provide comfort and clear vision all day long. A moisturizing and hygienic choice for everyday wear.","robots":{"index":"index","follow":"follow","max-snippet":"max-snippet:-1","max-image-preview":"max-image-preview:large","max-video-preview":"max-video-preview:-1"},"canonical":"https:\/\/myeye.ee\/en\/product\/dailies-total-1-30pcs\/","og_locale":"en_US","og_type":"article","og_title":"Dailies Total 1 30pcs","og_description":"Dailies Total 1 are daily disposable lenses that provide comfort and clear vision all day long. A moisturizing and hygienic choice for everyday wear.","og_url":"https:\/\/myeye.ee\/en\/product\/dailies-total-1-30pcs\/","og_site_name":"Myeye","article_publisher":"https:\/\/www.facebook.com\/profile.php?id=61571474589924","article_modified_time":"2025-12-04T20:43:39+00:00","og_image":[{"width":2500,"height":2500,"url":"https:\/\/myeye.ee\/wp-content\/uploads\/2025\/04\/Total1-30-pack-Sphere_R.jpeg","type":"image\/jpeg"}],"twitter_card":"summary_large_image","twitter_misc":{"Est. reading time":"2 minutes"},"schema":{"@context":"https:\/\/schema.org","@graph":[{"@type":"WebPage","@id":"https:\/\/myeye.ee\/en\/product\/dailies-total-1-30pcs\/","url":"https:\/\/myeye.ee\/en\/product\/dailies-total-1-30pcs\/","name":"Dailies Total 1 30pcs - Myeye","isPartOf":{"@id":"https:\/\/myeye.ee\/#website"},"primaryImageOfPage":{"@id":"https:\/\/myeye.ee\/en\/product\/dailies-total-1-30pcs\/#primaryimage"},"image":{"@id":"https:\/\/myeye.ee\/en\/product\/dailies-total-1-30pcs\/#primaryimage"},"thumbnailUrl":"https:\/\/myeye.ee\/wp-content\/uploads\/2025\/04\/Total1-30-pack-Sphere_R.jpeg","datePublished":"2025-04-22T11:14:46+00:00","dateModified":"2025-12-04T20:43:39+00:00","description":"Dailies Total 1 are daily disposable lenses that provide comfort and clear vision all day long. A moisturizing and hygienic choice for everyday wear.","breadcrumb":{"@id":"https:\/\/myeye.ee\/en\/product\/dailies-total-1-30pcs\/#breadcrumb"},"inLanguage":"en-US","potentialAction":[{"@type":"ReadAction","target":["https:\/\/myeye.ee\/en\/product\/dailies-total-1-30pcs\/"]}]},{"@type":"ImageObject","inLanguage":"en-US","@id":"https:\/\/myeye.ee\/en\/product\/dailies-total-1-30pcs\/#primaryimage","url":"https:\/\/myeye.ee\/wp-content\/uploads\/2025\/04\/Total1-30-pack-Sphere_R.jpeg","contentUrl":"https:\/\/myeye.ee\/wp-content\/uploads\/2025\/04\/Total1-30-pack-Sphere_R.jpeg","width":2500,"height":2500,"caption":"Dailies Total 1 daily lenses \u2013 moisturizing and comfortable"},{"@type":"BreadcrumbList","@id":"https:\/\/myeye.ee\/en\/product\/dailies-total-1-30pcs\/#breadcrumb","itemListElement":[{"@type":"ListItem","position":1,"name":"Home","item":"https:\/\/myeye.ee\/en\/"},{"@type":"ListItem","position":2,"name":"Shop","item":"https:\/\/myeye.ee\/pood\/"},{"@type":"ListItem","position":3,"name":"Dailies Total 1 30pcs"}]},{"@type":"WebSite","@id":"https:\/\/myeye.ee\/#website","url":"https:\/\/myeye.ee\/","name":"Myeye","description":"Pakume professionaalset ja usaldusv\u00e4\u00e4rset teenust, kiiret kohaletoimetamist \u00fcle ning kliendis\u00f5bralikku ostukogemust.","publisher":{"@id":"https:\/\/myeye.ee\/#organization"},"potentialAction":[{"@type":"SearchAction","target":{"@type":"EntryPoint","urlTemplate":"https:\/\/myeye.ee\/?s={search_term_string}"},"query-input":{"@type":"PropertyValueSpecification","valueRequired":true,"valueName":"search_term_string"}}],"inLanguage":"en-US"},{"@type":"Organization","@id":"https:\/\/myeye.ee\/#organization","name":"Myeye","url":"https:\/\/myeye.ee\/","logo":{"@type":"ImageObject","inLanguage":"en-US","@id":"https:\/\/myeye.ee\/#\/schema\/logo\/image\/","url":"https:\/\/myeye.ee\/wp-content\/uploads\/2025\/06\/1.png","contentUrl":"https:\/\/myeye.ee\/wp-content\/uploads\/2025\/06\/1.png","width":1563,"height":1563,"caption":"Myeye"},"image":{"@id":"https:\/\/myeye.ee\/#\/schema\/logo\/image\/"},"sameAs":["https:\/\/www.facebook.com\/profile.php?id=61571474589924"]}]}},"_links":{"self":[{"href":"https:\/\/myeye.ee\/en\/wp-json\/wp\/v2\/product\/9156","targetHints":{"allow":["GET"]}}],"collection":[{"href":"https:\/\/myeye.ee\/en\/wp-json\/wp\/v2\/product"}],"about":[{"href":"https:\/\/myeye.ee\/en\/wp-json\/wp\/v2\/types\/product"}],"wp:featuredmedia":[{"embeddable":true,"href":"https:\/\/myeye.ee\/en\/wp-json\/wp\/v2\/media\/7890"}],"wp:attachment":[{"href":"https:\/\/myeye.ee\/en\/wp-json\/wp\/v2\/media?parent=9156"}],"wp:term":[{"taxonomy":"product_brand","embeddable":true,"href":"https:\/\/myeye.ee\/en\/wp-json\/wp\/v2\/product_brand?post=9156"},{"taxonomy":"product_cat","embeddable":true,"href":"https:\/\/myeye.ee\/en\/wp-json\/wp\/v2\/product_cat?post=9156"},{"taxonomy":"product_tag","embeddable":true,"href":"https:\/\/myeye.ee\/en\/wp-json\/wp\/v2\/product_tag?post=9156"}],"curies":[{"name":"wp","href":"https:\/\/api.w.org\/{rel}","templated":true}]}}