{"id":9148,"date":"2025-04-22T11:27:06","date_gmt":"2025-04-22T11:27:06","guid":{"rendered":"https:\/\/myeye.ee\/product\/dailies-total-1-multifocal-30pcs\/"},"modified":"2025-12-04T20:40:09","modified_gmt":"2025-12-04T20:40:09","slug":"dailies-total-1-multifocal-30pcs","status":"publish","type":"product","link":"https:\/\/myeye.ee\/en\/product\/dailies-total-1-multifocal-30pcs\/","title":{"rendered":"Dailies Total 1  Multifocal  30pcs"},"content":{"rendered":"<p>Dailies Total 1 Multifocal \u2013 clear vision at any distance with daily disposable lenses<\/p>\n<p>Dailies Total 1 Multifocal are innovative multifocal daily lenses that correct presbyopia, or age-related nearsightedness. These daily disposable lenses provide clear vision for near, intermediate and distance \u2013 all in one lens system.<\/p>\n<p>Dailies Total 1 Multifocal are made of silicone hydrogel and use Water Gradient technology \u2013 the inner part ensures high oxygen permeability, while the surface of the lens contains up to 100% water. This means that the lenses are soft, moisturized and almost imperceptible on the eye.<\/p>\n<p>Thanks to the multifocal optics, viewing distances change smoothly, providing natural vision for both reading and distance vision. Since these are daily disposable lenses, they do not require cleaning or storage \u2013 a new and fresh pair every morning.<\/p>\n<p>Main features:<br \/>\n\u2013 Multifocal daily lenses<br \/>\n\u2013 Daily wear \u2013 a new pair every day<br \/>\n\u2013 Suitable for presbyopia correction<br \/>\n\u2013 Water Gradient technology \u2013 soft and moisturizing surface<br \/>\n\u2013 Very good oxygen permeability<br \/>\n\u2013 No maintenance solutions or containers required<br \/>\n\u2013 Suitable for sensitive and dry eyes<\/p>\n<p>Dailies Total 1 Multifocal is an excellent choice for those who want clear vision in all situations, without changing glasses and daily maintenance.<\/p>\n","protected":false},"excerpt":{"rendered":"<p>Dailies Total 1 Multifocal \u2013 clear vision at any distance with daily disposable lenses Dailies Total 1 Multifocal are innovative multifocal daily lenses that correct presbyopia, or age-related nearsightedness. These daily disposable lenses provide clear vision for near, intermediate and distance \u2013 all in one lens system. Dailies Total 1 Multifocal are made of silicone [&hellip;]<\/p>\n","protected":false},"featured_media":8052,"template":"","meta":{"_acf_changed":false},"product_brand":[328],"product_cat":[324,344,325,330],"product_tag":[],"class_list":{"0":"post-9148","1":"product","2":"type-product","3":"status-publish","4":"has-post-thumbnail","6":"product_brand-alcon-en","7":"product_cat-contact-lenses","8":"product_cat-daily-contact-lenses","9":"product_cat-multifocal-contact-lenses","10":"product_cat-subscription-order","11":"pa_diameeter-14-1-en","12":"pa_kandmisreziim-paevane-en","13":"pa_kasutusaeg-1-day","14":"pa_kumerus-8-5-en","15":"pa_tootja-alcon-en","17":"first","18":"instock","19":"taxable","20":"shipping-taxable","21":"purchasable","22":"product-type-variable-subscription"},"acf":[],"yoast_head":"<!-- This site is optimized with the Yoast SEO Premium plugin v26.4 (Yoast SEO v27.3) - https:\/\/yoast.com\/product\/yoast-seo-premium-wordpress\/ -->\n<title>Dailies Total 1 Multifocal 30pcs - Myeye<\/title>\n<meta name=\"description\" content=\"Dailies Total 1 Multifocal are multifocal daily lenses suitable for the correction of presbyopia. A comfortable and moisturizing daily solution.\" \/>\n<meta name=\"robots\" content=\"index, follow, max-snippet:-1, max-image-preview:large, max-video-preview:-1\" \/>\n<link rel=\"canonical\" href=\"https:\/\/myeye.ee\/en\/product\/dailies-total-1-multifocal-30pcs\/\" \/>\n<meta property=\"og:locale\" content=\"en_US\" \/>\n<meta property=\"og:type\" content=\"article\" \/>\n<meta property=\"og:title\" content=\"Dailies Total 1 Multifocal 30pcs\" \/>\n<meta property=\"og:description\" content=\"Dailies Total 1 Multifocal are multifocal daily lenses suitable for the correction of presbyopia. A comfortable and moisturizing daily solution.\" \/>\n<meta property=\"og:url\" content=\"https:\/\/myeye.ee\/en\/product\/dailies-total-1-multifocal-30pcs\/\" \/>\n<meta property=\"og:site_name\" content=\"Myeye\" \/>\n<meta property=\"article:publisher\" content=\"https:\/\/www.facebook.com\/profile.php?id=61571474589924\" \/>\n<meta property=\"article:modified_time\" content=\"2025-12-04T20:40:09+00:00\" \/>\n<meta property=\"og:image\" content=\"https:\/\/myeye.ee\/wp-content\/uploads\/2025\/04\/Total1-30-pack-Sphere_R.jpg\" \/>\n\t<meta property=\"og:image:width\" content=\"2500\" \/>\n\t<meta property=\"og:image:height\" content=\"2500\" \/>\n\t<meta property=\"og:image:type\" content=\"image\/jpeg\" \/>\n<meta name=\"twitter:card\" content=\"summary_large_image\" \/>\n<meta name=\"twitter:label1\" content=\"Est. reading time\" \/>\n\t<meta name=\"twitter:data1\" content=\"2 minutes\" \/>\n<script type=\"application\/ld+json\" class=\"yoast-schema-graph\">{\"@context\":\"https:\\\/\\\/schema.org\",\"@graph\":[{\"@type\":\"WebPage\",\"@id\":\"https:\\\/\\\/myeye.ee\\\/en\\\/product\\\/dailies-total-1-multifocal-30pcs\\\/\",\"url\":\"https:\\\/\\\/myeye.ee\\\/en\\\/product\\\/dailies-total-1-multifocal-30pcs\\\/\",\"name\":\"Dailies Total 1 Multifocal 30pcs - Myeye\",\"isPartOf\":{\"@id\":\"https:\\\/\\\/myeye.ee\\\/#website\"},\"primaryImageOfPage\":{\"@id\":\"https:\\\/\\\/myeye.ee\\\/en\\\/product\\\/dailies-total-1-multifocal-30pcs\\\/#primaryimage\"},\"image\":{\"@id\":\"https:\\\/\\\/myeye.ee\\\/en\\\/product\\\/dailies-total-1-multifocal-30pcs\\\/#primaryimage\"},\"thumbnailUrl\":\"https:\\\/\\\/myeye.ee\\\/wp-content\\\/uploads\\\/2025\\\/04\\\/Total1-30-pack-Sphere_R.jpg\",\"datePublished\":\"2025-04-22T11:27:06+00:00\",\"dateModified\":\"2025-12-04T20:40:09+00:00\",\"description\":\"Dailies Total 1 Multifocal are multifocal daily lenses suitable for the correction of presbyopia. A comfortable and moisturizing daily solution.\",\"breadcrumb\":{\"@id\":\"https:\\\/\\\/myeye.ee\\\/en\\\/product\\\/dailies-total-1-multifocal-30pcs\\\/#breadcrumb\"},\"inLanguage\":\"en-US\",\"potentialAction\":[{\"@type\":\"ReadAction\",\"target\":[\"https:\\\/\\\/myeye.ee\\\/en\\\/product\\\/dailies-total-1-multifocal-30pcs\\\/\"]}]},{\"@type\":\"ImageObject\",\"inLanguage\":\"en-US\",\"@id\":\"https:\\\/\\\/myeye.ee\\\/en\\\/product\\\/dailies-total-1-multifocal-30pcs\\\/#primaryimage\",\"url\":\"https:\\\/\\\/myeye.ee\\\/wp-content\\\/uploads\\\/2025\\\/04\\\/Total1-30-pack-Sphere_R.jpg\",\"contentUrl\":\"https:\\\/\\\/myeye.ee\\\/wp-content\\\/uploads\\\/2025\\\/04\\\/Total1-30-pack-Sphere_R.jpg\",\"width\":2500,\"height\":2500,\"caption\":\"Dailies Total 1 Multifocal \u2013 multifocal contact lenses for presbyopia correction\"},{\"@type\":\"BreadcrumbList\",\"@id\":\"https:\\\/\\\/myeye.ee\\\/en\\\/product\\\/dailies-total-1-multifocal-30pcs\\\/#breadcrumb\",\"itemListElement\":[{\"@type\":\"ListItem\",\"position\":1,\"name\":\"Home\",\"item\":\"https:\\\/\\\/myeye.ee\\\/en\\\/\"},{\"@type\":\"ListItem\",\"position\":2,\"name\":\"Shop\",\"item\":\"https:\\\/\\\/myeye.ee\\\/pood\\\/\"},{\"@type\":\"ListItem\",\"position\":3,\"name\":\"Dailies Total 1 Multifocal 30pcs\"}]},{\"@type\":\"WebSite\",\"@id\":\"https:\\\/\\\/myeye.ee\\\/#website\",\"url\":\"https:\\\/\\\/myeye.ee\\\/\",\"name\":\"Myeye\",\"description\":\"Pakume professionaalset ja usaldusv\u00e4\u00e4rset teenust, kiiret kohaletoimetamist \u00fcle ning kliendis\u00f5bralikku ostukogemust.\",\"publisher\":{\"@id\":\"https:\\\/\\\/myeye.ee\\\/#organization\"},\"potentialAction\":[{\"@type\":\"SearchAction\",\"target\":{\"@type\":\"EntryPoint\",\"urlTemplate\":\"https:\\\/\\\/myeye.ee\\\/?s={search_term_string}\"},\"query-input\":{\"@type\":\"PropertyValueSpecification\",\"valueRequired\":true,\"valueName\":\"search_term_string\"}}],\"inLanguage\":\"en-US\"},{\"@type\":\"Organization\",\"@id\":\"https:\\\/\\\/myeye.ee\\\/#organization\",\"name\":\"Myeye\",\"url\":\"https:\\\/\\\/myeye.ee\\\/\",\"logo\":{\"@type\":\"ImageObject\",\"inLanguage\":\"en-US\",\"@id\":\"https:\\\/\\\/myeye.ee\\\/#\\\/schema\\\/logo\\\/image\\\/\",\"url\":\"https:\\\/\\\/myeye.ee\\\/wp-content\\\/uploads\\\/2025\\\/06\\\/1.png\",\"contentUrl\":\"https:\\\/\\\/myeye.ee\\\/wp-content\\\/uploads\\\/2025\\\/06\\\/1.png\",\"width\":1563,\"height\":1563,\"caption\":\"Myeye\"},\"image\":{\"@id\":\"https:\\\/\\\/myeye.ee\\\/#\\\/schema\\\/logo\\\/image\\\/\"},\"sameAs\":[\"https:\\\/\\\/www.facebook.com\\\/profile.php?id=61571474589924\"]}]}<\/script>\n<!-- \/ Yoast SEO Premium plugin. -->","yoast_head_json":{"title":"Dailies Total 1 Multifocal 30pcs - Myeye","description":"Dailies Total 1 Multifocal are multifocal daily lenses suitable for the correction of presbyopia. A comfortable and moisturizing daily solution.","robots":{"index":"index","follow":"follow","max-snippet":"max-snippet:-1","max-image-preview":"max-image-preview:large","max-video-preview":"max-video-preview:-1"},"canonical":"https:\/\/myeye.ee\/en\/product\/dailies-total-1-multifocal-30pcs\/","og_locale":"en_US","og_type":"article","og_title":"Dailies Total 1 Multifocal 30pcs","og_description":"Dailies Total 1 Multifocal are multifocal daily lenses suitable for the correction of presbyopia. A comfortable and moisturizing daily solution.","og_url":"https:\/\/myeye.ee\/en\/product\/dailies-total-1-multifocal-30pcs\/","og_site_name":"Myeye","article_publisher":"https:\/\/www.facebook.com\/profile.php?id=61571474589924","article_modified_time":"2025-12-04T20:40:09+00:00","og_image":[{"width":2500,"height":2500,"url":"https:\/\/myeye.ee\/wp-content\/uploads\/2025\/04\/Total1-30-pack-Sphere_R.jpg","type":"image\/jpeg"}],"twitter_card":"summary_large_image","twitter_misc":{"Est. reading time":"2 minutes"},"schema":{"@context":"https:\/\/schema.org","@graph":[{"@type":"WebPage","@id":"https:\/\/myeye.ee\/en\/product\/dailies-total-1-multifocal-30pcs\/","url":"https:\/\/myeye.ee\/en\/product\/dailies-total-1-multifocal-30pcs\/","name":"Dailies Total 1 Multifocal 30pcs - Myeye","isPartOf":{"@id":"https:\/\/myeye.ee\/#website"},"primaryImageOfPage":{"@id":"https:\/\/myeye.ee\/en\/product\/dailies-total-1-multifocal-30pcs\/#primaryimage"},"image":{"@id":"https:\/\/myeye.ee\/en\/product\/dailies-total-1-multifocal-30pcs\/#primaryimage"},"thumbnailUrl":"https:\/\/myeye.ee\/wp-content\/uploads\/2025\/04\/Total1-30-pack-Sphere_R.jpg","datePublished":"2025-04-22T11:27:06+00:00","dateModified":"2025-12-04T20:40:09+00:00","description":"Dailies Total 1 Multifocal are multifocal daily lenses suitable for the correction of presbyopia. A comfortable and moisturizing daily solution.","breadcrumb":{"@id":"https:\/\/myeye.ee\/en\/product\/dailies-total-1-multifocal-30pcs\/#breadcrumb"},"inLanguage":"en-US","potentialAction":[{"@type":"ReadAction","target":["https:\/\/myeye.ee\/en\/product\/dailies-total-1-multifocal-30pcs\/"]}]},{"@type":"ImageObject","inLanguage":"en-US","@id":"https:\/\/myeye.ee\/en\/product\/dailies-total-1-multifocal-30pcs\/#primaryimage","url":"https:\/\/myeye.ee\/wp-content\/uploads\/2025\/04\/Total1-30-pack-Sphere_R.jpg","contentUrl":"https:\/\/myeye.ee\/wp-content\/uploads\/2025\/04\/Total1-30-pack-Sphere_R.jpg","width":2500,"height":2500,"caption":"Dailies Total 1 Multifocal \u2013 multifocal contact lenses for presbyopia correction"},{"@type":"BreadcrumbList","@id":"https:\/\/myeye.ee\/en\/product\/dailies-total-1-multifocal-30pcs\/#breadcrumb","itemListElement":[{"@type":"ListItem","position":1,"name":"Home","item":"https:\/\/myeye.ee\/en\/"},{"@type":"ListItem","position":2,"name":"Shop","item":"https:\/\/myeye.ee\/pood\/"},{"@type":"ListItem","position":3,"name":"Dailies Total 1 Multifocal 30pcs"}]},{"@type":"WebSite","@id":"https:\/\/myeye.ee\/#website","url":"https:\/\/myeye.ee\/","name":"Myeye","description":"Pakume professionaalset ja usaldusv\u00e4\u00e4rset teenust, kiiret kohaletoimetamist \u00fcle ning kliendis\u00f5bralikku ostukogemust.","publisher":{"@id":"https:\/\/myeye.ee\/#organization"},"potentialAction":[{"@type":"SearchAction","target":{"@type":"EntryPoint","urlTemplate":"https:\/\/myeye.ee\/?s={search_term_string}"},"query-input":{"@type":"PropertyValueSpecification","valueRequired":true,"valueName":"search_term_string"}}],"inLanguage":"en-US"},{"@type":"Organization","@id":"https:\/\/myeye.ee\/#organization","name":"Myeye","url":"https:\/\/myeye.ee\/","logo":{"@type":"ImageObject","inLanguage":"en-US","@id":"https:\/\/myeye.ee\/#\/schema\/logo\/image\/","url":"https:\/\/myeye.ee\/wp-content\/uploads\/2025\/06\/1.png","contentUrl":"https:\/\/myeye.ee\/wp-content\/uploads\/2025\/06\/1.png","width":1563,"height":1563,"caption":"Myeye"},"image":{"@id":"https:\/\/myeye.ee\/#\/schema\/logo\/image\/"},"sameAs":["https:\/\/www.facebook.com\/profile.php?id=61571474589924"]}]}},"_links":{"self":[{"href":"https:\/\/myeye.ee\/en\/wp-json\/wp\/v2\/product\/9148","targetHints":{"allow":["GET"]}}],"collection":[{"href":"https:\/\/myeye.ee\/en\/wp-json\/wp\/v2\/product"}],"about":[{"href":"https:\/\/myeye.ee\/en\/wp-json\/wp\/v2\/types\/product"}],"wp:featuredmedia":[{"embeddable":true,"href":"https:\/\/myeye.ee\/en\/wp-json\/wp\/v2\/media\/8052"}],"wp:attachment":[{"href":"https:\/\/myeye.ee\/en\/wp-json\/wp\/v2\/media?parent=9148"}],"wp:term":[{"taxonomy":"product_brand","embeddable":true,"href":"https:\/\/myeye.ee\/en\/wp-json\/wp\/v2\/product_brand?post=9148"},{"taxonomy":"product_cat","embeddable":true,"href":"https:\/\/myeye.ee\/en\/wp-json\/wp\/v2\/product_cat?post=9148"},{"taxonomy":"product_tag","embeddable":true,"href":"https:\/\/myeye.ee\/en\/wp-json\/wp\/v2\/product_tag?post=9148"}],"curies":[{"name":"wp","href":"https:\/\/api.w.org\/{rel}","templated":true}]}}