{"id":9136,"date":"2025-04-22T11:41:57","date_gmt":"2025-04-22T11:41:57","guid":{"rendered":"https:\/\/myeye.ee\/product\/precision-1-toric-30pcs\/"},"modified":"2025-12-04T20:34:52","modified_gmt":"2025-12-04T20:34:52","slug":"precision-1-toric-30pcs","status":"publish","type":"product","link":"https:\/\/myeye.ee\/en\/product\/precision-1-toric-30pcs\/","title":{"rendered":"Precision 1  Toric   30pcs"},"content":{"rendered":"<p>Precision 1 Toric lenses are made of silicone hydrogel and use SmartSurface\u2122 technology, which maintains a high level of moisture and ensures comfortable wear throughout the day. The lenses sit stably in the eye, so vision remains consistent even when moving or blinking.<\/p>\n<p>As daily lenses, they are comfortable and hygienic \u2013 a new pair of eyes in the morning, throw them away in the evening. This reduces the risk of inflammation and irritation and is also suitable for sensitive eyes. The 30-piece package is suitable for daily wear for a month or intermittent use over a longer period.<\/p>\n<p>Key features:<br \/>\n\u2013 Daily lenses \u2013 a new lens every day<br \/>\n\u2013 Toric lenses for astigmatism correction<br \/>\n\u2013 SmartSurface\u2122 technology \u2013 moisture-retaining surface<br \/>\n\u2013 Silicone hydrogel \u2013 very good oxygen permeability<br \/>\n\u2013 Stable vision throughout the day<br \/>\n\u2013 Suitable for sensitive and dry eyes<br \/>\n\u2013 30 pcs per pack \u2013 suitable for daily or intermittent wear<\/p>\n<p>Precision 1 Toric 30 pcs per box is a solid choice if you are looking for daily contact lenses that correct astigmatism and provide a fresh and comfortable wearing experience throughout the day.<\/p>\n","protected":false},"excerpt":{"rendered":"<p>Precision 1 Toric lenses are made of silicone hydrogel and use SmartSurface\u2122 technology, which maintains a high level of moisture and ensures comfortable wear throughout the day. The lenses sit stably in the eye, so vision remains consistent even when moving or blinking. As daily lenses, they are comfortable and hygienic \u2013 a new pair [&hellip;]<\/p>\n","protected":false},"featured_media":7888,"template":"","meta":{"_acf_changed":false},"product_brand":[328],"product_cat":[324,344,330,343],"product_tag":[],"class_list":{"0":"post-9136","1":"product","2":"type-product","3":"status-publish","4":"has-post-thumbnail","6":"product_brand-alcon-en","7":"product_cat-contact-lenses","8":"product_cat-daily-contact-lenses","9":"product_cat-subscription-order","10":"product_cat-toric-astigmatism-lenses","11":"pa_diameeter-14-5-en","12":"pa_kandmisreziim-paevane-en","13":"pa_kasutusaeg-1-day","14":"pa_kumerus-8-5-en","15":"pa_tootja-alcon-en","17":"first","18":"instock","19":"taxable","20":"shipping-taxable","21":"purchasable","22":"product-type-variable-subscription"},"acf":[],"yoast_head":"<!-- This site is optimized with the Yoast SEO Premium plugin v26.4 (Yoast SEO v27.3) - https:\/\/yoast.com\/product\/yoast-seo-premium-wordpress\/ -->\n<title>Precision 1 Toric  30pcs - Myeye<\/title>\n<meta name=\"description\" content=\"Precision 1 Toric are daily disposable toric lenses for the correction of astigmatism. Comfortable and hygienic to wear. 30 contact lenses per box.\" \/>\n<meta name=\"robots\" content=\"index, follow, max-snippet:-1, max-image-preview:large, max-video-preview:-1\" \/>\n<link rel=\"canonical\" href=\"https:\/\/myeye.ee\/en\/product\/precision-1-toric-30pcs\/\" \/>\n<meta property=\"og:locale\" content=\"en_US\" \/>\n<meta property=\"og:type\" content=\"article\" \/>\n<meta property=\"og:title\" content=\"Precision 1 Toric  30pcs\" \/>\n<meta property=\"og:description\" content=\"Precision 1 Toric are daily disposable toric lenses for the correction of astigmatism. Comfortable and hygienic to wear. 30 contact lenses per box.\" \/>\n<meta property=\"og:url\" content=\"https:\/\/myeye.ee\/en\/product\/precision-1-toric-30pcs\/\" \/>\n<meta property=\"og:site_name\" content=\"Myeye\" \/>\n<meta property=\"article:publisher\" content=\"https:\/\/www.facebook.com\/profile.php?id=61571474589924\" \/>\n<meta property=\"article:modified_time\" content=\"2025-12-04T20:34:52+00:00\" \/>\n<meta property=\"og:image\" content=\"https:\/\/myeye.ee\/wp-content\/uploads\/2025\/04\/Precision1-30-pack-Toric_R.jpeg\" \/>\n\t<meta property=\"og:image:width\" content=\"2500\" \/>\n\t<meta property=\"og:image:height\" content=\"2500\" \/>\n\t<meta property=\"og:image:type\" content=\"image\/jpeg\" \/>\n<meta name=\"twitter:card\" content=\"summary_large_image\" \/>\n<meta name=\"twitter:label1\" content=\"Est. reading time\" \/>\n\t<meta name=\"twitter:data1\" content=\"2 minutes\" \/>\n<script type=\"application\/ld+json\" class=\"yoast-schema-graph\">{\"@context\":\"https:\\\/\\\/schema.org\",\"@graph\":[{\"@type\":\"WebPage\",\"@id\":\"https:\\\/\\\/myeye.ee\\\/en\\\/product\\\/precision-1-toric-30pcs\\\/\",\"url\":\"https:\\\/\\\/myeye.ee\\\/en\\\/product\\\/precision-1-toric-30pcs\\\/\",\"name\":\"Precision 1 Toric 30pcs - Myeye\",\"isPartOf\":{\"@id\":\"https:\\\/\\\/myeye.ee\\\/#website\"},\"primaryImageOfPage\":{\"@id\":\"https:\\\/\\\/myeye.ee\\\/en\\\/product\\\/precision-1-toric-30pcs\\\/#primaryimage\"},\"image\":{\"@id\":\"https:\\\/\\\/myeye.ee\\\/en\\\/product\\\/precision-1-toric-30pcs\\\/#primaryimage\"},\"thumbnailUrl\":\"https:\\\/\\\/myeye.ee\\\/wp-content\\\/uploads\\\/2025\\\/04\\\/Precision1-30-pack-Toric_R.jpeg\",\"datePublished\":\"2025-04-22T11:41:57+00:00\",\"dateModified\":\"2025-12-04T20:34:52+00:00\",\"description\":\"Precision 1 Toric are daily disposable toric lenses for the correction of astigmatism. Comfortable and hygienic to wear. 30 contact lenses per box.\",\"breadcrumb\":{\"@id\":\"https:\\\/\\\/myeye.ee\\\/en\\\/product\\\/precision-1-toric-30pcs\\\/#breadcrumb\"},\"inLanguage\":\"en-US\",\"potentialAction\":[{\"@type\":\"ReadAction\",\"target\":[\"https:\\\/\\\/myeye.ee\\\/en\\\/product\\\/precision-1-toric-30pcs\\\/\"]}]},{\"@type\":\"ImageObject\",\"inLanguage\":\"en-US\",\"@id\":\"https:\\\/\\\/myeye.ee\\\/en\\\/product\\\/precision-1-toric-30pcs\\\/#primaryimage\",\"url\":\"https:\\\/\\\/myeye.ee\\\/wp-content\\\/uploads\\\/2025\\\/04\\\/Precision1-30-pack-Toric_R.jpeg\",\"contentUrl\":\"https:\\\/\\\/myeye.ee\\\/wp-content\\\/uploads\\\/2025\\\/04\\\/Precision1-30-pack-Toric_R.jpeg\",\"width\":2500,\"height\":2500,\"caption\":\"Precision 1 Toric \u2013 daily disposable lenses for cylindrical vision, 30 per pack\"},{\"@type\":\"BreadcrumbList\",\"@id\":\"https:\\\/\\\/myeye.ee\\\/en\\\/product\\\/precision-1-toric-30pcs\\\/#breadcrumb\",\"itemListElement\":[{\"@type\":\"ListItem\",\"position\":1,\"name\":\"Home\",\"item\":\"https:\\\/\\\/myeye.ee\\\/en\\\/\"},{\"@type\":\"ListItem\",\"position\":2,\"name\":\"Shop\",\"item\":\"https:\\\/\\\/myeye.ee\\\/pood\\\/\"},{\"@type\":\"ListItem\",\"position\":3,\"name\":\"Precision 1 Toric 30pcs\"}]},{\"@type\":\"WebSite\",\"@id\":\"https:\\\/\\\/myeye.ee\\\/#website\",\"url\":\"https:\\\/\\\/myeye.ee\\\/\",\"name\":\"Myeye\",\"description\":\"Pakume professionaalset ja usaldusv\u00e4\u00e4rset teenust, kiiret kohaletoimetamist \u00fcle ning kliendis\u00f5bralikku ostukogemust.\",\"publisher\":{\"@id\":\"https:\\\/\\\/myeye.ee\\\/#organization\"},\"potentialAction\":[{\"@type\":\"SearchAction\",\"target\":{\"@type\":\"EntryPoint\",\"urlTemplate\":\"https:\\\/\\\/myeye.ee\\\/?s={search_term_string}\"},\"query-input\":{\"@type\":\"PropertyValueSpecification\",\"valueRequired\":true,\"valueName\":\"search_term_string\"}}],\"inLanguage\":\"en-US\"},{\"@type\":\"Organization\",\"@id\":\"https:\\\/\\\/myeye.ee\\\/#organization\",\"name\":\"Myeye\",\"url\":\"https:\\\/\\\/myeye.ee\\\/\",\"logo\":{\"@type\":\"ImageObject\",\"inLanguage\":\"en-US\",\"@id\":\"https:\\\/\\\/myeye.ee\\\/#\\\/schema\\\/logo\\\/image\\\/\",\"url\":\"https:\\\/\\\/myeye.ee\\\/wp-content\\\/uploads\\\/2025\\\/06\\\/1.png\",\"contentUrl\":\"https:\\\/\\\/myeye.ee\\\/wp-content\\\/uploads\\\/2025\\\/06\\\/1.png\",\"width\":1563,\"height\":1563,\"caption\":\"Myeye\"},\"image\":{\"@id\":\"https:\\\/\\\/myeye.ee\\\/#\\\/schema\\\/logo\\\/image\\\/\"},\"sameAs\":[\"https:\\\/\\\/www.facebook.com\\\/profile.php?id=61571474589924\"]}]}<\/script>\n<!-- \/ Yoast SEO Premium plugin. -->","yoast_head_json":{"title":"Precision 1 Toric  30pcs - Myeye","description":"Precision 1 Toric are daily disposable toric lenses for the correction of astigmatism. Comfortable and hygienic to wear. 30 contact lenses per box.","robots":{"index":"index","follow":"follow","max-snippet":"max-snippet:-1","max-image-preview":"max-image-preview:large","max-video-preview":"max-video-preview:-1"},"canonical":"https:\/\/myeye.ee\/en\/product\/precision-1-toric-30pcs\/","og_locale":"en_US","og_type":"article","og_title":"Precision 1 Toric  30pcs","og_description":"Precision 1 Toric are daily disposable toric lenses for the correction of astigmatism. Comfortable and hygienic to wear. 30 contact lenses per box.","og_url":"https:\/\/myeye.ee\/en\/product\/precision-1-toric-30pcs\/","og_site_name":"Myeye","article_publisher":"https:\/\/www.facebook.com\/profile.php?id=61571474589924","article_modified_time":"2025-12-04T20:34:52+00:00","og_image":[{"width":2500,"height":2500,"url":"https:\/\/myeye.ee\/wp-content\/uploads\/2025\/04\/Precision1-30-pack-Toric_R.jpeg","type":"image\/jpeg"}],"twitter_card":"summary_large_image","twitter_misc":{"Est. reading time":"2 minutes"},"schema":{"@context":"https:\/\/schema.org","@graph":[{"@type":"WebPage","@id":"https:\/\/myeye.ee\/en\/product\/precision-1-toric-30pcs\/","url":"https:\/\/myeye.ee\/en\/product\/precision-1-toric-30pcs\/","name":"Precision 1 Toric 30pcs - Myeye","isPartOf":{"@id":"https:\/\/myeye.ee\/#website"},"primaryImageOfPage":{"@id":"https:\/\/myeye.ee\/en\/product\/precision-1-toric-30pcs\/#primaryimage"},"image":{"@id":"https:\/\/myeye.ee\/en\/product\/precision-1-toric-30pcs\/#primaryimage"},"thumbnailUrl":"https:\/\/myeye.ee\/wp-content\/uploads\/2025\/04\/Precision1-30-pack-Toric_R.jpeg","datePublished":"2025-04-22T11:41:57+00:00","dateModified":"2025-12-04T20:34:52+00:00","description":"Precision 1 Toric are daily disposable toric lenses for the correction of astigmatism. Comfortable and hygienic to wear. 30 contact lenses per box.","breadcrumb":{"@id":"https:\/\/myeye.ee\/en\/product\/precision-1-toric-30pcs\/#breadcrumb"},"inLanguage":"en-US","potentialAction":[{"@type":"ReadAction","target":["https:\/\/myeye.ee\/en\/product\/precision-1-toric-30pcs\/"]}]},{"@type":"ImageObject","inLanguage":"en-US","@id":"https:\/\/myeye.ee\/en\/product\/precision-1-toric-30pcs\/#primaryimage","url":"https:\/\/myeye.ee\/wp-content\/uploads\/2025\/04\/Precision1-30-pack-Toric_R.jpeg","contentUrl":"https:\/\/myeye.ee\/wp-content\/uploads\/2025\/04\/Precision1-30-pack-Toric_R.jpeg","width":2500,"height":2500,"caption":"Precision 1 Toric \u2013 daily disposable lenses for cylindrical vision, 30 per pack"},{"@type":"BreadcrumbList","@id":"https:\/\/myeye.ee\/en\/product\/precision-1-toric-30pcs\/#breadcrumb","itemListElement":[{"@type":"ListItem","position":1,"name":"Home","item":"https:\/\/myeye.ee\/en\/"},{"@type":"ListItem","position":2,"name":"Shop","item":"https:\/\/myeye.ee\/pood\/"},{"@type":"ListItem","position":3,"name":"Precision 1 Toric 30pcs"}]},{"@type":"WebSite","@id":"https:\/\/myeye.ee\/#website","url":"https:\/\/myeye.ee\/","name":"Myeye","description":"Pakume professionaalset ja usaldusv\u00e4\u00e4rset teenust, kiiret kohaletoimetamist \u00fcle ning kliendis\u00f5bralikku ostukogemust.","publisher":{"@id":"https:\/\/myeye.ee\/#organization"},"potentialAction":[{"@type":"SearchAction","target":{"@type":"EntryPoint","urlTemplate":"https:\/\/myeye.ee\/?s={search_term_string}"},"query-input":{"@type":"PropertyValueSpecification","valueRequired":true,"valueName":"search_term_string"}}],"inLanguage":"en-US"},{"@type":"Organization","@id":"https:\/\/myeye.ee\/#organization","name":"Myeye","url":"https:\/\/myeye.ee\/","logo":{"@type":"ImageObject","inLanguage":"en-US","@id":"https:\/\/myeye.ee\/#\/schema\/logo\/image\/","url":"https:\/\/myeye.ee\/wp-content\/uploads\/2025\/06\/1.png","contentUrl":"https:\/\/myeye.ee\/wp-content\/uploads\/2025\/06\/1.png","width":1563,"height":1563,"caption":"Myeye"},"image":{"@id":"https:\/\/myeye.ee\/#\/schema\/logo\/image\/"},"sameAs":["https:\/\/www.facebook.com\/profile.php?id=61571474589924"]}]}},"_links":{"self":[{"href":"https:\/\/myeye.ee\/en\/wp-json\/wp\/v2\/product\/9136","targetHints":{"allow":["GET"]}}],"collection":[{"href":"https:\/\/myeye.ee\/en\/wp-json\/wp\/v2\/product"}],"about":[{"href":"https:\/\/myeye.ee\/en\/wp-json\/wp\/v2\/types\/product"}],"wp:featuredmedia":[{"embeddable":true,"href":"https:\/\/myeye.ee\/en\/wp-json\/wp\/v2\/media\/7888"}],"wp:attachment":[{"href":"https:\/\/myeye.ee\/en\/wp-json\/wp\/v2\/media?parent=9136"}],"wp:term":[{"taxonomy":"product_brand","embeddable":true,"href":"https:\/\/myeye.ee\/en\/wp-json\/wp\/v2\/product_brand?post=9136"},{"taxonomy":"product_cat","embeddable":true,"href":"https:\/\/myeye.ee\/en\/wp-json\/wp\/v2\/product_cat?post=9136"},{"taxonomy":"product_tag","embeddable":true,"href":"https:\/\/myeye.ee\/en\/wp-json\/wp\/v2\/product_tag?post=9136"}],"curies":[{"name":"wp","href":"https:\/\/api.w.org\/{rel}","templated":true}]}}