{"id":9132,"date":"2025-04-22T11:42:23","date_gmt":"2025-04-22T11:42:23","guid":{"rendered":"https:\/\/myeye.ee\/product\/precision-1-toric-90pcs\/"},"modified":"2025-12-04T20:32:52","modified_gmt":"2025-12-04T20:32:52","slug":"precision-1-toric-90pcs","status":"publish","type":"product","link":"https:\/\/myeye.ee\/en\/product\/precision-1-toric-90pcs\/","title":{"rendered":"Precision 1  Toric  90pcs"},"content":{"rendered":"<p>Precision 1 Toric \u2013 daily lenses for astigmatism<\/p>\n<p>Precision 1 Toric are modern daily lenses specially designed to correct astigmatism, or a cylinder-shaped vision disorder. These toric lenses are suitable for daily wear and are designed for those who want comfortable, hygienic and sharp vision all day long.<\/p>\n<p>Precision 1 Toric lenses are made of silicone hydrogel and use SmartSurface\u2122 technology, which has a thin, stable and moisture-retaining surface. Thanks to this, the lenses feel natural in the eye and provide clear vision from morning to night. The toric design helps the lenses stay in place to prevent blurry vision or vision fluctuations.<\/p>\n<p>Since these are daily lenses, they do not require care solutions or storage &#8211; a new pair for every day. 90 pcs in a box is especially suitable for those who wear lenses every day and want a worry-free supply for a long time.<\/p>\n<p>Key features:<br \/>\n\u2013 Daily lenses \u2013 a new lens every day<br \/>\n\u2013 Toric lenses for astigmatism correction<br \/>\n\u2013 SmartSurface\u2122 technology \u2013 moisture and comfort<br \/>\n\u2013 Stable fit \u2013 clear vision all day<br \/>\n\u2013 Silicone hydrogel material \u2013 high oxygen permeability<br \/>\n\u2013 Hygienic and easy \u2013 no cleaning required<br \/>\n\u2013 90 contact lenses per pack<\/p>\n<p>Precision 1 Toric is the ideal choice if you want sharp vision with astigmatism and freedom from daily care.<\/p>\n","protected":false},"excerpt":{"rendered":"<p>Precision 1 Toric \u2013 daily lenses for astigmatism Precision 1 Toric are modern daily lenses specially designed to correct astigmatism, or a cylinder-shaped vision disorder. These toric lenses are suitable for daily wear and are designed for those who want comfortable, hygienic and sharp vision all day long. Precision 1 Toric lenses are made of [&hellip;]<\/p>\n","protected":false},"featured_media":9295,"template":"","meta":{"_acf_changed":false},"product_brand":[328],"product_cat":[324,344,330,343],"product_tag":[],"class_list":{"0":"post-9132","1":"product","2":"type-product","3":"status-publish","4":"has-post-thumbnail","6":"product_brand-alcon-en","7":"product_cat-contact-lenses","8":"product_cat-daily-contact-lenses","9":"product_cat-subscription-order","10":"product_cat-toric-astigmatism-lenses","11":"pa_diameeter-14-5-en","12":"pa_kandmisreziim-paevane-en","13":"pa_kasutusaeg-1-day","14":"pa_kumerus-8-5-en","15":"pa_tootja-alcon-en","17":"first","18":"instock","19":"taxable","20":"shipping-taxable","21":"purchasable","22":"product-type-variable-subscription"},"acf":[],"yoast_head":"<!-- This site is optimized with the Yoast SEO Premium plugin v26.4 (Yoast SEO v27.3) - https:\/\/yoast.com\/product\/yoast-seo-premium-wordpress\/ -->\n<title>Precision 1 Toric 90pcs - Myeye<\/title>\n<meta name=\"description\" content=\"Precision 1 Toric are daily toric lenses for the correction of astigmatism. Comfortable and hygienic to wear every day. 90 lenses per pack.\" \/>\n<meta name=\"robots\" content=\"index, follow, max-snippet:-1, max-image-preview:large, max-video-preview:-1\" \/>\n<link rel=\"canonical\" href=\"https:\/\/myeye.ee\/en\/product\/precision-1-toric-90pcs\/\" \/>\n<meta property=\"og:locale\" content=\"en_US\" \/>\n<meta property=\"og:type\" content=\"article\" \/>\n<meta property=\"og:title\" content=\"Precision 1 Toric 90pcs\" \/>\n<meta property=\"og:description\" content=\"Precision 1 Toric are daily toric lenses for the correction of astigmatism. Comfortable and hygienic to wear every day. 90 lenses per pack.\" \/>\n<meta property=\"og:url\" content=\"https:\/\/myeye.ee\/en\/product\/precision-1-toric-90pcs\/\" \/>\n<meta property=\"og:site_name\" content=\"Myeye\" \/>\n<meta property=\"article:publisher\" content=\"https:\/\/www.facebook.com\/profile.php?id=61571474589924\" \/>\n<meta property=\"article:modified_time\" content=\"2025-12-04T20:32:52+00:00\" \/>\n<meta property=\"og:image\" content=\"https:\/\/myeye.ee\/wp-content\/uploads\/2025\/05\/Precision1-90-pack-Toric_R-1-1.jpg\" \/>\n\t<meta property=\"og:image:width\" content=\"1200\" \/>\n\t<meta property=\"og:image:height\" content=\"1200\" \/>\n\t<meta property=\"og:image:type\" content=\"image\/jpeg\" \/>\n<meta name=\"twitter:card\" content=\"summary_large_image\" \/>\n<meta name=\"twitter:label1\" content=\"Est. reading time\" \/>\n\t<meta name=\"twitter:data1\" content=\"2 minutes\" \/>\n<script type=\"application\/ld+json\" class=\"yoast-schema-graph\">{\"@context\":\"https:\\\/\\\/schema.org\",\"@graph\":[{\"@type\":\"WebPage\",\"@id\":\"https:\\\/\\\/myeye.ee\\\/en\\\/product\\\/precision-1-toric-90pcs\\\/\",\"url\":\"https:\\\/\\\/myeye.ee\\\/en\\\/product\\\/precision-1-toric-90pcs\\\/\",\"name\":\"Precision 1 Toric 90pcs - Myeye\",\"isPartOf\":{\"@id\":\"https:\\\/\\\/myeye.ee\\\/#website\"},\"primaryImageOfPage\":{\"@id\":\"https:\\\/\\\/myeye.ee\\\/en\\\/product\\\/precision-1-toric-90pcs\\\/#primaryimage\"},\"image\":{\"@id\":\"https:\\\/\\\/myeye.ee\\\/en\\\/product\\\/precision-1-toric-90pcs\\\/#primaryimage\"},\"thumbnailUrl\":\"https:\\\/\\\/myeye.ee\\\/wp-content\\\/uploads\\\/2025\\\/05\\\/Precision1-90-pack-Toric_R-1-1.jpg\",\"datePublished\":\"2025-04-22T11:42:23+00:00\",\"dateModified\":\"2025-12-04T20:32:52+00:00\",\"description\":\"Precision 1 Toric are daily toric lenses for the correction of astigmatism. Comfortable and hygienic to wear every day. 90 lenses per pack.\",\"breadcrumb\":{\"@id\":\"https:\\\/\\\/myeye.ee\\\/en\\\/product\\\/precision-1-toric-90pcs\\\/#breadcrumb\"},\"inLanguage\":\"en-US\",\"potentialAction\":[{\"@type\":\"ReadAction\",\"target\":[\"https:\\\/\\\/myeye.ee\\\/en\\\/product\\\/precision-1-toric-90pcs\\\/\"]}]},{\"@type\":\"ImageObject\",\"inLanguage\":\"en-US\",\"@id\":\"https:\\\/\\\/myeye.ee\\\/en\\\/product\\\/precision-1-toric-90pcs\\\/#primaryimage\",\"url\":\"https:\\\/\\\/myeye.ee\\\/wp-content\\\/uploads\\\/2025\\\/05\\\/Precision1-90-pack-Toric_R-1-1.jpg\",\"contentUrl\":\"https:\\\/\\\/myeye.ee\\\/wp-content\\\/uploads\\\/2025\\\/05\\\/Precision1-90-pack-Toric_R-1-1.jpg\",\"width\":1200,\"height\":1200},{\"@type\":\"BreadcrumbList\",\"@id\":\"https:\\\/\\\/myeye.ee\\\/en\\\/product\\\/precision-1-toric-90pcs\\\/#breadcrumb\",\"itemListElement\":[{\"@type\":\"ListItem\",\"position\":1,\"name\":\"Home\",\"item\":\"https:\\\/\\\/myeye.ee\\\/en\\\/\"},{\"@type\":\"ListItem\",\"position\":2,\"name\":\"Shop\",\"item\":\"https:\\\/\\\/myeye.ee\\\/pood\\\/\"},{\"@type\":\"ListItem\",\"position\":3,\"name\":\"Precision 1 Toric 90pcs\"}]},{\"@type\":\"WebSite\",\"@id\":\"https:\\\/\\\/myeye.ee\\\/#website\",\"url\":\"https:\\\/\\\/myeye.ee\\\/\",\"name\":\"Myeye\",\"description\":\"Pakume professionaalset ja usaldusv\u00e4\u00e4rset teenust, kiiret kohaletoimetamist \u00fcle ning kliendis\u00f5bralikku ostukogemust.\",\"publisher\":{\"@id\":\"https:\\\/\\\/myeye.ee\\\/#organization\"},\"potentialAction\":[{\"@type\":\"SearchAction\",\"target\":{\"@type\":\"EntryPoint\",\"urlTemplate\":\"https:\\\/\\\/myeye.ee\\\/?s={search_term_string}\"},\"query-input\":{\"@type\":\"PropertyValueSpecification\",\"valueRequired\":true,\"valueName\":\"search_term_string\"}}],\"inLanguage\":\"en-US\"},{\"@type\":\"Organization\",\"@id\":\"https:\\\/\\\/myeye.ee\\\/#organization\",\"name\":\"Myeye\",\"url\":\"https:\\\/\\\/myeye.ee\\\/\",\"logo\":{\"@type\":\"ImageObject\",\"inLanguage\":\"en-US\",\"@id\":\"https:\\\/\\\/myeye.ee\\\/#\\\/schema\\\/logo\\\/image\\\/\",\"url\":\"https:\\\/\\\/myeye.ee\\\/wp-content\\\/uploads\\\/2025\\\/06\\\/1.png\",\"contentUrl\":\"https:\\\/\\\/myeye.ee\\\/wp-content\\\/uploads\\\/2025\\\/06\\\/1.png\",\"width\":1563,\"height\":1563,\"caption\":\"Myeye\"},\"image\":{\"@id\":\"https:\\\/\\\/myeye.ee\\\/#\\\/schema\\\/logo\\\/image\\\/\"},\"sameAs\":[\"https:\\\/\\\/www.facebook.com\\\/profile.php?id=61571474589924\"]}]}<\/script>\n<!-- \/ Yoast SEO Premium plugin. -->","yoast_head_json":{"title":"Precision 1 Toric 90pcs - Myeye","description":"Precision 1 Toric are daily toric lenses for the correction of astigmatism. Comfortable and hygienic to wear every day. 90 lenses per pack.","robots":{"index":"index","follow":"follow","max-snippet":"max-snippet:-1","max-image-preview":"max-image-preview:large","max-video-preview":"max-video-preview:-1"},"canonical":"https:\/\/myeye.ee\/en\/product\/precision-1-toric-90pcs\/","og_locale":"en_US","og_type":"article","og_title":"Precision 1 Toric 90pcs","og_description":"Precision 1 Toric are daily toric lenses for the correction of astigmatism. Comfortable and hygienic to wear every day. 90 lenses per pack.","og_url":"https:\/\/myeye.ee\/en\/product\/precision-1-toric-90pcs\/","og_site_name":"Myeye","article_publisher":"https:\/\/www.facebook.com\/profile.php?id=61571474589924","article_modified_time":"2025-12-04T20:32:52+00:00","og_image":[{"width":1200,"height":1200,"url":"https:\/\/myeye.ee\/wp-content\/uploads\/2025\/05\/Precision1-90-pack-Toric_R-1-1.jpg","type":"image\/jpeg"}],"twitter_card":"summary_large_image","twitter_misc":{"Est. reading time":"2 minutes"},"schema":{"@context":"https:\/\/schema.org","@graph":[{"@type":"WebPage","@id":"https:\/\/myeye.ee\/en\/product\/precision-1-toric-90pcs\/","url":"https:\/\/myeye.ee\/en\/product\/precision-1-toric-90pcs\/","name":"Precision 1 Toric 90pcs - Myeye","isPartOf":{"@id":"https:\/\/myeye.ee\/#website"},"primaryImageOfPage":{"@id":"https:\/\/myeye.ee\/en\/product\/precision-1-toric-90pcs\/#primaryimage"},"image":{"@id":"https:\/\/myeye.ee\/en\/product\/precision-1-toric-90pcs\/#primaryimage"},"thumbnailUrl":"https:\/\/myeye.ee\/wp-content\/uploads\/2025\/05\/Precision1-90-pack-Toric_R-1-1.jpg","datePublished":"2025-04-22T11:42:23+00:00","dateModified":"2025-12-04T20:32:52+00:00","description":"Precision 1 Toric are daily toric lenses for the correction of astigmatism. Comfortable and hygienic to wear every day. 90 lenses per pack.","breadcrumb":{"@id":"https:\/\/myeye.ee\/en\/product\/precision-1-toric-90pcs\/#breadcrumb"},"inLanguage":"en-US","potentialAction":[{"@type":"ReadAction","target":["https:\/\/myeye.ee\/en\/product\/precision-1-toric-90pcs\/"]}]},{"@type":"ImageObject","inLanguage":"en-US","@id":"https:\/\/myeye.ee\/en\/product\/precision-1-toric-90pcs\/#primaryimage","url":"https:\/\/myeye.ee\/wp-content\/uploads\/2025\/05\/Precision1-90-pack-Toric_R-1-1.jpg","contentUrl":"https:\/\/myeye.ee\/wp-content\/uploads\/2025\/05\/Precision1-90-pack-Toric_R-1-1.jpg","width":1200,"height":1200},{"@type":"BreadcrumbList","@id":"https:\/\/myeye.ee\/en\/product\/precision-1-toric-90pcs\/#breadcrumb","itemListElement":[{"@type":"ListItem","position":1,"name":"Home","item":"https:\/\/myeye.ee\/en\/"},{"@type":"ListItem","position":2,"name":"Shop","item":"https:\/\/myeye.ee\/pood\/"},{"@type":"ListItem","position":3,"name":"Precision 1 Toric 90pcs"}]},{"@type":"WebSite","@id":"https:\/\/myeye.ee\/#website","url":"https:\/\/myeye.ee\/","name":"Myeye","description":"Pakume professionaalset ja usaldusv\u00e4\u00e4rset teenust, kiiret kohaletoimetamist \u00fcle ning kliendis\u00f5bralikku ostukogemust.","publisher":{"@id":"https:\/\/myeye.ee\/#organization"},"potentialAction":[{"@type":"SearchAction","target":{"@type":"EntryPoint","urlTemplate":"https:\/\/myeye.ee\/?s={search_term_string}"},"query-input":{"@type":"PropertyValueSpecification","valueRequired":true,"valueName":"search_term_string"}}],"inLanguage":"en-US"},{"@type":"Organization","@id":"https:\/\/myeye.ee\/#organization","name":"Myeye","url":"https:\/\/myeye.ee\/","logo":{"@type":"ImageObject","inLanguage":"en-US","@id":"https:\/\/myeye.ee\/#\/schema\/logo\/image\/","url":"https:\/\/myeye.ee\/wp-content\/uploads\/2025\/06\/1.png","contentUrl":"https:\/\/myeye.ee\/wp-content\/uploads\/2025\/06\/1.png","width":1563,"height":1563,"caption":"Myeye"},"image":{"@id":"https:\/\/myeye.ee\/#\/schema\/logo\/image\/"},"sameAs":["https:\/\/www.facebook.com\/profile.php?id=61571474589924"]}]}},"_links":{"self":[{"href":"https:\/\/myeye.ee\/en\/wp-json\/wp\/v2\/product\/9132","targetHints":{"allow":["GET"]}}],"collection":[{"href":"https:\/\/myeye.ee\/en\/wp-json\/wp\/v2\/product"}],"about":[{"href":"https:\/\/myeye.ee\/en\/wp-json\/wp\/v2\/types\/product"}],"wp:featuredmedia":[{"embeddable":true,"href":"https:\/\/myeye.ee\/en\/wp-json\/wp\/v2\/media\/9295"}],"wp:attachment":[{"href":"https:\/\/myeye.ee\/en\/wp-json\/wp\/v2\/media?parent=9132"}],"wp:term":[{"taxonomy":"product_brand","embeddable":true,"href":"https:\/\/myeye.ee\/en\/wp-json\/wp\/v2\/product_brand?post=9132"},{"taxonomy":"product_cat","embeddable":true,"href":"https:\/\/myeye.ee\/en\/wp-json\/wp\/v2\/product_cat?post=9132"},{"taxonomy":"product_tag","embeddable":true,"href":"https:\/\/myeye.ee\/en\/wp-json\/wp\/v2\/product_tag?post=9132"}],"curies":[{"name":"wp","href":"https:\/\/api.w.org\/{rel}","templated":true}]}}