{"id":9120,"date":"2025-04-23T09:28:52","date_gmt":"2025-04-23T09:28:52","guid":{"rendered":"https:\/\/myeye.ee\/product\/ultra-one-day-30pcs\/"},"modified":"2025-12-04T20:29:19","modified_gmt":"2025-12-04T20:29:19","slug":"ultra-one-day-30pcs","status":"publish","type":"product","link":"https:\/\/myeye.ee\/en\/product\/ultra-one-day-30pcs\/","title":{"rendered":"Ultra ONE DAY 30pcs"},"content":{"rendered":"<p>Ultra ONE DAY \u2013 modern daily lenses for intensive daily use<\/p>\n<p>Ultra ONE DAY are innovative daily contact lenses designed to provide wearing comfort, hydration and clear vision for the whole day. These daily lenses are suitable for active people who want maximum ease and hygiene in vision correction.<\/p>\n<p>The lenses are made of silicone hydrogel and equipped with MoistureSeal\u2122 technology, which retains up to 96% moisture for up to 16 hours. In addition, the ComfortFeel\u2122 system helps to soothe the eyes, neutralize lipids and maintain the natural environment of the eye.<\/p>\n<p>Ultra ONE DAY lenses are designed to ensure optimal oxygen permeability so that the eyes remain white, clear and fatigue-free even when working behind a screen or playing sports. Since they are daily lenses, they are also ideal for first-time wearers &#8211; there is no need to clean or use containers.<\/p>\n<p>Key features:<br \/>\n\u2013 Daily lenses \u2013 a new and fresh lens every day<br \/>\n\u2013 Daily contact lenses for active wearers<br \/>\n\u2013 MoistureSeal\u2122 technology \u2013 retains moisture for up to 16 hours<br \/>\n\u2013 ComfortFeel\u2122 \u2013 eye-friendly and soothing<br \/>\n\u2013 High oxygen permeability<br \/>\n\u2013 No need for care solutions or a container<br \/>\n\u2013 Suitable for dry or sensitive eyes<\/p>\n<p>Ultra ONE DAY lenses offer comfort, reliability and freedom \u2013 the ideal choice for daily wear without extra stress.<\/p>\n","protected":false},"excerpt":{"rendered":"<p>Ultra ONE DAY \u2013 modern daily lenses for intensive daily use Ultra ONE DAY are innovative daily contact lenses designed to provide wearing comfort, hydration and clear vision for the whole day. These daily lenses are suitable for active people who want maximum ease and hygiene in vision correction. The lenses are made of silicone [&hellip;]<\/p>\n","protected":false},"featured_media":7873,"template":"","meta":{"_acf_changed":false},"product_brand":[279],"product_cat":[324,344,329,330],"product_tag":[],"class_list":{"0":"post-9120","1":"product","2":"type-product","3":"status-publish","4":"has-post-thumbnail","6":"product_brand-bauschlomb","7":"product_cat-contact-lenses","8":"product_cat-daily-contact-lenses","9":"product_cat-regular-contact-lenses","10":"product_cat-subscription-order","11":"pa_diameeter-14-2-en","12":"pa_kandmisreziim-paevane-en","13":"pa_kasutusaeg-1-day","14":"pa_kumerus-8-5-en","15":"pa_tootja-bauschlomb-en","17":"first","18":"instock","19":"taxable","20":"shipping-taxable","21":"purchasable","22":"product-type-variable-subscription"},"acf":[],"yoast_head":"<!-- This site is optimized with the Yoast SEO Premium plugin v26.4 (Yoast SEO v27.3) - https:\/\/yoast.com\/product\/yoast-seo-premium-wordpress\/ -->\n<title>Ultra ONE DAY 30pcs - Myeye<\/title>\n<meta name=\"description\" content=\"Ultra ONE DAY are daily disposable lenses that combine hydration and comfort for the whole day. Daily disposable contact lenses for the fast-paced wearer.\" \/>\n<meta name=\"robots\" content=\"index, follow, max-snippet:-1, max-image-preview:large, max-video-preview:-1\" \/>\n<link rel=\"canonical\" href=\"https:\/\/myeye.ee\/en\/product\/ultra-one-day-30pcs\/\" \/>\n<meta property=\"og:locale\" content=\"en_US\" \/>\n<meta property=\"og:type\" content=\"article\" \/>\n<meta property=\"og:title\" content=\"Ultra ONE DAY 30pcs\" \/>\n<meta property=\"og:description\" content=\"Ultra ONE DAY are daily disposable lenses that combine hydration and comfort for the whole day. Daily disposable contact lenses for the fast-paced wearer.\" \/>\n<meta property=\"og:url\" content=\"https:\/\/myeye.ee\/en\/product\/ultra-one-day-30pcs\/\" \/>\n<meta property=\"og:site_name\" content=\"Myeye\" \/>\n<meta property=\"article:publisher\" content=\"https:\/\/www.facebook.com\/profile.php?id=61571474589924\" \/>\n<meta property=\"article:modified_time\" content=\"2025-12-04T20:29:19+00:00\" \/>\n<meta property=\"og:image\" content=\"https:\/\/myeye.ee\/wp-content\/uploads\/2025\/04\/uod-Left_30-RGB-Fn8.jpeg\" \/>\n\t<meta property=\"og:image:width\" content=\"1002\" \/>\n\t<meta property=\"og:image:height\" content=\"1002\" \/>\n\t<meta property=\"og:image:type\" content=\"image\/jpeg\" \/>\n<meta name=\"twitter:card\" content=\"summary_large_image\" \/>\n<meta name=\"twitter:label1\" content=\"Est. reading time\" \/>\n\t<meta name=\"twitter:data1\" content=\"2 minutes\" \/>\n<script type=\"application\/ld+json\" class=\"yoast-schema-graph\">{\"@context\":\"https:\\\/\\\/schema.org\",\"@graph\":[{\"@type\":\"WebPage\",\"@id\":\"https:\\\/\\\/myeye.ee\\\/en\\\/product\\\/ultra-one-day-30pcs\\\/\",\"url\":\"https:\\\/\\\/myeye.ee\\\/en\\\/product\\\/ultra-one-day-30pcs\\\/\",\"name\":\"Ultra ONE DAY 30pcs - Myeye\",\"isPartOf\":{\"@id\":\"https:\\\/\\\/myeye.ee\\\/#website\"},\"primaryImageOfPage\":{\"@id\":\"https:\\\/\\\/myeye.ee\\\/en\\\/product\\\/ultra-one-day-30pcs\\\/#primaryimage\"},\"image\":{\"@id\":\"https:\\\/\\\/myeye.ee\\\/en\\\/product\\\/ultra-one-day-30pcs\\\/#primaryimage\"},\"thumbnailUrl\":\"https:\\\/\\\/myeye.ee\\\/wp-content\\\/uploads\\\/2025\\\/04\\\/uod-Left_30-RGB-Fn8.jpeg\",\"datePublished\":\"2025-04-23T09:28:52+00:00\",\"dateModified\":\"2025-12-04T20:29:19+00:00\",\"description\":\"Ultra ONE DAY are daily disposable lenses that combine hydration and comfort for the whole day. Daily disposable contact lenses for the fast-paced wearer.\",\"breadcrumb\":{\"@id\":\"https:\\\/\\\/myeye.ee\\\/en\\\/product\\\/ultra-one-day-30pcs\\\/#breadcrumb\"},\"inLanguage\":\"en-US\",\"potentialAction\":[{\"@type\":\"ReadAction\",\"target\":[\"https:\\\/\\\/myeye.ee\\\/en\\\/product\\\/ultra-one-day-30pcs\\\/\"]}]},{\"@type\":\"ImageObject\",\"inLanguage\":\"en-US\",\"@id\":\"https:\\\/\\\/myeye.ee\\\/en\\\/product\\\/ultra-one-day-30pcs\\\/#primaryimage\",\"url\":\"https:\\\/\\\/myeye.ee\\\/wp-content\\\/uploads\\\/2025\\\/04\\\/uod-Left_30-RGB-Fn8.jpeg\",\"contentUrl\":\"https:\\\/\\\/myeye.ee\\\/wp-content\\\/uploads\\\/2025\\\/04\\\/uod-Left_30-RGB-Fn8.jpeg\",\"width\":1002,\"height\":1002,\"caption\":\"Ultra ONE DAY \u2013 silicone hydrogel daily contact lenses\"},{\"@type\":\"BreadcrumbList\",\"@id\":\"https:\\\/\\\/myeye.ee\\\/en\\\/product\\\/ultra-one-day-30pcs\\\/#breadcrumb\",\"itemListElement\":[{\"@type\":\"ListItem\",\"position\":1,\"name\":\"Home\",\"item\":\"https:\\\/\\\/myeye.ee\\\/en\\\/\"},{\"@type\":\"ListItem\",\"position\":2,\"name\":\"Shop\",\"item\":\"https:\\\/\\\/myeye.ee\\\/pood\\\/\"},{\"@type\":\"ListItem\",\"position\":3,\"name\":\"Ultra ONE DAY 30pcs\"}]},{\"@type\":\"WebSite\",\"@id\":\"https:\\\/\\\/myeye.ee\\\/#website\",\"url\":\"https:\\\/\\\/myeye.ee\\\/\",\"name\":\"Myeye\",\"description\":\"Pakume professionaalset ja usaldusv\u00e4\u00e4rset teenust, kiiret kohaletoimetamist \u00fcle ning kliendis\u00f5bralikku ostukogemust.\",\"publisher\":{\"@id\":\"https:\\\/\\\/myeye.ee\\\/#organization\"},\"potentialAction\":[{\"@type\":\"SearchAction\",\"target\":{\"@type\":\"EntryPoint\",\"urlTemplate\":\"https:\\\/\\\/myeye.ee\\\/?s={search_term_string}\"},\"query-input\":{\"@type\":\"PropertyValueSpecification\",\"valueRequired\":true,\"valueName\":\"search_term_string\"}}],\"inLanguage\":\"en-US\"},{\"@type\":\"Organization\",\"@id\":\"https:\\\/\\\/myeye.ee\\\/#organization\",\"name\":\"Myeye\",\"url\":\"https:\\\/\\\/myeye.ee\\\/\",\"logo\":{\"@type\":\"ImageObject\",\"inLanguage\":\"en-US\",\"@id\":\"https:\\\/\\\/myeye.ee\\\/#\\\/schema\\\/logo\\\/image\\\/\",\"url\":\"https:\\\/\\\/myeye.ee\\\/wp-content\\\/uploads\\\/2025\\\/06\\\/1.png\",\"contentUrl\":\"https:\\\/\\\/myeye.ee\\\/wp-content\\\/uploads\\\/2025\\\/06\\\/1.png\",\"width\":1563,\"height\":1563,\"caption\":\"Myeye\"},\"image\":{\"@id\":\"https:\\\/\\\/myeye.ee\\\/#\\\/schema\\\/logo\\\/image\\\/\"},\"sameAs\":[\"https:\\\/\\\/www.facebook.com\\\/profile.php?id=61571474589924\"]}]}<\/script>\n<!-- \/ Yoast SEO Premium plugin. -->","yoast_head_json":{"title":"Ultra ONE DAY 30pcs - Myeye","description":"Ultra ONE DAY are daily disposable lenses that combine hydration and comfort for the whole day. Daily disposable contact lenses for the fast-paced wearer.","robots":{"index":"index","follow":"follow","max-snippet":"max-snippet:-1","max-image-preview":"max-image-preview:large","max-video-preview":"max-video-preview:-1"},"canonical":"https:\/\/myeye.ee\/en\/product\/ultra-one-day-30pcs\/","og_locale":"en_US","og_type":"article","og_title":"Ultra ONE DAY 30pcs","og_description":"Ultra ONE DAY are daily disposable lenses that combine hydration and comfort for the whole day. Daily disposable contact lenses for the fast-paced wearer.","og_url":"https:\/\/myeye.ee\/en\/product\/ultra-one-day-30pcs\/","og_site_name":"Myeye","article_publisher":"https:\/\/www.facebook.com\/profile.php?id=61571474589924","article_modified_time":"2025-12-04T20:29:19+00:00","og_image":[{"width":1002,"height":1002,"url":"https:\/\/myeye.ee\/wp-content\/uploads\/2025\/04\/uod-Left_30-RGB-Fn8.jpeg","type":"image\/jpeg"}],"twitter_card":"summary_large_image","twitter_misc":{"Est. reading time":"2 minutes"},"schema":{"@context":"https:\/\/schema.org","@graph":[{"@type":"WebPage","@id":"https:\/\/myeye.ee\/en\/product\/ultra-one-day-30pcs\/","url":"https:\/\/myeye.ee\/en\/product\/ultra-one-day-30pcs\/","name":"Ultra ONE DAY 30pcs - Myeye","isPartOf":{"@id":"https:\/\/myeye.ee\/#website"},"primaryImageOfPage":{"@id":"https:\/\/myeye.ee\/en\/product\/ultra-one-day-30pcs\/#primaryimage"},"image":{"@id":"https:\/\/myeye.ee\/en\/product\/ultra-one-day-30pcs\/#primaryimage"},"thumbnailUrl":"https:\/\/myeye.ee\/wp-content\/uploads\/2025\/04\/uod-Left_30-RGB-Fn8.jpeg","datePublished":"2025-04-23T09:28:52+00:00","dateModified":"2025-12-04T20:29:19+00:00","description":"Ultra ONE DAY are daily disposable lenses that combine hydration and comfort for the whole day. Daily disposable contact lenses for the fast-paced wearer.","breadcrumb":{"@id":"https:\/\/myeye.ee\/en\/product\/ultra-one-day-30pcs\/#breadcrumb"},"inLanguage":"en-US","potentialAction":[{"@type":"ReadAction","target":["https:\/\/myeye.ee\/en\/product\/ultra-one-day-30pcs\/"]}]},{"@type":"ImageObject","inLanguage":"en-US","@id":"https:\/\/myeye.ee\/en\/product\/ultra-one-day-30pcs\/#primaryimage","url":"https:\/\/myeye.ee\/wp-content\/uploads\/2025\/04\/uod-Left_30-RGB-Fn8.jpeg","contentUrl":"https:\/\/myeye.ee\/wp-content\/uploads\/2025\/04\/uod-Left_30-RGB-Fn8.jpeg","width":1002,"height":1002,"caption":"Ultra ONE DAY \u2013 silicone hydrogel daily contact lenses"},{"@type":"BreadcrumbList","@id":"https:\/\/myeye.ee\/en\/product\/ultra-one-day-30pcs\/#breadcrumb","itemListElement":[{"@type":"ListItem","position":1,"name":"Home","item":"https:\/\/myeye.ee\/en\/"},{"@type":"ListItem","position":2,"name":"Shop","item":"https:\/\/myeye.ee\/pood\/"},{"@type":"ListItem","position":3,"name":"Ultra ONE DAY 30pcs"}]},{"@type":"WebSite","@id":"https:\/\/myeye.ee\/#website","url":"https:\/\/myeye.ee\/","name":"Myeye","description":"Pakume professionaalset ja usaldusv\u00e4\u00e4rset teenust, kiiret kohaletoimetamist \u00fcle ning kliendis\u00f5bralikku ostukogemust.","publisher":{"@id":"https:\/\/myeye.ee\/#organization"},"potentialAction":[{"@type":"SearchAction","target":{"@type":"EntryPoint","urlTemplate":"https:\/\/myeye.ee\/?s={search_term_string}"},"query-input":{"@type":"PropertyValueSpecification","valueRequired":true,"valueName":"search_term_string"}}],"inLanguage":"en-US"},{"@type":"Organization","@id":"https:\/\/myeye.ee\/#organization","name":"Myeye","url":"https:\/\/myeye.ee\/","logo":{"@type":"ImageObject","inLanguage":"en-US","@id":"https:\/\/myeye.ee\/#\/schema\/logo\/image\/","url":"https:\/\/myeye.ee\/wp-content\/uploads\/2025\/06\/1.png","contentUrl":"https:\/\/myeye.ee\/wp-content\/uploads\/2025\/06\/1.png","width":1563,"height":1563,"caption":"Myeye"},"image":{"@id":"https:\/\/myeye.ee\/#\/schema\/logo\/image\/"},"sameAs":["https:\/\/www.facebook.com\/profile.php?id=61571474589924"]}]}},"_links":{"self":[{"href":"https:\/\/myeye.ee\/en\/wp-json\/wp\/v2\/product\/9120","targetHints":{"allow":["GET"]}}],"collection":[{"href":"https:\/\/myeye.ee\/en\/wp-json\/wp\/v2\/product"}],"about":[{"href":"https:\/\/myeye.ee\/en\/wp-json\/wp\/v2\/types\/product"}],"wp:featuredmedia":[{"embeddable":true,"href":"https:\/\/myeye.ee\/en\/wp-json\/wp\/v2\/media\/7873"}],"wp:attachment":[{"href":"https:\/\/myeye.ee\/en\/wp-json\/wp\/v2\/media?parent=9120"}],"wp:term":[{"taxonomy":"product_brand","embeddable":true,"href":"https:\/\/myeye.ee\/en\/wp-json\/wp\/v2\/product_brand?post=9120"},{"taxonomy":"product_cat","embeddable":true,"href":"https:\/\/myeye.ee\/en\/wp-json\/wp\/v2\/product_cat?post=9120"},{"taxonomy":"product_tag","embeddable":true,"href":"https:\/\/myeye.ee\/en\/wp-json\/wp\/v2\/product_tag?post=9120"}],"curies":[{"name":"wp","href":"https:\/\/api.w.org\/{rel}","templated":true}]}}