{"id":9096,"date":"2025-04-23T10:03:44","date_gmt":"2025-04-23T10:03:44","guid":{"rendered":"https:\/\/myeye.ee\/product\/biotrue-oneday-for-presbyopia\/"},"modified":"2025-12-04T20:16:13","modified_gmt":"2025-12-04T20:16:13","slug":"biotrue-oneday-for-presbyopia","status":"publish","type":"product","link":"https:\/\/myeye.ee\/en\/product\/biotrue-oneday-for-presbyopia\/","title":{"rendered":"Biotrue ONEday for Presbyopia"},"content":{"rendered":"<p>Biotrue ONEday for Presbyopia \u2013 daily multifocal lenses for clear vision in three zones<\/p>\n<p>Biotrue ONEday for Presbyopia are modern daily lenses designed to correct presbyopia. These multifocal lenses provide a smooth transition between near, intermediate and far vision \u2013 an ideal choice for those who feel that their arm\u2019s length is no longer enough for reading.<\/p>\n<p>The lenses use 3-Zone Progressive Design\u2122 technology, which ensures sharp and natural vision in all directions. Thanks to this, there is no need to change glasses depending on the viewing distance \u2013 one lens does the whole job.<\/p>\n<p>Biotrue ONEday lenses are made of HyperGel\u2122 material, which mimics the properties of natural tear fluid. This helps maintain moisture and comfort for up to 16 hours. The lenses allow sufficient oxygen to pass through and protect the eyes from UV radiation (class II UV filter).<\/p>\n<p>Since these are daily disposable lenses, there is no need for separate care solutions &#8211; a new and fresh lens every morning, which is perfect for active and fast-paced wearers.<\/p>\n<p>Key features:<br \/>\n\u2013 Daily multifocal lenses<br \/>\n\u2013 For presbyopia correction &#8211; you can see well both near and far<br \/>\n\u2013 3-Zone Progressive Design\u2122 &#8211; smooth transition between viewing distances<br \/>\n\u2013 HyperGel\u2122 material &#8211; moisture-retaining and eye-friendly<br \/>\n\u2013 No maintenance required &#8211; throw away after use<br \/>\n\u2013 UV protection &#8211; class II filter<br \/>\n\u2013 Well suited for age-related vision changes<\/p>\n<p>Biotrue ONEday for Presbyopia helps maintain sharp vision in all situations &#8211; without constantly changing glasses.<\/p>\n","protected":false},"excerpt":{"rendered":"<p>Biotrue ONEday for Presbyopia \u2013 daily multifocal lenses for clear vision in three zones Biotrue ONEday for Presbyopia are modern daily lenses designed to correct presbyopia. These multifocal lenses provide a smooth transition between near, intermediate and far vision \u2013 an ideal choice for those who feel that their arm\u2019s length is no longer enough [&hellip;]<\/p>\n","protected":false},"featured_media":7856,"template":"","meta":{"_acf_changed":false},"product_brand":[279],"product_cat":[324,344,325,330],"product_tag":[],"class_list":{"0":"post-9096","1":"product","2":"type-product","3":"status-publish","4":"has-post-thumbnail","6":"product_brand-bauschlomb","7":"product_cat-contact-lenses","8":"product_cat-daily-contact-lenses","9":"product_cat-multifocal-contact-lenses","10":"product_cat-subscription-order","11":"pa_diameeter-14-2-en","12":"pa_kandmisreziim-paevane-en","13":"pa_kasutusaeg-1-day","14":"pa_kumerus-8-6-en","15":"pa_tootja-bauschlomb-en","17":"first","18":"instock","19":"taxable","20":"shipping-taxable","21":"purchasable","22":"product-type-variable-subscription"},"acf":[],"yoast_head":"<!-- This site is optimized with the Yoast SEO Premium plugin v26.4 (Yoast SEO v27.3) - https:\/\/yoast.com\/product\/yoast-seo-premium-wordpress\/ -->\n<title>Biotrue ONEday for Presbyopia - Myeye<\/title>\n<meta name=\"description\" content=\"Biotrue ONEday for Presbyopia are daily multifocal lenses that provide clear vision for presbyopia. A new lens every day.\" \/>\n<meta name=\"robots\" content=\"index, follow, max-snippet:-1, max-image-preview:large, max-video-preview:-1\" \/>\n<link rel=\"canonical\" href=\"https:\/\/myeye.ee\/en\/product\/biotrue-oneday-for-presbyopia\/\" \/>\n<meta property=\"og:locale\" content=\"en_US\" \/>\n<meta property=\"og:type\" content=\"article\" \/>\n<meta property=\"og:title\" content=\"Biotrue ONEday for Presbyopia\" \/>\n<meta property=\"og:description\" content=\"Biotrue ONEday for Presbyopia are daily multifocal lenses that provide clear vision for presbyopia. A new lens every day.\" \/>\n<meta property=\"og:url\" content=\"https:\/\/myeye.ee\/en\/product\/biotrue-oneday-for-presbyopia\/\" \/>\n<meta property=\"og:site_name\" content=\"Myeye\" \/>\n<meta property=\"article:publisher\" content=\"https:\/\/www.facebook.com\/profile.php?id=61571474589924\" \/>\n<meta property=\"article:modified_time\" content=\"2025-12-04T20:16:13+00:00\" \/>\n<meta property=\"og:image\" content=\"https:\/\/myeye.ee\/wp-content\/uploads\/2025\/04\/bod_pres_30_right.jpeg\" \/>\n\t<meta property=\"og:image:width\" content=\"1002\" \/>\n\t<meta property=\"og:image:height\" content=\"1002\" \/>\n\t<meta property=\"og:image:type\" content=\"image\/jpeg\" \/>\n<meta name=\"twitter:card\" content=\"summary_large_image\" \/>\n<meta name=\"twitter:label1\" content=\"Est. reading time\" \/>\n\t<meta name=\"twitter:data1\" content=\"2 minutes\" \/>\n<script type=\"application\/ld+json\" class=\"yoast-schema-graph\">{\"@context\":\"https:\\\/\\\/schema.org\",\"@graph\":[{\"@type\":\"WebPage\",\"@id\":\"https:\\\/\\\/myeye.ee\\\/en\\\/product\\\/biotrue-oneday-for-presbyopia\\\/\",\"url\":\"https:\\\/\\\/myeye.ee\\\/en\\\/product\\\/biotrue-oneday-for-presbyopia\\\/\",\"name\":\"Biotrue ONEday for Presbyopia - Myeye\",\"isPartOf\":{\"@id\":\"https:\\\/\\\/myeye.ee\\\/#website\"},\"primaryImageOfPage\":{\"@id\":\"https:\\\/\\\/myeye.ee\\\/en\\\/product\\\/biotrue-oneday-for-presbyopia\\\/#primaryimage\"},\"image\":{\"@id\":\"https:\\\/\\\/myeye.ee\\\/en\\\/product\\\/biotrue-oneday-for-presbyopia\\\/#primaryimage\"},\"thumbnailUrl\":\"https:\\\/\\\/myeye.ee\\\/wp-content\\\/uploads\\\/2025\\\/04\\\/bod_pres_30_right.jpeg\",\"datePublished\":\"2025-04-23T10:03:44+00:00\",\"dateModified\":\"2025-12-04T20:16:13+00:00\",\"description\":\"Biotrue ONEday for Presbyopia are daily multifocal lenses that provide clear vision for presbyopia. A new lens every day.\",\"breadcrumb\":{\"@id\":\"https:\\\/\\\/myeye.ee\\\/en\\\/product\\\/biotrue-oneday-for-presbyopia\\\/#breadcrumb\"},\"inLanguage\":\"en-US\",\"potentialAction\":[{\"@type\":\"ReadAction\",\"target\":[\"https:\\\/\\\/myeye.ee\\\/en\\\/product\\\/biotrue-oneday-for-presbyopia\\\/\"]}]},{\"@type\":\"ImageObject\",\"inLanguage\":\"en-US\",\"@id\":\"https:\\\/\\\/myeye.ee\\\/en\\\/product\\\/biotrue-oneday-for-presbyopia\\\/#primaryimage\",\"url\":\"https:\\\/\\\/myeye.ee\\\/wp-content\\\/uploads\\\/2025\\\/04\\\/bod_pres_30_right.jpeg\",\"contentUrl\":\"https:\\\/\\\/myeye.ee\\\/wp-content\\\/uploads\\\/2025\\\/04\\\/bod_pres_30_right.jpeg\",\"width\":1002,\"height\":1002,\"caption\":\"Biotrue ONEday for Presbyopia \u2013 daily multifocal lenses for presbyopia correction\"},{\"@type\":\"BreadcrumbList\",\"@id\":\"https:\\\/\\\/myeye.ee\\\/en\\\/product\\\/biotrue-oneday-for-presbyopia\\\/#breadcrumb\",\"itemListElement\":[{\"@type\":\"ListItem\",\"position\":1,\"name\":\"Home\",\"item\":\"https:\\\/\\\/myeye.ee\\\/en\\\/\"},{\"@type\":\"ListItem\",\"position\":2,\"name\":\"Shop\",\"item\":\"https:\\\/\\\/myeye.ee\\\/pood\\\/\"},{\"@type\":\"ListItem\",\"position\":3,\"name\":\"Biotrue ONEday for Presbyopia\"}]},{\"@type\":\"WebSite\",\"@id\":\"https:\\\/\\\/myeye.ee\\\/#website\",\"url\":\"https:\\\/\\\/myeye.ee\\\/\",\"name\":\"Myeye\",\"description\":\"Pakume professionaalset ja usaldusv\u00e4\u00e4rset teenust, kiiret kohaletoimetamist \u00fcle ning kliendis\u00f5bralikku ostukogemust.\",\"publisher\":{\"@id\":\"https:\\\/\\\/myeye.ee\\\/#organization\"},\"potentialAction\":[{\"@type\":\"SearchAction\",\"target\":{\"@type\":\"EntryPoint\",\"urlTemplate\":\"https:\\\/\\\/myeye.ee\\\/?s={search_term_string}\"},\"query-input\":{\"@type\":\"PropertyValueSpecification\",\"valueRequired\":true,\"valueName\":\"search_term_string\"}}],\"inLanguage\":\"en-US\"},{\"@type\":\"Organization\",\"@id\":\"https:\\\/\\\/myeye.ee\\\/#organization\",\"name\":\"Myeye\",\"url\":\"https:\\\/\\\/myeye.ee\\\/\",\"logo\":{\"@type\":\"ImageObject\",\"inLanguage\":\"en-US\",\"@id\":\"https:\\\/\\\/myeye.ee\\\/#\\\/schema\\\/logo\\\/image\\\/\",\"url\":\"https:\\\/\\\/myeye.ee\\\/wp-content\\\/uploads\\\/2025\\\/06\\\/1.png\",\"contentUrl\":\"https:\\\/\\\/myeye.ee\\\/wp-content\\\/uploads\\\/2025\\\/06\\\/1.png\",\"width\":1563,\"height\":1563,\"caption\":\"Myeye\"},\"image\":{\"@id\":\"https:\\\/\\\/myeye.ee\\\/#\\\/schema\\\/logo\\\/image\\\/\"},\"sameAs\":[\"https:\\\/\\\/www.facebook.com\\\/profile.php?id=61571474589924\"]}]}<\/script>\n<!-- \/ Yoast SEO Premium plugin. -->","yoast_head_json":{"title":"Biotrue ONEday for Presbyopia - Myeye","description":"Biotrue ONEday for Presbyopia are daily multifocal lenses that provide clear vision for presbyopia. A new lens every day.","robots":{"index":"index","follow":"follow","max-snippet":"max-snippet:-1","max-image-preview":"max-image-preview:large","max-video-preview":"max-video-preview:-1"},"canonical":"https:\/\/myeye.ee\/en\/product\/biotrue-oneday-for-presbyopia\/","og_locale":"en_US","og_type":"article","og_title":"Biotrue ONEday for Presbyopia","og_description":"Biotrue ONEday for Presbyopia are daily multifocal lenses that provide clear vision for presbyopia. A new lens every day.","og_url":"https:\/\/myeye.ee\/en\/product\/biotrue-oneday-for-presbyopia\/","og_site_name":"Myeye","article_publisher":"https:\/\/www.facebook.com\/profile.php?id=61571474589924","article_modified_time":"2025-12-04T20:16:13+00:00","og_image":[{"width":1002,"height":1002,"url":"https:\/\/myeye.ee\/wp-content\/uploads\/2025\/04\/bod_pres_30_right.jpeg","type":"image\/jpeg"}],"twitter_card":"summary_large_image","twitter_misc":{"Est. reading time":"2 minutes"},"schema":{"@context":"https:\/\/schema.org","@graph":[{"@type":"WebPage","@id":"https:\/\/myeye.ee\/en\/product\/biotrue-oneday-for-presbyopia\/","url":"https:\/\/myeye.ee\/en\/product\/biotrue-oneday-for-presbyopia\/","name":"Biotrue ONEday for Presbyopia - Myeye","isPartOf":{"@id":"https:\/\/myeye.ee\/#website"},"primaryImageOfPage":{"@id":"https:\/\/myeye.ee\/en\/product\/biotrue-oneday-for-presbyopia\/#primaryimage"},"image":{"@id":"https:\/\/myeye.ee\/en\/product\/biotrue-oneday-for-presbyopia\/#primaryimage"},"thumbnailUrl":"https:\/\/myeye.ee\/wp-content\/uploads\/2025\/04\/bod_pres_30_right.jpeg","datePublished":"2025-04-23T10:03:44+00:00","dateModified":"2025-12-04T20:16:13+00:00","description":"Biotrue ONEday for Presbyopia are daily multifocal lenses that provide clear vision for presbyopia. A new lens every day.","breadcrumb":{"@id":"https:\/\/myeye.ee\/en\/product\/biotrue-oneday-for-presbyopia\/#breadcrumb"},"inLanguage":"en-US","potentialAction":[{"@type":"ReadAction","target":["https:\/\/myeye.ee\/en\/product\/biotrue-oneday-for-presbyopia\/"]}]},{"@type":"ImageObject","inLanguage":"en-US","@id":"https:\/\/myeye.ee\/en\/product\/biotrue-oneday-for-presbyopia\/#primaryimage","url":"https:\/\/myeye.ee\/wp-content\/uploads\/2025\/04\/bod_pres_30_right.jpeg","contentUrl":"https:\/\/myeye.ee\/wp-content\/uploads\/2025\/04\/bod_pres_30_right.jpeg","width":1002,"height":1002,"caption":"Biotrue ONEday for Presbyopia \u2013 daily multifocal lenses for presbyopia correction"},{"@type":"BreadcrumbList","@id":"https:\/\/myeye.ee\/en\/product\/biotrue-oneday-for-presbyopia\/#breadcrumb","itemListElement":[{"@type":"ListItem","position":1,"name":"Home","item":"https:\/\/myeye.ee\/en\/"},{"@type":"ListItem","position":2,"name":"Shop","item":"https:\/\/myeye.ee\/pood\/"},{"@type":"ListItem","position":3,"name":"Biotrue ONEday for Presbyopia"}]},{"@type":"WebSite","@id":"https:\/\/myeye.ee\/#website","url":"https:\/\/myeye.ee\/","name":"Myeye","description":"Pakume professionaalset ja usaldusv\u00e4\u00e4rset teenust, kiiret kohaletoimetamist \u00fcle ning kliendis\u00f5bralikku ostukogemust.","publisher":{"@id":"https:\/\/myeye.ee\/#organization"},"potentialAction":[{"@type":"SearchAction","target":{"@type":"EntryPoint","urlTemplate":"https:\/\/myeye.ee\/?s={search_term_string}"},"query-input":{"@type":"PropertyValueSpecification","valueRequired":true,"valueName":"search_term_string"}}],"inLanguage":"en-US"},{"@type":"Organization","@id":"https:\/\/myeye.ee\/#organization","name":"Myeye","url":"https:\/\/myeye.ee\/","logo":{"@type":"ImageObject","inLanguage":"en-US","@id":"https:\/\/myeye.ee\/#\/schema\/logo\/image\/","url":"https:\/\/myeye.ee\/wp-content\/uploads\/2025\/06\/1.png","contentUrl":"https:\/\/myeye.ee\/wp-content\/uploads\/2025\/06\/1.png","width":1563,"height":1563,"caption":"Myeye"},"image":{"@id":"https:\/\/myeye.ee\/#\/schema\/logo\/image\/"},"sameAs":["https:\/\/www.facebook.com\/profile.php?id=61571474589924"]}]}},"_links":{"self":[{"href":"https:\/\/myeye.ee\/en\/wp-json\/wp\/v2\/product\/9096","targetHints":{"allow":["GET"]}}],"collection":[{"href":"https:\/\/myeye.ee\/en\/wp-json\/wp\/v2\/product"}],"about":[{"href":"https:\/\/myeye.ee\/en\/wp-json\/wp\/v2\/types\/product"}],"wp:featuredmedia":[{"embeddable":true,"href":"https:\/\/myeye.ee\/en\/wp-json\/wp\/v2\/media\/7856"}],"wp:attachment":[{"href":"https:\/\/myeye.ee\/en\/wp-json\/wp\/v2\/media?parent=9096"}],"wp:term":[{"taxonomy":"product_brand","embeddable":true,"href":"https:\/\/myeye.ee\/en\/wp-json\/wp\/v2\/product_brand?post=9096"},{"taxonomy":"product_cat","embeddable":true,"href":"https:\/\/myeye.ee\/en\/wp-json\/wp\/v2\/product_cat?post=9096"},{"taxonomy":"product_tag","embeddable":true,"href":"https:\/\/myeye.ee\/en\/wp-json\/wp\/v2\/product_tag?post=9096"}],"curies":[{"name":"wp","href":"https:\/\/api.w.org\/{rel}","templated":true}]}}