{"id":9080,"date":"2025-04-23T10:37:22","date_gmt":"2025-04-23T10:37:22","guid":{"rendered":"https:\/\/myeye.ee\/product\/purevision-2-6pcs\/"},"modified":"2025-12-04T20:08:28","modified_gmt":"2025-12-04T20:08:28","slug":"purevision-2-6pcs","status":"publish","type":"product","link":"https:\/\/myeye.ee\/en\/product\/purevision-2-6pcs\/","title":{"rendered":"PureVision 2 6pcs"},"content":{"rendered":"<p>PureVision 2 \u2013 monthly lenses for sharp and stable vision<\/p>\n<p>PureVision 2 are contact lenses designed to provide clear and contrast-rich vision throughout the day. These monthly lenses are suitable for the wearer who wants a balance between comfort, breathability and visual acuity.<\/p>\n<p>The lenses are made of silicone hydrogel and equipped with High Definition Optics\u2122 technology, which helps reduce glare and blurring, especially in dim or artificial light. This makes PureVision 2 lenses also suitable for those who spend a lot of time at the computer or driving in the dark.<\/p>\n<p>PureVision 2 lenses are very thin, yet easy to handle. They remain stable in the eye and provide good oxygen access, helping to keep the eyes clear and fresh. Suitable for daily daytime wear for up to 30 days, if they are removed and cared for every night.<\/p>\n<p>Key features:<br \/>\n\u2013 Monthly lenses \u2013 suitable for daily wear<br \/>\n\u2013 Contact lenses that provide good visual acuity and contrast<br \/>\n\u2013 High Definition Optics\u2122 \u2013 clearer vision even in dim light<br \/>\n\u2013 Silicone hydrogel \u2013 good oxygen permeability and moisture sensation<br \/>\n\u2013 Thin but stable design<br \/>\n\u2013 Suitable for sensitive eyes<\/p>\n<p>PureVision 2 lenses are a reliable choice for wearers who value sharp vision and wearing comfort for one month.<\/p>\n","protected":false},"excerpt":{"rendered":"<p>PureVision 2 \u2013 monthly lenses for sharp and stable vision PureVision 2 are contact lenses designed to provide clear and contrast-rich vision throughout the day. These monthly lenses are suitable for the wearer who wants a balance between comfort, breathability and visual acuity. The lenses are made of silicone hydrogel and equipped with High Definition [&hellip;]<\/p>\n","protected":false},"featured_media":7860,"template":"","meta":{"_acf_changed":false},"product_brand":[279],"product_cat":[324,326,329,330],"product_tag":[],"class_list":{"0":"post-9080","1":"product","2":"type-product","3":"status-publish","4":"has-post-thumbnail","6":"product_brand-bauschlomb","7":"product_cat-contact-lenses","8":"product_cat-monthly-contact-lenses","9":"product_cat-regular-contact-lenses","10":"product_cat-subscription-order","11":"pa_diameeter-14-0-en","12":"pa_kandmisreziim-24-7","13":"pa_kasutusaeg-1-kuu-en","14":"pa_kumerus-8-6-en","15":"pa_tootja-bauschlomb-en","17":"first","18":"instock","19":"taxable","20":"shipping-taxable","21":"purchasable","22":"product-type-variable-subscription"},"acf":[],"yoast_head":"<!-- This site is optimized with the Yoast SEO Premium plugin v26.4 (Yoast SEO v27.3) - https:\/\/yoast.com\/product\/yoast-seo-premium-wordpress\/ -->\n<title>PureVision 2 6pcs - Myeye<\/title>\n<meta name=\"description\" content=\"PureVision 2 are monthly lenses that provide sharp vision and comfort. Contact lenses that are suitable for daily wear for up to 30 days.\" \/>\n<meta name=\"robots\" content=\"index, follow, max-snippet:-1, max-image-preview:large, max-video-preview:-1\" \/>\n<link rel=\"canonical\" href=\"https:\/\/myeye.ee\/en\/product\/purevision-2-6pcs\/\" \/>\n<meta property=\"og:locale\" content=\"en_US\" \/>\n<meta property=\"og:type\" content=\"article\" \/>\n<meta property=\"og:title\" content=\"PureVision 2 6pcs\" \/>\n<meta property=\"og:description\" content=\"PureVision 2 are monthly lenses that provide sharp vision and comfort. Contact lenses that are suitable for daily wear for up to 30 days.\" \/>\n<meta property=\"og:url\" content=\"https:\/\/myeye.ee\/en\/product\/purevision-2-6pcs\/\" \/>\n<meta property=\"og:site_name\" content=\"Myeye\" \/>\n<meta property=\"article:publisher\" content=\"https:\/\/www.facebook.com\/profile.php?id=61571474589924\" \/>\n<meta property=\"article:modified_time\" content=\"2025-12-04T20:08:28+00:00\" \/>\n<meta property=\"og:image\" content=\"https:\/\/myeye.ee\/wp-content\/uploads\/2025\/04\/pv2_svs_6pk_right.jpeg\" \/>\n\t<meta property=\"og:image:width\" content=\"1002\" \/>\n\t<meta property=\"og:image:height\" content=\"1002\" \/>\n\t<meta property=\"og:image:type\" content=\"image\/jpeg\" \/>\n<meta name=\"twitter:card\" content=\"summary_large_image\" \/>\n<meta name=\"twitter:label1\" content=\"Est. reading time\" \/>\n\t<meta name=\"twitter:data1\" content=\"2 minutes\" \/>\n<script type=\"application\/ld+json\" class=\"yoast-schema-graph\">{\"@context\":\"https:\\\/\\\/schema.org\",\"@graph\":[{\"@type\":\"WebPage\",\"@id\":\"https:\\\/\\\/myeye.ee\\\/en\\\/product\\\/purevision-2-6pcs\\\/\",\"url\":\"https:\\\/\\\/myeye.ee\\\/en\\\/product\\\/purevision-2-6pcs\\\/\",\"name\":\"PureVision 2 6pcs - Myeye\",\"isPartOf\":{\"@id\":\"https:\\\/\\\/myeye.ee\\\/#website\"},\"primaryImageOfPage\":{\"@id\":\"https:\\\/\\\/myeye.ee\\\/en\\\/product\\\/purevision-2-6pcs\\\/#primaryimage\"},\"image\":{\"@id\":\"https:\\\/\\\/myeye.ee\\\/en\\\/product\\\/purevision-2-6pcs\\\/#primaryimage\"},\"thumbnailUrl\":\"https:\\\/\\\/myeye.ee\\\/wp-content\\\/uploads\\\/2025\\\/04\\\/pv2_svs_6pk_right.jpeg\",\"datePublished\":\"2025-04-23T10:37:22+00:00\",\"dateModified\":\"2025-12-04T20:08:28+00:00\",\"description\":\"PureVision 2 are monthly lenses that provide sharp vision and comfort. Contact lenses that are suitable for daily wear for up to 30 days.\",\"breadcrumb\":{\"@id\":\"https:\\\/\\\/myeye.ee\\\/en\\\/product\\\/purevision-2-6pcs\\\/#breadcrumb\"},\"inLanguage\":\"en-US\",\"potentialAction\":[{\"@type\":\"ReadAction\",\"target\":[\"https:\\\/\\\/myeye.ee\\\/en\\\/product\\\/purevision-2-6pcs\\\/\"]}]},{\"@type\":\"ImageObject\",\"inLanguage\":\"en-US\",\"@id\":\"https:\\\/\\\/myeye.ee\\\/en\\\/product\\\/purevision-2-6pcs\\\/#primaryimage\",\"url\":\"https:\\\/\\\/myeye.ee\\\/wp-content\\\/uploads\\\/2025\\\/04\\\/pv2_svs_6pk_right.jpeg\",\"contentUrl\":\"https:\\\/\\\/myeye.ee\\\/wp-content\\\/uploads\\\/2025\\\/04\\\/pv2_svs_6pk_right.jpeg\",\"width\":1002,\"height\":1002,\"caption\":\"PureVision 2 contact lenses \u2013 for daily wear\"},{\"@type\":\"BreadcrumbList\",\"@id\":\"https:\\\/\\\/myeye.ee\\\/en\\\/product\\\/purevision-2-6pcs\\\/#breadcrumb\",\"itemListElement\":[{\"@type\":\"ListItem\",\"position\":1,\"name\":\"Home\",\"item\":\"https:\\\/\\\/myeye.ee\\\/en\\\/\"},{\"@type\":\"ListItem\",\"position\":2,\"name\":\"Shop\",\"item\":\"https:\\\/\\\/myeye.ee\\\/pood\\\/\"},{\"@type\":\"ListItem\",\"position\":3,\"name\":\"PureVision 2 6pcs\"}]},{\"@type\":\"WebSite\",\"@id\":\"https:\\\/\\\/myeye.ee\\\/#website\",\"url\":\"https:\\\/\\\/myeye.ee\\\/\",\"name\":\"Myeye\",\"description\":\"Pakume professionaalset ja usaldusv\u00e4\u00e4rset teenust, kiiret kohaletoimetamist \u00fcle ning kliendis\u00f5bralikku ostukogemust.\",\"publisher\":{\"@id\":\"https:\\\/\\\/myeye.ee\\\/#organization\"},\"potentialAction\":[{\"@type\":\"SearchAction\",\"target\":{\"@type\":\"EntryPoint\",\"urlTemplate\":\"https:\\\/\\\/myeye.ee\\\/?s={search_term_string}\"},\"query-input\":{\"@type\":\"PropertyValueSpecification\",\"valueRequired\":true,\"valueName\":\"search_term_string\"}}],\"inLanguage\":\"en-US\"},{\"@type\":\"Organization\",\"@id\":\"https:\\\/\\\/myeye.ee\\\/#organization\",\"name\":\"Myeye\",\"url\":\"https:\\\/\\\/myeye.ee\\\/\",\"logo\":{\"@type\":\"ImageObject\",\"inLanguage\":\"en-US\",\"@id\":\"https:\\\/\\\/myeye.ee\\\/#\\\/schema\\\/logo\\\/image\\\/\",\"url\":\"https:\\\/\\\/myeye.ee\\\/wp-content\\\/uploads\\\/2025\\\/06\\\/1.png\",\"contentUrl\":\"https:\\\/\\\/myeye.ee\\\/wp-content\\\/uploads\\\/2025\\\/06\\\/1.png\",\"width\":1563,\"height\":1563,\"caption\":\"Myeye\"},\"image\":{\"@id\":\"https:\\\/\\\/myeye.ee\\\/#\\\/schema\\\/logo\\\/image\\\/\"},\"sameAs\":[\"https:\\\/\\\/www.facebook.com\\\/profile.php?id=61571474589924\"]}]}<\/script>\n<!-- \/ Yoast SEO Premium plugin. -->","yoast_head_json":{"title":"PureVision 2 6pcs - Myeye","description":"PureVision 2 are monthly lenses that provide sharp vision and comfort. Contact lenses that are suitable for daily wear for up to 30 days.","robots":{"index":"index","follow":"follow","max-snippet":"max-snippet:-1","max-image-preview":"max-image-preview:large","max-video-preview":"max-video-preview:-1"},"canonical":"https:\/\/myeye.ee\/en\/product\/purevision-2-6pcs\/","og_locale":"en_US","og_type":"article","og_title":"PureVision 2 6pcs","og_description":"PureVision 2 are monthly lenses that provide sharp vision and comfort. Contact lenses that are suitable for daily wear for up to 30 days.","og_url":"https:\/\/myeye.ee\/en\/product\/purevision-2-6pcs\/","og_site_name":"Myeye","article_publisher":"https:\/\/www.facebook.com\/profile.php?id=61571474589924","article_modified_time":"2025-12-04T20:08:28+00:00","og_image":[{"width":1002,"height":1002,"url":"https:\/\/myeye.ee\/wp-content\/uploads\/2025\/04\/pv2_svs_6pk_right.jpeg","type":"image\/jpeg"}],"twitter_card":"summary_large_image","twitter_misc":{"Est. reading time":"2 minutes"},"schema":{"@context":"https:\/\/schema.org","@graph":[{"@type":"WebPage","@id":"https:\/\/myeye.ee\/en\/product\/purevision-2-6pcs\/","url":"https:\/\/myeye.ee\/en\/product\/purevision-2-6pcs\/","name":"PureVision 2 6pcs - Myeye","isPartOf":{"@id":"https:\/\/myeye.ee\/#website"},"primaryImageOfPage":{"@id":"https:\/\/myeye.ee\/en\/product\/purevision-2-6pcs\/#primaryimage"},"image":{"@id":"https:\/\/myeye.ee\/en\/product\/purevision-2-6pcs\/#primaryimage"},"thumbnailUrl":"https:\/\/myeye.ee\/wp-content\/uploads\/2025\/04\/pv2_svs_6pk_right.jpeg","datePublished":"2025-04-23T10:37:22+00:00","dateModified":"2025-12-04T20:08:28+00:00","description":"PureVision 2 are monthly lenses that provide sharp vision and comfort. Contact lenses that are suitable for daily wear for up to 30 days.","breadcrumb":{"@id":"https:\/\/myeye.ee\/en\/product\/purevision-2-6pcs\/#breadcrumb"},"inLanguage":"en-US","potentialAction":[{"@type":"ReadAction","target":["https:\/\/myeye.ee\/en\/product\/purevision-2-6pcs\/"]}]},{"@type":"ImageObject","inLanguage":"en-US","@id":"https:\/\/myeye.ee\/en\/product\/purevision-2-6pcs\/#primaryimage","url":"https:\/\/myeye.ee\/wp-content\/uploads\/2025\/04\/pv2_svs_6pk_right.jpeg","contentUrl":"https:\/\/myeye.ee\/wp-content\/uploads\/2025\/04\/pv2_svs_6pk_right.jpeg","width":1002,"height":1002,"caption":"PureVision 2 contact lenses \u2013 for daily wear"},{"@type":"BreadcrumbList","@id":"https:\/\/myeye.ee\/en\/product\/purevision-2-6pcs\/#breadcrumb","itemListElement":[{"@type":"ListItem","position":1,"name":"Home","item":"https:\/\/myeye.ee\/en\/"},{"@type":"ListItem","position":2,"name":"Shop","item":"https:\/\/myeye.ee\/pood\/"},{"@type":"ListItem","position":3,"name":"PureVision 2 6pcs"}]},{"@type":"WebSite","@id":"https:\/\/myeye.ee\/#website","url":"https:\/\/myeye.ee\/","name":"Myeye","description":"Pakume professionaalset ja usaldusv\u00e4\u00e4rset teenust, kiiret kohaletoimetamist \u00fcle ning kliendis\u00f5bralikku ostukogemust.","publisher":{"@id":"https:\/\/myeye.ee\/#organization"},"potentialAction":[{"@type":"SearchAction","target":{"@type":"EntryPoint","urlTemplate":"https:\/\/myeye.ee\/?s={search_term_string}"},"query-input":{"@type":"PropertyValueSpecification","valueRequired":true,"valueName":"search_term_string"}}],"inLanguage":"en-US"},{"@type":"Organization","@id":"https:\/\/myeye.ee\/#organization","name":"Myeye","url":"https:\/\/myeye.ee\/","logo":{"@type":"ImageObject","inLanguage":"en-US","@id":"https:\/\/myeye.ee\/#\/schema\/logo\/image\/","url":"https:\/\/myeye.ee\/wp-content\/uploads\/2025\/06\/1.png","contentUrl":"https:\/\/myeye.ee\/wp-content\/uploads\/2025\/06\/1.png","width":1563,"height":1563,"caption":"Myeye"},"image":{"@id":"https:\/\/myeye.ee\/#\/schema\/logo\/image\/"},"sameAs":["https:\/\/www.facebook.com\/profile.php?id=61571474589924"]}]}},"_links":{"self":[{"href":"https:\/\/myeye.ee\/en\/wp-json\/wp\/v2\/product\/9080","targetHints":{"allow":["GET"]}}],"collection":[{"href":"https:\/\/myeye.ee\/en\/wp-json\/wp\/v2\/product"}],"about":[{"href":"https:\/\/myeye.ee\/en\/wp-json\/wp\/v2\/types\/product"}],"wp:featuredmedia":[{"embeddable":true,"href":"https:\/\/myeye.ee\/en\/wp-json\/wp\/v2\/media\/7860"}],"wp:attachment":[{"href":"https:\/\/myeye.ee\/en\/wp-json\/wp\/v2\/media?parent=9080"}],"wp:term":[{"taxonomy":"product_brand","embeddable":true,"href":"https:\/\/myeye.ee\/en\/wp-json\/wp\/v2\/product_brand?post=9080"},{"taxonomy":"product_cat","embeddable":true,"href":"https:\/\/myeye.ee\/en\/wp-json\/wp\/v2\/product_cat?post=9080"},{"taxonomy":"product_tag","embeddable":true,"href":"https:\/\/myeye.ee\/en\/wp-json\/wp\/v2\/product_tag?post=9080"}],"curies":[{"name":"wp","href":"https:\/\/api.w.org\/{rel}","templated":true}]}}