{"id":9076,"date":"2025-04-23T10:42:11","date_gmt":"2025-04-23T10:42:11","guid":{"rendered":"https:\/\/myeye.ee\/product\/soflens-59\/"},"modified":"2025-12-04T20:06:47","modified_gmt":"2025-12-04T20:06:47","slug":"soflens-59","status":"publish","type":"product","link":"https:\/\/myeye.ee\/en\/product\/soflens-59\/","title":{"rendered":"SofLens 59"},"content":{"rendered":"<p>SofLens 59 \u2013 reliable monthly lenses for daily wear<\/p>\n<p>SofLens 59 are popular monthly lenses that provide the wearer with clear vision and comfort for a whole month. These monthly contact lenses are well suited for daily use for both first-time and experienced lens wearers.<\/p>\n<p>The lenses are made of hilafilcon B material, which has a high water content (59%) \u2013 this helps to maintain eye moisture and reduce the feeling of dryness. SofLens 59 lenses allow the eyes to breathe and remain comfortable in the eyes even during long days.<\/p>\n<p>Thanks to their even surface and easy handling, these lenses are also well suited for those who are just starting to wear contact lenses. SofLens 59 lenses are intended for daily wear and should be carefully cleaned every night and stored in a special care solution. With proper care, one pair will last up to 30 days.<\/p>\n<p>Key features:<br \/>\n\u2013 Monthly lenses \u2013 suitable for daily wear<br \/>\n\u2013 Monthly contact lenses that provide all-day comfort<br \/>\n\u2013 Hilafilcon B material \u2013 high water content and good oxygen access<br \/>\n\u2013 Comfortable and stable fit in the eye<br \/>\n\u2013 Easy to insert and remove<br \/>\n\u2013 Requires daily care<br \/>\n\u2013 A good choice for sensitive eyes<\/p>\n<p>SofLens 59 is an affordable and practical solution for those who want a reliable and comfortable contact lens experience for one month.<\/p>\n","protected":false},"excerpt":{"rendered":"<p>SofLens 59 \u2013 reliable monthly lenses for daily wear SofLens 59 are popular monthly lenses that provide the wearer with clear vision and comfort for a whole month. These monthly contact lenses are well suited for daily use for both first-time and experienced lens wearers. The lenses are made of hilafilcon B material, which has [&hellip;]<\/p>\n","protected":false},"featured_media":7866,"template":"","meta":{"_acf_changed":false},"product_brand":[279],"product_cat":[324,326,329,330],"product_tag":[],"class_list":{"0":"post-9076","1":"product","2":"type-product","3":"status-publish","4":"has-post-thumbnail","6":"product_brand-bauschlomb","7":"product_cat-contact-lenses","8":"product_cat-monthly-contact-lenses","9":"product_cat-regular-contact-lenses","10":"product_cat-subscription-order","11":"pa_diameeter-14-2-en","12":"pa_kandmisreziim-paevane-en","13":"pa_kasutusaeg-1-kuu-en","14":"pa_kumerus-8-6-en","15":"pa_tootja-bauschlomb-en","17":"first","18":"instock","19":"taxable","20":"shipping-taxable","21":"purchasable","22":"product-type-variable-subscription"},"acf":[],"yoast_head":"<!-- This site is optimized with the Yoast SEO Premium plugin v26.4 (Yoast SEO v27.3) - https:\/\/yoast.com\/product\/yoast-seo-premium-wordpress\/ -->\n<title>SofLens 59 - Myeye<\/title>\n<meta name=\"description\" content=\"SofLens 59 are monthly lenses that provide clear vision and comfort for a full month. Monthly contact lenses for daily use.\" \/>\n<meta name=\"robots\" content=\"index, follow, max-snippet:-1, max-image-preview:large, max-video-preview:-1\" \/>\n<link rel=\"canonical\" href=\"https:\/\/myeye.ee\/en\/product\/soflens-59\/\" \/>\n<meta property=\"og:locale\" content=\"en_US\" \/>\n<meta property=\"og:type\" content=\"article\" \/>\n<meta property=\"og:title\" content=\"SofLens 59\" \/>\n<meta property=\"og:description\" content=\"SofLens 59 are monthly lenses that provide clear vision and comfort for a full month. Monthly contact lenses for daily use.\" \/>\n<meta property=\"og:url\" content=\"https:\/\/myeye.ee\/en\/product\/soflens-59\/\" \/>\n<meta property=\"og:site_name\" content=\"Myeye\" \/>\n<meta property=\"article:publisher\" content=\"https:\/\/www.facebook.com\/profile.php?id=61571474589924\" \/>\n<meta property=\"article:modified_time\" content=\"2025-12-04T20:06:47+00:00\" \/>\n<meta property=\"og:image\" content=\"https:\/\/myeye.ee\/wp-content\/uploads\/2025\/04\/soflens59_right.jpeg\" \/>\n\t<meta property=\"og:image:width\" content=\"1002\" \/>\n\t<meta property=\"og:image:height\" content=\"1002\" \/>\n\t<meta property=\"og:image:type\" content=\"image\/jpeg\" \/>\n<meta name=\"twitter:card\" content=\"summary_large_image\" \/>\n<meta name=\"twitter:label1\" content=\"Est. reading time\" \/>\n\t<meta name=\"twitter:data1\" content=\"2 minutes\" \/>\n<script type=\"application\/ld+json\" class=\"yoast-schema-graph\">{\"@context\":\"https:\\\/\\\/schema.org\",\"@graph\":[{\"@type\":\"WebPage\",\"@id\":\"https:\\\/\\\/myeye.ee\\\/en\\\/product\\\/soflens-59\\\/\",\"url\":\"https:\\\/\\\/myeye.ee\\\/en\\\/product\\\/soflens-59\\\/\",\"name\":\"SofLens 59 - Myeye\",\"isPartOf\":{\"@id\":\"https:\\\/\\\/myeye.ee\\\/#website\"},\"primaryImageOfPage\":{\"@id\":\"https:\\\/\\\/myeye.ee\\\/en\\\/product\\\/soflens-59\\\/#primaryimage\"},\"image\":{\"@id\":\"https:\\\/\\\/myeye.ee\\\/en\\\/product\\\/soflens-59\\\/#primaryimage\"},\"thumbnailUrl\":\"https:\\\/\\\/myeye.ee\\\/wp-content\\\/uploads\\\/2025\\\/04\\\/soflens59_right.jpeg\",\"datePublished\":\"2025-04-23T10:42:11+00:00\",\"dateModified\":\"2025-12-04T20:06:47+00:00\",\"description\":\"SofLens 59 are monthly lenses that provide clear vision and comfort for a full month. Monthly contact lenses for daily use.\",\"breadcrumb\":{\"@id\":\"https:\\\/\\\/myeye.ee\\\/en\\\/product\\\/soflens-59\\\/#breadcrumb\"},\"inLanguage\":\"en-US\",\"potentialAction\":[{\"@type\":\"ReadAction\",\"target\":[\"https:\\\/\\\/myeye.ee\\\/en\\\/product\\\/soflens-59\\\/\"]}]},{\"@type\":\"ImageObject\",\"inLanguage\":\"en-US\",\"@id\":\"https:\\\/\\\/myeye.ee\\\/en\\\/product\\\/soflens-59\\\/#primaryimage\",\"url\":\"https:\\\/\\\/myeye.ee\\\/wp-content\\\/uploads\\\/2025\\\/04\\\/soflens59_right.jpeg\",\"contentUrl\":\"https:\\\/\\\/myeye.ee\\\/wp-content\\\/uploads\\\/2025\\\/04\\\/soflens59_right.jpeg\",\"width\":1002,\"height\":1002,\"caption\":\"SofLens 59 \u2013 contact lenses with one-month wear time\"},{\"@type\":\"BreadcrumbList\",\"@id\":\"https:\\\/\\\/myeye.ee\\\/en\\\/product\\\/soflens-59\\\/#breadcrumb\",\"itemListElement\":[{\"@type\":\"ListItem\",\"position\":1,\"name\":\"Home\",\"item\":\"https:\\\/\\\/myeye.ee\\\/en\\\/\"},{\"@type\":\"ListItem\",\"position\":2,\"name\":\"Shop\",\"item\":\"https:\\\/\\\/myeye.ee\\\/pood\\\/\"},{\"@type\":\"ListItem\",\"position\":3,\"name\":\"SofLens 59\"}]},{\"@type\":\"WebSite\",\"@id\":\"https:\\\/\\\/myeye.ee\\\/#website\",\"url\":\"https:\\\/\\\/myeye.ee\\\/\",\"name\":\"Myeye\",\"description\":\"Pakume professionaalset ja usaldusv\u00e4\u00e4rset teenust, kiiret kohaletoimetamist \u00fcle ning kliendis\u00f5bralikku ostukogemust.\",\"publisher\":{\"@id\":\"https:\\\/\\\/myeye.ee\\\/#organization\"},\"potentialAction\":[{\"@type\":\"SearchAction\",\"target\":{\"@type\":\"EntryPoint\",\"urlTemplate\":\"https:\\\/\\\/myeye.ee\\\/?s={search_term_string}\"},\"query-input\":{\"@type\":\"PropertyValueSpecification\",\"valueRequired\":true,\"valueName\":\"search_term_string\"}}],\"inLanguage\":\"en-US\"},{\"@type\":\"Organization\",\"@id\":\"https:\\\/\\\/myeye.ee\\\/#organization\",\"name\":\"Myeye\",\"url\":\"https:\\\/\\\/myeye.ee\\\/\",\"logo\":{\"@type\":\"ImageObject\",\"inLanguage\":\"en-US\",\"@id\":\"https:\\\/\\\/myeye.ee\\\/#\\\/schema\\\/logo\\\/image\\\/\",\"url\":\"https:\\\/\\\/myeye.ee\\\/wp-content\\\/uploads\\\/2025\\\/06\\\/1.png\",\"contentUrl\":\"https:\\\/\\\/myeye.ee\\\/wp-content\\\/uploads\\\/2025\\\/06\\\/1.png\",\"width\":1563,\"height\":1563,\"caption\":\"Myeye\"},\"image\":{\"@id\":\"https:\\\/\\\/myeye.ee\\\/#\\\/schema\\\/logo\\\/image\\\/\"},\"sameAs\":[\"https:\\\/\\\/www.facebook.com\\\/profile.php?id=61571474589924\"]}]}<\/script>\n<!-- \/ Yoast SEO Premium plugin. -->","yoast_head_json":{"title":"SofLens 59 - Myeye","description":"SofLens 59 are monthly lenses that provide clear vision and comfort for a full month. Monthly contact lenses for daily use.","robots":{"index":"index","follow":"follow","max-snippet":"max-snippet:-1","max-image-preview":"max-image-preview:large","max-video-preview":"max-video-preview:-1"},"canonical":"https:\/\/myeye.ee\/en\/product\/soflens-59\/","og_locale":"en_US","og_type":"article","og_title":"SofLens 59","og_description":"SofLens 59 are monthly lenses that provide clear vision and comfort for a full month. Monthly contact lenses for daily use.","og_url":"https:\/\/myeye.ee\/en\/product\/soflens-59\/","og_site_name":"Myeye","article_publisher":"https:\/\/www.facebook.com\/profile.php?id=61571474589924","article_modified_time":"2025-12-04T20:06:47+00:00","og_image":[{"width":1002,"height":1002,"url":"https:\/\/myeye.ee\/wp-content\/uploads\/2025\/04\/soflens59_right.jpeg","type":"image\/jpeg"}],"twitter_card":"summary_large_image","twitter_misc":{"Est. reading time":"2 minutes"},"schema":{"@context":"https:\/\/schema.org","@graph":[{"@type":"WebPage","@id":"https:\/\/myeye.ee\/en\/product\/soflens-59\/","url":"https:\/\/myeye.ee\/en\/product\/soflens-59\/","name":"SofLens 59 - Myeye","isPartOf":{"@id":"https:\/\/myeye.ee\/#website"},"primaryImageOfPage":{"@id":"https:\/\/myeye.ee\/en\/product\/soflens-59\/#primaryimage"},"image":{"@id":"https:\/\/myeye.ee\/en\/product\/soflens-59\/#primaryimage"},"thumbnailUrl":"https:\/\/myeye.ee\/wp-content\/uploads\/2025\/04\/soflens59_right.jpeg","datePublished":"2025-04-23T10:42:11+00:00","dateModified":"2025-12-04T20:06:47+00:00","description":"SofLens 59 are monthly lenses that provide clear vision and comfort for a full month. Monthly contact lenses for daily use.","breadcrumb":{"@id":"https:\/\/myeye.ee\/en\/product\/soflens-59\/#breadcrumb"},"inLanguage":"en-US","potentialAction":[{"@type":"ReadAction","target":["https:\/\/myeye.ee\/en\/product\/soflens-59\/"]}]},{"@type":"ImageObject","inLanguage":"en-US","@id":"https:\/\/myeye.ee\/en\/product\/soflens-59\/#primaryimage","url":"https:\/\/myeye.ee\/wp-content\/uploads\/2025\/04\/soflens59_right.jpeg","contentUrl":"https:\/\/myeye.ee\/wp-content\/uploads\/2025\/04\/soflens59_right.jpeg","width":1002,"height":1002,"caption":"SofLens 59 \u2013 contact lenses with one-month wear time"},{"@type":"BreadcrumbList","@id":"https:\/\/myeye.ee\/en\/product\/soflens-59\/#breadcrumb","itemListElement":[{"@type":"ListItem","position":1,"name":"Home","item":"https:\/\/myeye.ee\/en\/"},{"@type":"ListItem","position":2,"name":"Shop","item":"https:\/\/myeye.ee\/pood\/"},{"@type":"ListItem","position":3,"name":"SofLens 59"}]},{"@type":"WebSite","@id":"https:\/\/myeye.ee\/#website","url":"https:\/\/myeye.ee\/","name":"Myeye","description":"Pakume professionaalset ja usaldusv\u00e4\u00e4rset teenust, kiiret kohaletoimetamist \u00fcle ning kliendis\u00f5bralikku ostukogemust.","publisher":{"@id":"https:\/\/myeye.ee\/#organization"},"potentialAction":[{"@type":"SearchAction","target":{"@type":"EntryPoint","urlTemplate":"https:\/\/myeye.ee\/?s={search_term_string}"},"query-input":{"@type":"PropertyValueSpecification","valueRequired":true,"valueName":"search_term_string"}}],"inLanguage":"en-US"},{"@type":"Organization","@id":"https:\/\/myeye.ee\/#organization","name":"Myeye","url":"https:\/\/myeye.ee\/","logo":{"@type":"ImageObject","inLanguage":"en-US","@id":"https:\/\/myeye.ee\/#\/schema\/logo\/image\/","url":"https:\/\/myeye.ee\/wp-content\/uploads\/2025\/06\/1.png","contentUrl":"https:\/\/myeye.ee\/wp-content\/uploads\/2025\/06\/1.png","width":1563,"height":1563,"caption":"Myeye"},"image":{"@id":"https:\/\/myeye.ee\/#\/schema\/logo\/image\/"},"sameAs":["https:\/\/www.facebook.com\/profile.php?id=61571474589924"]}]}},"_links":{"self":[{"href":"https:\/\/myeye.ee\/en\/wp-json\/wp\/v2\/product\/9076","targetHints":{"allow":["GET"]}}],"collection":[{"href":"https:\/\/myeye.ee\/en\/wp-json\/wp\/v2\/product"}],"about":[{"href":"https:\/\/myeye.ee\/en\/wp-json\/wp\/v2\/types\/product"}],"wp:featuredmedia":[{"embeddable":true,"href":"https:\/\/myeye.ee\/en\/wp-json\/wp\/v2\/media\/7866"}],"wp:attachment":[{"href":"https:\/\/myeye.ee\/en\/wp-json\/wp\/v2\/media?parent=9076"}],"wp:term":[{"taxonomy":"product_brand","embeddable":true,"href":"https:\/\/myeye.ee\/en\/wp-json\/wp\/v2\/product_brand?post=9076"},{"taxonomy":"product_cat","embeddable":true,"href":"https:\/\/myeye.ee\/en\/wp-json\/wp\/v2\/product_cat?post=9076"},{"taxonomy":"product_tag","embeddable":true,"href":"https:\/\/myeye.ee\/en\/wp-json\/wp\/v2\/product_tag?post=9076"}],"curies":[{"name":"wp","href":"https:\/\/api.w.org\/{rel}","templated":true}]}}