{"id":9072,"date":"2025-04-23T10:46:37","date_gmt":"2025-04-23T10:46:37","guid":{"rendered":"https:\/\/myeye.ee\/product\/soflens-38\/"},"modified":"2025-12-04T20:05:13","modified_gmt":"2025-12-04T20:05:13","slug":"soflens-38","status":"publish","type":"product","link":"https:\/\/myeye.ee\/en\/product\/soflens-38\/","title":{"rendered":"SofLens 38"},"content":{"rendered":"<p>SofLens 38 \u2013 reliable monthly lenses for daily wear<\/p>\n<p>SofLens 38 are classic contact lenses that are suitable for daily wear for up to one month. These monthly lenses offer good visual acuity, wearing comfort and are also suitable for more sensitive eyes.<\/p>\n<p>The lenses are made of polymacon material, which ensures sufficient moisture and suitable oxygen permeability for regular daily wear. In addition, the lens has an aspheric optical design that helps improve visual acuity, especially in dim light or low-contrast situations.<\/p>\n<p>SofLens 38 lenses are thin and easy to handle, suitable for both experienced and novice wearers. They should be removed every night and cleaned using a suitable lens care solution. With proper care, the lenses will last up to 30 days.<\/p>\n<p>Key features:<br \/>\n\u2013 Monthly lenses \u2013 suitable for daily wear<br \/>\n\u2013 Classic contact lenses for clear vision<br \/>\n\u2013 Polymacon material \u2013 moisture-retaining and eye-friendly<br \/>\n\u2013 Aspheric optics \u2013 better contrast vision<br \/>\n\u2013 Easy to handle \u2013 also suitable for first-time wearers<br \/>\n\u2013 Need daily care and cleaning<br \/>\n\u2013 Lasts up to 30 days (for daily wear)<\/p>\n<p>SofLens 38 lenses are a good choice for those looking for affordable but functional contact lenses for daily use.<\/p>\n","protected":false},"excerpt":{"rendered":"<p>SofLens 38 \u2013 reliable monthly lenses for daily wear SofLens 38 are classic contact lenses that are suitable for daily wear for up to one month. These monthly lenses offer good visual acuity, wearing comfort and are also suitable for more sensitive eyes. The lenses are made of polymacon material, which ensures sufficient moisture and [&hellip;]<\/p>\n","protected":false},"featured_media":7865,"template":"","meta":{"_acf_changed":false},"product_brand":[279],"product_cat":[324,326,329,330],"product_tag":[],"class_list":{"0":"post-9072","1":"product","2":"type-product","3":"status-publish","4":"has-post-thumbnail","6":"product_brand-bauschlomb","7":"product_cat-contact-lenses","8":"product_cat-monthly-contact-lenses","9":"product_cat-regular-contact-lenses","10":"product_cat-subscription-order","11":"pa_diameeter-14-0-en","12":"pa_kandmisreziim-paevane-en","13":"pa_kasutusaeg-1-kuu-en","14":"pa_kumerus-8-4-en","15":"pa_kumerus-8-7-en","16":"pa_kumerus-9-0-en","17":"pa_tootja-bauschlomb-en","19":"first","20":"instock","21":"taxable","22":"shipping-taxable","23":"purchasable","24":"product-type-variable-subscription"},"acf":[],"yoast_head":"<!-- This site is optimized with the Yoast SEO Premium plugin v26.4 (Yoast SEO v27.3) - https:\/\/yoast.com\/product\/yoast-seo-premium-wordpress\/ -->\n<title>SofLens 38 - Myeye<\/title>\n<meta name=\"description\" content=\"SofLens 38 are monthly lenses that provide clear vision and comfort all day long. Classic contact lenses for daily wear.\" \/>\n<meta name=\"robots\" content=\"index, follow, max-snippet:-1, max-image-preview:large, max-video-preview:-1\" \/>\n<link rel=\"canonical\" href=\"https:\/\/myeye.ee\/en\/product\/soflens-38\/\" \/>\n<meta property=\"og:locale\" content=\"en_US\" \/>\n<meta property=\"og:type\" content=\"article\" \/>\n<meta property=\"og:title\" content=\"SofLens 38\" \/>\n<meta property=\"og:description\" content=\"SofLens 38 are monthly lenses that provide clear vision and comfort all day long. Classic contact lenses for daily wear.\" \/>\n<meta property=\"og:url\" content=\"https:\/\/myeye.ee\/en\/product\/soflens-38\/\" \/>\n<meta property=\"og:site_name\" content=\"Myeye\" \/>\n<meta property=\"article:publisher\" content=\"https:\/\/www.facebook.com\/profile.php?id=61571474589924\" \/>\n<meta property=\"article:modified_time\" content=\"2025-12-04T20:05:13+00:00\" \/>\n<meta property=\"og:image\" content=\"https:\/\/myeye.ee\/wp-content\/uploads\/2025\/04\/soflens38_6_right.jpeg\" \/>\n\t<meta property=\"og:image:width\" content=\"1002\" \/>\n\t<meta property=\"og:image:height\" content=\"1002\" \/>\n\t<meta property=\"og:image:type\" content=\"image\/jpeg\" \/>\n<meta name=\"twitter:card\" content=\"summary_large_image\" \/>\n<meta name=\"twitter:label1\" content=\"Est. reading time\" \/>\n\t<meta name=\"twitter:data1\" content=\"2 minutes\" \/>\n<script type=\"application\/ld+json\" class=\"yoast-schema-graph\">{\"@context\":\"https:\\\/\\\/schema.org\",\"@graph\":[{\"@type\":\"WebPage\",\"@id\":\"https:\\\/\\\/myeye.ee\\\/en\\\/product\\\/soflens-38\\\/\",\"url\":\"https:\\\/\\\/myeye.ee\\\/en\\\/product\\\/soflens-38\\\/\",\"name\":\"SofLens 38 - Myeye\",\"isPartOf\":{\"@id\":\"https:\\\/\\\/myeye.ee\\\/#website\"},\"primaryImageOfPage\":{\"@id\":\"https:\\\/\\\/myeye.ee\\\/en\\\/product\\\/soflens-38\\\/#primaryimage\"},\"image\":{\"@id\":\"https:\\\/\\\/myeye.ee\\\/en\\\/product\\\/soflens-38\\\/#primaryimage\"},\"thumbnailUrl\":\"https:\\\/\\\/myeye.ee\\\/wp-content\\\/uploads\\\/2025\\\/04\\\/soflens38_6_right.jpeg\",\"datePublished\":\"2025-04-23T10:46:37+00:00\",\"dateModified\":\"2025-12-04T20:05:13+00:00\",\"description\":\"SofLens 38 are monthly lenses that provide clear vision and comfort all day long. Classic contact lenses for daily wear.\",\"breadcrumb\":{\"@id\":\"https:\\\/\\\/myeye.ee\\\/en\\\/product\\\/soflens-38\\\/#breadcrumb\"},\"inLanguage\":\"en-US\",\"potentialAction\":[{\"@type\":\"ReadAction\",\"target\":[\"https:\\\/\\\/myeye.ee\\\/en\\\/product\\\/soflens-38\\\/\"]}]},{\"@type\":\"ImageObject\",\"inLanguage\":\"en-US\",\"@id\":\"https:\\\/\\\/myeye.ee\\\/en\\\/product\\\/soflens-38\\\/#primaryimage\",\"url\":\"https:\\\/\\\/myeye.ee\\\/wp-content\\\/uploads\\\/2025\\\/04\\\/soflens38_6_right.jpeg\",\"contentUrl\":\"https:\\\/\\\/myeye.ee\\\/wp-content\\\/uploads\\\/2025\\\/04\\\/soflens38_6_right.jpeg\",\"width\":1002,\"height\":1002,\"caption\":\"Monthly lenses SofLens 38 \u2013 a simple and convenient everyday solution\"},{\"@type\":\"BreadcrumbList\",\"@id\":\"https:\\\/\\\/myeye.ee\\\/en\\\/product\\\/soflens-38\\\/#breadcrumb\",\"itemListElement\":[{\"@type\":\"ListItem\",\"position\":1,\"name\":\"Home\",\"item\":\"https:\\\/\\\/myeye.ee\\\/en\\\/\"},{\"@type\":\"ListItem\",\"position\":2,\"name\":\"Shop\",\"item\":\"https:\\\/\\\/myeye.ee\\\/pood\\\/\"},{\"@type\":\"ListItem\",\"position\":3,\"name\":\"SofLens 38\"}]},{\"@type\":\"WebSite\",\"@id\":\"https:\\\/\\\/myeye.ee\\\/#website\",\"url\":\"https:\\\/\\\/myeye.ee\\\/\",\"name\":\"Myeye\",\"description\":\"Pakume professionaalset ja usaldusv\u00e4\u00e4rset teenust, kiiret kohaletoimetamist \u00fcle ning kliendis\u00f5bralikku ostukogemust.\",\"publisher\":{\"@id\":\"https:\\\/\\\/myeye.ee\\\/#organization\"},\"potentialAction\":[{\"@type\":\"SearchAction\",\"target\":{\"@type\":\"EntryPoint\",\"urlTemplate\":\"https:\\\/\\\/myeye.ee\\\/?s={search_term_string}\"},\"query-input\":{\"@type\":\"PropertyValueSpecification\",\"valueRequired\":true,\"valueName\":\"search_term_string\"}}],\"inLanguage\":\"en-US\"},{\"@type\":\"Organization\",\"@id\":\"https:\\\/\\\/myeye.ee\\\/#organization\",\"name\":\"Myeye\",\"url\":\"https:\\\/\\\/myeye.ee\\\/\",\"logo\":{\"@type\":\"ImageObject\",\"inLanguage\":\"en-US\",\"@id\":\"https:\\\/\\\/myeye.ee\\\/#\\\/schema\\\/logo\\\/image\\\/\",\"url\":\"https:\\\/\\\/myeye.ee\\\/wp-content\\\/uploads\\\/2025\\\/06\\\/1.png\",\"contentUrl\":\"https:\\\/\\\/myeye.ee\\\/wp-content\\\/uploads\\\/2025\\\/06\\\/1.png\",\"width\":1563,\"height\":1563,\"caption\":\"Myeye\"},\"image\":{\"@id\":\"https:\\\/\\\/myeye.ee\\\/#\\\/schema\\\/logo\\\/image\\\/\"},\"sameAs\":[\"https:\\\/\\\/www.facebook.com\\\/profile.php?id=61571474589924\"]}]}<\/script>\n<!-- \/ Yoast SEO Premium plugin. -->","yoast_head_json":{"title":"SofLens 38 - Myeye","description":"SofLens 38 are monthly lenses that provide clear vision and comfort all day long. Classic contact lenses for daily wear.","robots":{"index":"index","follow":"follow","max-snippet":"max-snippet:-1","max-image-preview":"max-image-preview:large","max-video-preview":"max-video-preview:-1"},"canonical":"https:\/\/myeye.ee\/en\/product\/soflens-38\/","og_locale":"en_US","og_type":"article","og_title":"SofLens 38","og_description":"SofLens 38 are monthly lenses that provide clear vision and comfort all day long. Classic contact lenses for daily wear.","og_url":"https:\/\/myeye.ee\/en\/product\/soflens-38\/","og_site_name":"Myeye","article_publisher":"https:\/\/www.facebook.com\/profile.php?id=61571474589924","article_modified_time":"2025-12-04T20:05:13+00:00","og_image":[{"width":1002,"height":1002,"url":"https:\/\/myeye.ee\/wp-content\/uploads\/2025\/04\/soflens38_6_right.jpeg","type":"image\/jpeg"}],"twitter_card":"summary_large_image","twitter_misc":{"Est. reading time":"2 minutes"},"schema":{"@context":"https:\/\/schema.org","@graph":[{"@type":"WebPage","@id":"https:\/\/myeye.ee\/en\/product\/soflens-38\/","url":"https:\/\/myeye.ee\/en\/product\/soflens-38\/","name":"SofLens 38 - Myeye","isPartOf":{"@id":"https:\/\/myeye.ee\/#website"},"primaryImageOfPage":{"@id":"https:\/\/myeye.ee\/en\/product\/soflens-38\/#primaryimage"},"image":{"@id":"https:\/\/myeye.ee\/en\/product\/soflens-38\/#primaryimage"},"thumbnailUrl":"https:\/\/myeye.ee\/wp-content\/uploads\/2025\/04\/soflens38_6_right.jpeg","datePublished":"2025-04-23T10:46:37+00:00","dateModified":"2025-12-04T20:05:13+00:00","description":"SofLens 38 are monthly lenses that provide clear vision and comfort all day long. Classic contact lenses for daily wear.","breadcrumb":{"@id":"https:\/\/myeye.ee\/en\/product\/soflens-38\/#breadcrumb"},"inLanguage":"en-US","potentialAction":[{"@type":"ReadAction","target":["https:\/\/myeye.ee\/en\/product\/soflens-38\/"]}]},{"@type":"ImageObject","inLanguage":"en-US","@id":"https:\/\/myeye.ee\/en\/product\/soflens-38\/#primaryimage","url":"https:\/\/myeye.ee\/wp-content\/uploads\/2025\/04\/soflens38_6_right.jpeg","contentUrl":"https:\/\/myeye.ee\/wp-content\/uploads\/2025\/04\/soflens38_6_right.jpeg","width":1002,"height":1002,"caption":"Monthly lenses SofLens 38 \u2013 a simple and convenient everyday solution"},{"@type":"BreadcrumbList","@id":"https:\/\/myeye.ee\/en\/product\/soflens-38\/#breadcrumb","itemListElement":[{"@type":"ListItem","position":1,"name":"Home","item":"https:\/\/myeye.ee\/en\/"},{"@type":"ListItem","position":2,"name":"Shop","item":"https:\/\/myeye.ee\/pood\/"},{"@type":"ListItem","position":3,"name":"SofLens 38"}]},{"@type":"WebSite","@id":"https:\/\/myeye.ee\/#website","url":"https:\/\/myeye.ee\/","name":"Myeye","description":"Pakume professionaalset ja usaldusv\u00e4\u00e4rset teenust, kiiret kohaletoimetamist \u00fcle ning kliendis\u00f5bralikku ostukogemust.","publisher":{"@id":"https:\/\/myeye.ee\/#organization"},"potentialAction":[{"@type":"SearchAction","target":{"@type":"EntryPoint","urlTemplate":"https:\/\/myeye.ee\/?s={search_term_string}"},"query-input":{"@type":"PropertyValueSpecification","valueRequired":true,"valueName":"search_term_string"}}],"inLanguage":"en-US"},{"@type":"Organization","@id":"https:\/\/myeye.ee\/#organization","name":"Myeye","url":"https:\/\/myeye.ee\/","logo":{"@type":"ImageObject","inLanguage":"en-US","@id":"https:\/\/myeye.ee\/#\/schema\/logo\/image\/","url":"https:\/\/myeye.ee\/wp-content\/uploads\/2025\/06\/1.png","contentUrl":"https:\/\/myeye.ee\/wp-content\/uploads\/2025\/06\/1.png","width":1563,"height":1563,"caption":"Myeye"},"image":{"@id":"https:\/\/myeye.ee\/#\/schema\/logo\/image\/"},"sameAs":["https:\/\/www.facebook.com\/profile.php?id=61571474589924"]}]}},"_links":{"self":[{"href":"https:\/\/myeye.ee\/en\/wp-json\/wp\/v2\/product\/9072","targetHints":{"allow":["GET"]}}],"collection":[{"href":"https:\/\/myeye.ee\/en\/wp-json\/wp\/v2\/product"}],"about":[{"href":"https:\/\/myeye.ee\/en\/wp-json\/wp\/v2\/types\/product"}],"wp:featuredmedia":[{"embeddable":true,"href":"https:\/\/myeye.ee\/en\/wp-json\/wp\/v2\/media\/7865"}],"wp:attachment":[{"href":"https:\/\/myeye.ee\/en\/wp-json\/wp\/v2\/media?parent=9072"}],"wp:term":[{"taxonomy":"product_brand","embeddable":true,"href":"https:\/\/myeye.ee\/en\/wp-json\/wp\/v2\/product_brand?post=9072"},{"taxonomy":"product_cat","embeddable":true,"href":"https:\/\/myeye.ee\/en\/wp-json\/wp\/v2\/product_cat?post=9072"},{"taxonomy":"product_tag","embeddable":true,"href":"https:\/\/myeye.ee\/en\/wp-json\/wp\/v2\/product_tag?post=9072"}],"curies":[{"name":"wp","href":"https:\/\/api.w.org\/{rel}","templated":true}]}}