{"id":9044,"date":"2025-04-23T11:30:13","date_gmt":"2025-04-23T11:30:13","guid":{"rendered":"https:\/\/myeye.ee\/product\/ultra-for-presbyopia-3pcs\/"},"modified":"2025-12-04T19:51:10","modified_gmt":"2025-12-04T19:51:10","slug":"ultra-for-presbyopia-3pcs","status":"publish","type":"product","link":"https:\/\/myeye.ee\/en\/product\/ultra-for-presbyopia-3pcs\/","title":{"rendered":"Ultra for Presbyopia 3pcs"},"content":{"rendered":"<p>Ultra for Presbyopia \u2013 multifocal monthly lenses for sharp vision at all distances<\/p>\n<p>Ultra for Presbyopia are multifocal lenses designed to correct vision in presbyopia. These six-month lenses provide smooth and sharp vision for near, intermediate and far vision.<\/p>\n<p>The lenses use 3-Zone Progressive Design\u2122 technology, which helps the eyes focus quickly and naturally at different distances. Thanks to this, Ultra multifocal lenses are well suited for everyday wear \u2013 whether reading, working on a screen or driving.<\/p>\n<p>Made of silicone hydrogel, these lenses provide excellent oxygen permeability and comfort throughout the entire wearing period. MoistureSeal\u2122 technology helps retain moisture for up to 16 hours a day, reducing dryness and eye fatigue.<\/p>\n<p>Ultra for Presbyopia is designed for daily wear for a month, which means that they need to be cared for every night and stored in a lens case. Regular cleaning helps keep your vision clear and your lenses comfortable throughout the month.<\/p>\n<p>Key features:<br \/>\n\u2013 Multifocal lenses for presbyopia correction<br \/>\n\u2013 Monthly lenses \u2013 up to 30 days of use with one pair<br \/>\n\u2013 3-Zone Progressive Design\u2122 \u2013 sharp vision in any situation<br \/>\n\u2013 MoistureSeal\u2122 \u2013 moisture-retaining technology<br \/>\n\u2013 Silicone hydrogel \u2013 breathable and soft material<br \/>\n\u2013 Multifocal solution for daily wear<br \/>\n\u2013 Requires daily care<\/p>\n<p>Ultra for Presbyopia is a practical choice if you need reliable and comfortable multifocal lenses throughout the month.<\/p>\n","protected":false},"excerpt":{"rendered":"<p>Ultra for Presbyopia \u2013 multifocal monthly lenses for sharp vision at all distances Ultra for Presbyopia are multifocal lenses designed to correct vision in presbyopia. These six-month lenses provide smooth and sharp vision for near, intermediate and far vision. The lenses use 3-Zone Progressive Design\u2122 technology, which helps the eyes focus quickly and naturally at [&hellip;]<\/p>\n","protected":false},"featured_media":7871,"template":"","meta":{"_acf_changed":false},"product_brand":[279],"product_cat":[324,326,325,330],"product_tag":[],"class_list":{"0":"post-9044","1":"product","2":"type-product","3":"status-publish","4":"has-post-thumbnail","6":"product_brand-bauschlomb","7":"product_cat-contact-lenses","8":"product_cat-monthly-contact-lenses","9":"product_cat-multifocal-contact-lenses","10":"product_cat-subscription-order","11":"pa_diameeter-14-2-en","12":"pa_kandmisreziim-paevane-en","13":"pa_kasutusaeg-1-kuu-en","14":"pa_kumerus-8-5-en","15":"pa_tootja-bauschlomb-en","17":"first","18":"instock","19":"taxable","20":"shipping-taxable","21":"purchasable","22":"product-type-variable-subscription"},"acf":[],"yoast_head":"<!-- This site is optimized with the Yoast SEO Premium plugin v26.4 (Yoast SEO v27.3) - https:\/\/yoast.com\/product\/yoast-seo-premium-wordpress\/ -->\n<title>Ultra for Presbyopia 3pcs - Myeye<\/title>\n<meta name=\"description\" content=\"Ultra for Presbyopia are multifocal monthly lenses suitable for the correction of presbyopia. Comfortable and multifocal vision at any distance.\" \/>\n<meta name=\"robots\" content=\"index, follow, max-snippet:-1, max-image-preview:large, max-video-preview:-1\" \/>\n<link rel=\"canonical\" href=\"https:\/\/myeye.ee\/en\/product\/ultra-for-presbyopia-3pcs\/\" \/>\n<meta property=\"og:locale\" content=\"en_US\" \/>\n<meta property=\"og:type\" content=\"article\" \/>\n<meta property=\"og:title\" content=\"Ultra for Presbyopia 3pcs\" \/>\n<meta property=\"og:description\" content=\"Ultra for Presbyopia are multifocal monthly lenses suitable for the correction of presbyopia. Comfortable and multifocal vision at any distance.\" \/>\n<meta property=\"og:url\" content=\"https:\/\/myeye.ee\/en\/product\/ultra-for-presbyopia-3pcs\/\" \/>\n<meta property=\"og:site_name\" content=\"Myeye\" \/>\n<meta property=\"article:publisher\" content=\"https:\/\/www.facebook.com\/profile.php?id=61571474589924\" \/>\n<meta property=\"article:modified_time\" content=\"2025-12-04T19:51:10+00:00\" \/>\n<meta property=\"og:image\" content=\"https:\/\/myeye.ee\/wp-content\/uploads\/2025\/04\/ultra_fp_3pk_right.jpeg\" \/>\n\t<meta property=\"og:image:width\" content=\"1002\" \/>\n\t<meta property=\"og:image:height\" content=\"1002\" \/>\n\t<meta property=\"og:image:type\" content=\"image\/jpeg\" \/>\n<meta name=\"twitter:card\" content=\"summary_large_image\" \/>\n<meta name=\"twitter:label1\" content=\"Est. reading time\" \/>\n\t<meta name=\"twitter:data1\" content=\"2 minutes\" \/>\n<script type=\"application\/ld+json\" class=\"yoast-schema-graph\">{\"@context\":\"https:\\\/\\\/schema.org\",\"@graph\":[{\"@type\":\"WebPage\",\"@id\":\"https:\\\/\\\/myeye.ee\\\/en\\\/product\\\/ultra-for-presbyopia-3pcs\\\/\",\"url\":\"https:\\\/\\\/myeye.ee\\\/en\\\/product\\\/ultra-for-presbyopia-3pcs\\\/\",\"name\":\"Ultra for Presbyopia 3pcs - Myeye\",\"isPartOf\":{\"@id\":\"https:\\\/\\\/myeye.ee\\\/#website\"},\"primaryImageOfPage\":{\"@id\":\"https:\\\/\\\/myeye.ee\\\/en\\\/product\\\/ultra-for-presbyopia-3pcs\\\/#primaryimage\"},\"image\":{\"@id\":\"https:\\\/\\\/myeye.ee\\\/en\\\/product\\\/ultra-for-presbyopia-3pcs\\\/#primaryimage\"},\"thumbnailUrl\":\"https:\\\/\\\/myeye.ee\\\/wp-content\\\/uploads\\\/2025\\\/04\\\/ultra_fp_3pk_right.jpeg\",\"datePublished\":\"2025-04-23T11:30:13+00:00\",\"dateModified\":\"2025-12-04T19:51:10+00:00\",\"description\":\"Ultra for Presbyopia are multifocal monthly lenses suitable for the correction of presbyopia. Comfortable and multifocal vision at any distance.\",\"breadcrumb\":{\"@id\":\"https:\\\/\\\/myeye.ee\\\/en\\\/product\\\/ultra-for-presbyopia-3pcs\\\/#breadcrumb\"},\"inLanguage\":\"en-US\",\"potentialAction\":[{\"@type\":\"ReadAction\",\"target\":[\"https:\\\/\\\/myeye.ee\\\/en\\\/product\\\/ultra-for-presbyopia-3pcs\\\/\"]}]},{\"@type\":\"ImageObject\",\"inLanguage\":\"en-US\",\"@id\":\"https:\\\/\\\/myeye.ee\\\/en\\\/product\\\/ultra-for-presbyopia-3pcs\\\/#primaryimage\",\"url\":\"https:\\\/\\\/myeye.ee\\\/wp-content\\\/uploads\\\/2025\\\/04\\\/ultra_fp_3pk_right.jpeg\",\"contentUrl\":\"https:\\\/\\\/myeye.ee\\\/wp-content\\\/uploads\\\/2025\\\/04\\\/ultra_fp_3pk_right.jpeg\",\"width\":1002,\"height\":1002,\"caption\":\"Ultra for Presbyopia \u2013 multifocal six-lens lenses for clear vision in presbyopia\"},{\"@type\":\"BreadcrumbList\",\"@id\":\"https:\\\/\\\/myeye.ee\\\/en\\\/product\\\/ultra-for-presbyopia-3pcs\\\/#breadcrumb\",\"itemListElement\":[{\"@type\":\"ListItem\",\"position\":1,\"name\":\"Home\",\"item\":\"https:\\\/\\\/myeye.ee\\\/en\\\/\"},{\"@type\":\"ListItem\",\"position\":2,\"name\":\"Shop\",\"item\":\"https:\\\/\\\/myeye.ee\\\/pood\\\/\"},{\"@type\":\"ListItem\",\"position\":3,\"name\":\"Ultra for Presbyopia 3pcs\"}]},{\"@type\":\"WebSite\",\"@id\":\"https:\\\/\\\/myeye.ee\\\/#website\",\"url\":\"https:\\\/\\\/myeye.ee\\\/\",\"name\":\"Myeye\",\"description\":\"Pakume professionaalset ja usaldusv\u00e4\u00e4rset teenust, kiiret kohaletoimetamist \u00fcle ning kliendis\u00f5bralikku ostukogemust.\",\"publisher\":{\"@id\":\"https:\\\/\\\/myeye.ee\\\/#organization\"},\"potentialAction\":[{\"@type\":\"SearchAction\",\"target\":{\"@type\":\"EntryPoint\",\"urlTemplate\":\"https:\\\/\\\/myeye.ee\\\/?s={search_term_string}\"},\"query-input\":{\"@type\":\"PropertyValueSpecification\",\"valueRequired\":true,\"valueName\":\"search_term_string\"}}],\"inLanguage\":\"en-US\"},{\"@type\":\"Organization\",\"@id\":\"https:\\\/\\\/myeye.ee\\\/#organization\",\"name\":\"Myeye\",\"url\":\"https:\\\/\\\/myeye.ee\\\/\",\"logo\":{\"@type\":\"ImageObject\",\"inLanguage\":\"en-US\",\"@id\":\"https:\\\/\\\/myeye.ee\\\/#\\\/schema\\\/logo\\\/image\\\/\",\"url\":\"https:\\\/\\\/myeye.ee\\\/wp-content\\\/uploads\\\/2025\\\/06\\\/1.png\",\"contentUrl\":\"https:\\\/\\\/myeye.ee\\\/wp-content\\\/uploads\\\/2025\\\/06\\\/1.png\",\"width\":1563,\"height\":1563,\"caption\":\"Myeye\"},\"image\":{\"@id\":\"https:\\\/\\\/myeye.ee\\\/#\\\/schema\\\/logo\\\/image\\\/\"},\"sameAs\":[\"https:\\\/\\\/www.facebook.com\\\/profile.php?id=61571474589924\"]}]}<\/script>\n<!-- \/ Yoast SEO Premium plugin. -->","yoast_head_json":{"title":"Ultra for Presbyopia 3pcs - Myeye","description":"Ultra for Presbyopia are multifocal monthly lenses suitable for the correction of presbyopia. Comfortable and multifocal vision at any distance.","robots":{"index":"index","follow":"follow","max-snippet":"max-snippet:-1","max-image-preview":"max-image-preview:large","max-video-preview":"max-video-preview:-1"},"canonical":"https:\/\/myeye.ee\/en\/product\/ultra-for-presbyopia-3pcs\/","og_locale":"en_US","og_type":"article","og_title":"Ultra for Presbyopia 3pcs","og_description":"Ultra for Presbyopia are multifocal monthly lenses suitable for the correction of presbyopia. Comfortable and multifocal vision at any distance.","og_url":"https:\/\/myeye.ee\/en\/product\/ultra-for-presbyopia-3pcs\/","og_site_name":"Myeye","article_publisher":"https:\/\/www.facebook.com\/profile.php?id=61571474589924","article_modified_time":"2025-12-04T19:51:10+00:00","og_image":[{"width":1002,"height":1002,"url":"https:\/\/myeye.ee\/wp-content\/uploads\/2025\/04\/ultra_fp_3pk_right.jpeg","type":"image\/jpeg"}],"twitter_card":"summary_large_image","twitter_misc":{"Est. reading time":"2 minutes"},"schema":{"@context":"https:\/\/schema.org","@graph":[{"@type":"WebPage","@id":"https:\/\/myeye.ee\/en\/product\/ultra-for-presbyopia-3pcs\/","url":"https:\/\/myeye.ee\/en\/product\/ultra-for-presbyopia-3pcs\/","name":"Ultra for Presbyopia 3pcs - Myeye","isPartOf":{"@id":"https:\/\/myeye.ee\/#website"},"primaryImageOfPage":{"@id":"https:\/\/myeye.ee\/en\/product\/ultra-for-presbyopia-3pcs\/#primaryimage"},"image":{"@id":"https:\/\/myeye.ee\/en\/product\/ultra-for-presbyopia-3pcs\/#primaryimage"},"thumbnailUrl":"https:\/\/myeye.ee\/wp-content\/uploads\/2025\/04\/ultra_fp_3pk_right.jpeg","datePublished":"2025-04-23T11:30:13+00:00","dateModified":"2025-12-04T19:51:10+00:00","description":"Ultra for Presbyopia are multifocal monthly lenses suitable for the correction of presbyopia. Comfortable and multifocal vision at any distance.","breadcrumb":{"@id":"https:\/\/myeye.ee\/en\/product\/ultra-for-presbyopia-3pcs\/#breadcrumb"},"inLanguage":"en-US","potentialAction":[{"@type":"ReadAction","target":["https:\/\/myeye.ee\/en\/product\/ultra-for-presbyopia-3pcs\/"]}]},{"@type":"ImageObject","inLanguage":"en-US","@id":"https:\/\/myeye.ee\/en\/product\/ultra-for-presbyopia-3pcs\/#primaryimage","url":"https:\/\/myeye.ee\/wp-content\/uploads\/2025\/04\/ultra_fp_3pk_right.jpeg","contentUrl":"https:\/\/myeye.ee\/wp-content\/uploads\/2025\/04\/ultra_fp_3pk_right.jpeg","width":1002,"height":1002,"caption":"Ultra for Presbyopia \u2013 multifocal six-lens lenses for clear vision in presbyopia"},{"@type":"BreadcrumbList","@id":"https:\/\/myeye.ee\/en\/product\/ultra-for-presbyopia-3pcs\/#breadcrumb","itemListElement":[{"@type":"ListItem","position":1,"name":"Home","item":"https:\/\/myeye.ee\/en\/"},{"@type":"ListItem","position":2,"name":"Shop","item":"https:\/\/myeye.ee\/pood\/"},{"@type":"ListItem","position":3,"name":"Ultra for Presbyopia 3pcs"}]},{"@type":"WebSite","@id":"https:\/\/myeye.ee\/#website","url":"https:\/\/myeye.ee\/","name":"Myeye","description":"Pakume professionaalset ja usaldusv\u00e4\u00e4rset teenust, kiiret kohaletoimetamist \u00fcle ning kliendis\u00f5bralikku ostukogemust.","publisher":{"@id":"https:\/\/myeye.ee\/#organization"},"potentialAction":[{"@type":"SearchAction","target":{"@type":"EntryPoint","urlTemplate":"https:\/\/myeye.ee\/?s={search_term_string}"},"query-input":{"@type":"PropertyValueSpecification","valueRequired":true,"valueName":"search_term_string"}}],"inLanguage":"en-US"},{"@type":"Organization","@id":"https:\/\/myeye.ee\/#organization","name":"Myeye","url":"https:\/\/myeye.ee\/","logo":{"@type":"ImageObject","inLanguage":"en-US","@id":"https:\/\/myeye.ee\/#\/schema\/logo\/image\/","url":"https:\/\/myeye.ee\/wp-content\/uploads\/2025\/06\/1.png","contentUrl":"https:\/\/myeye.ee\/wp-content\/uploads\/2025\/06\/1.png","width":1563,"height":1563,"caption":"Myeye"},"image":{"@id":"https:\/\/myeye.ee\/#\/schema\/logo\/image\/"},"sameAs":["https:\/\/www.facebook.com\/profile.php?id=61571474589924"]}]}},"_links":{"self":[{"href":"https:\/\/myeye.ee\/en\/wp-json\/wp\/v2\/product\/9044","targetHints":{"allow":["GET"]}}],"collection":[{"href":"https:\/\/myeye.ee\/en\/wp-json\/wp\/v2\/product"}],"about":[{"href":"https:\/\/myeye.ee\/en\/wp-json\/wp\/v2\/types\/product"}],"wp:featuredmedia":[{"embeddable":true,"href":"https:\/\/myeye.ee\/en\/wp-json\/wp\/v2\/media\/7871"}],"wp:attachment":[{"href":"https:\/\/myeye.ee\/en\/wp-json\/wp\/v2\/media?parent=9044"}],"wp:term":[{"taxonomy":"product_brand","embeddable":true,"href":"https:\/\/myeye.ee\/en\/wp-json\/wp\/v2\/product_brand?post=9044"},{"taxonomy":"product_cat","embeddable":true,"href":"https:\/\/myeye.ee\/en\/wp-json\/wp\/v2\/product_cat?post=9044"},{"taxonomy":"product_tag","embeddable":true,"href":"https:\/\/myeye.ee\/en\/wp-json\/wp\/v2\/product_tag?post=9044"}],"curies":[{"name":"wp","href":"https:\/\/api.w.org\/{rel}","templated":true}]}}