{"id":9036,"date":"2025-04-23T11:39:37","date_gmt":"2025-04-23T11:39:37","guid":{"rendered":"https:\/\/myeye.ee\/product\/purevision-2-for-presbyopia-6pcs\/"},"modified":"2025-12-04T19:46:39","modified_gmt":"2025-12-04T19:46:39","slug":"purevision-2-for-presbyopia-6pcs","status":"publish","type":"product","link":"https:\/\/myeye.ee\/en\/product\/purevision-2-for-presbyopia-6pcs\/","title":{"rendered":"PureVision 2 for Presbyopia 6pcs"},"content":{"rendered":"<p>PureVision 2 for Presbyopia \u2013 multifocal contact lenses for age-related vision correction<\/p>\n<p>PureVision 2 for Presbyopia are innovative multifocal contact lenses designed to correct presbyopia. These lenses provide smooth and sharp vision at any distance \u2013 for close reading, medium computer work and long distance driving.<\/p>\n<p>PureVision 2 lenses use 3-Zone Progressive Design\u2122 optics, which helps the eyes quickly adapt to different viewing distances. Thanks to this, vision remains natural and stable even in a fast-paced life.<\/p>\n<p>The lenses are made of silicone hydrogel, which provides excellent oxygen permeability. This helps keep the eyes healthy and clear throughout the entire wearing period. In addition, they are very thin and have a smooth surface, which improves comfort and simplifies handling.<\/p>\n<p>PureVision 2 multifocal lenses are monthly, designed for daily daily wear. With proper care, they last up to 30 days \u2013 the lenses should be removed, cleaned and stored in care solution every night.<\/p>\n<p>Key features:<br \/>\n\u2013 Multifocal contact lenses for presbyopia correction<br \/>\n\u2013 Suitable for near, intermediate and far vision<br \/>\n\u2013 3-Zone Progressive Design\u2122 \u2013 smooth vision in any situation<br \/>\n\u2013 Silicone hydrogel \u2013 breathable and eye-friendly material<br \/>\n\u2013 Very thin and smooth design \u2013 comfortable to wear<br \/>\n\u2013 One-month usage period, for daily wear<br \/>\n\u2013 Need daily care<\/p>\n<p>PureVision 2 for Presbyopia lenses are a solid choice if you want to correct age-related vision changes with one comfortable pair of lenses.<\/p>\n","protected":false},"excerpt":{"rendered":"<p>PureVision 2 for Presbyopia \u2013 multifocal contact lenses for age-related vision correction PureVision 2 for Presbyopia are innovative multifocal contact lenses designed to correct presbyopia. These lenses provide smooth and sharp vision at any distance \u2013 for close reading, medium computer work and long distance driving. PureVision 2 lenses use 3-Zone Progressive Design\u2122 optics, which [&hellip;]<\/p>\n","protected":false},"featured_media":7859,"template":"","meta":{"_acf_changed":false},"product_brand":[279],"product_cat":[324,326,325,330],"product_tag":[],"class_list":{"0":"post-9036","1":"product","2":"type-product","3":"status-publish","4":"has-post-thumbnail","6":"product_brand-bauschlomb","7":"product_cat-contact-lenses","8":"product_cat-monthly-contact-lenses","9":"product_cat-multifocal-contact-lenses","10":"product_cat-subscription-order","11":"pa_diameeter-14-0-en","12":"pa_kandmisreziim-24-7","13":"pa_kasutusaeg-1-kuu-en","14":"pa_kumerus-8-6-en","15":"pa_tootja-bauschlomb-en","17":"first","18":"instock","19":"taxable","20":"shipping-taxable","21":"purchasable","22":"product-type-variable-subscription"},"acf":[],"yoast_head":"<!-- This site is optimized with the Yoast SEO Premium plugin v26.4 (Yoast SEO v27.3) - https:\/\/yoast.com\/product\/yoast-seo-premium-wordpress\/ -->\n<title>PureVision 2 for Presbyopia 6pcs - Myeye<\/title>\n<meta name=\"description\" content=\"PureVision 2 for Presbyopia are multifocal contact lenses that correct presbyopia. Clear vision at any distance for a full month.\" \/>\n<meta name=\"robots\" content=\"index, follow, max-snippet:-1, max-image-preview:large, max-video-preview:-1\" \/>\n<link rel=\"canonical\" href=\"https:\/\/myeye.ee\/en\/product\/purevision-2-for-presbyopia-6pcs\/\" \/>\n<meta property=\"og:locale\" content=\"en_US\" \/>\n<meta property=\"og:type\" content=\"article\" \/>\n<meta property=\"og:title\" content=\"PureVision 2 for Presbyopia 6pcs\" \/>\n<meta property=\"og:description\" content=\"PureVision 2 for Presbyopia are multifocal contact lenses that correct presbyopia. Clear vision at any distance for a full month.\" \/>\n<meta property=\"og:url\" content=\"https:\/\/myeye.ee\/en\/product\/purevision-2-for-presbyopia-6pcs\/\" \/>\n<meta property=\"og:site_name\" content=\"Myeye\" \/>\n<meta property=\"article:publisher\" content=\"https:\/\/www.facebook.com\/profile.php?id=61571474589924\" \/>\n<meta property=\"article:modified_time\" content=\"2025-12-04T19:46:39+00:00\" \/>\n<meta property=\"og:image\" content=\"https:\/\/myeye.ee\/wp-content\/uploads\/2025\/04\/pv2_pres_6pk_right.jpeg\" \/>\n\t<meta property=\"og:image:width\" content=\"1002\" \/>\n\t<meta property=\"og:image:height\" content=\"1002\" \/>\n\t<meta property=\"og:image:type\" content=\"image\/jpeg\" \/>\n<meta name=\"twitter:card\" content=\"summary_large_image\" \/>\n<meta name=\"twitter:label1\" content=\"Est. reading time\" \/>\n\t<meta name=\"twitter:data1\" content=\"2 minutes\" \/>\n<script type=\"application\/ld+json\" class=\"yoast-schema-graph\">{\"@context\":\"https:\\\/\\\/schema.org\",\"@graph\":[{\"@type\":\"WebPage\",\"@id\":\"https:\\\/\\\/myeye.ee\\\/en\\\/product\\\/purevision-2-for-presbyopia-6pcs\\\/\",\"url\":\"https:\\\/\\\/myeye.ee\\\/en\\\/product\\\/purevision-2-for-presbyopia-6pcs\\\/\",\"name\":\"PureVision 2 for Presbyopia 6pcs - Myeye\",\"isPartOf\":{\"@id\":\"https:\\\/\\\/myeye.ee\\\/#website\"},\"primaryImageOfPage\":{\"@id\":\"https:\\\/\\\/myeye.ee\\\/en\\\/product\\\/purevision-2-for-presbyopia-6pcs\\\/#primaryimage\"},\"image\":{\"@id\":\"https:\\\/\\\/myeye.ee\\\/en\\\/product\\\/purevision-2-for-presbyopia-6pcs\\\/#primaryimage\"},\"thumbnailUrl\":\"https:\\\/\\\/myeye.ee\\\/wp-content\\\/uploads\\\/2025\\\/04\\\/pv2_pres_6pk_right.jpeg\",\"datePublished\":\"2025-04-23T11:39:37+00:00\",\"dateModified\":\"2025-12-04T19:46:39+00:00\",\"description\":\"PureVision 2 for Presbyopia are multifocal contact lenses that correct presbyopia. Clear vision at any distance for a full month.\",\"breadcrumb\":{\"@id\":\"https:\\\/\\\/myeye.ee\\\/en\\\/product\\\/purevision-2-for-presbyopia-6pcs\\\/#breadcrumb\"},\"inLanguage\":\"en-US\",\"potentialAction\":[{\"@type\":\"ReadAction\",\"target\":[\"https:\\\/\\\/myeye.ee\\\/en\\\/product\\\/purevision-2-for-presbyopia-6pcs\\\/\"]}]},{\"@type\":\"ImageObject\",\"inLanguage\":\"en-US\",\"@id\":\"https:\\\/\\\/myeye.ee\\\/en\\\/product\\\/purevision-2-for-presbyopia-6pcs\\\/#primaryimage\",\"url\":\"https:\\\/\\\/myeye.ee\\\/wp-content\\\/uploads\\\/2025\\\/04\\\/pv2_pres_6pk_right.jpeg\",\"contentUrl\":\"https:\\\/\\\/myeye.ee\\\/wp-content\\\/uploads\\\/2025\\\/04\\\/pv2_pres_6pk_right.jpeg\",\"width\":1002,\"height\":1002,\"caption\":\"PureVision 2 for Presbyopia \u2013 multifocal contact lenses for presbyopia correction\"},{\"@type\":\"BreadcrumbList\",\"@id\":\"https:\\\/\\\/myeye.ee\\\/en\\\/product\\\/purevision-2-for-presbyopia-6pcs\\\/#breadcrumb\",\"itemListElement\":[{\"@type\":\"ListItem\",\"position\":1,\"name\":\"Home\",\"item\":\"https:\\\/\\\/myeye.ee\\\/en\\\/\"},{\"@type\":\"ListItem\",\"position\":2,\"name\":\"Shop\",\"item\":\"https:\\\/\\\/myeye.ee\\\/pood\\\/\"},{\"@type\":\"ListItem\",\"position\":3,\"name\":\"PureVision 2 for Presbyopia 6pcs\"}]},{\"@type\":\"WebSite\",\"@id\":\"https:\\\/\\\/myeye.ee\\\/#website\",\"url\":\"https:\\\/\\\/myeye.ee\\\/\",\"name\":\"Myeye\",\"description\":\"Pakume professionaalset ja usaldusv\u00e4\u00e4rset teenust, kiiret kohaletoimetamist \u00fcle ning kliendis\u00f5bralikku ostukogemust.\",\"publisher\":{\"@id\":\"https:\\\/\\\/myeye.ee\\\/#organization\"},\"potentialAction\":[{\"@type\":\"SearchAction\",\"target\":{\"@type\":\"EntryPoint\",\"urlTemplate\":\"https:\\\/\\\/myeye.ee\\\/?s={search_term_string}\"},\"query-input\":{\"@type\":\"PropertyValueSpecification\",\"valueRequired\":true,\"valueName\":\"search_term_string\"}}],\"inLanguage\":\"en-US\"},{\"@type\":\"Organization\",\"@id\":\"https:\\\/\\\/myeye.ee\\\/#organization\",\"name\":\"Myeye\",\"url\":\"https:\\\/\\\/myeye.ee\\\/\",\"logo\":{\"@type\":\"ImageObject\",\"inLanguage\":\"en-US\",\"@id\":\"https:\\\/\\\/myeye.ee\\\/#\\\/schema\\\/logo\\\/image\\\/\",\"url\":\"https:\\\/\\\/myeye.ee\\\/wp-content\\\/uploads\\\/2025\\\/06\\\/1.png\",\"contentUrl\":\"https:\\\/\\\/myeye.ee\\\/wp-content\\\/uploads\\\/2025\\\/06\\\/1.png\",\"width\":1563,\"height\":1563,\"caption\":\"Myeye\"},\"image\":{\"@id\":\"https:\\\/\\\/myeye.ee\\\/#\\\/schema\\\/logo\\\/image\\\/\"},\"sameAs\":[\"https:\\\/\\\/www.facebook.com\\\/profile.php?id=61571474589924\"]}]}<\/script>\n<!-- \/ Yoast SEO Premium plugin. -->","yoast_head_json":{"title":"PureVision 2 for Presbyopia 6pcs - Myeye","description":"PureVision 2 for Presbyopia are multifocal contact lenses that correct presbyopia. Clear vision at any distance for a full month.","robots":{"index":"index","follow":"follow","max-snippet":"max-snippet:-1","max-image-preview":"max-image-preview:large","max-video-preview":"max-video-preview:-1"},"canonical":"https:\/\/myeye.ee\/en\/product\/purevision-2-for-presbyopia-6pcs\/","og_locale":"en_US","og_type":"article","og_title":"PureVision 2 for Presbyopia 6pcs","og_description":"PureVision 2 for Presbyopia are multifocal contact lenses that correct presbyopia. Clear vision at any distance for a full month.","og_url":"https:\/\/myeye.ee\/en\/product\/purevision-2-for-presbyopia-6pcs\/","og_site_name":"Myeye","article_publisher":"https:\/\/www.facebook.com\/profile.php?id=61571474589924","article_modified_time":"2025-12-04T19:46:39+00:00","og_image":[{"width":1002,"height":1002,"url":"https:\/\/myeye.ee\/wp-content\/uploads\/2025\/04\/pv2_pres_6pk_right.jpeg","type":"image\/jpeg"}],"twitter_card":"summary_large_image","twitter_misc":{"Est. reading time":"2 minutes"},"schema":{"@context":"https:\/\/schema.org","@graph":[{"@type":"WebPage","@id":"https:\/\/myeye.ee\/en\/product\/purevision-2-for-presbyopia-6pcs\/","url":"https:\/\/myeye.ee\/en\/product\/purevision-2-for-presbyopia-6pcs\/","name":"PureVision 2 for Presbyopia 6pcs - Myeye","isPartOf":{"@id":"https:\/\/myeye.ee\/#website"},"primaryImageOfPage":{"@id":"https:\/\/myeye.ee\/en\/product\/purevision-2-for-presbyopia-6pcs\/#primaryimage"},"image":{"@id":"https:\/\/myeye.ee\/en\/product\/purevision-2-for-presbyopia-6pcs\/#primaryimage"},"thumbnailUrl":"https:\/\/myeye.ee\/wp-content\/uploads\/2025\/04\/pv2_pres_6pk_right.jpeg","datePublished":"2025-04-23T11:39:37+00:00","dateModified":"2025-12-04T19:46:39+00:00","description":"PureVision 2 for Presbyopia are multifocal contact lenses that correct presbyopia. Clear vision at any distance for a full month.","breadcrumb":{"@id":"https:\/\/myeye.ee\/en\/product\/purevision-2-for-presbyopia-6pcs\/#breadcrumb"},"inLanguage":"en-US","potentialAction":[{"@type":"ReadAction","target":["https:\/\/myeye.ee\/en\/product\/purevision-2-for-presbyopia-6pcs\/"]}]},{"@type":"ImageObject","inLanguage":"en-US","@id":"https:\/\/myeye.ee\/en\/product\/purevision-2-for-presbyopia-6pcs\/#primaryimage","url":"https:\/\/myeye.ee\/wp-content\/uploads\/2025\/04\/pv2_pres_6pk_right.jpeg","contentUrl":"https:\/\/myeye.ee\/wp-content\/uploads\/2025\/04\/pv2_pres_6pk_right.jpeg","width":1002,"height":1002,"caption":"PureVision 2 for Presbyopia \u2013 multifocal contact lenses for presbyopia correction"},{"@type":"BreadcrumbList","@id":"https:\/\/myeye.ee\/en\/product\/purevision-2-for-presbyopia-6pcs\/#breadcrumb","itemListElement":[{"@type":"ListItem","position":1,"name":"Home","item":"https:\/\/myeye.ee\/en\/"},{"@type":"ListItem","position":2,"name":"Shop","item":"https:\/\/myeye.ee\/pood\/"},{"@type":"ListItem","position":3,"name":"PureVision 2 for Presbyopia 6pcs"}]},{"@type":"WebSite","@id":"https:\/\/myeye.ee\/#website","url":"https:\/\/myeye.ee\/","name":"Myeye","description":"Pakume professionaalset ja usaldusv\u00e4\u00e4rset teenust, kiiret kohaletoimetamist \u00fcle ning kliendis\u00f5bralikku ostukogemust.","publisher":{"@id":"https:\/\/myeye.ee\/#organization"},"potentialAction":[{"@type":"SearchAction","target":{"@type":"EntryPoint","urlTemplate":"https:\/\/myeye.ee\/?s={search_term_string}"},"query-input":{"@type":"PropertyValueSpecification","valueRequired":true,"valueName":"search_term_string"}}],"inLanguage":"en-US"},{"@type":"Organization","@id":"https:\/\/myeye.ee\/#organization","name":"Myeye","url":"https:\/\/myeye.ee\/","logo":{"@type":"ImageObject","inLanguage":"en-US","@id":"https:\/\/myeye.ee\/#\/schema\/logo\/image\/","url":"https:\/\/myeye.ee\/wp-content\/uploads\/2025\/06\/1.png","contentUrl":"https:\/\/myeye.ee\/wp-content\/uploads\/2025\/06\/1.png","width":1563,"height":1563,"caption":"Myeye"},"image":{"@id":"https:\/\/myeye.ee\/#\/schema\/logo\/image\/"},"sameAs":["https:\/\/www.facebook.com\/profile.php?id=61571474589924"]}]}},"_links":{"self":[{"href":"https:\/\/myeye.ee\/en\/wp-json\/wp\/v2\/product\/9036","targetHints":{"allow":["GET"]}}],"collection":[{"href":"https:\/\/myeye.ee\/en\/wp-json\/wp\/v2\/product"}],"about":[{"href":"https:\/\/myeye.ee\/en\/wp-json\/wp\/v2\/types\/product"}],"wp:featuredmedia":[{"embeddable":true,"href":"https:\/\/myeye.ee\/en\/wp-json\/wp\/v2\/media\/7859"}],"wp:attachment":[{"href":"https:\/\/myeye.ee\/en\/wp-json\/wp\/v2\/media?parent=9036"}],"wp:term":[{"taxonomy":"product_brand","embeddable":true,"href":"https:\/\/myeye.ee\/en\/wp-json\/wp\/v2\/product_brand?post=9036"},{"taxonomy":"product_cat","embeddable":true,"href":"https:\/\/myeye.ee\/en\/wp-json\/wp\/v2\/product_cat?post=9036"},{"taxonomy":"product_tag","embeddable":true,"href":"https:\/\/myeye.ee\/en\/wp-json\/wp\/v2\/product_tag?post=9036"}],"curies":[{"name":"wp","href":"https:\/\/api.w.org\/{rel}","templated":true}]}}