{"id":9032,"date":"2025-04-23T11:44:17","date_gmt":"2025-04-23T11:44:17","guid":{"rendered":"https:\/\/myeye.ee\/product\/soflens-multi-focal-6pcs\/"},"modified":"2025-12-04T19:44:52","modified_gmt":"2025-12-04T19:44:52","slug":"soflens-multi-focal-6pcs","status":"publish","type":"product","link":"https:\/\/myeye.ee\/en\/product\/soflens-multi-focal-6pcs\/","title":{"rendered":"SofLens Multi-Focal 6pcs"},"content":{"rendered":"<p>SofLens Multi-Focal \u2013 clear vision at all distances with presbyopia<\/p>\n<p>SofLens Multi-Focal are reliable multifocal lenses designed to correct presbyopia, or age-related nearsightedness. These lenses help you see clearly at near, intermediate and far distances \u2013 without having to change glasses.<\/p>\n<p>Thanks to the Natra-Sight\u2122 optical design, SofLens Multi-Focal lenses allow a smooth and natural transition between different viewing distances. This makes them an ideal choice for everyday activities \u2013 such as reading, computer work and driving.<\/p>\n<p>The lenses are made of a polymer called polymacon, which keeps the eyes moist and comfortable. In addition, the high water content ensures sufficient oxygen movement to the surface of the eye. SofLens Multi-Focal are monthly lenses that require daily cleaning and storage in a suitable care solution.<\/p>\n<p>The lenses are also suitable for those who have not worn multifocal contact lenses before. Slim design and comfortable fit make it easy to get used to.<\/p>\n<p>Key features:<br \/>\n\u2013 Multifocal lenses for presbyopia correction<br \/>\n\u2013 Natra-Sight\u2122 design \u2013 smooth vision at all distances<br \/>\n\u2013 One-month wearing time \u2013 for daily use<br \/>\n\u2013 Polymacon material \u2013 moisture-wicking and comfortable<br \/>\n\u2013 Requires daily care<br \/>\n\u2013 Suitable for beginners and experienced wearers<\/p>\n<p>SofLens Multi-Focal contact lenses are a practical choice for those who want clear vision in all situations \u2013 without having to carry glasses.<\/p>\n","protected":false},"excerpt":{"rendered":"<p>SofLens Multi-Focal \u2013 clear vision at all distances with presbyopia SofLens Multi-Focal are reliable multifocal lenses designed to correct presbyopia, or age-related nearsightedness. These lenses help you see clearly at near, intermediate and far distances \u2013 without having to change glasses. Thanks to the Natra-Sight\u2122 optical design, SofLens Multi-Focal lenses allow a smooth and natural [&hellip;]<\/p>\n","protected":false},"featured_media":7861,"template":"","meta":{"_acf_changed":false},"product_brand":[279],"product_cat":[324,326,325,330],"product_tag":[],"class_list":{"0":"post-9032","1":"product","2":"type-product","3":"status-publish","4":"has-post-thumbnail","6":"product_brand-bauschlomb","7":"product_cat-contact-lenses","8":"product_cat-monthly-contact-lenses","9":"product_cat-multifocal-contact-lenses","10":"product_cat-subscription-order","11":"pa_diameeter-14-5-en","12":"pa_kandmisreziim-paevane-en","13":"pa_kasutusaeg-1-kuu-en","14":"pa_kumerus-8-5-en","15":"pa_kumerus-8-8-en","16":"pa_tootja-bauschlomb-en","18":"first","19":"instock","20":"taxable","21":"shipping-taxable","22":"purchasable","23":"product-type-variable-subscription"},"acf":[],"yoast_head":"<!-- This site is optimized with the Yoast SEO Premium plugin v26.4 (Yoast SEO v27.3) - https:\/\/yoast.com\/product\/yoast-seo-premium-wordpress\/ -->\n<title>SofLens Multi-Focal 6pcs - Myeye<\/title>\n<meta name=\"description\" content=\"SofLens Multi-Focal are multifocal lenses that provide clear vision at any distance. Designed for daily wear to correct presbyopia.\" \/>\n<meta name=\"robots\" content=\"index, follow, max-snippet:-1, max-image-preview:large, max-video-preview:-1\" \/>\n<link rel=\"canonical\" href=\"https:\/\/myeye.ee\/en\/product\/soflens-multi-focal-6pcs\/\" \/>\n<meta property=\"og:locale\" content=\"en_US\" \/>\n<meta property=\"og:type\" content=\"article\" \/>\n<meta property=\"og:title\" content=\"SofLens Multi-Focal 6pcs\" \/>\n<meta property=\"og:description\" content=\"SofLens Multi-Focal are multifocal lenses that provide clear vision at any distance. Designed for daily wear to correct presbyopia.\" \/>\n<meta property=\"og:url\" content=\"https:\/\/myeye.ee\/en\/product\/soflens-multi-focal-6pcs\/\" \/>\n<meta property=\"og:site_name\" content=\"Myeye\" \/>\n<meta property=\"article:publisher\" content=\"https:\/\/www.facebook.com\/profile.php?id=61571474589924\" \/>\n<meta property=\"article:modified_time\" content=\"2025-12-04T19:44:52+00:00\" \/>\n<meta property=\"og:image\" content=\"https:\/\/myeye.ee\/wp-content\/uploads\/2025\/04\/slmf_6_right.jpeg\" \/>\n\t<meta property=\"og:image:width\" content=\"1002\" \/>\n\t<meta property=\"og:image:height\" content=\"1002\" \/>\n\t<meta property=\"og:image:type\" content=\"image\/jpeg\" \/>\n<meta name=\"twitter:card\" content=\"summary_large_image\" \/>\n<meta name=\"twitter:label1\" content=\"Est. reading time\" \/>\n\t<meta name=\"twitter:data1\" content=\"2 minutes\" \/>\n<script type=\"application\/ld+json\" class=\"yoast-schema-graph\">{\"@context\":\"https:\\\/\\\/schema.org\",\"@graph\":[{\"@type\":\"WebPage\",\"@id\":\"https:\\\/\\\/myeye.ee\\\/en\\\/product\\\/soflens-multi-focal-6pcs\\\/\",\"url\":\"https:\\\/\\\/myeye.ee\\\/en\\\/product\\\/soflens-multi-focal-6pcs\\\/\",\"name\":\"SofLens Multi-Focal 6pcs - Myeye\",\"isPartOf\":{\"@id\":\"https:\\\/\\\/myeye.ee\\\/#website\"},\"primaryImageOfPage\":{\"@id\":\"https:\\\/\\\/myeye.ee\\\/en\\\/product\\\/soflens-multi-focal-6pcs\\\/#primaryimage\"},\"image\":{\"@id\":\"https:\\\/\\\/myeye.ee\\\/en\\\/product\\\/soflens-multi-focal-6pcs\\\/#primaryimage\"},\"thumbnailUrl\":\"https:\\\/\\\/myeye.ee\\\/wp-content\\\/uploads\\\/2025\\\/04\\\/slmf_6_right.jpeg\",\"datePublished\":\"2025-04-23T11:44:17+00:00\",\"dateModified\":\"2025-12-04T19:44:52+00:00\",\"description\":\"SofLens Multi-Focal are multifocal lenses that provide clear vision at any distance. Designed for daily wear to correct presbyopia.\",\"breadcrumb\":{\"@id\":\"https:\\\/\\\/myeye.ee\\\/en\\\/product\\\/soflens-multi-focal-6pcs\\\/#breadcrumb\"},\"inLanguage\":\"en-US\",\"potentialAction\":[{\"@type\":\"ReadAction\",\"target\":[\"https:\\\/\\\/myeye.ee\\\/en\\\/product\\\/soflens-multi-focal-6pcs\\\/\"]}]},{\"@type\":\"ImageObject\",\"inLanguage\":\"en-US\",\"@id\":\"https:\\\/\\\/myeye.ee\\\/en\\\/product\\\/soflens-multi-focal-6pcs\\\/#primaryimage\",\"url\":\"https:\\\/\\\/myeye.ee\\\/wp-content\\\/uploads\\\/2025\\\/04\\\/slmf_6_right.jpeg\",\"contentUrl\":\"https:\\\/\\\/myeye.ee\\\/wp-content\\\/uploads\\\/2025\\\/04\\\/slmf_6_right.jpeg\",\"width\":1002,\"height\":1002,\"caption\":\"SofLens Multi-Focal multifocal lenses \u2013 contact lenses for presbyopia correction\"},{\"@type\":\"BreadcrumbList\",\"@id\":\"https:\\\/\\\/myeye.ee\\\/en\\\/product\\\/soflens-multi-focal-6pcs\\\/#breadcrumb\",\"itemListElement\":[{\"@type\":\"ListItem\",\"position\":1,\"name\":\"Home\",\"item\":\"https:\\\/\\\/myeye.ee\\\/en\\\/\"},{\"@type\":\"ListItem\",\"position\":2,\"name\":\"Shop\",\"item\":\"https:\\\/\\\/myeye.ee\\\/pood\\\/\"},{\"@type\":\"ListItem\",\"position\":3,\"name\":\"SofLens Multi-Focal 6pcs\"}]},{\"@type\":\"WebSite\",\"@id\":\"https:\\\/\\\/myeye.ee\\\/#website\",\"url\":\"https:\\\/\\\/myeye.ee\\\/\",\"name\":\"Myeye\",\"description\":\"Pakume professionaalset ja usaldusv\u00e4\u00e4rset teenust, kiiret kohaletoimetamist \u00fcle ning kliendis\u00f5bralikku ostukogemust.\",\"publisher\":{\"@id\":\"https:\\\/\\\/myeye.ee\\\/#organization\"},\"potentialAction\":[{\"@type\":\"SearchAction\",\"target\":{\"@type\":\"EntryPoint\",\"urlTemplate\":\"https:\\\/\\\/myeye.ee\\\/?s={search_term_string}\"},\"query-input\":{\"@type\":\"PropertyValueSpecification\",\"valueRequired\":true,\"valueName\":\"search_term_string\"}}],\"inLanguage\":\"en-US\"},{\"@type\":\"Organization\",\"@id\":\"https:\\\/\\\/myeye.ee\\\/#organization\",\"name\":\"Myeye\",\"url\":\"https:\\\/\\\/myeye.ee\\\/\",\"logo\":{\"@type\":\"ImageObject\",\"inLanguage\":\"en-US\",\"@id\":\"https:\\\/\\\/myeye.ee\\\/#\\\/schema\\\/logo\\\/image\\\/\",\"url\":\"https:\\\/\\\/myeye.ee\\\/wp-content\\\/uploads\\\/2025\\\/06\\\/1.png\",\"contentUrl\":\"https:\\\/\\\/myeye.ee\\\/wp-content\\\/uploads\\\/2025\\\/06\\\/1.png\",\"width\":1563,\"height\":1563,\"caption\":\"Myeye\"},\"image\":{\"@id\":\"https:\\\/\\\/myeye.ee\\\/#\\\/schema\\\/logo\\\/image\\\/\"},\"sameAs\":[\"https:\\\/\\\/www.facebook.com\\\/profile.php?id=61571474589924\"]}]}<\/script>\n<!-- \/ Yoast SEO Premium plugin. -->","yoast_head_json":{"title":"SofLens Multi-Focal 6pcs - Myeye","description":"SofLens Multi-Focal are multifocal lenses that provide clear vision at any distance. Designed for daily wear to correct presbyopia.","robots":{"index":"index","follow":"follow","max-snippet":"max-snippet:-1","max-image-preview":"max-image-preview:large","max-video-preview":"max-video-preview:-1"},"canonical":"https:\/\/myeye.ee\/en\/product\/soflens-multi-focal-6pcs\/","og_locale":"en_US","og_type":"article","og_title":"SofLens Multi-Focal 6pcs","og_description":"SofLens Multi-Focal are multifocal lenses that provide clear vision at any distance. Designed for daily wear to correct presbyopia.","og_url":"https:\/\/myeye.ee\/en\/product\/soflens-multi-focal-6pcs\/","og_site_name":"Myeye","article_publisher":"https:\/\/www.facebook.com\/profile.php?id=61571474589924","article_modified_time":"2025-12-04T19:44:52+00:00","og_image":[{"width":1002,"height":1002,"url":"https:\/\/myeye.ee\/wp-content\/uploads\/2025\/04\/slmf_6_right.jpeg","type":"image\/jpeg"}],"twitter_card":"summary_large_image","twitter_misc":{"Est. reading time":"2 minutes"},"schema":{"@context":"https:\/\/schema.org","@graph":[{"@type":"WebPage","@id":"https:\/\/myeye.ee\/en\/product\/soflens-multi-focal-6pcs\/","url":"https:\/\/myeye.ee\/en\/product\/soflens-multi-focal-6pcs\/","name":"SofLens Multi-Focal 6pcs - Myeye","isPartOf":{"@id":"https:\/\/myeye.ee\/#website"},"primaryImageOfPage":{"@id":"https:\/\/myeye.ee\/en\/product\/soflens-multi-focal-6pcs\/#primaryimage"},"image":{"@id":"https:\/\/myeye.ee\/en\/product\/soflens-multi-focal-6pcs\/#primaryimage"},"thumbnailUrl":"https:\/\/myeye.ee\/wp-content\/uploads\/2025\/04\/slmf_6_right.jpeg","datePublished":"2025-04-23T11:44:17+00:00","dateModified":"2025-12-04T19:44:52+00:00","description":"SofLens Multi-Focal are multifocal lenses that provide clear vision at any distance. Designed for daily wear to correct presbyopia.","breadcrumb":{"@id":"https:\/\/myeye.ee\/en\/product\/soflens-multi-focal-6pcs\/#breadcrumb"},"inLanguage":"en-US","potentialAction":[{"@type":"ReadAction","target":["https:\/\/myeye.ee\/en\/product\/soflens-multi-focal-6pcs\/"]}]},{"@type":"ImageObject","inLanguage":"en-US","@id":"https:\/\/myeye.ee\/en\/product\/soflens-multi-focal-6pcs\/#primaryimage","url":"https:\/\/myeye.ee\/wp-content\/uploads\/2025\/04\/slmf_6_right.jpeg","contentUrl":"https:\/\/myeye.ee\/wp-content\/uploads\/2025\/04\/slmf_6_right.jpeg","width":1002,"height":1002,"caption":"SofLens Multi-Focal multifocal lenses \u2013 contact lenses for presbyopia correction"},{"@type":"BreadcrumbList","@id":"https:\/\/myeye.ee\/en\/product\/soflens-multi-focal-6pcs\/#breadcrumb","itemListElement":[{"@type":"ListItem","position":1,"name":"Home","item":"https:\/\/myeye.ee\/en\/"},{"@type":"ListItem","position":2,"name":"Shop","item":"https:\/\/myeye.ee\/pood\/"},{"@type":"ListItem","position":3,"name":"SofLens Multi-Focal 6pcs"}]},{"@type":"WebSite","@id":"https:\/\/myeye.ee\/#website","url":"https:\/\/myeye.ee\/","name":"Myeye","description":"Pakume professionaalset ja usaldusv\u00e4\u00e4rset teenust, kiiret kohaletoimetamist \u00fcle ning kliendis\u00f5bralikku ostukogemust.","publisher":{"@id":"https:\/\/myeye.ee\/#organization"},"potentialAction":[{"@type":"SearchAction","target":{"@type":"EntryPoint","urlTemplate":"https:\/\/myeye.ee\/?s={search_term_string}"},"query-input":{"@type":"PropertyValueSpecification","valueRequired":true,"valueName":"search_term_string"}}],"inLanguage":"en-US"},{"@type":"Organization","@id":"https:\/\/myeye.ee\/#organization","name":"Myeye","url":"https:\/\/myeye.ee\/","logo":{"@type":"ImageObject","inLanguage":"en-US","@id":"https:\/\/myeye.ee\/#\/schema\/logo\/image\/","url":"https:\/\/myeye.ee\/wp-content\/uploads\/2025\/06\/1.png","contentUrl":"https:\/\/myeye.ee\/wp-content\/uploads\/2025\/06\/1.png","width":1563,"height":1563,"caption":"Myeye"},"image":{"@id":"https:\/\/myeye.ee\/#\/schema\/logo\/image\/"},"sameAs":["https:\/\/www.facebook.com\/profile.php?id=61571474589924"]}]}},"_links":{"self":[{"href":"https:\/\/myeye.ee\/en\/wp-json\/wp\/v2\/product\/9032","targetHints":{"allow":["GET"]}}],"collection":[{"href":"https:\/\/myeye.ee\/en\/wp-json\/wp\/v2\/product"}],"about":[{"href":"https:\/\/myeye.ee\/en\/wp-json\/wp\/v2\/types\/product"}],"wp:featuredmedia":[{"embeddable":true,"href":"https:\/\/myeye.ee\/en\/wp-json\/wp\/v2\/media\/7861"}],"wp:attachment":[{"href":"https:\/\/myeye.ee\/en\/wp-json\/wp\/v2\/media?parent=9032"}],"wp:term":[{"taxonomy":"product_brand","embeddable":true,"href":"https:\/\/myeye.ee\/en\/wp-json\/wp\/v2\/product_brand?post=9032"},{"taxonomy":"product_cat","embeddable":true,"href":"https:\/\/myeye.ee\/en\/wp-json\/wp\/v2\/product_cat?post=9032"},{"taxonomy":"product_tag","embeddable":true,"href":"https:\/\/myeye.ee\/en\/wp-json\/wp\/v2\/product_tag?post=9032"}],"curies":[{"name":"wp","href":"https:\/\/api.w.org\/{rel}","templated":true}]}}