{"id":9024,"date":"2025-04-24T09:21:29","date_gmt":"2025-04-24T09:21:29","guid":{"rendered":"https:\/\/myeye.ee\/product\/1-day-acuvue-moist-90-90pcs\/"},"modified":"2025-12-04T19:40:48","modified_gmt":"2025-12-04T19:40:48","slug":"1-day-acuvue-moist-90-90pcs","status":"publish","type":"product","link":"https:\/\/myeye.ee\/en\/product\/1-day-acuvue-moist-90-90pcs\/","title":{"rendered":"1 DAY ACUVUE MOIST 9,0 90pcs"},"content":{"rendered":"<p>1 DAY ACUVUE MOIST 9.0 \u2013 comfortable and moisture-retaining daily lenses<\/p>\n<p>1 DAY ACUVUE MOIST 9.0 are daily lenses suitable for the wearer who values \u200b\u200bcomfort, freshness and easy care. These contact lenses are designed for one-day wear \u2013 a new and clean lens every day, without cleaning and storage.<\/p>\n<p>The lenses use LACREON\u2122 technology, which binds a moisturizing agent directly into the lens material. This helps keep the eyes moist and fresh throughout the day, reducing the feeling of dryness and providing stable vision from morning to night. In addition, the lenses have UV protection (class II), which helps protect the eyes from the harmful effects of the sun.<\/p>\n<p>Acuvue Moist lenses are ideal for those who experience dry eyes, use contact lenses alternately with glasses or want a hygienic and easy solution for coping with an active lifestyle.<\/p>\n<p>The package contains 90 lenses that last for 3 months per eye \u2013 great for both daily use and seasonal wear.<\/p>\n<p>Key features:<br \/>\n\u2013 Daily lenses \u2013 a new and clean lens every day<br \/>\n\u2013 Contact lenses that are also suitable for sensitive eyes<br \/>\n\u2013 LACREON\u2122 technology \u2013 moisture retention throughout the day<br \/>\n\u2013 UV protection \u2013 class II<br \/>\n\u2013 No maintenance or container required<br \/>\n\u2013 Suitable for active lifestyles and allergy sufferers<br \/>\n\u2013 90 pcs per box \u2013 three months of comfortable wear for one eye<\/p>\n","protected":false},"excerpt":{"rendered":"<p>1 DAY ACUVUE MOIST 9.0 \u2013 comfortable and moisture-retaining daily lenses 1 DAY ACUVUE MOIST 9.0 are daily lenses suitable for the wearer who values \u200b\u200bcomfort, freshness and easy care. These contact lenses are designed for one-day wear \u2013 a new and clean lens every day, without cleaning and storage. The lenses use LACREON\u2122 technology, [&hellip;]<\/p>\n","protected":false},"featured_media":7899,"template":"","meta":{"_acf_changed":false},"product_brand":[178],"product_cat":[324,344,329,330],"product_tag":[],"class_list":{"0":"post-9024","1":"product","2":"type-product","3":"status-publish","4":"has-post-thumbnail","6":"product_brand-johnson-johnson","7":"product_cat-contact-lenses","8":"product_cat-daily-contact-lenses","9":"product_cat-regular-contact-lenses","10":"product_cat-subscription-order","11":"pa_diameeter-14-3-en","12":"pa_kandmisreziim-paevane-en","13":"pa_kasutusaeg-1-day","14":"pa_kumerus-8-5-en","15":"pa_kumerus-9-0-en","16":"pa_tootja-johnsonjohnson-en","18":"first","19":"instock","20":"taxable","21":"shipping-taxable","22":"purchasable","23":"product-type-variable-subscription"},"acf":[],"yoast_head":"<!-- This site is optimized with the Yoast SEO Premium plugin v26.4 (Yoast SEO v27.3) - https:\/\/yoast.com\/product\/yoast-seo-premium-wordpress\/ -->\n<title>1 DAY ACUVUE MOIST 9,0 90pcs - Myeye<\/title>\n<meta name=\"description\" content=\"1 DAY ACUVUE MOIST 9.0 are daily disposable lenses that provide comfort and clear vision all day long. Contact lenses 90 pcs in a box for daily wear.\" \/>\n<meta name=\"robots\" content=\"index, follow, max-snippet:-1, max-image-preview:large, max-video-preview:-1\" \/>\n<link rel=\"canonical\" href=\"https:\/\/myeye.ee\/en\/product\/1-day-acuvue-moist-90-90pcs\/\" \/>\n<meta property=\"og:locale\" content=\"en_US\" \/>\n<meta property=\"og:type\" content=\"article\" \/>\n<meta property=\"og:title\" content=\"1 DAY ACUVUE MOIST 9,0 90pcs\" \/>\n<meta property=\"og:description\" content=\"1 DAY ACUVUE MOIST 9.0 are daily disposable lenses that provide comfort and clear vision all day long. Contact lenses 90 pcs in a box for daily wear.\" \/>\n<meta property=\"og:url\" content=\"https:\/\/myeye.ee\/en\/product\/1-day-acuvue-moist-90-90pcs\/\" \/>\n<meta property=\"og:site_name\" content=\"Myeye\" \/>\n<meta property=\"article:publisher\" content=\"https:\/\/www.facebook.com\/profile.php?id=61571474589924\" \/>\n<meta property=\"article:modified_time\" content=\"2025-12-04T19:40:48+00:00\" \/>\n<meta property=\"og:image\" content=\"https:\/\/myeye.ee\/wp-content\/uploads\/2025\/04\/ACUVUE-Packshot-MOIST-90p-EU-Right-Transparent.jpeg\" \/>\n\t<meta property=\"og:image:width\" content=\"1001\" \/>\n\t<meta property=\"og:image:height\" content=\"1003\" \/>\n\t<meta property=\"og:image:type\" content=\"image\/jpeg\" \/>\n<meta name=\"twitter:card\" content=\"summary_large_image\" \/>\n<meta name=\"twitter:label1\" content=\"Est. reading time\" \/>\n\t<meta name=\"twitter:data1\" content=\"2 minutes\" \/>\n<script type=\"application\/ld+json\" class=\"yoast-schema-graph\">{\"@context\":\"https:\\\/\\\/schema.org\",\"@graph\":[{\"@type\":\"WebPage\",\"@id\":\"https:\\\/\\\/myeye.ee\\\/en\\\/product\\\/1-day-acuvue-moist-90-90pcs\\\/\",\"url\":\"https:\\\/\\\/myeye.ee\\\/en\\\/product\\\/1-day-acuvue-moist-90-90pcs\\\/\",\"name\":\"1 DAY ACUVUE MOIST 9,0 90pcs - Myeye\",\"isPartOf\":{\"@id\":\"https:\\\/\\\/myeye.ee\\\/#website\"},\"primaryImageOfPage\":{\"@id\":\"https:\\\/\\\/myeye.ee\\\/en\\\/product\\\/1-day-acuvue-moist-90-90pcs\\\/#primaryimage\"},\"image\":{\"@id\":\"https:\\\/\\\/myeye.ee\\\/en\\\/product\\\/1-day-acuvue-moist-90-90pcs\\\/#primaryimage\"},\"thumbnailUrl\":\"https:\\\/\\\/myeye.ee\\\/wp-content\\\/uploads\\\/2025\\\/04\\\/ACUVUE-Packshot-MOIST-90p-EU-Right-Transparent.jpeg\",\"datePublished\":\"2025-04-24T09:21:29+00:00\",\"dateModified\":\"2025-12-04T19:40:48+00:00\",\"description\":\"1 DAY ACUVUE MOIST 9.0 are daily disposable lenses that provide comfort and clear vision all day long. Contact lenses 90 pcs in a box for daily wear.\",\"breadcrumb\":{\"@id\":\"https:\\\/\\\/myeye.ee\\\/en\\\/product\\\/1-day-acuvue-moist-90-90pcs\\\/#breadcrumb\"},\"inLanguage\":\"en-US\",\"potentialAction\":[{\"@type\":\"ReadAction\",\"target\":[\"https:\\\/\\\/myeye.ee\\\/en\\\/product\\\/1-day-acuvue-moist-90-90pcs\\\/\"]}]},{\"@type\":\"ImageObject\",\"inLanguage\":\"en-US\",\"@id\":\"https:\\\/\\\/myeye.ee\\\/en\\\/product\\\/1-day-acuvue-moist-90-90pcs\\\/#primaryimage\",\"url\":\"https:\\\/\\\/myeye.ee\\\/wp-content\\\/uploads\\\/2025\\\/04\\\/ACUVUE-Packshot-MOIST-90p-EU-Right-Transparent.jpeg\",\"contentUrl\":\"https:\\\/\\\/myeye.ee\\\/wp-content\\\/uploads\\\/2025\\\/04\\\/ACUVUE-Packshot-MOIST-90p-EU-Right-Transparent.jpeg\",\"width\":1001,\"height\":1003,\"caption\":\"1 DAY ACUVUE MOIST 9.0 \u2013 daily contact lenses 90 pcs per box\"},{\"@type\":\"BreadcrumbList\",\"@id\":\"https:\\\/\\\/myeye.ee\\\/en\\\/product\\\/1-day-acuvue-moist-90-90pcs\\\/#breadcrumb\",\"itemListElement\":[{\"@type\":\"ListItem\",\"position\":1,\"name\":\"Home\",\"item\":\"https:\\\/\\\/myeye.ee\\\/en\\\/\"},{\"@type\":\"ListItem\",\"position\":2,\"name\":\"Shop\",\"item\":\"https:\\\/\\\/myeye.ee\\\/pood\\\/\"},{\"@type\":\"ListItem\",\"position\":3,\"name\":\"1 DAY ACUVUE MOIST 9,0 90pcs\"}]},{\"@type\":\"WebSite\",\"@id\":\"https:\\\/\\\/myeye.ee\\\/#website\",\"url\":\"https:\\\/\\\/myeye.ee\\\/\",\"name\":\"Myeye\",\"description\":\"Pakume professionaalset ja usaldusv\u00e4\u00e4rset teenust, kiiret kohaletoimetamist \u00fcle ning kliendis\u00f5bralikku ostukogemust.\",\"publisher\":{\"@id\":\"https:\\\/\\\/myeye.ee\\\/#organization\"},\"potentialAction\":[{\"@type\":\"SearchAction\",\"target\":{\"@type\":\"EntryPoint\",\"urlTemplate\":\"https:\\\/\\\/myeye.ee\\\/?s={search_term_string}\"},\"query-input\":{\"@type\":\"PropertyValueSpecification\",\"valueRequired\":true,\"valueName\":\"search_term_string\"}}],\"inLanguage\":\"en-US\"},{\"@type\":\"Organization\",\"@id\":\"https:\\\/\\\/myeye.ee\\\/#organization\",\"name\":\"Myeye\",\"url\":\"https:\\\/\\\/myeye.ee\\\/\",\"logo\":{\"@type\":\"ImageObject\",\"inLanguage\":\"en-US\",\"@id\":\"https:\\\/\\\/myeye.ee\\\/#\\\/schema\\\/logo\\\/image\\\/\",\"url\":\"https:\\\/\\\/myeye.ee\\\/wp-content\\\/uploads\\\/2025\\\/06\\\/1.png\",\"contentUrl\":\"https:\\\/\\\/myeye.ee\\\/wp-content\\\/uploads\\\/2025\\\/06\\\/1.png\",\"width\":1563,\"height\":1563,\"caption\":\"Myeye\"},\"image\":{\"@id\":\"https:\\\/\\\/myeye.ee\\\/#\\\/schema\\\/logo\\\/image\\\/\"},\"sameAs\":[\"https:\\\/\\\/www.facebook.com\\\/profile.php?id=61571474589924\"]}]}<\/script>\n<!-- \/ Yoast SEO Premium plugin. -->","yoast_head_json":{"title":"1 DAY ACUVUE MOIST 9,0 90pcs - Myeye","description":"1 DAY ACUVUE MOIST 9.0 are daily disposable lenses that provide comfort and clear vision all day long. Contact lenses 90 pcs in a box for daily wear.","robots":{"index":"index","follow":"follow","max-snippet":"max-snippet:-1","max-image-preview":"max-image-preview:large","max-video-preview":"max-video-preview:-1"},"canonical":"https:\/\/myeye.ee\/en\/product\/1-day-acuvue-moist-90-90pcs\/","og_locale":"en_US","og_type":"article","og_title":"1 DAY ACUVUE MOIST 9,0 90pcs","og_description":"1 DAY ACUVUE MOIST 9.0 are daily disposable lenses that provide comfort and clear vision all day long. Contact lenses 90 pcs in a box for daily wear.","og_url":"https:\/\/myeye.ee\/en\/product\/1-day-acuvue-moist-90-90pcs\/","og_site_name":"Myeye","article_publisher":"https:\/\/www.facebook.com\/profile.php?id=61571474589924","article_modified_time":"2025-12-04T19:40:48+00:00","og_image":[{"width":1001,"height":1003,"url":"https:\/\/myeye.ee\/wp-content\/uploads\/2025\/04\/ACUVUE-Packshot-MOIST-90p-EU-Right-Transparent.jpeg","type":"image\/jpeg"}],"twitter_card":"summary_large_image","twitter_misc":{"Est. reading time":"2 minutes"},"schema":{"@context":"https:\/\/schema.org","@graph":[{"@type":"WebPage","@id":"https:\/\/myeye.ee\/en\/product\/1-day-acuvue-moist-90-90pcs\/","url":"https:\/\/myeye.ee\/en\/product\/1-day-acuvue-moist-90-90pcs\/","name":"1 DAY ACUVUE MOIST 9,0 90pcs - Myeye","isPartOf":{"@id":"https:\/\/myeye.ee\/#website"},"primaryImageOfPage":{"@id":"https:\/\/myeye.ee\/en\/product\/1-day-acuvue-moist-90-90pcs\/#primaryimage"},"image":{"@id":"https:\/\/myeye.ee\/en\/product\/1-day-acuvue-moist-90-90pcs\/#primaryimage"},"thumbnailUrl":"https:\/\/myeye.ee\/wp-content\/uploads\/2025\/04\/ACUVUE-Packshot-MOIST-90p-EU-Right-Transparent.jpeg","datePublished":"2025-04-24T09:21:29+00:00","dateModified":"2025-12-04T19:40:48+00:00","description":"1 DAY ACUVUE MOIST 9.0 are daily disposable lenses that provide comfort and clear vision all day long. Contact lenses 90 pcs in a box for daily wear.","breadcrumb":{"@id":"https:\/\/myeye.ee\/en\/product\/1-day-acuvue-moist-90-90pcs\/#breadcrumb"},"inLanguage":"en-US","potentialAction":[{"@type":"ReadAction","target":["https:\/\/myeye.ee\/en\/product\/1-day-acuvue-moist-90-90pcs\/"]}]},{"@type":"ImageObject","inLanguage":"en-US","@id":"https:\/\/myeye.ee\/en\/product\/1-day-acuvue-moist-90-90pcs\/#primaryimage","url":"https:\/\/myeye.ee\/wp-content\/uploads\/2025\/04\/ACUVUE-Packshot-MOIST-90p-EU-Right-Transparent.jpeg","contentUrl":"https:\/\/myeye.ee\/wp-content\/uploads\/2025\/04\/ACUVUE-Packshot-MOIST-90p-EU-Right-Transparent.jpeg","width":1001,"height":1003,"caption":"1 DAY ACUVUE MOIST 9.0 \u2013 daily contact lenses 90 pcs per box"},{"@type":"BreadcrumbList","@id":"https:\/\/myeye.ee\/en\/product\/1-day-acuvue-moist-90-90pcs\/#breadcrumb","itemListElement":[{"@type":"ListItem","position":1,"name":"Home","item":"https:\/\/myeye.ee\/en\/"},{"@type":"ListItem","position":2,"name":"Shop","item":"https:\/\/myeye.ee\/pood\/"},{"@type":"ListItem","position":3,"name":"1 DAY ACUVUE MOIST 9,0 90pcs"}]},{"@type":"WebSite","@id":"https:\/\/myeye.ee\/#website","url":"https:\/\/myeye.ee\/","name":"Myeye","description":"Pakume professionaalset ja usaldusv\u00e4\u00e4rset teenust, kiiret kohaletoimetamist \u00fcle ning kliendis\u00f5bralikku ostukogemust.","publisher":{"@id":"https:\/\/myeye.ee\/#organization"},"potentialAction":[{"@type":"SearchAction","target":{"@type":"EntryPoint","urlTemplate":"https:\/\/myeye.ee\/?s={search_term_string}"},"query-input":{"@type":"PropertyValueSpecification","valueRequired":true,"valueName":"search_term_string"}}],"inLanguage":"en-US"},{"@type":"Organization","@id":"https:\/\/myeye.ee\/#organization","name":"Myeye","url":"https:\/\/myeye.ee\/","logo":{"@type":"ImageObject","inLanguage":"en-US","@id":"https:\/\/myeye.ee\/#\/schema\/logo\/image\/","url":"https:\/\/myeye.ee\/wp-content\/uploads\/2025\/06\/1.png","contentUrl":"https:\/\/myeye.ee\/wp-content\/uploads\/2025\/06\/1.png","width":1563,"height":1563,"caption":"Myeye"},"image":{"@id":"https:\/\/myeye.ee\/#\/schema\/logo\/image\/"},"sameAs":["https:\/\/www.facebook.com\/profile.php?id=61571474589924"]}]}},"_links":{"self":[{"href":"https:\/\/myeye.ee\/en\/wp-json\/wp\/v2\/product\/9024","targetHints":{"allow":["GET"]}}],"collection":[{"href":"https:\/\/myeye.ee\/en\/wp-json\/wp\/v2\/product"}],"about":[{"href":"https:\/\/myeye.ee\/en\/wp-json\/wp\/v2\/types\/product"}],"wp:featuredmedia":[{"embeddable":true,"href":"https:\/\/myeye.ee\/en\/wp-json\/wp\/v2\/media\/7899"}],"wp:attachment":[{"href":"https:\/\/myeye.ee\/en\/wp-json\/wp\/v2\/media?parent=9024"}],"wp:term":[{"taxonomy":"product_brand","embeddable":true,"href":"https:\/\/myeye.ee\/en\/wp-json\/wp\/v2\/product_brand?post=9024"},{"taxonomy":"product_cat","embeddable":true,"href":"https:\/\/myeye.ee\/en\/wp-json\/wp\/v2\/product_cat?post=9024"},{"taxonomy":"product_tag","embeddable":true,"href":"https:\/\/myeye.ee\/en\/wp-json\/wp\/v2\/product_tag?post=9024"}],"curies":[{"name":"wp","href":"https:\/\/api.w.org\/{rel}","templated":true}]}}