{"id":9020,"date":"2025-04-24T09:23:50","date_gmt":"2025-04-24T09:23:50","guid":{"rendered":"https:\/\/myeye.ee\/product\/1-day-acuvue-moist-30pcs\/"},"modified":"2025-12-04T19:39:00","modified_gmt":"2025-12-04T19:39:00","slug":"1-day-acuvue-moist-30pcs","status":"publish","type":"product","link":"https:\/\/myeye.ee\/en\/product\/1-day-acuvue-moist-30pcs\/","title":{"rendered":"1 DAY ACUVUE MOIST 30pcs"},"content":{"rendered":"<p>1 DAY ACUVUE MOIST \u2013 daily disposable contact lenses<\/p>\n<p>1 DAY ACUVUE MOIST are high-quality contact lenses designed for daily wear without cleaning or maintenance. These disposable lenses are ideal for an active lifestyle, providing a fresh and hygienic pair of lenses every morning.<\/p>\n<p>The lenses are made of soft and breathable material and contain LACREON\u2122 technology, which binds a moisturizing agent inside the lens. This helps maintain moisture throughout the day, reducing dryness and discomfort, especially when in front of screens or in dry indoor spaces.<\/p>\n<p>1 DAY ACUVUE MOIST lenses are also suitable for sensitive eyes and those who are just starting to wear contact lenses. The lenses have UV protection (class II), which adds extra safety when outdoors during the day.<\/p>\n<p>As they are disposable lenses, they are thrown away after use \u2013 making them easy and hygienic to use. Ideal for both daily wear and as a replacement for glasses.<\/p>\n<p>Key features:<br \/>\n\u2013 Disposable lenses \u2013 a new lens every day<br \/>\n\u2013 Contact lenses that are also suitable for sensitive eyes<br \/>\n\u2013 LACREON\u2122 technology \u2013 moisture-retaining formula<br \/>\n\u2013 No care product or container required<br \/>\n\u2013 UV protection \u2013 class II<br \/>\n\u2013 A convenient choice for travel, sports or intermittent wear<\/p>\n<p>1 DAY ACUVUE MOIST contact lenses are a practical choice for clean and comfortable vision every day \u2013 without extra effort.<\/p>\n","protected":false},"excerpt":{"rendered":"<p>1 DAY ACUVUE MOIST \u2013 daily disposable contact lenses 1 DAY ACUVUE MOIST are high-quality contact lenses designed for daily wear without cleaning or maintenance. These disposable lenses are ideal for an active lifestyle, providing a fresh and hygienic pair of lenses every morning. The lenses are made of soft and breathable material and contain [&hellip;]<\/p>\n","protected":false},"featured_media":7898,"template":"","meta":{"_acf_changed":false},"product_brand":[178],"product_cat":[324,344,329,330],"product_tag":[],"class_list":{"0":"post-9020","1":"product","2":"type-product","3":"status-publish","4":"has-post-thumbnail","6":"product_brand-johnson-johnson","7":"product_cat-contact-lenses","8":"product_cat-daily-contact-lenses","9":"product_cat-regular-contact-lenses","10":"product_cat-subscription-order","11":"pa_diameeter-14-3-en","12":"pa_kandmisreziim-paevane-en","13":"pa_kasutusaeg-1-day","14":"pa_kumerus-8-5-en","15":"pa_kumerus-9-0-en","16":"pa_tootja-johnsonjohnson-en","18":"first","19":"instock","20":"taxable","21":"shipping-taxable","22":"purchasable","23":"product-type-variable-subscription"},"acf":[],"yoast_head":"<!-- This site is optimized with the Yoast SEO Premium plugin v26.4 (Yoast SEO v27.3) - https:\/\/yoast.com\/product\/yoast-seo-premium-wordpress\/ -->\n<title>1 DAY ACUVUE MOIST 30pcs - Myeye<\/title>\n<meta name=\"description\" content=\"1 DAY ACUVUE MOIST are disposable lenses that provide clear vision and all-day comfort. Comfortable contact lenses for daily use.\" \/>\n<meta name=\"robots\" content=\"index, follow, max-snippet:-1, max-image-preview:large, max-video-preview:-1\" \/>\n<link rel=\"canonical\" href=\"https:\/\/myeye.ee\/en\/product\/1-day-acuvue-moist-30pcs\/\" \/>\n<meta property=\"og:locale\" content=\"en_US\" \/>\n<meta property=\"og:type\" content=\"article\" \/>\n<meta property=\"og:title\" content=\"1 DAY ACUVUE MOIST 30pcs\" \/>\n<meta property=\"og:description\" content=\"1 DAY ACUVUE MOIST are disposable lenses that provide clear vision and all-day comfort. Comfortable contact lenses for daily use.\" \/>\n<meta property=\"og:url\" content=\"https:\/\/myeye.ee\/en\/product\/1-day-acuvue-moist-30pcs\/\" \/>\n<meta property=\"og:site_name\" content=\"Myeye\" \/>\n<meta property=\"article:publisher\" content=\"https:\/\/www.facebook.com\/profile.php?id=61571474589924\" \/>\n<meta property=\"article:modified_time\" content=\"2025-12-04T19:39:00+00:00\" \/>\n<meta property=\"og:image\" content=\"https:\/\/myeye.ee\/wp-content\/uploads\/2025\/04\/ACUVUE-Packshot-MOIST-30P-LEFT-UV-NO-SH-NO-HG.jpeg\" \/>\n\t<meta property=\"og:image:width\" content=\"1001\" \/>\n\t<meta property=\"og:image:height\" content=\"1003\" \/>\n\t<meta property=\"og:image:type\" content=\"image\/jpeg\" \/>\n<meta name=\"twitter:card\" content=\"summary_large_image\" \/>\n<meta name=\"twitter:label1\" content=\"Est. reading time\" \/>\n\t<meta name=\"twitter:data1\" content=\"2 minutes\" \/>\n<script type=\"application\/ld+json\" class=\"yoast-schema-graph\">{\"@context\":\"https:\\\/\\\/schema.org\",\"@graph\":[{\"@type\":\"WebPage\",\"@id\":\"https:\\\/\\\/myeye.ee\\\/en\\\/product\\\/1-day-acuvue-moist-30pcs\\\/\",\"url\":\"https:\\\/\\\/myeye.ee\\\/en\\\/product\\\/1-day-acuvue-moist-30pcs\\\/\",\"name\":\"1 DAY ACUVUE MOIST 30pcs - Myeye\",\"isPartOf\":{\"@id\":\"https:\\\/\\\/myeye.ee\\\/#website\"},\"primaryImageOfPage\":{\"@id\":\"https:\\\/\\\/myeye.ee\\\/en\\\/product\\\/1-day-acuvue-moist-30pcs\\\/#primaryimage\"},\"image\":{\"@id\":\"https:\\\/\\\/myeye.ee\\\/en\\\/product\\\/1-day-acuvue-moist-30pcs\\\/#primaryimage\"},\"thumbnailUrl\":\"https:\\\/\\\/myeye.ee\\\/wp-content\\\/uploads\\\/2025\\\/04\\\/ACUVUE-Packshot-MOIST-30P-LEFT-UV-NO-SH-NO-HG.jpeg\",\"datePublished\":\"2025-04-24T09:23:50+00:00\",\"dateModified\":\"2025-12-04T19:39:00+00:00\",\"description\":\"1 DAY ACUVUE MOIST are disposable lenses that provide clear vision and all-day comfort. Comfortable contact lenses for daily use.\",\"breadcrumb\":{\"@id\":\"https:\\\/\\\/myeye.ee\\\/en\\\/product\\\/1-day-acuvue-moist-30pcs\\\/#breadcrumb\"},\"inLanguage\":\"en-US\",\"potentialAction\":[{\"@type\":\"ReadAction\",\"target\":[\"https:\\\/\\\/myeye.ee\\\/en\\\/product\\\/1-day-acuvue-moist-30pcs\\\/\"]}]},{\"@type\":\"ImageObject\",\"inLanguage\":\"en-US\",\"@id\":\"https:\\\/\\\/myeye.ee\\\/en\\\/product\\\/1-day-acuvue-moist-30pcs\\\/#primaryimage\",\"url\":\"https:\\\/\\\/myeye.ee\\\/wp-content\\\/uploads\\\/2025\\\/04\\\/ACUVUE-Packshot-MOIST-30P-LEFT-UV-NO-SH-NO-HG.jpeg\",\"contentUrl\":\"https:\\\/\\\/myeye.ee\\\/wp-content\\\/uploads\\\/2025\\\/04\\\/ACUVUE-Packshot-MOIST-30P-LEFT-UV-NO-SH-NO-HG.jpeg\",\"width\":1001,\"height\":1003,\"caption\":\"1 DAY ACUVUE MOIST \u2013 disposable contact lenses for daily wear\"},{\"@type\":\"BreadcrumbList\",\"@id\":\"https:\\\/\\\/myeye.ee\\\/en\\\/product\\\/1-day-acuvue-moist-30pcs\\\/#breadcrumb\",\"itemListElement\":[{\"@type\":\"ListItem\",\"position\":1,\"name\":\"Home\",\"item\":\"https:\\\/\\\/myeye.ee\\\/en\\\/\"},{\"@type\":\"ListItem\",\"position\":2,\"name\":\"Shop\",\"item\":\"https:\\\/\\\/myeye.ee\\\/pood\\\/\"},{\"@type\":\"ListItem\",\"position\":3,\"name\":\"1 DAY ACUVUE MOIST 30pcs\"}]},{\"@type\":\"WebSite\",\"@id\":\"https:\\\/\\\/myeye.ee\\\/#website\",\"url\":\"https:\\\/\\\/myeye.ee\\\/\",\"name\":\"Myeye\",\"description\":\"Pakume professionaalset ja usaldusv\u00e4\u00e4rset teenust, kiiret kohaletoimetamist \u00fcle ning kliendis\u00f5bralikku ostukogemust.\",\"publisher\":{\"@id\":\"https:\\\/\\\/myeye.ee\\\/#organization\"},\"potentialAction\":[{\"@type\":\"SearchAction\",\"target\":{\"@type\":\"EntryPoint\",\"urlTemplate\":\"https:\\\/\\\/myeye.ee\\\/?s={search_term_string}\"},\"query-input\":{\"@type\":\"PropertyValueSpecification\",\"valueRequired\":true,\"valueName\":\"search_term_string\"}}],\"inLanguage\":\"en-US\"},{\"@type\":\"Organization\",\"@id\":\"https:\\\/\\\/myeye.ee\\\/#organization\",\"name\":\"Myeye\",\"url\":\"https:\\\/\\\/myeye.ee\\\/\",\"logo\":{\"@type\":\"ImageObject\",\"inLanguage\":\"en-US\",\"@id\":\"https:\\\/\\\/myeye.ee\\\/#\\\/schema\\\/logo\\\/image\\\/\",\"url\":\"https:\\\/\\\/myeye.ee\\\/wp-content\\\/uploads\\\/2025\\\/06\\\/1.png\",\"contentUrl\":\"https:\\\/\\\/myeye.ee\\\/wp-content\\\/uploads\\\/2025\\\/06\\\/1.png\",\"width\":1563,\"height\":1563,\"caption\":\"Myeye\"},\"image\":{\"@id\":\"https:\\\/\\\/myeye.ee\\\/#\\\/schema\\\/logo\\\/image\\\/\"},\"sameAs\":[\"https:\\\/\\\/www.facebook.com\\\/profile.php?id=61571474589924\"]}]}<\/script>\n<!-- \/ Yoast SEO Premium plugin. -->","yoast_head_json":{"title":"1 DAY ACUVUE MOIST 30pcs - Myeye","description":"1 DAY ACUVUE MOIST are disposable lenses that provide clear vision and all-day comfort. Comfortable contact lenses for daily use.","robots":{"index":"index","follow":"follow","max-snippet":"max-snippet:-1","max-image-preview":"max-image-preview:large","max-video-preview":"max-video-preview:-1"},"canonical":"https:\/\/myeye.ee\/en\/product\/1-day-acuvue-moist-30pcs\/","og_locale":"en_US","og_type":"article","og_title":"1 DAY ACUVUE MOIST 30pcs","og_description":"1 DAY ACUVUE MOIST are disposable lenses that provide clear vision and all-day comfort. Comfortable contact lenses for daily use.","og_url":"https:\/\/myeye.ee\/en\/product\/1-day-acuvue-moist-30pcs\/","og_site_name":"Myeye","article_publisher":"https:\/\/www.facebook.com\/profile.php?id=61571474589924","article_modified_time":"2025-12-04T19:39:00+00:00","og_image":[{"width":1001,"height":1003,"url":"https:\/\/myeye.ee\/wp-content\/uploads\/2025\/04\/ACUVUE-Packshot-MOIST-30P-LEFT-UV-NO-SH-NO-HG.jpeg","type":"image\/jpeg"}],"twitter_card":"summary_large_image","twitter_misc":{"Est. reading time":"2 minutes"},"schema":{"@context":"https:\/\/schema.org","@graph":[{"@type":"WebPage","@id":"https:\/\/myeye.ee\/en\/product\/1-day-acuvue-moist-30pcs\/","url":"https:\/\/myeye.ee\/en\/product\/1-day-acuvue-moist-30pcs\/","name":"1 DAY ACUVUE MOIST 30pcs - Myeye","isPartOf":{"@id":"https:\/\/myeye.ee\/#website"},"primaryImageOfPage":{"@id":"https:\/\/myeye.ee\/en\/product\/1-day-acuvue-moist-30pcs\/#primaryimage"},"image":{"@id":"https:\/\/myeye.ee\/en\/product\/1-day-acuvue-moist-30pcs\/#primaryimage"},"thumbnailUrl":"https:\/\/myeye.ee\/wp-content\/uploads\/2025\/04\/ACUVUE-Packshot-MOIST-30P-LEFT-UV-NO-SH-NO-HG.jpeg","datePublished":"2025-04-24T09:23:50+00:00","dateModified":"2025-12-04T19:39:00+00:00","description":"1 DAY ACUVUE MOIST are disposable lenses that provide clear vision and all-day comfort. Comfortable contact lenses for daily use.","breadcrumb":{"@id":"https:\/\/myeye.ee\/en\/product\/1-day-acuvue-moist-30pcs\/#breadcrumb"},"inLanguage":"en-US","potentialAction":[{"@type":"ReadAction","target":["https:\/\/myeye.ee\/en\/product\/1-day-acuvue-moist-30pcs\/"]}]},{"@type":"ImageObject","inLanguage":"en-US","@id":"https:\/\/myeye.ee\/en\/product\/1-day-acuvue-moist-30pcs\/#primaryimage","url":"https:\/\/myeye.ee\/wp-content\/uploads\/2025\/04\/ACUVUE-Packshot-MOIST-30P-LEFT-UV-NO-SH-NO-HG.jpeg","contentUrl":"https:\/\/myeye.ee\/wp-content\/uploads\/2025\/04\/ACUVUE-Packshot-MOIST-30P-LEFT-UV-NO-SH-NO-HG.jpeg","width":1001,"height":1003,"caption":"1 DAY ACUVUE MOIST \u2013 disposable contact lenses for daily wear"},{"@type":"BreadcrumbList","@id":"https:\/\/myeye.ee\/en\/product\/1-day-acuvue-moist-30pcs\/#breadcrumb","itemListElement":[{"@type":"ListItem","position":1,"name":"Home","item":"https:\/\/myeye.ee\/en\/"},{"@type":"ListItem","position":2,"name":"Shop","item":"https:\/\/myeye.ee\/pood\/"},{"@type":"ListItem","position":3,"name":"1 DAY ACUVUE MOIST 30pcs"}]},{"@type":"WebSite","@id":"https:\/\/myeye.ee\/#website","url":"https:\/\/myeye.ee\/","name":"Myeye","description":"Pakume professionaalset ja usaldusv\u00e4\u00e4rset teenust, kiiret kohaletoimetamist \u00fcle ning kliendis\u00f5bralikku ostukogemust.","publisher":{"@id":"https:\/\/myeye.ee\/#organization"},"potentialAction":[{"@type":"SearchAction","target":{"@type":"EntryPoint","urlTemplate":"https:\/\/myeye.ee\/?s={search_term_string}"},"query-input":{"@type":"PropertyValueSpecification","valueRequired":true,"valueName":"search_term_string"}}],"inLanguage":"en-US"},{"@type":"Organization","@id":"https:\/\/myeye.ee\/#organization","name":"Myeye","url":"https:\/\/myeye.ee\/","logo":{"@type":"ImageObject","inLanguage":"en-US","@id":"https:\/\/myeye.ee\/#\/schema\/logo\/image\/","url":"https:\/\/myeye.ee\/wp-content\/uploads\/2025\/06\/1.png","contentUrl":"https:\/\/myeye.ee\/wp-content\/uploads\/2025\/06\/1.png","width":1563,"height":1563,"caption":"Myeye"},"image":{"@id":"https:\/\/myeye.ee\/#\/schema\/logo\/image\/"},"sameAs":["https:\/\/www.facebook.com\/profile.php?id=61571474589924"]}]}},"_links":{"self":[{"href":"https:\/\/myeye.ee\/en\/wp-json\/wp\/v2\/product\/9020","targetHints":{"allow":["GET"]}}],"collection":[{"href":"https:\/\/myeye.ee\/en\/wp-json\/wp\/v2\/product"}],"about":[{"href":"https:\/\/myeye.ee\/en\/wp-json\/wp\/v2\/types\/product"}],"wp:featuredmedia":[{"embeddable":true,"href":"https:\/\/myeye.ee\/en\/wp-json\/wp\/v2\/media\/7898"}],"wp:attachment":[{"href":"https:\/\/myeye.ee\/en\/wp-json\/wp\/v2\/media?parent=9020"}],"wp:term":[{"taxonomy":"product_brand","embeddable":true,"href":"https:\/\/myeye.ee\/en\/wp-json\/wp\/v2\/product_brand?post=9020"},{"taxonomy":"product_cat","embeddable":true,"href":"https:\/\/myeye.ee\/en\/wp-json\/wp\/v2\/product_cat?post=9020"},{"taxonomy":"product_tag","embeddable":true,"href":"https:\/\/myeye.ee\/en\/wp-json\/wp\/v2\/product_tag?post=9020"}],"curies":[{"name":"wp","href":"https:\/\/api.w.org\/{rel}","templated":true}]}}