{"id":9016,"date":"2025-04-24T09:33:45","date_gmt":"2025-04-24T09:33:45","guid":{"rendered":"https:\/\/myeye.ee\/product\/1-day-acuvue-moist-for-astigmatism\/"},"modified":"2025-12-04T19:37:28","modified_gmt":"2025-12-04T19:37:28","slug":"1-day-acuvue-moist-for-astigmatism","status":"publish","type":"product","link":"https:\/\/myeye.ee\/en\/product\/1-day-acuvue-moist-for-astigmatism\/","title":{"rendered":"1 DAY ACUVUE MOIST for astigmatism"},"content":{"rendered":"<p>1 DAY ACUVUE MOIST for Astigmatism \u2013 comfortable daily disposable toric lenses<\/p>\n<p>1 DAY ACUVUE MOIST for Astigmatism are daily disposable toric lenses that are well suited for correcting astigmatism, or cylindrical vision disorder. These contact lenses provide stable and sharp vision throughout the day \u2013 without the need for maintenance or cleaning.<\/p>\n<p>Thanks to Accelerated Stabilization Design\u2122 technology, the lenses remain in the correct position in the eye, regardless of eye movement. This is important, because with astigmatism, even a small lens shift affects vision. ACUVUE MOIST lenses ensure that vision is clear whether in front of a screen, behind the wheel or at the gym.<\/p>\n<p>Moisturizing LACREON\u2122 technology is appreciated by those whose eyes tend to stay dry. The built-in moisture channel ensures comfort throughout the entire wearing period.<\/p>\n<p>The lenses are designed for daily disposable use \u2013 use a new pair every day. This reduces the risk of allergies and irritation and makes wearing the lenses particularly easy.<\/p>\n<p>Benefits at a glance:<br \/>\n\u2013 Daily disposable lenses \u2013 a new and clean pair every morning<br \/>\n\u2013 Toric lenses \u2013 correct astigmatism (cylinder)<br \/>\n\u2013 Fast stabilization and clear vision<br \/>\n\u2013 Moisture-retaining LACREON\u2122 technology<br \/>\n\u2013 No need for care solution or container<\/p>\n","protected":false},"excerpt":{"rendered":"<p>1 DAY ACUVUE MOIST for Astigmatism \u2013 comfortable daily disposable toric lenses 1 DAY ACUVUE MOIST for Astigmatism are daily disposable toric lenses that are well suited for correcting astigmatism, or cylindrical vision disorder. These contact lenses provide stable and sharp vision throughout the day \u2013 without the need for maintenance or cleaning. Thanks to [&hellip;]<\/p>\n","protected":false},"featured_media":7897,"template":"","meta":{"_acf_changed":false},"product_brand":[178],"product_cat":[324,344,330,343],"product_tag":[],"class_list":{"0":"post-9016","1":"product","2":"type-product","3":"status-publish","4":"has-post-thumbnail","6":"product_brand-johnson-johnson","7":"product_cat-contact-lenses","8":"product_cat-daily-contact-lenses","9":"product_cat-subscription-order","10":"product_cat-toric-astigmatism-lenses","11":"pa_diameeter-14-5-en","12":"pa_kandmisreziim-paevane-en","13":"pa_kasutusaeg-1-day","14":"pa_kumerus-8-5-en","15":"pa_tootja-johnsonjohnson-en","17":"first","18":"instock","19":"taxable","20":"shipping-taxable","21":"purchasable","22":"product-type-variable-subscription"},"acf":[],"yoast_head":"<!-- This site is optimized with the Yoast SEO Premium plugin v26.4 (Yoast SEO v27.3) - https:\/\/yoast.com\/product\/yoast-seo-premium-wordpress\/ -->\n<title>1 DAY ACUVUE MOIST for astigmatism - Myeye<\/title>\n<meta name=\"description\" content=\"1 DAY ACUVUE MOIST for Astigmatism are daily disposable toric lenses that correct astigmatism and provide clear vision all day long.\" \/>\n<meta name=\"robots\" content=\"index, follow, max-snippet:-1, max-image-preview:large, max-video-preview:-1\" \/>\n<link rel=\"canonical\" href=\"https:\/\/myeye.ee\/en\/product\/1-day-acuvue-moist-for-astigmatism\/\" \/>\n<meta property=\"og:locale\" content=\"en_US\" \/>\n<meta property=\"og:type\" content=\"article\" \/>\n<meta property=\"og:title\" content=\"1 DAY ACUVUE MOIST for astigmatism\" \/>\n<meta property=\"og:description\" content=\"1 DAY ACUVUE MOIST for Astigmatism are daily disposable toric lenses that correct astigmatism and provide clear vision all day long.\" \/>\n<meta property=\"og:url\" content=\"https:\/\/myeye.ee\/en\/product\/1-day-acuvue-moist-for-astigmatism\/\" \/>\n<meta property=\"og:site_name\" content=\"Myeye\" \/>\n<meta property=\"article:publisher\" content=\"https:\/\/www.facebook.com\/profile.php?id=61571474589924\" \/>\n<meta property=\"article:modified_time\" content=\"2025-12-04T19:37:28+00:00\" \/>\n<meta property=\"og:image\" content=\"https:\/\/myeye.ee\/wp-content\/uploads\/2025\/04\/ACUVUE-Packshot-MOIST-1D-for-ASTIG-30P-Left-UV.jpeg\" \/>\n\t<meta property=\"og:image:width\" content=\"1001\" \/>\n\t<meta property=\"og:image:height\" content=\"1003\" \/>\n\t<meta property=\"og:image:type\" content=\"image\/jpeg\" \/>\n<meta name=\"twitter:card\" content=\"summary_large_image\" \/>\n<meta name=\"twitter:label1\" content=\"Est. reading time\" \/>\n\t<meta name=\"twitter:data1\" content=\"2 minutes\" \/>\n<script type=\"application\/ld+json\" class=\"yoast-schema-graph\">{\"@context\":\"https:\\\/\\\/schema.org\",\"@graph\":[{\"@type\":\"WebPage\",\"@id\":\"https:\\\/\\\/myeye.ee\\\/en\\\/product\\\/1-day-acuvue-moist-for-astigmatism\\\/\",\"url\":\"https:\\\/\\\/myeye.ee\\\/en\\\/product\\\/1-day-acuvue-moist-for-astigmatism\\\/\",\"name\":\"1 DAY ACUVUE MOIST for astigmatism - Myeye\",\"isPartOf\":{\"@id\":\"https:\\\/\\\/myeye.ee\\\/#website\"},\"primaryImageOfPage\":{\"@id\":\"https:\\\/\\\/myeye.ee\\\/en\\\/product\\\/1-day-acuvue-moist-for-astigmatism\\\/#primaryimage\"},\"image\":{\"@id\":\"https:\\\/\\\/myeye.ee\\\/en\\\/product\\\/1-day-acuvue-moist-for-astigmatism\\\/#primaryimage\"},\"thumbnailUrl\":\"https:\\\/\\\/myeye.ee\\\/wp-content\\\/uploads\\\/2025\\\/04\\\/ACUVUE-Packshot-MOIST-1D-for-ASTIG-30P-Left-UV.jpeg\",\"datePublished\":\"2025-04-24T09:33:45+00:00\",\"dateModified\":\"2025-12-04T19:37:28+00:00\",\"description\":\"1 DAY ACUVUE MOIST for Astigmatism are daily disposable toric lenses that correct astigmatism and provide clear vision all day long.\",\"breadcrumb\":{\"@id\":\"https:\\\/\\\/myeye.ee\\\/en\\\/product\\\/1-day-acuvue-moist-for-astigmatism\\\/#breadcrumb\"},\"inLanguage\":\"en-US\",\"potentialAction\":[{\"@type\":\"ReadAction\",\"target\":[\"https:\\\/\\\/myeye.ee\\\/en\\\/product\\\/1-day-acuvue-moist-for-astigmatism\\\/\"]}]},{\"@type\":\"ImageObject\",\"inLanguage\":\"en-US\",\"@id\":\"https:\\\/\\\/myeye.ee\\\/en\\\/product\\\/1-day-acuvue-moist-for-astigmatism\\\/#primaryimage\",\"url\":\"https:\\\/\\\/myeye.ee\\\/wp-content\\\/uploads\\\/2025\\\/04\\\/ACUVUE-Packshot-MOIST-1D-for-ASTIG-30P-Left-UV.jpeg\",\"contentUrl\":\"https:\\\/\\\/myeye.ee\\\/wp-content\\\/uploads\\\/2025\\\/04\\\/ACUVUE-Packshot-MOIST-1D-for-ASTIG-30P-Left-UV.jpeg\",\"width\":1001,\"height\":1003,\"caption\":\"1 DAY ACUVUE MOIST for Astigmatism \u2013 daily toric lenses for astigmatism correction\"},{\"@type\":\"BreadcrumbList\",\"@id\":\"https:\\\/\\\/myeye.ee\\\/en\\\/product\\\/1-day-acuvue-moist-for-astigmatism\\\/#breadcrumb\",\"itemListElement\":[{\"@type\":\"ListItem\",\"position\":1,\"name\":\"Home\",\"item\":\"https:\\\/\\\/myeye.ee\\\/en\\\/\"},{\"@type\":\"ListItem\",\"position\":2,\"name\":\"Shop\",\"item\":\"https:\\\/\\\/myeye.ee\\\/pood\\\/\"},{\"@type\":\"ListItem\",\"position\":3,\"name\":\"1 DAY ACUVUE MOIST for astigmatism\"}]},{\"@type\":\"WebSite\",\"@id\":\"https:\\\/\\\/myeye.ee\\\/#website\",\"url\":\"https:\\\/\\\/myeye.ee\\\/\",\"name\":\"Myeye\",\"description\":\"Pakume professionaalset ja usaldusv\u00e4\u00e4rset teenust, kiiret kohaletoimetamist \u00fcle ning kliendis\u00f5bralikku ostukogemust.\",\"publisher\":{\"@id\":\"https:\\\/\\\/myeye.ee\\\/#organization\"},\"potentialAction\":[{\"@type\":\"SearchAction\",\"target\":{\"@type\":\"EntryPoint\",\"urlTemplate\":\"https:\\\/\\\/myeye.ee\\\/?s={search_term_string}\"},\"query-input\":{\"@type\":\"PropertyValueSpecification\",\"valueRequired\":true,\"valueName\":\"search_term_string\"}}],\"inLanguage\":\"en-US\"},{\"@type\":\"Organization\",\"@id\":\"https:\\\/\\\/myeye.ee\\\/#organization\",\"name\":\"Myeye\",\"url\":\"https:\\\/\\\/myeye.ee\\\/\",\"logo\":{\"@type\":\"ImageObject\",\"inLanguage\":\"en-US\",\"@id\":\"https:\\\/\\\/myeye.ee\\\/#\\\/schema\\\/logo\\\/image\\\/\",\"url\":\"https:\\\/\\\/myeye.ee\\\/wp-content\\\/uploads\\\/2025\\\/06\\\/1.png\",\"contentUrl\":\"https:\\\/\\\/myeye.ee\\\/wp-content\\\/uploads\\\/2025\\\/06\\\/1.png\",\"width\":1563,\"height\":1563,\"caption\":\"Myeye\"},\"image\":{\"@id\":\"https:\\\/\\\/myeye.ee\\\/#\\\/schema\\\/logo\\\/image\\\/\"},\"sameAs\":[\"https:\\\/\\\/www.facebook.com\\\/profile.php?id=61571474589924\"]}]}<\/script>\n<!-- \/ Yoast SEO Premium plugin. -->","yoast_head_json":{"title":"1 DAY ACUVUE MOIST for astigmatism - Myeye","description":"1 DAY ACUVUE MOIST for Astigmatism are daily disposable toric lenses that correct astigmatism and provide clear vision all day long.","robots":{"index":"index","follow":"follow","max-snippet":"max-snippet:-1","max-image-preview":"max-image-preview:large","max-video-preview":"max-video-preview:-1"},"canonical":"https:\/\/myeye.ee\/en\/product\/1-day-acuvue-moist-for-astigmatism\/","og_locale":"en_US","og_type":"article","og_title":"1 DAY ACUVUE MOIST for astigmatism","og_description":"1 DAY ACUVUE MOIST for Astigmatism are daily disposable toric lenses that correct astigmatism and provide clear vision all day long.","og_url":"https:\/\/myeye.ee\/en\/product\/1-day-acuvue-moist-for-astigmatism\/","og_site_name":"Myeye","article_publisher":"https:\/\/www.facebook.com\/profile.php?id=61571474589924","article_modified_time":"2025-12-04T19:37:28+00:00","og_image":[{"width":1001,"height":1003,"url":"https:\/\/myeye.ee\/wp-content\/uploads\/2025\/04\/ACUVUE-Packshot-MOIST-1D-for-ASTIG-30P-Left-UV.jpeg","type":"image\/jpeg"}],"twitter_card":"summary_large_image","twitter_misc":{"Est. reading time":"2 minutes"},"schema":{"@context":"https:\/\/schema.org","@graph":[{"@type":"WebPage","@id":"https:\/\/myeye.ee\/en\/product\/1-day-acuvue-moist-for-astigmatism\/","url":"https:\/\/myeye.ee\/en\/product\/1-day-acuvue-moist-for-astigmatism\/","name":"1 DAY ACUVUE MOIST for astigmatism - Myeye","isPartOf":{"@id":"https:\/\/myeye.ee\/#website"},"primaryImageOfPage":{"@id":"https:\/\/myeye.ee\/en\/product\/1-day-acuvue-moist-for-astigmatism\/#primaryimage"},"image":{"@id":"https:\/\/myeye.ee\/en\/product\/1-day-acuvue-moist-for-astigmatism\/#primaryimage"},"thumbnailUrl":"https:\/\/myeye.ee\/wp-content\/uploads\/2025\/04\/ACUVUE-Packshot-MOIST-1D-for-ASTIG-30P-Left-UV.jpeg","datePublished":"2025-04-24T09:33:45+00:00","dateModified":"2025-12-04T19:37:28+00:00","description":"1 DAY ACUVUE MOIST for Astigmatism are daily disposable toric lenses that correct astigmatism and provide clear vision all day long.","breadcrumb":{"@id":"https:\/\/myeye.ee\/en\/product\/1-day-acuvue-moist-for-astigmatism\/#breadcrumb"},"inLanguage":"en-US","potentialAction":[{"@type":"ReadAction","target":["https:\/\/myeye.ee\/en\/product\/1-day-acuvue-moist-for-astigmatism\/"]}]},{"@type":"ImageObject","inLanguage":"en-US","@id":"https:\/\/myeye.ee\/en\/product\/1-day-acuvue-moist-for-astigmatism\/#primaryimage","url":"https:\/\/myeye.ee\/wp-content\/uploads\/2025\/04\/ACUVUE-Packshot-MOIST-1D-for-ASTIG-30P-Left-UV.jpeg","contentUrl":"https:\/\/myeye.ee\/wp-content\/uploads\/2025\/04\/ACUVUE-Packshot-MOIST-1D-for-ASTIG-30P-Left-UV.jpeg","width":1001,"height":1003,"caption":"1 DAY ACUVUE MOIST for Astigmatism \u2013 daily toric lenses for astigmatism correction"},{"@type":"BreadcrumbList","@id":"https:\/\/myeye.ee\/en\/product\/1-day-acuvue-moist-for-astigmatism\/#breadcrumb","itemListElement":[{"@type":"ListItem","position":1,"name":"Home","item":"https:\/\/myeye.ee\/en\/"},{"@type":"ListItem","position":2,"name":"Shop","item":"https:\/\/myeye.ee\/pood\/"},{"@type":"ListItem","position":3,"name":"1 DAY ACUVUE MOIST for astigmatism"}]},{"@type":"WebSite","@id":"https:\/\/myeye.ee\/#website","url":"https:\/\/myeye.ee\/","name":"Myeye","description":"Pakume professionaalset ja usaldusv\u00e4\u00e4rset teenust, kiiret kohaletoimetamist \u00fcle ning kliendis\u00f5bralikku ostukogemust.","publisher":{"@id":"https:\/\/myeye.ee\/#organization"},"potentialAction":[{"@type":"SearchAction","target":{"@type":"EntryPoint","urlTemplate":"https:\/\/myeye.ee\/?s={search_term_string}"},"query-input":{"@type":"PropertyValueSpecification","valueRequired":true,"valueName":"search_term_string"}}],"inLanguage":"en-US"},{"@type":"Organization","@id":"https:\/\/myeye.ee\/#organization","name":"Myeye","url":"https:\/\/myeye.ee\/","logo":{"@type":"ImageObject","inLanguage":"en-US","@id":"https:\/\/myeye.ee\/#\/schema\/logo\/image\/","url":"https:\/\/myeye.ee\/wp-content\/uploads\/2025\/06\/1.png","contentUrl":"https:\/\/myeye.ee\/wp-content\/uploads\/2025\/06\/1.png","width":1563,"height":1563,"caption":"Myeye"},"image":{"@id":"https:\/\/myeye.ee\/#\/schema\/logo\/image\/"},"sameAs":["https:\/\/www.facebook.com\/profile.php?id=61571474589924"]}]}},"_links":{"self":[{"href":"https:\/\/myeye.ee\/en\/wp-json\/wp\/v2\/product\/9016","targetHints":{"allow":["GET"]}}],"collection":[{"href":"https:\/\/myeye.ee\/en\/wp-json\/wp\/v2\/product"}],"about":[{"href":"https:\/\/myeye.ee\/en\/wp-json\/wp\/v2\/types\/product"}],"wp:featuredmedia":[{"embeddable":true,"href":"https:\/\/myeye.ee\/en\/wp-json\/wp\/v2\/media\/7897"}],"wp:attachment":[{"href":"https:\/\/myeye.ee\/en\/wp-json\/wp\/v2\/media?parent=9016"}],"wp:term":[{"taxonomy":"product_brand","embeddable":true,"href":"https:\/\/myeye.ee\/en\/wp-json\/wp\/v2\/product_brand?post=9016"},{"taxonomy":"product_cat","embeddable":true,"href":"https:\/\/myeye.ee\/en\/wp-json\/wp\/v2\/product_cat?post=9016"},{"taxonomy":"product_tag","embeddable":true,"href":"https:\/\/myeye.ee\/en\/wp-json\/wp\/v2\/product_tag?post=9016"}],"curies":[{"name":"wp","href":"https:\/\/api.w.org\/{rel}","templated":true}]}}