{"id":9012,"date":"2025-04-24T09:37:48","date_gmt":"2025-04-24T09:37:48","guid":{"rendered":"https:\/\/myeye.ee\/product\/1-day-acuvue-moist-multifocal\/"},"modified":"2025-12-04T19:35:37","modified_gmt":"2025-12-04T19:35:37","slug":"1-day-acuvue-moist-multifocal","status":"publish","type":"product","link":"https:\/\/myeye.ee\/en\/product\/1-day-acuvue-moist-multifocal\/","title":{"rendered":"1 DAY ACUVUE MOIST multifocal"},"content":{"rendered":"<p>1 DAY ACUVUE MOIST Multifocal \u2013 daily multifocal lenses for sharp vision at any distance<\/p>\n<p>If looking up close has become difficult, it\u2019s time to try daily multifocal lenses. 1 DAY ACUVUE MOIST Multifocal contact lenses are specially designed to correct presbyopia \u2013 so that your vision is sharp both when reading, working on the computer and looking into the distance.<\/p>\n<p>ACUVUE multifocal lenses use a pupil-optimized design that allows for a smooth transition between different distances. The lens follows your natural vision pattern and helps maintain a clear field of vision throughout the day.<\/p>\n<p>Thanks to LACREON\u2122 technology, the lenses are moisturizing and well suited for sensitive or dry eyes. Daily lens replacement reduces discomfort and keeps your eyes clean \u2013 no maintenance solutions are needed.<\/p>\n<p>These are daily lenses that are worn for one day and then thrown away. A simple, convenient and hygienic choice for an active lifestyle.<\/p>\n<p>Advantages at a glance:<br \/>\n\u2013 Daily multifocal lenses for presbyopia correction<br \/>\n\u2013 Suitable for both reading and distance vision<br \/>\n\u2013 LACREON\u2122 technology ensures moisture and comfort<br \/>\n\u2013 Daily use \u2013 no maintenance solution or container required<br \/>\n\u2013 Convenient choice for travel, the office or sports.<\/p>\n<p data-start=\"2069\" data-end=\"2343\">\n","protected":false},"excerpt":{"rendered":"<p>1 DAY ACUVUE MOIST Multifocal \u2013 daily multifocal lenses for sharp vision at any distance If looking up close has become difficult, it\u2019s time to try daily multifocal lenses. 1 DAY ACUVUE MOIST Multifocal contact lenses are specially designed to correct presbyopia \u2013 so that your vision is sharp both when reading, working on the [&hellip;]<\/p>\n","protected":false},"featured_media":7900,"template":"","meta":{"_acf_changed":false},"product_brand":[178],"product_cat":[324,344,325,330],"product_tag":[],"class_list":{"0":"post-9012","1":"product","2":"type-product","3":"status-publish","4":"has-post-thumbnail","6":"product_brand-johnson-johnson","7":"product_cat-contact-lenses","8":"product_cat-daily-contact-lenses","9":"product_cat-multifocal-contact-lenses","10":"product_cat-subscription-order","11":"pa_diameeter-14-3-en","12":"pa_kandmisreziim-paevane-en","13":"pa_kasutusaeg-1-day","14":"pa_kumerus-8-4-en","15":"pa_tootja-johnsonjohnson-en","17":"first","18":"instock","19":"taxable","20":"shipping-taxable","21":"purchasable","22":"product-type-variable-subscription"},"acf":[],"yoast_head":"<!-- This site is optimized with the Yoast SEO Premium plugin v26.4 (Yoast SEO v27.3) - https:\/\/yoast.com\/product\/yoast-seo-premium-wordpress\/ -->\n<title>1 DAY ACUVUE MOIST multifocal - Myeye<\/title>\n<meta name=\"description\" content=\"1 DAY ACUVUE MOIST Multifocal are daily disposable multifocal lenses suitable for the correction of presbyopia and provide clear vision at any distance.\" \/>\n<meta name=\"robots\" content=\"index, follow, max-snippet:-1, max-image-preview:large, max-video-preview:-1\" \/>\n<link rel=\"canonical\" href=\"https:\/\/myeye.ee\/en\/product\/1-day-acuvue-moist-multifocal\/\" \/>\n<meta property=\"og:locale\" content=\"en_US\" \/>\n<meta property=\"og:type\" content=\"article\" \/>\n<meta property=\"og:title\" content=\"1 DAY ACUVUE MOIST multifocal\" \/>\n<meta property=\"og:description\" content=\"1 DAY ACUVUE MOIST Multifocal are daily disposable multifocal lenses suitable for the correction of presbyopia and provide clear vision at any distance.\" \/>\n<meta property=\"og:url\" content=\"https:\/\/myeye.ee\/en\/product\/1-day-acuvue-moist-multifocal\/\" \/>\n<meta property=\"og:site_name\" content=\"Myeye\" \/>\n<meta property=\"article:publisher\" content=\"https:\/\/www.facebook.com\/profile.php?id=61571474589924\" \/>\n<meta property=\"article:modified_time\" content=\"2025-12-04T19:35:37+00:00\" \/>\n<meta property=\"og:image\" content=\"https:\/\/myeye.ee\/wp-content\/uploads\/2025\/04\/ACUVUE-Packshot-MOIST-MF-30P-LEFT-NO-UV-NO-SH-NO-HG.jpeg\" \/>\n\t<meta property=\"og:image:width\" content=\"1001\" \/>\n\t<meta property=\"og:image:height\" content=\"1003\" \/>\n\t<meta property=\"og:image:type\" content=\"image\/jpeg\" \/>\n<meta name=\"twitter:card\" content=\"summary_large_image\" \/>\n<meta name=\"twitter:label1\" content=\"Est. reading time\" \/>\n\t<meta name=\"twitter:data1\" content=\"2 minutes\" \/>\n<script type=\"application\/ld+json\" class=\"yoast-schema-graph\">{\"@context\":\"https:\\\/\\\/schema.org\",\"@graph\":[{\"@type\":\"WebPage\",\"@id\":\"https:\\\/\\\/myeye.ee\\\/en\\\/product\\\/1-day-acuvue-moist-multifocal\\\/\",\"url\":\"https:\\\/\\\/myeye.ee\\\/en\\\/product\\\/1-day-acuvue-moist-multifocal\\\/\",\"name\":\"1 DAY ACUVUE MOIST multifocal - Myeye\",\"isPartOf\":{\"@id\":\"https:\\\/\\\/myeye.ee\\\/#website\"},\"primaryImageOfPage\":{\"@id\":\"https:\\\/\\\/myeye.ee\\\/en\\\/product\\\/1-day-acuvue-moist-multifocal\\\/#primaryimage\"},\"image\":{\"@id\":\"https:\\\/\\\/myeye.ee\\\/en\\\/product\\\/1-day-acuvue-moist-multifocal\\\/#primaryimage\"},\"thumbnailUrl\":\"https:\\\/\\\/myeye.ee\\\/wp-content\\\/uploads\\\/2025\\\/04\\\/ACUVUE-Packshot-MOIST-MF-30P-LEFT-NO-UV-NO-SH-NO-HG.jpeg\",\"datePublished\":\"2025-04-24T09:37:48+00:00\",\"dateModified\":\"2025-12-04T19:35:37+00:00\",\"description\":\"1 DAY ACUVUE MOIST Multifocal are daily disposable multifocal lenses suitable for the correction of presbyopia and provide clear vision at any distance.\",\"breadcrumb\":{\"@id\":\"https:\\\/\\\/myeye.ee\\\/en\\\/product\\\/1-day-acuvue-moist-multifocal\\\/#breadcrumb\"},\"inLanguage\":\"en-US\",\"potentialAction\":[{\"@type\":\"ReadAction\",\"target\":[\"https:\\\/\\\/myeye.ee\\\/en\\\/product\\\/1-day-acuvue-moist-multifocal\\\/\"]}]},{\"@type\":\"ImageObject\",\"inLanguage\":\"en-US\",\"@id\":\"https:\\\/\\\/myeye.ee\\\/en\\\/product\\\/1-day-acuvue-moist-multifocal\\\/#primaryimage\",\"url\":\"https:\\\/\\\/myeye.ee\\\/wp-content\\\/uploads\\\/2025\\\/04\\\/ACUVUE-Packshot-MOIST-MF-30P-LEFT-NO-UV-NO-SH-NO-HG.jpeg\",\"contentUrl\":\"https:\\\/\\\/myeye.ee\\\/wp-content\\\/uploads\\\/2025\\\/04\\\/ACUVUE-Packshot-MOIST-MF-30P-LEFT-NO-UV-NO-SH-NO-HG.jpeg\",\"width\":1001,\"height\":1003,\"caption\":\"1 DAY ACUVUE MOIST Multifocal \u2013 daily multifocal lenses for presbyopia correction\"},{\"@type\":\"BreadcrumbList\",\"@id\":\"https:\\\/\\\/myeye.ee\\\/en\\\/product\\\/1-day-acuvue-moist-multifocal\\\/#breadcrumb\",\"itemListElement\":[{\"@type\":\"ListItem\",\"position\":1,\"name\":\"Home\",\"item\":\"https:\\\/\\\/myeye.ee\\\/en\\\/\"},{\"@type\":\"ListItem\",\"position\":2,\"name\":\"Shop\",\"item\":\"https:\\\/\\\/myeye.ee\\\/pood\\\/\"},{\"@type\":\"ListItem\",\"position\":3,\"name\":\"1 DAY ACUVUE MOIST multifocal\"}]},{\"@type\":\"WebSite\",\"@id\":\"https:\\\/\\\/myeye.ee\\\/#website\",\"url\":\"https:\\\/\\\/myeye.ee\\\/\",\"name\":\"Myeye\",\"description\":\"Pakume professionaalset ja usaldusv\u00e4\u00e4rset teenust, kiiret kohaletoimetamist \u00fcle ning kliendis\u00f5bralikku ostukogemust.\",\"publisher\":{\"@id\":\"https:\\\/\\\/myeye.ee\\\/#organization\"},\"potentialAction\":[{\"@type\":\"SearchAction\",\"target\":{\"@type\":\"EntryPoint\",\"urlTemplate\":\"https:\\\/\\\/myeye.ee\\\/?s={search_term_string}\"},\"query-input\":{\"@type\":\"PropertyValueSpecification\",\"valueRequired\":true,\"valueName\":\"search_term_string\"}}],\"inLanguage\":\"en-US\"},{\"@type\":\"Organization\",\"@id\":\"https:\\\/\\\/myeye.ee\\\/#organization\",\"name\":\"Myeye\",\"url\":\"https:\\\/\\\/myeye.ee\\\/\",\"logo\":{\"@type\":\"ImageObject\",\"inLanguage\":\"en-US\",\"@id\":\"https:\\\/\\\/myeye.ee\\\/#\\\/schema\\\/logo\\\/image\\\/\",\"url\":\"https:\\\/\\\/myeye.ee\\\/wp-content\\\/uploads\\\/2025\\\/06\\\/1.png\",\"contentUrl\":\"https:\\\/\\\/myeye.ee\\\/wp-content\\\/uploads\\\/2025\\\/06\\\/1.png\",\"width\":1563,\"height\":1563,\"caption\":\"Myeye\"},\"image\":{\"@id\":\"https:\\\/\\\/myeye.ee\\\/#\\\/schema\\\/logo\\\/image\\\/\"},\"sameAs\":[\"https:\\\/\\\/www.facebook.com\\\/profile.php?id=61571474589924\"]}]}<\/script>\n<!-- \/ Yoast SEO Premium plugin. -->","yoast_head_json":{"title":"1 DAY ACUVUE MOIST multifocal - Myeye","description":"1 DAY ACUVUE MOIST Multifocal are daily disposable multifocal lenses suitable for the correction of presbyopia and provide clear vision at any distance.","robots":{"index":"index","follow":"follow","max-snippet":"max-snippet:-1","max-image-preview":"max-image-preview:large","max-video-preview":"max-video-preview:-1"},"canonical":"https:\/\/myeye.ee\/en\/product\/1-day-acuvue-moist-multifocal\/","og_locale":"en_US","og_type":"article","og_title":"1 DAY ACUVUE MOIST multifocal","og_description":"1 DAY ACUVUE MOIST Multifocal are daily disposable multifocal lenses suitable for the correction of presbyopia and provide clear vision at any distance.","og_url":"https:\/\/myeye.ee\/en\/product\/1-day-acuvue-moist-multifocal\/","og_site_name":"Myeye","article_publisher":"https:\/\/www.facebook.com\/profile.php?id=61571474589924","article_modified_time":"2025-12-04T19:35:37+00:00","og_image":[{"width":1001,"height":1003,"url":"https:\/\/myeye.ee\/wp-content\/uploads\/2025\/04\/ACUVUE-Packshot-MOIST-MF-30P-LEFT-NO-UV-NO-SH-NO-HG.jpeg","type":"image\/jpeg"}],"twitter_card":"summary_large_image","twitter_misc":{"Est. reading time":"2 minutes"},"schema":{"@context":"https:\/\/schema.org","@graph":[{"@type":"WebPage","@id":"https:\/\/myeye.ee\/en\/product\/1-day-acuvue-moist-multifocal\/","url":"https:\/\/myeye.ee\/en\/product\/1-day-acuvue-moist-multifocal\/","name":"1 DAY ACUVUE MOIST multifocal - Myeye","isPartOf":{"@id":"https:\/\/myeye.ee\/#website"},"primaryImageOfPage":{"@id":"https:\/\/myeye.ee\/en\/product\/1-day-acuvue-moist-multifocal\/#primaryimage"},"image":{"@id":"https:\/\/myeye.ee\/en\/product\/1-day-acuvue-moist-multifocal\/#primaryimage"},"thumbnailUrl":"https:\/\/myeye.ee\/wp-content\/uploads\/2025\/04\/ACUVUE-Packshot-MOIST-MF-30P-LEFT-NO-UV-NO-SH-NO-HG.jpeg","datePublished":"2025-04-24T09:37:48+00:00","dateModified":"2025-12-04T19:35:37+00:00","description":"1 DAY ACUVUE MOIST Multifocal are daily disposable multifocal lenses suitable for the correction of presbyopia and provide clear vision at any distance.","breadcrumb":{"@id":"https:\/\/myeye.ee\/en\/product\/1-day-acuvue-moist-multifocal\/#breadcrumb"},"inLanguage":"en-US","potentialAction":[{"@type":"ReadAction","target":["https:\/\/myeye.ee\/en\/product\/1-day-acuvue-moist-multifocal\/"]}]},{"@type":"ImageObject","inLanguage":"en-US","@id":"https:\/\/myeye.ee\/en\/product\/1-day-acuvue-moist-multifocal\/#primaryimage","url":"https:\/\/myeye.ee\/wp-content\/uploads\/2025\/04\/ACUVUE-Packshot-MOIST-MF-30P-LEFT-NO-UV-NO-SH-NO-HG.jpeg","contentUrl":"https:\/\/myeye.ee\/wp-content\/uploads\/2025\/04\/ACUVUE-Packshot-MOIST-MF-30P-LEFT-NO-UV-NO-SH-NO-HG.jpeg","width":1001,"height":1003,"caption":"1 DAY ACUVUE MOIST Multifocal \u2013 daily multifocal lenses for presbyopia correction"},{"@type":"BreadcrumbList","@id":"https:\/\/myeye.ee\/en\/product\/1-day-acuvue-moist-multifocal\/#breadcrumb","itemListElement":[{"@type":"ListItem","position":1,"name":"Home","item":"https:\/\/myeye.ee\/en\/"},{"@type":"ListItem","position":2,"name":"Shop","item":"https:\/\/myeye.ee\/pood\/"},{"@type":"ListItem","position":3,"name":"1 DAY ACUVUE MOIST multifocal"}]},{"@type":"WebSite","@id":"https:\/\/myeye.ee\/#website","url":"https:\/\/myeye.ee\/","name":"Myeye","description":"Pakume professionaalset ja usaldusv\u00e4\u00e4rset teenust, kiiret kohaletoimetamist \u00fcle ning kliendis\u00f5bralikku ostukogemust.","publisher":{"@id":"https:\/\/myeye.ee\/#organization"},"potentialAction":[{"@type":"SearchAction","target":{"@type":"EntryPoint","urlTemplate":"https:\/\/myeye.ee\/?s={search_term_string}"},"query-input":{"@type":"PropertyValueSpecification","valueRequired":true,"valueName":"search_term_string"}}],"inLanguage":"en-US"},{"@type":"Organization","@id":"https:\/\/myeye.ee\/#organization","name":"Myeye","url":"https:\/\/myeye.ee\/","logo":{"@type":"ImageObject","inLanguage":"en-US","@id":"https:\/\/myeye.ee\/#\/schema\/logo\/image\/","url":"https:\/\/myeye.ee\/wp-content\/uploads\/2025\/06\/1.png","contentUrl":"https:\/\/myeye.ee\/wp-content\/uploads\/2025\/06\/1.png","width":1563,"height":1563,"caption":"Myeye"},"image":{"@id":"https:\/\/myeye.ee\/#\/schema\/logo\/image\/"},"sameAs":["https:\/\/www.facebook.com\/profile.php?id=61571474589924"]}]}},"_links":{"self":[{"href":"https:\/\/myeye.ee\/en\/wp-json\/wp\/v2\/product\/9012","targetHints":{"allow":["GET"]}}],"collection":[{"href":"https:\/\/myeye.ee\/en\/wp-json\/wp\/v2\/product"}],"about":[{"href":"https:\/\/myeye.ee\/en\/wp-json\/wp\/v2\/types\/product"}],"wp:featuredmedia":[{"embeddable":true,"href":"https:\/\/myeye.ee\/en\/wp-json\/wp\/v2\/media\/7900"}],"wp:attachment":[{"href":"https:\/\/myeye.ee\/en\/wp-json\/wp\/v2\/media?parent=9012"}],"wp:term":[{"taxonomy":"product_brand","embeddable":true,"href":"https:\/\/myeye.ee\/en\/wp-json\/wp\/v2\/product_brand?post=9012"},{"taxonomy":"product_cat","embeddable":true,"href":"https:\/\/myeye.ee\/en\/wp-json\/wp\/v2\/product_cat?post=9012"},{"taxonomy":"product_tag","embeddable":true,"href":"https:\/\/myeye.ee\/en\/wp-json\/wp\/v2\/product_tag?post=9012"}],"curies":[{"name":"wp","href":"https:\/\/api.w.org\/{rel}","templated":true}]}}