{"id":9000,"date":"2025-04-24T09:49:14","date_gmt":"2025-04-24T09:49:14","guid":{"rendered":"https:\/\/myeye.ee\/product\/1-day-acuvue-oasys-for-astigmatism\/"},"modified":"2025-12-04T19:30:08","modified_gmt":"2025-12-04T19:30:08","slug":"1-day-acuvue-oasys-for-astigmatism","status":"publish","type":"product","link":"https:\/\/myeye.ee\/en\/product\/1-day-acuvue-oasys-for-astigmatism\/","title":{"rendered":"1 DAY ACUVUE OASYS for astigmatism"},"content":{"rendered":"<p>1 DAY ACUVUE OASYS for Astigmatism \u2013 daily toric lenses for clear vision<\/p>\n<p>1 DAY ACUVUE OASYS for Astigmatism are specially designed toric lenses that correct astigmatism. These are daily disposable lenses that provide stable, distortion-free vision at any distance \u2013 whether you\u2019re working on a screen, reading or driving.<\/p>\n<p>In astigmatism, the cornea or lens of the eye is unevenly shaped, causing light to refract unevenly. The result can be blurry or distorted vision. ACUVUE OASYS toric lenses use Accelerated Stabilization Design\u2122 technology, which keeps the lens in the correct position even when your eyes move quickly.<\/p>\n<p>Thanks to HydraLuxe\u2122 technology, your eyes stay hydrated all day long, reducing dryness and eye fatigue. This makes these lenses also suitable for sensitive eyes or people who work in front of a screen.<\/p>\n<p>As these are daily disposable lenses, there is no need to clean or store them \u2013 use and throw them away. Hygienic, simple and convenient.<\/p>\n<p>Benefits at a glance:<br \/>\n\u2013 Daily toric lenses for astigmatism correction<br \/>\n\u2013 Stable and clear vision throughout the day<br \/>\n\u2013 HydraLuxe\u2122 technology ensures moisture balance<br \/>\n\u2013 No need for maintenance solution or container<br \/>\n\u2013 Suitable for active lifestyles and sensitive eyes.<\/p>\n<p data-start=\"1927\" data-end=\"2156\">\n","protected":false},"excerpt":{"rendered":"<p>1 DAY ACUVUE OASYS for Astigmatism \u2013 daily toric lenses for clear vision 1 DAY ACUVUE OASYS for Astigmatism are specially designed toric lenses that correct astigmatism. These are daily disposable lenses that provide stable, distortion-free vision at any distance \u2013 whether you\u2019re working on a screen, reading or driving. In astigmatism, the cornea or [&hellip;]<\/p>\n","protected":false},"featured_media":7903,"template":"","meta":{"_acf_changed":false},"product_brand":[178],"product_cat":[324,344,330,343],"product_tag":[],"class_list":{"0":"post-9000","1":"product","2":"type-product","3":"status-publish","4":"has-post-thumbnail","6":"product_brand-johnson-johnson","7":"product_cat-contact-lenses","8":"product_cat-daily-contact-lenses","9":"product_cat-subscription-order","10":"product_cat-toric-astigmatism-lenses","11":"pa_diameeter-14-3-en","12":"pa_kandmisreziim-paevane-en","13":"pa_kasutusaeg-1-day","14":"pa_kumerus-8-5-en","15":"pa_tootja-johnsonjohnson-en","17":"first","18":"instock","19":"taxable","20":"shipping-taxable","21":"purchasable","22":"product-type-variable-subscription"},"acf":[],"yoast_head":"<!-- This site is optimized with the Yoast SEO Premium plugin v26.4 (Yoast SEO v27.3) - https:\/\/yoast.com\/product\/yoast-seo-premium-wordpress\/ -->\n<title>1 DAY ACUVUE OASYS for astigmatism - Myeye<\/title>\n<meta name=\"description\" content=\"1 DAY ACUVUE OASYS for Astigmatism are toric daily disposable lenses that correct astigmatism and provide clear and stable vision.\" \/>\n<meta name=\"robots\" content=\"index, follow, max-snippet:-1, max-image-preview:large, max-video-preview:-1\" \/>\n<link rel=\"canonical\" href=\"https:\/\/myeye.ee\/en\/product\/1-day-acuvue-oasys-for-astigmatism\/\" \/>\n<meta property=\"og:locale\" content=\"en_US\" \/>\n<meta property=\"og:type\" content=\"article\" \/>\n<meta property=\"og:title\" content=\"1 DAY ACUVUE OASYS for astigmatism\" \/>\n<meta property=\"og:description\" content=\"1 DAY ACUVUE OASYS for Astigmatism are toric daily disposable lenses that correct astigmatism and provide clear and stable vision.\" \/>\n<meta property=\"og:url\" content=\"https:\/\/myeye.ee\/en\/product\/1-day-acuvue-oasys-for-astigmatism\/\" \/>\n<meta property=\"og:site_name\" content=\"Myeye\" \/>\n<meta property=\"article:publisher\" content=\"https:\/\/www.facebook.com\/profile.php?id=61571474589924\" \/>\n<meta property=\"article:modified_time\" content=\"2025-12-04T19:30:08+00:00\" \/>\n<meta property=\"og:image\" content=\"https:\/\/myeye.ee\/wp-content\/uploads\/2025\/04\/ACUVUE-Packshot-OASYS-1D-with-HydraLuxe-for-ASTIG-30P-Left-UV.jpeg\" \/>\n\t<meta property=\"og:image:width\" content=\"1001\" \/>\n\t<meta property=\"og:image:height\" content=\"1003\" \/>\n\t<meta property=\"og:image:type\" content=\"image\/jpeg\" \/>\n<meta name=\"twitter:card\" content=\"summary_large_image\" \/>\n<meta name=\"twitter:label1\" content=\"Est. reading time\" \/>\n\t<meta name=\"twitter:data1\" content=\"2 minutes\" \/>\n<script type=\"application\/ld+json\" class=\"yoast-schema-graph\">{\"@context\":\"https:\\\/\\\/schema.org\",\"@graph\":[{\"@type\":\"WebPage\",\"@id\":\"https:\\\/\\\/myeye.ee\\\/en\\\/product\\\/1-day-acuvue-oasys-for-astigmatism\\\/\",\"url\":\"https:\\\/\\\/myeye.ee\\\/en\\\/product\\\/1-day-acuvue-oasys-for-astigmatism\\\/\",\"name\":\"1 DAY ACUVUE OASYS for astigmatism - Myeye\",\"isPartOf\":{\"@id\":\"https:\\\/\\\/myeye.ee\\\/#website\"},\"primaryImageOfPage\":{\"@id\":\"https:\\\/\\\/myeye.ee\\\/en\\\/product\\\/1-day-acuvue-oasys-for-astigmatism\\\/#primaryimage\"},\"image\":{\"@id\":\"https:\\\/\\\/myeye.ee\\\/en\\\/product\\\/1-day-acuvue-oasys-for-astigmatism\\\/#primaryimage\"},\"thumbnailUrl\":\"https:\\\/\\\/myeye.ee\\\/wp-content\\\/uploads\\\/2025\\\/04\\\/ACUVUE-Packshot-OASYS-1D-with-HydraLuxe-for-ASTIG-30P-Left-UV.jpeg\",\"datePublished\":\"2025-04-24T09:49:14+00:00\",\"dateModified\":\"2025-12-04T19:30:08+00:00\",\"description\":\"1 DAY ACUVUE OASYS for Astigmatism are toric daily disposable lenses that correct astigmatism and provide clear and stable vision.\",\"breadcrumb\":{\"@id\":\"https:\\\/\\\/myeye.ee\\\/en\\\/product\\\/1-day-acuvue-oasys-for-astigmatism\\\/#breadcrumb\"},\"inLanguage\":\"en-US\",\"potentialAction\":[{\"@type\":\"ReadAction\",\"target\":[\"https:\\\/\\\/myeye.ee\\\/en\\\/product\\\/1-day-acuvue-oasys-for-astigmatism\\\/\"]}]},{\"@type\":\"ImageObject\",\"inLanguage\":\"en-US\",\"@id\":\"https:\\\/\\\/myeye.ee\\\/en\\\/product\\\/1-day-acuvue-oasys-for-astigmatism\\\/#primaryimage\",\"url\":\"https:\\\/\\\/myeye.ee\\\/wp-content\\\/uploads\\\/2025\\\/04\\\/ACUVUE-Packshot-OASYS-1D-with-HydraLuxe-for-ASTIG-30P-Left-UV.jpeg\",\"contentUrl\":\"https:\\\/\\\/myeye.ee\\\/wp-content\\\/uploads\\\/2025\\\/04\\\/ACUVUE-Packshot-OASYS-1D-with-HydraLuxe-for-ASTIG-30P-Left-UV.jpeg\",\"width\":1001,\"height\":1003,\"caption\":\"1 DAY ACUVUE OASYS for Astigmatism \u2013 daily toric lenses for astigmatism correction\"},{\"@type\":\"BreadcrumbList\",\"@id\":\"https:\\\/\\\/myeye.ee\\\/en\\\/product\\\/1-day-acuvue-oasys-for-astigmatism\\\/#breadcrumb\",\"itemListElement\":[{\"@type\":\"ListItem\",\"position\":1,\"name\":\"Home\",\"item\":\"https:\\\/\\\/myeye.ee\\\/en\\\/\"},{\"@type\":\"ListItem\",\"position\":2,\"name\":\"Shop\",\"item\":\"https:\\\/\\\/myeye.ee\\\/pood\\\/\"},{\"@type\":\"ListItem\",\"position\":3,\"name\":\"1 DAY ACUVUE OASYS for astigmatism\"}]},{\"@type\":\"WebSite\",\"@id\":\"https:\\\/\\\/myeye.ee\\\/#website\",\"url\":\"https:\\\/\\\/myeye.ee\\\/\",\"name\":\"Myeye\",\"description\":\"Pakume professionaalset ja usaldusv\u00e4\u00e4rset teenust, kiiret kohaletoimetamist \u00fcle ning kliendis\u00f5bralikku ostukogemust.\",\"publisher\":{\"@id\":\"https:\\\/\\\/myeye.ee\\\/#organization\"},\"potentialAction\":[{\"@type\":\"SearchAction\",\"target\":{\"@type\":\"EntryPoint\",\"urlTemplate\":\"https:\\\/\\\/myeye.ee\\\/?s={search_term_string}\"},\"query-input\":{\"@type\":\"PropertyValueSpecification\",\"valueRequired\":true,\"valueName\":\"search_term_string\"}}],\"inLanguage\":\"en-US\"},{\"@type\":\"Organization\",\"@id\":\"https:\\\/\\\/myeye.ee\\\/#organization\",\"name\":\"Myeye\",\"url\":\"https:\\\/\\\/myeye.ee\\\/\",\"logo\":{\"@type\":\"ImageObject\",\"inLanguage\":\"en-US\",\"@id\":\"https:\\\/\\\/myeye.ee\\\/#\\\/schema\\\/logo\\\/image\\\/\",\"url\":\"https:\\\/\\\/myeye.ee\\\/wp-content\\\/uploads\\\/2025\\\/06\\\/1.png\",\"contentUrl\":\"https:\\\/\\\/myeye.ee\\\/wp-content\\\/uploads\\\/2025\\\/06\\\/1.png\",\"width\":1563,\"height\":1563,\"caption\":\"Myeye\"},\"image\":{\"@id\":\"https:\\\/\\\/myeye.ee\\\/#\\\/schema\\\/logo\\\/image\\\/\"},\"sameAs\":[\"https:\\\/\\\/www.facebook.com\\\/profile.php?id=61571474589924\"]}]}<\/script>\n<!-- \/ Yoast SEO Premium plugin. -->","yoast_head_json":{"title":"1 DAY ACUVUE OASYS for astigmatism - Myeye","description":"1 DAY ACUVUE OASYS for Astigmatism are toric daily disposable lenses that correct astigmatism and provide clear and stable vision.","robots":{"index":"index","follow":"follow","max-snippet":"max-snippet:-1","max-image-preview":"max-image-preview:large","max-video-preview":"max-video-preview:-1"},"canonical":"https:\/\/myeye.ee\/en\/product\/1-day-acuvue-oasys-for-astigmatism\/","og_locale":"en_US","og_type":"article","og_title":"1 DAY ACUVUE OASYS for astigmatism","og_description":"1 DAY ACUVUE OASYS for Astigmatism are toric daily disposable lenses that correct astigmatism and provide clear and stable vision.","og_url":"https:\/\/myeye.ee\/en\/product\/1-day-acuvue-oasys-for-astigmatism\/","og_site_name":"Myeye","article_publisher":"https:\/\/www.facebook.com\/profile.php?id=61571474589924","article_modified_time":"2025-12-04T19:30:08+00:00","og_image":[{"width":1001,"height":1003,"url":"https:\/\/myeye.ee\/wp-content\/uploads\/2025\/04\/ACUVUE-Packshot-OASYS-1D-with-HydraLuxe-for-ASTIG-30P-Left-UV.jpeg","type":"image\/jpeg"}],"twitter_card":"summary_large_image","twitter_misc":{"Est. reading time":"2 minutes"},"schema":{"@context":"https:\/\/schema.org","@graph":[{"@type":"WebPage","@id":"https:\/\/myeye.ee\/en\/product\/1-day-acuvue-oasys-for-astigmatism\/","url":"https:\/\/myeye.ee\/en\/product\/1-day-acuvue-oasys-for-astigmatism\/","name":"1 DAY ACUVUE OASYS for astigmatism - Myeye","isPartOf":{"@id":"https:\/\/myeye.ee\/#website"},"primaryImageOfPage":{"@id":"https:\/\/myeye.ee\/en\/product\/1-day-acuvue-oasys-for-astigmatism\/#primaryimage"},"image":{"@id":"https:\/\/myeye.ee\/en\/product\/1-day-acuvue-oasys-for-astigmatism\/#primaryimage"},"thumbnailUrl":"https:\/\/myeye.ee\/wp-content\/uploads\/2025\/04\/ACUVUE-Packshot-OASYS-1D-with-HydraLuxe-for-ASTIG-30P-Left-UV.jpeg","datePublished":"2025-04-24T09:49:14+00:00","dateModified":"2025-12-04T19:30:08+00:00","description":"1 DAY ACUVUE OASYS for Astigmatism are toric daily disposable lenses that correct astigmatism and provide clear and stable vision.","breadcrumb":{"@id":"https:\/\/myeye.ee\/en\/product\/1-day-acuvue-oasys-for-astigmatism\/#breadcrumb"},"inLanguage":"en-US","potentialAction":[{"@type":"ReadAction","target":["https:\/\/myeye.ee\/en\/product\/1-day-acuvue-oasys-for-astigmatism\/"]}]},{"@type":"ImageObject","inLanguage":"en-US","@id":"https:\/\/myeye.ee\/en\/product\/1-day-acuvue-oasys-for-astigmatism\/#primaryimage","url":"https:\/\/myeye.ee\/wp-content\/uploads\/2025\/04\/ACUVUE-Packshot-OASYS-1D-with-HydraLuxe-for-ASTIG-30P-Left-UV.jpeg","contentUrl":"https:\/\/myeye.ee\/wp-content\/uploads\/2025\/04\/ACUVUE-Packshot-OASYS-1D-with-HydraLuxe-for-ASTIG-30P-Left-UV.jpeg","width":1001,"height":1003,"caption":"1 DAY ACUVUE OASYS for Astigmatism \u2013 daily toric lenses for astigmatism correction"},{"@type":"BreadcrumbList","@id":"https:\/\/myeye.ee\/en\/product\/1-day-acuvue-oasys-for-astigmatism\/#breadcrumb","itemListElement":[{"@type":"ListItem","position":1,"name":"Home","item":"https:\/\/myeye.ee\/en\/"},{"@type":"ListItem","position":2,"name":"Shop","item":"https:\/\/myeye.ee\/pood\/"},{"@type":"ListItem","position":3,"name":"1 DAY ACUVUE OASYS for astigmatism"}]},{"@type":"WebSite","@id":"https:\/\/myeye.ee\/#website","url":"https:\/\/myeye.ee\/","name":"Myeye","description":"Pakume professionaalset ja usaldusv\u00e4\u00e4rset teenust, kiiret kohaletoimetamist \u00fcle ning kliendis\u00f5bralikku ostukogemust.","publisher":{"@id":"https:\/\/myeye.ee\/#organization"},"potentialAction":[{"@type":"SearchAction","target":{"@type":"EntryPoint","urlTemplate":"https:\/\/myeye.ee\/?s={search_term_string}"},"query-input":{"@type":"PropertyValueSpecification","valueRequired":true,"valueName":"search_term_string"}}],"inLanguage":"en-US"},{"@type":"Organization","@id":"https:\/\/myeye.ee\/#organization","name":"Myeye","url":"https:\/\/myeye.ee\/","logo":{"@type":"ImageObject","inLanguage":"en-US","@id":"https:\/\/myeye.ee\/#\/schema\/logo\/image\/","url":"https:\/\/myeye.ee\/wp-content\/uploads\/2025\/06\/1.png","contentUrl":"https:\/\/myeye.ee\/wp-content\/uploads\/2025\/06\/1.png","width":1563,"height":1563,"caption":"Myeye"},"image":{"@id":"https:\/\/myeye.ee\/#\/schema\/logo\/image\/"},"sameAs":["https:\/\/www.facebook.com\/profile.php?id=61571474589924"]}]}},"_links":{"self":[{"href":"https:\/\/myeye.ee\/en\/wp-json\/wp\/v2\/product\/9000","targetHints":{"allow":["GET"]}}],"collection":[{"href":"https:\/\/myeye.ee\/en\/wp-json\/wp\/v2\/product"}],"about":[{"href":"https:\/\/myeye.ee\/en\/wp-json\/wp\/v2\/types\/product"}],"wp:featuredmedia":[{"embeddable":true,"href":"https:\/\/myeye.ee\/en\/wp-json\/wp\/v2\/media\/7903"}],"wp:attachment":[{"href":"https:\/\/myeye.ee\/en\/wp-json\/wp\/v2\/media?parent=9000"}],"wp:term":[{"taxonomy":"product_brand","embeddable":true,"href":"https:\/\/myeye.ee\/en\/wp-json\/wp\/v2\/product_brand?post=9000"},{"taxonomy":"product_cat","embeddable":true,"href":"https:\/\/myeye.ee\/en\/wp-json\/wp\/v2\/product_cat?post=9000"},{"taxonomy":"product_tag","embeddable":true,"href":"https:\/\/myeye.ee\/en\/wp-json\/wp\/v2\/product_tag?post=9000"}],"curies":[{"name":"wp","href":"https:\/\/api.w.org\/{rel}","templated":true}]}}