{"id":8996,"date":"2025-04-24T09:54:04","date_gmt":"2025-04-24T09:54:04","guid":{"rendered":"https:\/\/myeye.ee\/product\/1-day-acuvue-oasys-max\/"},"modified":"2025-12-04T19:28:12","modified_gmt":"2025-12-04T19:28:12","slug":"1-day-acuvue-oasys-max","status":"publish","type":"product","link":"https:\/\/myeye.ee\/en\/product\/1-day-acuvue-oasys-max\/","title":{"rendered":"1 DAY ACUVUE OASYS MAX"},"content":{"rendered":"<p>1 DAY ACUVUE OASYS MAX \u2013 clear vision at every step<\/p>\n<p>A busy day, an active lifestyle or sports training \u2013 your eyes need comfortable and secure contact lenses that keep your vision clear even when you\u2019re on the move.<br \/>\n1 DAY ACUVUE OASYS MAX are daily disposable lenses that are perfect for those who value freshness, simplicity and sharp vision at all times.<\/p>\n<p>These contact lenses are designed for daily wear: put them in the morning, take them out in the evening. No cleaning or container required \u2013 hygienic and quick.<br \/>\nThanks to TearStable\u2122 and OptiBlue\u2122 technologies, the lenses stay moisturized and help reduce eye fatigue even at the end of a long day.<\/p>\n<p>A special blue filter reduces distracting light reflection and improves contrast. This makes these lenses a good choice for those who move a lot outdoors or play sports.<\/p>\n<p>A good choice if:<\/p>\n<p>you need daily disposable contact lenses for quick and convenient use<\/p>\n<p>your eyes tend to get dry<\/p>\n<p>you are looking for lenses that are also suitable for exercise and sports<\/p>\n<p>you want good vision in dim and bright light conditions.<\/p>\n<p data-start=\"1741\" data-end=\"1962\">\n","protected":false},"excerpt":{"rendered":"<p>1 DAY ACUVUE OASYS MAX \u2013 clear vision at every step A busy day, an active lifestyle or sports training \u2013 your eyes need comfortable and secure contact lenses that keep your vision clear even when you\u2019re on the move. 1 DAY ACUVUE OASYS MAX are daily disposable lenses that are perfect for those who [&hellip;]<\/p>\n","protected":false},"featured_media":7905,"template":"","meta":{"_acf_changed":false},"product_brand":[178],"product_cat":[324,344,329,330],"product_tag":[],"class_list":{"0":"post-8996","1":"product","2":"type-product","3":"status-publish","4":"has-post-thumbnail","6":"product_brand-johnson-johnson","7":"product_cat-contact-lenses","8":"product_cat-daily-contact-lenses","9":"product_cat-regular-contact-lenses","10":"product_cat-subscription-order","11":"pa_diameeter-14-3-en","12":"pa_kandmisreziim-paevane-en","13":"pa_kasutusaeg-1-day","14":"pa_kumerus-8-5-en","15":"pa_kumerus-9-0-en","16":"pa_tootja-johnsonjohnson-en","18":"first","19":"instock","20":"taxable","21":"shipping-taxable","22":"purchasable","23":"product-type-variable-subscription"},"acf":[],"yoast_head":"<!-- This site is optimized with the Yoast SEO Premium plugin v26.4 (Yoast SEO v27.3) - https:\/\/yoast.com\/product\/yoast-seo-premium-wordpress\/ -->\n<title>1 DAY ACUVUE OASYS MAX - Myeye<\/title>\n<meta name=\"description\" content=\"1 DAY ACUVUE OASYS MAX are daily disposable contact lenses that provide sharp vision and comfort even during exercise or sports.\" \/>\n<meta name=\"robots\" content=\"index, follow, max-snippet:-1, max-image-preview:large, max-video-preview:-1\" \/>\n<link rel=\"canonical\" href=\"https:\/\/myeye.ee\/en\/product\/1-day-acuvue-oasys-max\/\" \/>\n<meta property=\"og:locale\" content=\"en_US\" \/>\n<meta property=\"og:type\" content=\"article\" \/>\n<meta property=\"og:title\" content=\"1 DAY ACUVUE OASYS MAX\" \/>\n<meta property=\"og:description\" content=\"1 DAY ACUVUE OASYS MAX are daily disposable contact lenses that provide sharp vision and comfort even during exercise or sports.\" \/>\n<meta property=\"og:url\" content=\"https:\/\/myeye.ee\/en\/product\/1-day-acuvue-oasys-max\/\" \/>\n<meta property=\"og:site_name\" content=\"Myeye\" \/>\n<meta property=\"article:publisher\" content=\"https:\/\/www.facebook.com\/profile.php?id=61571474589924\" \/>\n<meta property=\"article:modified_time\" content=\"2025-12-04T19:28:12+00:00\" \/>\n<meta property=\"og:image\" content=\"https:\/\/myeye.ee\/wp-content\/uploads\/2025\/04\/ACUVUE-Packshot-OASYS-MAX-1-Day-Sphere-30pk-RX_Minus_OL_LEFT_NO_UV-Transparent.jpeg\" \/>\n\t<meta property=\"og:image:width\" content=\"1001\" \/>\n\t<meta property=\"og:image:height\" content=\"1003\" \/>\n\t<meta property=\"og:image:type\" content=\"image\/jpeg\" \/>\n<meta name=\"twitter:card\" content=\"summary_large_image\" \/>\n<meta name=\"twitter:label1\" content=\"Est. reading time\" \/>\n\t<meta name=\"twitter:data1\" content=\"2 minutes\" \/>\n<script type=\"application\/ld+json\" class=\"yoast-schema-graph\">{\"@context\":\"https:\\\/\\\/schema.org\",\"@graph\":[{\"@type\":\"WebPage\",\"@id\":\"https:\\\/\\\/myeye.ee\\\/en\\\/product\\\/1-day-acuvue-oasys-max\\\/\",\"url\":\"https:\\\/\\\/myeye.ee\\\/en\\\/product\\\/1-day-acuvue-oasys-max\\\/\",\"name\":\"1 DAY ACUVUE OASYS MAX - Myeye\",\"isPartOf\":{\"@id\":\"https:\\\/\\\/myeye.ee\\\/#website\"},\"primaryImageOfPage\":{\"@id\":\"https:\\\/\\\/myeye.ee\\\/en\\\/product\\\/1-day-acuvue-oasys-max\\\/#primaryimage\"},\"image\":{\"@id\":\"https:\\\/\\\/myeye.ee\\\/en\\\/product\\\/1-day-acuvue-oasys-max\\\/#primaryimage\"},\"thumbnailUrl\":\"https:\\\/\\\/myeye.ee\\\/wp-content\\\/uploads\\\/2025\\\/04\\\/ACUVUE-Packshot-OASYS-MAX-1-Day-Sphere-30pk-RX_Minus_OL_LEFT_NO_UV-Transparent.jpeg\",\"datePublished\":\"2025-04-24T09:54:04+00:00\",\"dateModified\":\"2025-12-04T19:28:12+00:00\",\"description\":\"1 DAY ACUVUE OASYS MAX are daily disposable contact lenses that provide sharp vision and comfort even during exercise or sports.\",\"breadcrumb\":{\"@id\":\"https:\\\/\\\/myeye.ee\\\/en\\\/product\\\/1-day-acuvue-oasys-max\\\/#breadcrumb\"},\"inLanguage\":\"en-US\",\"potentialAction\":[{\"@type\":\"ReadAction\",\"target\":[\"https:\\\/\\\/myeye.ee\\\/en\\\/product\\\/1-day-acuvue-oasys-max\\\/\"]}]},{\"@type\":\"ImageObject\",\"inLanguage\":\"en-US\",\"@id\":\"https:\\\/\\\/myeye.ee\\\/en\\\/product\\\/1-day-acuvue-oasys-max\\\/#primaryimage\",\"url\":\"https:\\\/\\\/myeye.ee\\\/wp-content\\\/uploads\\\/2025\\\/04\\\/ACUVUE-Packshot-OASYS-MAX-1-Day-Sphere-30pk-RX_Minus_OL_LEFT_NO_UV-Transparent.jpeg\",\"contentUrl\":\"https:\\\/\\\/myeye.ee\\\/wp-content\\\/uploads\\\/2025\\\/04\\\/ACUVUE-Packshot-OASYS-MAX-1-Day-Sphere-30pk-RX_Minus_OL_LEFT_NO_UV-Transparent.jpeg\",\"width\":1001,\"height\":1003,\"caption\":\"1 DAY ACUVUE OASYS MAX \u2013 daily disposable contact lenses for active wearers\"},{\"@type\":\"BreadcrumbList\",\"@id\":\"https:\\\/\\\/myeye.ee\\\/en\\\/product\\\/1-day-acuvue-oasys-max\\\/#breadcrumb\",\"itemListElement\":[{\"@type\":\"ListItem\",\"position\":1,\"name\":\"Home\",\"item\":\"https:\\\/\\\/myeye.ee\\\/en\\\/\"},{\"@type\":\"ListItem\",\"position\":2,\"name\":\"Shop\",\"item\":\"https:\\\/\\\/myeye.ee\\\/pood\\\/\"},{\"@type\":\"ListItem\",\"position\":3,\"name\":\"1 DAY ACUVUE OASYS MAX\"}]},{\"@type\":\"WebSite\",\"@id\":\"https:\\\/\\\/myeye.ee\\\/#website\",\"url\":\"https:\\\/\\\/myeye.ee\\\/\",\"name\":\"Myeye\",\"description\":\"Pakume professionaalset ja usaldusv\u00e4\u00e4rset teenust, kiiret kohaletoimetamist \u00fcle ning kliendis\u00f5bralikku ostukogemust.\",\"publisher\":{\"@id\":\"https:\\\/\\\/myeye.ee\\\/#organization\"},\"potentialAction\":[{\"@type\":\"SearchAction\",\"target\":{\"@type\":\"EntryPoint\",\"urlTemplate\":\"https:\\\/\\\/myeye.ee\\\/?s={search_term_string}\"},\"query-input\":{\"@type\":\"PropertyValueSpecification\",\"valueRequired\":true,\"valueName\":\"search_term_string\"}}],\"inLanguage\":\"en-US\"},{\"@type\":\"Organization\",\"@id\":\"https:\\\/\\\/myeye.ee\\\/#organization\",\"name\":\"Myeye\",\"url\":\"https:\\\/\\\/myeye.ee\\\/\",\"logo\":{\"@type\":\"ImageObject\",\"inLanguage\":\"en-US\",\"@id\":\"https:\\\/\\\/myeye.ee\\\/#\\\/schema\\\/logo\\\/image\\\/\",\"url\":\"https:\\\/\\\/myeye.ee\\\/wp-content\\\/uploads\\\/2025\\\/06\\\/1.png\",\"contentUrl\":\"https:\\\/\\\/myeye.ee\\\/wp-content\\\/uploads\\\/2025\\\/06\\\/1.png\",\"width\":1563,\"height\":1563,\"caption\":\"Myeye\"},\"image\":{\"@id\":\"https:\\\/\\\/myeye.ee\\\/#\\\/schema\\\/logo\\\/image\\\/\"},\"sameAs\":[\"https:\\\/\\\/www.facebook.com\\\/profile.php?id=61571474589924\"]}]}<\/script>\n<!-- \/ Yoast SEO Premium plugin. -->","yoast_head_json":{"title":"1 DAY ACUVUE OASYS MAX - Myeye","description":"1 DAY ACUVUE OASYS MAX are daily disposable contact lenses that provide sharp vision and comfort even during exercise or sports.","robots":{"index":"index","follow":"follow","max-snippet":"max-snippet:-1","max-image-preview":"max-image-preview:large","max-video-preview":"max-video-preview:-1"},"canonical":"https:\/\/myeye.ee\/en\/product\/1-day-acuvue-oasys-max\/","og_locale":"en_US","og_type":"article","og_title":"1 DAY ACUVUE OASYS MAX","og_description":"1 DAY ACUVUE OASYS MAX are daily disposable contact lenses that provide sharp vision and comfort even during exercise or sports.","og_url":"https:\/\/myeye.ee\/en\/product\/1-day-acuvue-oasys-max\/","og_site_name":"Myeye","article_publisher":"https:\/\/www.facebook.com\/profile.php?id=61571474589924","article_modified_time":"2025-12-04T19:28:12+00:00","og_image":[{"width":1001,"height":1003,"url":"https:\/\/myeye.ee\/wp-content\/uploads\/2025\/04\/ACUVUE-Packshot-OASYS-MAX-1-Day-Sphere-30pk-RX_Minus_OL_LEFT_NO_UV-Transparent.jpeg","type":"image\/jpeg"}],"twitter_card":"summary_large_image","twitter_misc":{"Est. reading time":"2 minutes"},"schema":{"@context":"https:\/\/schema.org","@graph":[{"@type":"WebPage","@id":"https:\/\/myeye.ee\/en\/product\/1-day-acuvue-oasys-max\/","url":"https:\/\/myeye.ee\/en\/product\/1-day-acuvue-oasys-max\/","name":"1 DAY ACUVUE OASYS MAX - Myeye","isPartOf":{"@id":"https:\/\/myeye.ee\/#website"},"primaryImageOfPage":{"@id":"https:\/\/myeye.ee\/en\/product\/1-day-acuvue-oasys-max\/#primaryimage"},"image":{"@id":"https:\/\/myeye.ee\/en\/product\/1-day-acuvue-oasys-max\/#primaryimage"},"thumbnailUrl":"https:\/\/myeye.ee\/wp-content\/uploads\/2025\/04\/ACUVUE-Packshot-OASYS-MAX-1-Day-Sphere-30pk-RX_Minus_OL_LEFT_NO_UV-Transparent.jpeg","datePublished":"2025-04-24T09:54:04+00:00","dateModified":"2025-12-04T19:28:12+00:00","description":"1 DAY ACUVUE OASYS MAX are daily disposable contact lenses that provide sharp vision and comfort even during exercise or sports.","breadcrumb":{"@id":"https:\/\/myeye.ee\/en\/product\/1-day-acuvue-oasys-max\/#breadcrumb"},"inLanguage":"en-US","potentialAction":[{"@type":"ReadAction","target":["https:\/\/myeye.ee\/en\/product\/1-day-acuvue-oasys-max\/"]}]},{"@type":"ImageObject","inLanguage":"en-US","@id":"https:\/\/myeye.ee\/en\/product\/1-day-acuvue-oasys-max\/#primaryimage","url":"https:\/\/myeye.ee\/wp-content\/uploads\/2025\/04\/ACUVUE-Packshot-OASYS-MAX-1-Day-Sphere-30pk-RX_Minus_OL_LEFT_NO_UV-Transparent.jpeg","contentUrl":"https:\/\/myeye.ee\/wp-content\/uploads\/2025\/04\/ACUVUE-Packshot-OASYS-MAX-1-Day-Sphere-30pk-RX_Minus_OL_LEFT_NO_UV-Transparent.jpeg","width":1001,"height":1003,"caption":"1 DAY ACUVUE OASYS MAX \u2013 daily disposable contact lenses for active wearers"},{"@type":"BreadcrumbList","@id":"https:\/\/myeye.ee\/en\/product\/1-day-acuvue-oasys-max\/#breadcrumb","itemListElement":[{"@type":"ListItem","position":1,"name":"Home","item":"https:\/\/myeye.ee\/en\/"},{"@type":"ListItem","position":2,"name":"Shop","item":"https:\/\/myeye.ee\/pood\/"},{"@type":"ListItem","position":3,"name":"1 DAY ACUVUE OASYS MAX"}]},{"@type":"WebSite","@id":"https:\/\/myeye.ee\/#website","url":"https:\/\/myeye.ee\/","name":"Myeye","description":"Pakume professionaalset ja usaldusv\u00e4\u00e4rset teenust, kiiret kohaletoimetamist \u00fcle ning kliendis\u00f5bralikku ostukogemust.","publisher":{"@id":"https:\/\/myeye.ee\/#organization"},"potentialAction":[{"@type":"SearchAction","target":{"@type":"EntryPoint","urlTemplate":"https:\/\/myeye.ee\/?s={search_term_string}"},"query-input":{"@type":"PropertyValueSpecification","valueRequired":true,"valueName":"search_term_string"}}],"inLanguage":"en-US"},{"@type":"Organization","@id":"https:\/\/myeye.ee\/#organization","name":"Myeye","url":"https:\/\/myeye.ee\/","logo":{"@type":"ImageObject","inLanguage":"en-US","@id":"https:\/\/myeye.ee\/#\/schema\/logo\/image\/","url":"https:\/\/myeye.ee\/wp-content\/uploads\/2025\/06\/1.png","contentUrl":"https:\/\/myeye.ee\/wp-content\/uploads\/2025\/06\/1.png","width":1563,"height":1563,"caption":"Myeye"},"image":{"@id":"https:\/\/myeye.ee\/#\/schema\/logo\/image\/"},"sameAs":["https:\/\/www.facebook.com\/profile.php?id=61571474589924"]}]}},"_links":{"self":[{"href":"https:\/\/myeye.ee\/en\/wp-json\/wp\/v2\/product\/8996","targetHints":{"allow":["GET"]}}],"collection":[{"href":"https:\/\/myeye.ee\/en\/wp-json\/wp\/v2\/product"}],"about":[{"href":"https:\/\/myeye.ee\/en\/wp-json\/wp\/v2\/types\/product"}],"wp:featuredmedia":[{"embeddable":true,"href":"https:\/\/myeye.ee\/en\/wp-json\/wp\/v2\/media\/7905"}],"wp:attachment":[{"href":"https:\/\/myeye.ee\/en\/wp-json\/wp\/v2\/media?parent=8996"}],"wp:term":[{"taxonomy":"product_brand","embeddable":true,"href":"https:\/\/myeye.ee\/en\/wp-json\/wp\/v2\/product_brand?post=8996"},{"taxonomy":"product_cat","embeddable":true,"href":"https:\/\/myeye.ee\/en\/wp-json\/wp\/v2\/product_cat?post=8996"},{"taxonomy":"product_tag","embeddable":true,"href":"https:\/\/myeye.ee\/en\/wp-json\/wp\/v2\/product_tag?post=8996"}],"curies":[{"name":"wp","href":"https:\/\/api.w.org\/{rel}","templated":true}]}}