{"id":8992,"date":"2025-04-24T09:58:37","date_gmt":"2025-04-24T09:58:37","guid":{"rendered":"https:\/\/myeye.ee\/product\/1-day-acuvue-oasys-max-multifocal\/"},"modified":"2025-12-04T19:14:44","modified_gmt":"2025-12-04T19:14:44","slug":"1-day-acuvue-oasys-max-multifocal","status":"publish","type":"product","link":"https:\/\/myeye.ee\/en\/product\/1-day-acuvue-oasys-max-multifocal\/","title":{"rendered":"1 DAY ACUVUE OASYS MAX multifocal"},"content":{"rendered":"<p>1 DAY ACUVUE OASYS MAX Multifocal \u2013 See clearly at all distances<\/p>\n<p>When reading becomes difficult and your eyes need help with different distances, consider multifocal lenses.<br \/>\n1 DAY ACUVUE OASYS MAX Multifocal are daily lenses designed specifically for presbyopia correction \u2013 so you can see clearly at near, intermediate and far distances.<\/p>\n<p>These lenses use the latest technology to ensure a smooth transition in vision without jumps or blurring. At the same time, a natural field of vision is maintained.<br \/>\nThe lenses are designed for daily wear: put them in the morning and throw them away at night.<br \/>\nNo cleaning or storage required \u2013 a convenient solution for everyday use.<\/p>\n<p>Thanks to TearStable\u2122 and OptiBlue\u2122 technologies, your eyes stay moisturized and your vision is clear even in difficult lighting conditions.<br \/>\nWell suited for an active lifestyle and eyes working in front of a screen.<\/p>\n<p>Why choose these lenses?<br \/>\n\u2013 Clear vision at any distance<br \/>\n\u2013 Multifocal lenses for presbyopia<br \/>\n\u2013 Daily lenses \u2013 hygienic and comfortable<br \/>\n\u2013 Moisture and contrast-supporting technology<br \/>\n\u2013 Easy to use, no maintenance solution required<\/p>\n<p data-start=\"1960\" data-end=\"2203\">\n","protected":false},"excerpt":{"rendered":"<p>1 DAY ACUVUE OASYS MAX Multifocal \u2013 See clearly at all distances When reading becomes difficult and your eyes need help with different distances, consider multifocal lenses. 1 DAY ACUVUE OASYS MAX Multifocal are daily lenses designed specifically for presbyopia correction \u2013 so you can see clearly at near, intermediate and far distances. These lenses [&hellip;]<\/p>\n","protected":false},"featured_media":7904,"template":"","meta":{"_acf_changed":false},"product_brand":[178],"product_cat":[324,344,325,330],"product_tag":[],"class_list":{"0":"post-8992","1":"product","2":"type-product","3":"status-publish","4":"has-post-thumbnail","6":"product_brand-johnson-johnson","7":"product_cat-contact-lenses","8":"product_cat-daily-contact-lenses","9":"product_cat-multifocal-contact-lenses","10":"product_cat-subscription-order","11":"pa_diameeter-14-3-en","12":"pa_kandmisreziim-paevane-en","13":"pa_kasutusaeg-1-day","14":"pa_kumerus-8-4-en","15":"pa_tootja-johnsonjohnson-en","17":"first","18":"instock","19":"taxable","20":"shipping-taxable","21":"purchasable","22":"product-type-variable-subscription"},"acf":[],"yoast_head":"<!-- This site is optimized with the Yoast SEO Premium plugin v26.4 (Yoast SEO v27.3) - https:\/\/yoast.com\/product\/yoast-seo-premium-wordpress\/ -->\n<title>1 DAY ACUVUE OASYS MAX multifocal - Myeye<\/title>\n<meta name=\"description\" content=\"1 DAY ACUVUE OASYS MAX Multifocal are daily multifocal lenses that correct presbyopia and ensure clear vision at any distance.\" \/>\n<meta name=\"robots\" content=\"index, follow, max-snippet:-1, max-image-preview:large, max-video-preview:-1\" \/>\n<link rel=\"canonical\" href=\"https:\/\/myeye.ee\/en\/product\/1-day-acuvue-oasys-max-multifocal\/\" \/>\n<meta property=\"og:locale\" content=\"en_US\" \/>\n<meta property=\"og:type\" content=\"article\" \/>\n<meta property=\"og:title\" content=\"1 DAY ACUVUE OASYS MAX multifocal\" \/>\n<meta property=\"og:description\" content=\"1 DAY ACUVUE OASYS MAX Multifocal are daily multifocal lenses that correct presbyopia and ensure clear vision at any distance.\" \/>\n<meta property=\"og:url\" content=\"https:\/\/myeye.ee\/en\/product\/1-day-acuvue-oasys-max-multifocal\/\" \/>\n<meta property=\"og:site_name\" content=\"Myeye\" \/>\n<meta property=\"article:publisher\" content=\"https:\/\/www.facebook.com\/profile.php?id=61571474589924\" \/>\n<meta property=\"article:modified_time\" content=\"2025-12-04T19:14:44+00:00\" \/>\n<meta property=\"og:image\" content=\"https:\/\/myeye.ee\/wp-content\/uploads\/2025\/04\/ACUVUE-Packshot-OASYS-MAX-1-Day-Multifocal-30pk-RX_OL_LEFT_NO_UV-Transparent.jpeg\" \/>\n\t<meta property=\"og:image:width\" content=\"1001\" \/>\n\t<meta property=\"og:image:height\" content=\"1003\" \/>\n\t<meta property=\"og:image:type\" content=\"image\/jpeg\" \/>\n<meta name=\"twitter:card\" content=\"summary_large_image\" \/>\n<meta name=\"twitter:label1\" content=\"Est. reading time\" \/>\n\t<meta name=\"twitter:data1\" content=\"2 minutes\" \/>\n<script type=\"application\/ld+json\" class=\"yoast-schema-graph\">{\"@context\":\"https:\\\/\\\/schema.org\",\"@graph\":[{\"@type\":\"WebPage\",\"@id\":\"https:\\\/\\\/myeye.ee\\\/en\\\/product\\\/1-day-acuvue-oasys-max-multifocal\\\/\",\"url\":\"https:\\\/\\\/myeye.ee\\\/en\\\/product\\\/1-day-acuvue-oasys-max-multifocal\\\/\",\"name\":\"1 DAY ACUVUE OASYS MAX multifocal - Myeye\",\"isPartOf\":{\"@id\":\"https:\\\/\\\/myeye.ee\\\/#website\"},\"primaryImageOfPage\":{\"@id\":\"https:\\\/\\\/myeye.ee\\\/en\\\/product\\\/1-day-acuvue-oasys-max-multifocal\\\/#primaryimage\"},\"image\":{\"@id\":\"https:\\\/\\\/myeye.ee\\\/en\\\/product\\\/1-day-acuvue-oasys-max-multifocal\\\/#primaryimage\"},\"thumbnailUrl\":\"https:\\\/\\\/myeye.ee\\\/wp-content\\\/uploads\\\/2025\\\/04\\\/ACUVUE-Packshot-OASYS-MAX-1-Day-Multifocal-30pk-RX_OL_LEFT_NO_UV-Transparent.jpeg\",\"datePublished\":\"2025-04-24T09:58:37+00:00\",\"dateModified\":\"2025-12-04T19:14:44+00:00\",\"description\":\"1 DAY ACUVUE OASYS MAX Multifocal are daily multifocal lenses that correct presbyopia and ensure clear vision at any distance.\",\"breadcrumb\":{\"@id\":\"https:\\\/\\\/myeye.ee\\\/en\\\/product\\\/1-day-acuvue-oasys-max-multifocal\\\/#breadcrumb\"},\"inLanguage\":\"en-US\",\"potentialAction\":[{\"@type\":\"ReadAction\",\"target\":[\"https:\\\/\\\/myeye.ee\\\/en\\\/product\\\/1-day-acuvue-oasys-max-multifocal\\\/\"]}]},{\"@type\":\"ImageObject\",\"inLanguage\":\"en-US\",\"@id\":\"https:\\\/\\\/myeye.ee\\\/en\\\/product\\\/1-day-acuvue-oasys-max-multifocal\\\/#primaryimage\",\"url\":\"https:\\\/\\\/myeye.ee\\\/wp-content\\\/uploads\\\/2025\\\/04\\\/ACUVUE-Packshot-OASYS-MAX-1-Day-Multifocal-30pk-RX_OL_LEFT_NO_UV-Transparent.jpeg\",\"contentUrl\":\"https:\\\/\\\/myeye.ee\\\/wp-content\\\/uploads\\\/2025\\\/04\\\/ACUVUE-Packshot-OASYS-MAX-1-Day-Multifocal-30pk-RX_OL_LEFT_NO_UV-Transparent.jpeg\",\"width\":1001,\"height\":1003,\"caption\":\"1 DAY ACUVUE OASYS MAX multifocal daily lenses for presbyopia correction\"},{\"@type\":\"BreadcrumbList\",\"@id\":\"https:\\\/\\\/myeye.ee\\\/en\\\/product\\\/1-day-acuvue-oasys-max-multifocal\\\/#breadcrumb\",\"itemListElement\":[{\"@type\":\"ListItem\",\"position\":1,\"name\":\"Home\",\"item\":\"https:\\\/\\\/myeye.ee\\\/en\\\/\"},{\"@type\":\"ListItem\",\"position\":2,\"name\":\"Shop\",\"item\":\"https:\\\/\\\/myeye.ee\\\/pood\\\/\"},{\"@type\":\"ListItem\",\"position\":3,\"name\":\"1 DAY ACUVUE OASYS MAX multifocal\"}]},{\"@type\":\"WebSite\",\"@id\":\"https:\\\/\\\/myeye.ee\\\/#website\",\"url\":\"https:\\\/\\\/myeye.ee\\\/\",\"name\":\"Myeye\",\"description\":\"Pakume professionaalset ja usaldusv\u00e4\u00e4rset teenust, kiiret kohaletoimetamist \u00fcle ning kliendis\u00f5bralikku ostukogemust.\",\"publisher\":{\"@id\":\"https:\\\/\\\/myeye.ee\\\/#organization\"},\"potentialAction\":[{\"@type\":\"SearchAction\",\"target\":{\"@type\":\"EntryPoint\",\"urlTemplate\":\"https:\\\/\\\/myeye.ee\\\/?s={search_term_string}\"},\"query-input\":{\"@type\":\"PropertyValueSpecification\",\"valueRequired\":true,\"valueName\":\"search_term_string\"}}],\"inLanguage\":\"en-US\"},{\"@type\":\"Organization\",\"@id\":\"https:\\\/\\\/myeye.ee\\\/#organization\",\"name\":\"Myeye\",\"url\":\"https:\\\/\\\/myeye.ee\\\/\",\"logo\":{\"@type\":\"ImageObject\",\"inLanguage\":\"en-US\",\"@id\":\"https:\\\/\\\/myeye.ee\\\/#\\\/schema\\\/logo\\\/image\\\/\",\"url\":\"https:\\\/\\\/myeye.ee\\\/wp-content\\\/uploads\\\/2025\\\/06\\\/1.png\",\"contentUrl\":\"https:\\\/\\\/myeye.ee\\\/wp-content\\\/uploads\\\/2025\\\/06\\\/1.png\",\"width\":1563,\"height\":1563,\"caption\":\"Myeye\"},\"image\":{\"@id\":\"https:\\\/\\\/myeye.ee\\\/#\\\/schema\\\/logo\\\/image\\\/\"},\"sameAs\":[\"https:\\\/\\\/www.facebook.com\\\/profile.php?id=61571474589924\"]}]}<\/script>\n<!-- \/ Yoast SEO Premium plugin. -->","yoast_head_json":{"title":"1 DAY ACUVUE OASYS MAX multifocal - Myeye","description":"1 DAY ACUVUE OASYS MAX Multifocal are daily multifocal lenses that correct presbyopia and ensure clear vision at any distance.","robots":{"index":"index","follow":"follow","max-snippet":"max-snippet:-1","max-image-preview":"max-image-preview:large","max-video-preview":"max-video-preview:-1"},"canonical":"https:\/\/myeye.ee\/en\/product\/1-day-acuvue-oasys-max-multifocal\/","og_locale":"en_US","og_type":"article","og_title":"1 DAY ACUVUE OASYS MAX multifocal","og_description":"1 DAY ACUVUE OASYS MAX Multifocal are daily multifocal lenses that correct presbyopia and ensure clear vision at any distance.","og_url":"https:\/\/myeye.ee\/en\/product\/1-day-acuvue-oasys-max-multifocal\/","og_site_name":"Myeye","article_publisher":"https:\/\/www.facebook.com\/profile.php?id=61571474589924","article_modified_time":"2025-12-04T19:14:44+00:00","og_image":[{"width":1001,"height":1003,"url":"https:\/\/myeye.ee\/wp-content\/uploads\/2025\/04\/ACUVUE-Packshot-OASYS-MAX-1-Day-Multifocal-30pk-RX_OL_LEFT_NO_UV-Transparent.jpeg","type":"image\/jpeg"}],"twitter_card":"summary_large_image","twitter_misc":{"Est. reading time":"2 minutes"},"schema":{"@context":"https:\/\/schema.org","@graph":[{"@type":"WebPage","@id":"https:\/\/myeye.ee\/en\/product\/1-day-acuvue-oasys-max-multifocal\/","url":"https:\/\/myeye.ee\/en\/product\/1-day-acuvue-oasys-max-multifocal\/","name":"1 DAY ACUVUE OASYS MAX multifocal - Myeye","isPartOf":{"@id":"https:\/\/myeye.ee\/#website"},"primaryImageOfPage":{"@id":"https:\/\/myeye.ee\/en\/product\/1-day-acuvue-oasys-max-multifocal\/#primaryimage"},"image":{"@id":"https:\/\/myeye.ee\/en\/product\/1-day-acuvue-oasys-max-multifocal\/#primaryimage"},"thumbnailUrl":"https:\/\/myeye.ee\/wp-content\/uploads\/2025\/04\/ACUVUE-Packshot-OASYS-MAX-1-Day-Multifocal-30pk-RX_OL_LEFT_NO_UV-Transparent.jpeg","datePublished":"2025-04-24T09:58:37+00:00","dateModified":"2025-12-04T19:14:44+00:00","description":"1 DAY ACUVUE OASYS MAX Multifocal are daily multifocal lenses that correct presbyopia and ensure clear vision at any distance.","breadcrumb":{"@id":"https:\/\/myeye.ee\/en\/product\/1-day-acuvue-oasys-max-multifocal\/#breadcrumb"},"inLanguage":"en-US","potentialAction":[{"@type":"ReadAction","target":["https:\/\/myeye.ee\/en\/product\/1-day-acuvue-oasys-max-multifocal\/"]}]},{"@type":"ImageObject","inLanguage":"en-US","@id":"https:\/\/myeye.ee\/en\/product\/1-day-acuvue-oasys-max-multifocal\/#primaryimage","url":"https:\/\/myeye.ee\/wp-content\/uploads\/2025\/04\/ACUVUE-Packshot-OASYS-MAX-1-Day-Multifocal-30pk-RX_OL_LEFT_NO_UV-Transparent.jpeg","contentUrl":"https:\/\/myeye.ee\/wp-content\/uploads\/2025\/04\/ACUVUE-Packshot-OASYS-MAX-1-Day-Multifocal-30pk-RX_OL_LEFT_NO_UV-Transparent.jpeg","width":1001,"height":1003,"caption":"1 DAY ACUVUE OASYS MAX multifocal daily lenses for presbyopia correction"},{"@type":"BreadcrumbList","@id":"https:\/\/myeye.ee\/en\/product\/1-day-acuvue-oasys-max-multifocal\/#breadcrumb","itemListElement":[{"@type":"ListItem","position":1,"name":"Home","item":"https:\/\/myeye.ee\/en\/"},{"@type":"ListItem","position":2,"name":"Shop","item":"https:\/\/myeye.ee\/pood\/"},{"@type":"ListItem","position":3,"name":"1 DAY ACUVUE OASYS MAX multifocal"}]},{"@type":"WebSite","@id":"https:\/\/myeye.ee\/#website","url":"https:\/\/myeye.ee\/","name":"Myeye","description":"Pakume professionaalset ja usaldusv\u00e4\u00e4rset teenust, kiiret kohaletoimetamist \u00fcle ning kliendis\u00f5bralikku ostukogemust.","publisher":{"@id":"https:\/\/myeye.ee\/#organization"},"potentialAction":[{"@type":"SearchAction","target":{"@type":"EntryPoint","urlTemplate":"https:\/\/myeye.ee\/?s={search_term_string}"},"query-input":{"@type":"PropertyValueSpecification","valueRequired":true,"valueName":"search_term_string"}}],"inLanguage":"en-US"},{"@type":"Organization","@id":"https:\/\/myeye.ee\/#organization","name":"Myeye","url":"https:\/\/myeye.ee\/","logo":{"@type":"ImageObject","inLanguage":"en-US","@id":"https:\/\/myeye.ee\/#\/schema\/logo\/image\/","url":"https:\/\/myeye.ee\/wp-content\/uploads\/2025\/06\/1.png","contentUrl":"https:\/\/myeye.ee\/wp-content\/uploads\/2025\/06\/1.png","width":1563,"height":1563,"caption":"Myeye"},"image":{"@id":"https:\/\/myeye.ee\/#\/schema\/logo\/image\/"},"sameAs":["https:\/\/www.facebook.com\/profile.php?id=61571474589924"]}]}},"_links":{"self":[{"href":"https:\/\/myeye.ee\/en\/wp-json\/wp\/v2\/product\/8992","targetHints":{"allow":["GET"]}}],"collection":[{"href":"https:\/\/myeye.ee\/en\/wp-json\/wp\/v2\/product"}],"about":[{"href":"https:\/\/myeye.ee\/en\/wp-json\/wp\/v2\/types\/product"}],"wp:featuredmedia":[{"embeddable":true,"href":"https:\/\/myeye.ee\/en\/wp-json\/wp\/v2\/media\/7904"}],"wp:attachment":[{"href":"https:\/\/myeye.ee\/en\/wp-json\/wp\/v2\/media?parent=8992"}],"wp:term":[{"taxonomy":"product_brand","embeddable":true,"href":"https:\/\/myeye.ee\/en\/wp-json\/wp\/v2\/product_brand?post=8992"},{"taxonomy":"product_cat","embeddable":true,"href":"https:\/\/myeye.ee\/en\/wp-json\/wp\/v2\/product_cat?post=8992"},{"taxonomy":"product_tag","embeddable":true,"href":"https:\/\/myeye.ee\/en\/wp-json\/wp\/v2\/product_tag?post=8992"}],"curies":[{"name":"wp","href":"https:\/\/api.w.org\/{rel}","templated":true}]}}