{"id":8988,"date":"2025-04-24T10:14:04","date_gmt":"2025-04-24T10:14:04","guid":{"rendered":"https:\/\/myeye.ee\/product\/acuvue-oasys-6pcs\/"},"modified":"2025-12-04T19:12:47","modified_gmt":"2025-12-04T19:12:47","slug":"acuvue-oasys-6pcs","status":"publish","type":"product","link":"https:\/\/myeye.ee\/en\/product\/acuvue-oasys-6pcs\/","title":{"rendered":"ACUVUE OASYS \u00a06pcs"},"content":{"rendered":"<p>ACUVUE OASYS Contact Lenses \u2013 Hydration and Comfort for Two Weeks<\/p>\n<p>ACUVUE OASYS contact lenses are designed for two-week wear and are suitable for those with sensitive or easily dry eyes. The 8.4 mm and 8.8 mm curvature radius ensures a good fit on the eye and a secure fit throughout the day.<\/p>\n<p>The lenses are made of silicone hydrogel and use HydraClear\u00ae Plus technology, which helps maintain eye moisture. This is especially important for those who work in front of screens, stay in air-conditioned rooms or feel dry eyes at the end of the day.<\/p>\n<p>ACUVUE OASYS lenses allow a large amount of oxygen to pass through, which helps keep your eyes clear and fresh. In addition, these contact lenses also provide UV protection, which helps protect your eyes from harmful sunlight.<\/p>\n<p>Key features:<br \/>\n\u2013 6 lenses per pack<br \/>\n\u2013 Wear time: up to 14 days<br \/>\n\u2013 HydraClear\u00ae Plus technology<br \/>\n\u2013 Moisture-wicking material<br \/>\n\u2013 Good oxygen permeability<br \/>\n\u2013 UV protection<br \/>\n\u2013 Suitable for wearers with dry and sensitive eyes<\/p>\n<p>ACUVUE OASYS lenses are suitable for daily wear for those who want stable and clear vision with a comfortable wearing experience. With regular replacement and care, wearing comfort remains stable.<\/p>\n","protected":false},"excerpt":{"rendered":"<p>ACUVUE OASYS Contact Lenses \u2013 Hydration and Comfort for Two Weeks ACUVUE OASYS contact lenses are designed for two-week wear and are suitable for those with sensitive or easily dry eyes. The 8.4 mm and 8.8 mm curvature radius ensures a good fit on the eye and a secure fit throughout the day. The lenses [&hellip;]<\/p>\n","protected":false},"featured_media":7906,"template":"","meta":{"_acf_changed":false},"product_brand":[178],"product_cat":[324,329,330,331],"product_tag":[],"class_list":{"0":"post-8988","1":"product","2":"type-product","3":"status-publish","4":"has-post-thumbnail","6":"product_brand-johnson-johnson","7":"product_cat-contact-lenses","8":"product_cat-regular-contact-lenses","9":"product_cat-subscription-order","10":"product_cat-two-week-contact-lenses","11":"pa_diameeter-14-0-en","12":"pa_kandmisreziim-24-7","13":"pa_kasutusaeg-2-weeks","14":"pa_kumerus-8-4-en","15":"pa_kumerus-8-8-en","16":"pa_tootja-johnsonjohnson-en","18":"first","19":"instock","20":"taxable","21":"shipping-taxable","22":"purchasable","23":"product-type-variable-subscription"},"acf":[],"yoast_head":"<!-- This site is optimized with the Yoast SEO Premium plugin v26.4 (Yoast SEO v27.3) - https:\/\/yoast.com\/product\/yoast-seo-premium-wordpress\/ -->\n<title>ACUVUE OASYS \u00a06pcs - Myeye<\/title>\n<meta name=\"description\" content=\"ACUVUE OASYS contact lenses (6 pcs) provide strong moisture and UV protection. Suitable for dry eyes. Wearing period up to 14 days.\" \/>\n<meta name=\"robots\" content=\"index, follow, max-snippet:-1, max-image-preview:large, max-video-preview:-1\" \/>\n<link rel=\"canonical\" href=\"https:\/\/myeye.ee\/en\/product\/acuvue-oasys-6pcs\/\" \/>\n<meta property=\"og:locale\" content=\"en_US\" \/>\n<meta property=\"og:type\" content=\"article\" \/>\n<meta property=\"og:title\" content=\"ACUVUE OASYS \u00a06pcs\" \/>\n<meta property=\"og:description\" content=\"ACUVUE OASYS contact lenses (6 pcs) provide strong moisture and UV protection. Suitable for dry eyes. Wearing period up to 14 days.\" \/>\n<meta property=\"og:url\" content=\"https:\/\/myeye.ee\/en\/product\/acuvue-oasys-6pcs\/\" \/>\n<meta property=\"og:site_name\" content=\"Myeye\" \/>\n<meta property=\"article:publisher\" content=\"https:\/\/www.facebook.com\/profile.php?id=61571474589924\" \/>\n<meta property=\"article:modified_time\" content=\"2025-12-04T19:12:47+00:00\" \/>\n<meta property=\"og:image\" content=\"https:\/\/myeye.ee\/wp-content\/uploads\/2025\/04\/ACUVUE-Packshot-OASYS-w-HYDRACLEAR-6P-Left-NO-UV.jpeg\" \/>\n\t<meta property=\"og:image:width\" content=\"1001\" \/>\n\t<meta property=\"og:image:height\" content=\"1003\" \/>\n\t<meta property=\"og:image:type\" content=\"image\/jpeg\" \/>\n<meta name=\"twitter:card\" content=\"summary_large_image\" \/>\n<meta name=\"twitter:label1\" content=\"Est. reading time\" \/>\n\t<meta name=\"twitter:data1\" content=\"2 minutes\" \/>\n<script type=\"application\/ld+json\" class=\"yoast-schema-graph\">{\"@context\":\"https:\\\/\\\/schema.org\",\"@graph\":[{\"@type\":\"WebPage\",\"@id\":\"https:\\\/\\\/myeye.ee\\\/en\\\/product\\\/acuvue-oasys-6pcs\\\/\",\"url\":\"https:\\\/\\\/myeye.ee\\\/en\\\/product\\\/acuvue-oasys-6pcs\\\/\",\"name\":\"ACUVUE OASYS \u00a06pcs - Myeye\",\"isPartOf\":{\"@id\":\"https:\\\/\\\/myeye.ee\\\/#website\"},\"primaryImageOfPage\":{\"@id\":\"https:\\\/\\\/myeye.ee\\\/en\\\/product\\\/acuvue-oasys-6pcs\\\/#primaryimage\"},\"image\":{\"@id\":\"https:\\\/\\\/myeye.ee\\\/en\\\/product\\\/acuvue-oasys-6pcs\\\/#primaryimage\"},\"thumbnailUrl\":\"https:\\\/\\\/myeye.ee\\\/wp-content\\\/uploads\\\/2025\\\/04\\\/ACUVUE-Packshot-OASYS-w-HYDRACLEAR-6P-Left-NO-UV.jpeg\",\"datePublished\":\"2025-04-24T10:14:04+00:00\",\"dateModified\":\"2025-12-04T19:12:47+00:00\",\"description\":\"ACUVUE OASYS contact lenses (6 pcs) provide strong moisture and UV protection. Suitable for dry eyes. Wearing period up to 14 days.\",\"breadcrumb\":{\"@id\":\"https:\\\/\\\/myeye.ee\\\/en\\\/product\\\/acuvue-oasys-6pcs\\\/#breadcrumb\"},\"inLanguage\":\"en-US\",\"potentialAction\":[{\"@type\":\"ReadAction\",\"target\":[\"https:\\\/\\\/myeye.ee\\\/en\\\/product\\\/acuvue-oasys-6pcs\\\/\"]}]},{\"@type\":\"ImageObject\",\"inLanguage\":\"en-US\",\"@id\":\"https:\\\/\\\/myeye.ee\\\/en\\\/product\\\/acuvue-oasys-6pcs\\\/#primaryimage\",\"url\":\"https:\\\/\\\/myeye.ee\\\/wp-content\\\/uploads\\\/2025\\\/04\\\/ACUVUE-Packshot-OASYS-w-HYDRACLEAR-6P-Left-NO-UV.jpeg\",\"contentUrl\":\"https:\\\/\\\/myeye.ee\\\/wp-content\\\/uploads\\\/2025\\\/04\\\/ACUVUE-Packshot-OASYS-w-HYDRACLEAR-6P-Left-NO-UV.jpeg\",\"width\":1001,\"height\":1003,\"caption\":\"Contact lenses ACUVUE OASYS 8.4 in close-up\"},{\"@type\":\"BreadcrumbList\",\"@id\":\"https:\\\/\\\/myeye.ee\\\/en\\\/product\\\/acuvue-oasys-6pcs\\\/#breadcrumb\",\"itemListElement\":[{\"@type\":\"ListItem\",\"position\":1,\"name\":\"Home\",\"item\":\"https:\\\/\\\/myeye.ee\\\/en\\\/\"},{\"@type\":\"ListItem\",\"position\":2,\"name\":\"Shop\",\"item\":\"https:\\\/\\\/myeye.ee\\\/pood\\\/\"},{\"@type\":\"ListItem\",\"position\":3,\"name\":\"ACUVUE OASYS \u00a06pcs\"}]},{\"@type\":\"WebSite\",\"@id\":\"https:\\\/\\\/myeye.ee\\\/#website\",\"url\":\"https:\\\/\\\/myeye.ee\\\/\",\"name\":\"Myeye\",\"description\":\"Pakume professionaalset ja usaldusv\u00e4\u00e4rset teenust, kiiret kohaletoimetamist \u00fcle ning kliendis\u00f5bralikku ostukogemust.\",\"publisher\":{\"@id\":\"https:\\\/\\\/myeye.ee\\\/#organization\"},\"potentialAction\":[{\"@type\":\"SearchAction\",\"target\":{\"@type\":\"EntryPoint\",\"urlTemplate\":\"https:\\\/\\\/myeye.ee\\\/?s={search_term_string}\"},\"query-input\":{\"@type\":\"PropertyValueSpecification\",\"valueRequired\":true,\"valueName\":\"search_term_string\"}}],\"inLanguage\":\"en-US\"},{\"@type\":\"Organization\",\"@id\":\"https:\\\/\\\/myeye.ee\\\/#organization\",\"name\":\"Myeye\",\"url\":\"https:\\\/\\\/myeye.ee\\\/\",\"logo\":{\"@type\":\"ImageObject\",\"inLanguage\":\"en-US\",\"@id\":\"https:\\\/\\\/myeye.ee\\\/#\\\/schema\\\/logo\\\/image\\\/\",\"url\":\"https:\\\/\\\/myeye.ee\\\/wp-content\\\/uploads\\\/2025\\\/06\\\/1.png\",\"contentUrl\":\"https:\\\/\\\/myeye.ee\\\/wp-content\\\/uploads\\\/2025\\\/06\\\/1.png\",\"width\":1563,\"height\":1563,\"caption\":\"Myeye\"},\"image\":{\"@id\":\"https:\\\/\\\/myeye.ee\\\/#\\\/schema\\\/logo\\\/image\\\/\"},\"sameAs\":[\"https:\\\/\\\/www.facebook.com\\\/profile.php?id=61571474589924\"]}]}<\/script>\n<!-- \/ Yoast SEO Premium plugin. -->","yoast_head_json":{"title":"ACUVUE OASYS \u00a06pcs - Myeye","description":"ACUVUE OASYS contact lenses (6 pcs) provide strong moisture and UV protection. Suitable for dry eyes. Wearing period up to 14 days.","robots":{"index":"index","follow":"follow","max-snippet":"max-snippet:-1","max-image-preview":"max-image-preview:large","max-video-preview":"max-video-preview:-1"},"canonical":"https:\/\/myeye.ee\/en\/product\/acuvue-oasys-6pcs\/","og_locale":"en_US","og_type":"article","og_title":"ACUVUE OASYS \u00a06pcs","og_description":"ACUVUE OASYS contact lenses (6 pcs) provide strong moisture and UV protection. Suitable for dry eyes. Wearing period up to 14 days.","og_url":"https:\/\/myeye.ee\/en\/product\/acuvue-oasys-6pcs\/","og_site_name":"Myeye","article_publisher":"https:\/\/www.facebook.com\/profile.php?id=61571474589924","article_modified_time":"2025-12-04T19:12:47+00:00","og_image":[{"width":1001,"height":1003,"url":"https:\/\/myeye.ee\/wp-content\/uploads\/2025\/04\/ACUVUE-Packshot-OASYS-w-HYDRACLEAR-6P-Left-NO-UV.jpeg","type":"image\/jpeg"}],"twitter_card":"summary_large_image","twitter_misc":{"Est. reading time":"2 minutes"},"schema":{"@context":"https:\/\/schema.org","@graph":[{"@type":"WebPage","@id":"https:\/\/myeye.ee\/en\/product\/acuvue-oasys-6pcs\/","url":"https:\/\/myeye.ee\/en\/product\/acuvue-oasys-6pcs\/","name":"ACUVUE OASYS \u00a06pcs - Myeye","isPartOf":{"@id":"https:\/\/myeye.ee\/#website"},"primaryImageOfPage":{"@id":"https:\/\/myeye.ee\/en\/product\/acuvue-oasys-6pcs\/#primaryimage"},"image":{"@id":"https:\/\/myeye.ee\/en\/product\/acuvue-oasys-6pcs\/#primaryimage"},"thumbnailUrl":"https:\/\/myeye.ee\/wp-content\/uploads\/2025\/04\/ACUVUE-Packshot-OASYS-w-HYDRACLEAR-6P-Left-NO-UV.jpeg","datePublished":"2025-04-24T10:14:04+00:00","dateModified":"2025-12-04T19:12:47+00:00","description":"ACUVUE OASYS contact lenses (6 pcs) provide strong moisture and UV protection. Suitable for dry eyes. Wearing period up to 14 days.","breadcrumb":{"@id":"https:\/\/myeye.ee\/en\/product\/acuvue-oasys-6pcs\/#breadcrumb"},"inLanguage":"en-US","potentialAction":[{"@type":"ReadAction","target":["https:\/\/myeye.ee\/en\/product\/acuvue-oasys-6pcs\/"]}]},{"@type":"ImageObject","inLanguage":"en-US","@id":"https:\/\/myeye.ee\/en\/product\/acuvue-oasys-6pcs\/#primaryimage","url":"https:\/\/myeye.ee\/wp-content\/uploads\/2025\/04\/ACUVUE-Packshot-OASYS-w-HYDRACLEAR-6P-Left-NO-UV.jpeg","contentUrl":"https:\/\/myeye.ee\/wp-content\/uploads\/2025\/04\/ACUVUE-Packshot-OASYS-w-HYDRACLEAR-6P-Left-NO-UV.jpeg","width":1001,"height":1003,"caption":"Contact lenses ACUVUE OASYS 8.4 in close-up"},{"@type":"BreadcrumbList","@id":"https:\/\/myeye.ee\/en\/product\/acuvue-oasys-6pcs\/#breadcrumb","itemListElement":[{"@type":"ListItem","position":1,"name":"Home","item":"https:\/\/myeye.ee\/en\/"},{"@type":"ListItem","position":2,"name":"Shop","item":"https:\/\/myeye.ee\/pood\/"},{"@type":"ListItem","position":3,"name":"ACUVUE OASYS \u00a06pcs"}]},{"@type":"WebSite","@id":"https:\/\/myeye.ee\/#website","url":"https:\/\/myeye.ee\/","name":"Myeye","description":"Pakume professionaalset ja usaldusv\u00e4\u00e4rset teenust, kiiret kohaletoimetamist \u00fcle ning kliendis\u00f5bralikku ostukogemust.","publisher":{"@id":"https:\/\/myeye.ee\/#organization"},"potentialAction":[{"@type":"SearchAction","target":{"@type":"EntryPoint","urlTemplate":"https:\/\/myeye.ee\/?s={search_term_string}"},"query-input":{"@type":"PropertyValueSpecification","valueRequired":true,"valueName":"search_term_string"}}],"inLanguage":"en-US"},{"@type":"Organization","@id":"https:\/\/myeye.ee\/#organization","name":"Myeye","url":"https:\/\/myeye.ee\/","logo":{"@type":"ImageObject","inLanguage":"en-US","@id":"https:\/\/myeye.ee\/#\/schema\/logo\/image\/","url":"https:\/\/myeye.ee\/wp-content\/uploads\/2025\/06\/1.png","contentUrl":"https:\/\/myeye.ee\/wp-content\/uploads\/2025\/06\/1.png","width":1563,"height":1563,"caption":"Myeye"},"image":{"@id":"https:\/\/myeye.ee\/#\/schema\/logo\/image\/"},"sameAs":["https:\/\/www.facebook.com\/profile.php?id=61571474589924"]}]}},"_links":{"self":[{"href":"https:\/\/myeye.ee\/en\/wp-json\/wp\/v2\/product\/8988","targetHints":{"allow":["GET"]}}],"collection":[{"href":"https:\/\/myeye.ee\/en\/wp-json\/wp\/v2\/product"}],"about":[{"href":"https:\/\/myeye.ee\/en\/wp-json\/wp\/v2\/types\/product"}],"wp:featuredmedia":[{"embeddable":true,"href":"https:\/\/myeye.ee\/en\/wp-json\/wp\/v2\/media\/7906"}],"wp:attachment":[{"href":"https:\/\/myeye.ee\/en\/wp-json\/wp\/v2\/media?parent=8988"}],"wp:term":[{"taxonomy":"product_brand","embeddable":true,"href":"https:\/\/myeye.ee\/en\/wp-json\/wp\/v2\/product_brand?post=8988"},{"taxonomy":"product_cat","embeddable":true,"href":"https:\/\/myeye.ee\/en\/wp-json\/wp\/v2\/product_cat?post=8988"},{"taxonomy":"product_tag","embeddable":true,"href":"https:\/\/myeye.ee\/en\/wp-json\/wp\/v2\/product_tag?post=8988"}],"curies":[{"name":"wp","href":"https:\/\/api.w.org\/{rel}","templated":true}]}}