{"id":8984,"date":"2025-04-24T10:20:01","date_gmt":"2025-04-24T10:20:01","guid":{"rendered":"https:\/\/myeye.ee\/product\/acuvue-oasys-for-astigmatism-6pcs\/"},"modified":"2025-12-04T19:10:28","modified_gmt":"2025-12-04T19:10:28","slug":"acuvue-oasys-for-astigmatism-6pcs","status":"publish","type":"product","link":"https:\/\/myeye.ee\/en\/product\/acuvue-oasys-for-astigmatism-6pcs\/","title":{"rendered":"ACUVUE OASYS for astigmatism 6pcs"},"content":{"rendered":"<p>ACUVUE OASYS for Astigmatism \u2013 clear vision with every movement<\/p>\n<p>If you have astigmatism, regular lenses may not provide enough sharp vision.<br \/>\nACUVUE OASYS for Astigmatism are toric lenses that correct the cylinder and help keep your vision stable \u2013 both near and far.<\/p>\n<p>The lens stays firmly in place even when your eyes move quickly. This is ensured by Accelerated Stabilization Design\u2122, which helps prevent &#8220;floating&#8221; or blurry images.<br \/>\nThanks to HydraClear\u00ae Plus technology, your eyes stay moist and fresh throughout the day \u2013 even when you spend a lot of time in front of a screen or on the go.<\/p>\n<p>These are two-week lenses that are worn during the day. Remove, clean and store in the container every evening. If your optometrist has given you permission, you can also wear them for longer periods (day and night).<\/p>\n<p>Good if:<\/p>\n<p>you have a cylinder or astigmatism<\/p>\n<p>you want to see clearly all day long<\/p>\n<p>you value comfort and easy care<\/p>\n<p>you need lenses for an active lifestyle<\/p>\n<p data-start=\"1388\" data-end=\"1655\">\n","protected":false},"excerpt":{"rendered":"<p>ACUVUE OASYS for Astigmatism \u2013 clear vision with every movement If you have astigmatism, regular lenses may not provide enough sharp vision. ACUVUE OASYS for Astigmatism are toric lenses that correct the cylinder and help keep your vision stable \u2013 both near and far. The lens stays firmly in place even when your eyes move [&hellip;]<\/p>\n","protected":false},"featured_media":7907,"template":"","meta":{"_acf_changed":false},"product_brand":[178],"product_cat":[324,330,343,331],"product_tag":[],"class_list":{"0":"post-8984","1":"product","2":"type-product","3":"status-publish","4":"has-post-thumbnail","6":"product_brand-johnson-johnson","7":"product_cat-contact-lenses","8":"product_cat-subscription-order","9":"product_cat-toric-astigmatism-lenses","10":"product_cat-two-week-contact-lenses","11":"pa_diameeter-14-5-en","12":"pa_kandmisreziim-24-7","13":"pa_kasutusaeg-2-weeks","14":"pa_kumerus-8-6-en","15":"pa_tootja-johnsonjohnson-en","17":"first","18":"instock","19":"taxable","20":"shipping-taxable","21":"purchasable","22":"product-type-variable-subscription"},"acf":[],"yoast_head":"<!-- This site is optimized with the Yoast SEO Premium plugin v26.4 (Yoast SEO v27.3) - https:\/\/yoast.com\/product\/yoast-seo-premium-wordpress\/ -->\n<title>ACUVUE OASYS for astigmatism 6pcs - Myeye<\/title>\n<meta name=\"description\" content=\"ACUVUE OASYS for Astigmatism are toric lenses that help correct cylinder and astigmatism. Comfortable to wear for two weeks.\" \/>\n<meta name=\"robots\" content=\"index, follow, max-snippet:-1, max-image-preview:large, max-video-preview:-1\" \/>\n<link rel=\"canonical\" href=\"https:\/\/myeye.ee\/en\/product\/acuvue-oasys-for-astigmatism-6pcs\/\" \/>\n<meta property=\"og:locale\" content=\"en_US\" \/>\n<meta property=\"og:type\" content=\"article\" \/>\n<meta property=\"og:title\" content=\"ACUVUE OASYS for astigmatism 6pcs\" \/>\n<meta property=\"og:description\" content=\"ACUVUE OASYS for Astigmatism are toric lenses that help correct cylinder and astigmatism. Comfortable to wear for two weeks.\" \/>\n<meta property=\"og:url\" content=\"https:\/\/myeye.ee\/en\/product\/acuvue-oasys-for-astigmatism-6pcs\/\" \/>\n<meta property=\"og:site_name\" content=\"Myeye\" \/>\n<meta property=\"article:publisher\" content=\"https:\/\/www.facebook.com\/profile.php?id=61571474589924\" \/>\n<meta property=\"article:modified_time\" content=\"2025-12-04T19:10:28+00:00\" \/>\n<meta property=\"og:image\" content=\"https:\/\/myeye.ee\/wp-content\/uploads\/2025\/04\/ACUVUE-Packshot-OASYS-w-HYDRCLEAR-ASTIG-6P-Left-No-UV.jpeg\" \/>\n\t<meta property=\"og:image:width\" content=\"1001\" \/>\n\t<meta property=\"og:image:height\" content=\"1003\" \/>\n\t<meta property=\"og:image:type\" content=\"image\/jpeg\" \/>\n<meta name=\"twitter:card\" content=\"summary_large_image\" \/>\n<meta name=\"twitter:label1\" content=\"Est. reading time\" \/>\n\t<meta name=\"twitter:data1\" content=\"2 minutes\" \/>\n<script type=\"application\/ld+json\" class=\"yoast-schema-graph\">{\"@context\":\"https:\\\/\\\/schema.org\",\"@graph\":[{\"@type\":\"WebPage\",\"@id\":\"https:\\\/\\\/myeye.ee\\\/en\\\/product\\\/acuvue-oasys-for-astigmatism-6pcs\\\/\",\"url\":\"https:\\\/\\\/myeye.ee\\\/en\\\/product\\\/acuvue-oasys-for-astigmatism-6pcs\\\/\",\"name\":\"ACUVUE OASYS for astigmatism 6pcs - Myeye\",\"isPartOf\":{\"@id\":\"https:\\\/\\\/myeye.ee\\\/#website\"},\"primaryImageOfPage\":{\"@id\":\"https:\\\/\\\/myeye.ee\\\/en\\\/product\\\/acuvue-oasys-for-astigmatism-6pcs\\\/#primaryimage\"},\"image\":{\"@id\":\"https:\\\/\\\/myeye.ee\\\/en\\\/product\\\/acuvue-oasys-for-astigmatism-6pcs\\\/#primaryimage\"},\"thumbnailUrl\":\"https:\\\/\\\/myeye.ee\\\/wp-content\\\/uploads\\\/2025\\\/04\\\/ACUVUE-Packshot-OASYS-w-HYDRCLEAR-ASTIG-6P-Left-No-UV.jpeg\",\"datePublished\":\"2025-04-24T10:20:01+00:00\",\"dateModified\":\"2025-12-04T19:10:28+00:00\",\"description\":\"ACUVUE OASYS for Astigmatism are toric lenses that help correct cylinder and astigmatism. Comfortable to wear for two weeks.\",\"breadcrumb\":{\"@id\":\"https:\\\/\\\/myeye.ee\\\/en\\\/product\\\/acuvue-oasys-for-astigmatism-6pcs\\\/#breadcrumb\"},\"inLanguage\":\"en-US\",\"potentialAction\":[{\"@type\":\"ReadAction\",\"target\":[\"https:\\\/\\\/myeye.ee\\\/en\\\/product\\\/acuvue-oasys-for-astigmatism-6pcs\\\/\"]}]},{\"@type\":\"ImageObject\",\"inLanguage\":\"en-US\",\"@id\":\"https:\\\/\\\/myeye.ee\\\/en\\\/product\\\/acuvue-oasys-for-astigmatism-6pcs\\\/#primaryimage\",\"url\":\"https:\\\/\\\/myeye.ee\\\/wp-content\\\/uploads\\\/2025\\\/04\\\/ACUVUE-Packshot-OASYS-w-HYDRCLEAR-ASTIG-6P-Left-No-UV.jpeg\",\"contentUrl\":\"https:\\\/\\\/myeye.ee\\\/wp-content\\\/uploads\\\/2025\\\/04\\\/ACUVUE-Packshot-OASYS-w-HYDRCLEAR-ASTIG-6P-Left-No-UV.jpeg\",\"width\":1001,\"height\":1003,\"caption\":\"ACUVUE OASYS toric lenses for astigmatism and cylinder correction\"},{\"@type\":\"BreadcrumbList\",\"@id\":\"https:\\\/\\\/myeye.ee\\\/en\\\/product\\\/acuvue-oasys-for-astigmatism-6pcs\\\/#breadcrumb\",\"itemListElement\":[{\"@type\":\"ListItem\",\"position\":1,\"name\":\"Home\",\"item\":\"https:\\\/\\\/myeye.ee\\\/en\\\/\"},{\"@type\":\"ListItem\",\"position\":2,\"name\":\"Shop\",\"item\":\"https:\\\/\\\/myeye.ee\\\/pood\\\/\"},{\"@type\":\"ListItem\",\"position\":3,\"name\":\"ACUVUE OASYS for astigmatism 6pcs\"}]},{\"@type\":\"WebSite\",\"@id\":\"https:\\\/\\\/myeye.ee\\\/#website\",\"url\":\"https:\\\/\\\/myeye.ee\\\/\",\"name\":\"Myeye\",\"description\":\"Pakume professionaalset ja usaldusv\u00e4\u00e4rset teenust, kiiret kohaletoimetamist \u00fcle ning kliendis\u00f5bralikku ostukogemust.\",\"publisher\":{\"@id\":\"https:\\\/\\\/myeye.ee\\\/#organization\"},\"potentialAction\":[{\"@type\":\"SearchAction\",\"target\":{\"@type\":\"EntryPoint\",\"urlTemplate\":\"https:\\\/\\\/myeye.ee\\\/?s={search_term_string}\"},\"query-input\":{\"@type\":\"PropertyValueSpecification\",\"valueRequired\":true,\"valueName\":\"search_term_string\"}}],\"inLanguage\":\"en-US\"},{\"@type\":\"Organization\",\"@id\":\"https:\\\/\\\/myeye.ee\\\/#organization\",\"name\":\"Myeye\",\"url\":\"https:\\\/\\\/myeye.ee\\\/\",\"logo\":{\"@type\":\"ImageObject\",\"inLanguage\":\"en-US\",\"@id\":\"https:\\\/\\\/myeye.ee\\\/#\\\/schema\\\/logo\\\/image\\\/\",\"url\":\"https:\\\/\\\/myeye.ee\\\/wp-content\\\/uploads\\\/2025\\\/06\\\/1.png\",\"contentUrl\":\"https:\\\/\\\/myeye.ee\\\/wp-content\\\/uploads\\\/2025\\\/06\\\/1.png\",\"width\":1563,\"height\":1563,\"caption\":\"Myeye\"},\"image\":{\"@id\":\"https:\\\/\\\/myeye.ee\\\/#\\\/schema\\\/logo\\\/image\\\/\"},\"sameAs\":[\"https:\\\/\\\/www.facebook.com\\\/profile.php?id=61571474589924\"]}]}<\/script>\n<!-- \/ Yoast SEO Premium plugin. -->","yoast_head_json":{"title":"ACUVUE OASYS for astigmatism 6pcs - Myeye","description":"ACUVUE OASYS for Astigmatism are toric lenses that help correct cylinder and astigmatism. Comfortable to wear for two weeks.","robots":{"index":"index","follow":"follow","max-snippet":"max-snippet:-1","max-image-preview":"max-image-preview:large","max-video-preview":"max-video-preview:-1"},"canonical":"https:\/\/myeye.ee\/en\/product\/acuvue-oasys-for-astigmatism-6pcs\/","og_locale":"en_US","og_type":"article","og_title":"ACUVUE OASYS for astigmatism 6pcs","og_description":"ACUVUE OASYS for Astigmatism are toric lenses that help correct cylinder and astigmatism. Comfortable to wear for two weeks.","og_url":"https:\/\/myeye.ee\/en\/product\/acuvue-oasys-for-astigmatism-6pcs\/","og_site_name":"Myeye","article_publisher":"https:\/\/www.facebook.com\/profile.php?id=61571474589924","article_modified_time":"2025-12-04T19:10:28+00:00","og_image":[{"width":1001,"height":1003,"url":"https:\/\/myeye.ee\/wp-content\/uploads\/2025\/04\/ACUVUE-Packshot-OASYS-w-HYDRCLEAR-ASTIG-6P-Left-No-UV.jpeg","type":"image\/jpeg"}],"twitter_card":"summary_large_image","twitter_misc":{"Est. reading time":"2 minutes"},"schema":{"@context":"https:\/\/schema.org","@graph":[{"@type":"WebPage","@id":"https:\/\/myeye.ee\/en\/product\/acuvue-oasys-for-astigmatism-6pcs\/","url":"https:\/\/myeye.ee\/en\/product\/acuvue-oasys-for-astigmatism-6pcs\/","name":"ACUVUE OASYS for astigmatism 6pcs - Myeye","isPartOf":{"@id":"https:\/\/myeye.ee\/#website"},"primaryImageOfPage":{"@id":"https:\/\/myeye.ee\/en\/product\/acuvue-oasys-for-astigmatism-6pcs\/#primaryimage"},"image":{"@id":"https:\/\/myeye.ee\/en\/product\/acuvue-oasys-for-astigmatism-6pcs\/#primaryimage"},"thumbnailUrl":"https:\/\/myeye.ee\/wp-content\/uploads\/2025\/04\/ACUVUE-Packshot-OASYS-w-HYDRCLEAR-ASTIG-6P-Left-No-UV.jpeg","datePublished":"2025-04-24T10:20:01+00:00","dateModified":"2025-12-04T19:10:28+00:00","description":"ACUVUE OASYS for Astigmatism are toric lenses that help correct cylinder and astigmatism. Comfortable to wear for two weeks.","breadcrumb":{"@id":"https:\/\/myeye.ee\/en\/product\/acuvue-oasys-for-astigmatism-6pcs\/#breadcrumb"},"inLanguage":"en-US","potentialAction":[{"@type":"ReadAction","target":["https:\/\/myeye.ee\/en\/product\/acuvue-oasys-for-astigmatism-6pcs\/"]}]},{"@type":"ImageObject","inLanguage":"en-US","@id":"https:\/\/myeye.ee\/en\/product\/acuvue-oasys-for-astigmatism-6pcs\/#primaryimage","url":"https:\/\/myeye.ee\/wp-content\/uploads\/2025\/04\/ACUVUE-Packshot-OASYS-w-HYDRCLEAR-ASTIG-6P-Left-No-UV.jpeg","contentUrl":"https:\/\/myeye.ee\/wp-content\/uploads\/2025\/04\/ACUVUE-Packshot-OASYS-w-HYDRCLEAR-ASTIG-6P-Left-No-UV.jpeg","width":1001,"height":1003,"caption":"ACUVUE OASYS toric lenses for astigmatism and cylinder correction"},{"@type":"BreadcrumbList","@id":"https:\/\/myeye.ee\/en\/product\/acuvue-oasys-for-astigmatism-6pcs\/#breadcrumb","itemListElement":[{"@type":"ListItem","position":1,"name":"Home","item":"https:\/\/myeye.ee\/en\/"},{"@type":"ListItem","position":2,"name":"Shop","item":"https:\/\/myeye.ee\/pood\/"},{"@type":"ListItem","position":3,"name":"ACUVUE OASYS for astigmatism 6pcs"}]},{"@type":"WebSite","@id":"https:\/\/myeye.ee\/#website","url":"https:\/\/myeye.ee\/","name":"Myeye","description":"Pakume professionaalset ja usaldusv\u00e4\u00e4rset teenust, kiiret kohaletoimetamist \u00fcle ning kliendis\u00f5bralikku ostukogemust.","publisher":{"@id":"https:\/\/myeye.ee\/#organization"},"potentialAction":[{"@type":"SearchAction","target":{"@type":"EntryPoint","urlTemplate":"https:\/\/myeye.ee\/?s={search_term_string}"},"query-input":{"@type":"PropertyValueSpecification","valueRequired":true,"valueName":"search_term_string"}}],"inLanguage":"en-US"},{"@type":"Organization","@id":"https:\/\/myeye.ee\/#organization","name":"Myeye","url":"https:\/\/myeye.ee\/","logo":{"@type":"ImageObject","inLanguage":"en-US","@id":"https:\/\/myeye.ee\/#\/schema\/logo\/image\/","url":"https:\/\/myeye.ee\/wp-content\/uploads\/2025\/06\/1.png","contentUrl":"https:\/\/myeye.ee\/wp-content\/uploads\/2025\/06\/1.png","width":1563,"height":1563,"caption":"Myeye"},"image":{"@id":"https:\/\/myeye.ee\/#\/schema\/logo\/image\/"},"sameAs":["https:\/\/www.facebook.com\/profile.php?id=61571474589924"]}]}},"_links":{"self":[{"href":"https:\/\/myeye.ee\/en\/wp-json\/wp\/v2\/product\/8984","targetHints":{"allow":["GET"]}}],"collection":[{"href":"https:\/\/myeye.ee\/en\/wp-json\/wp\/v2\/product"}],"about":[{"href":"https:\/\/myeye.ee\/en\/wp-json\/wp\/v2\/types\/product"}],"wp:featuredmedia":[{"embeddable":true,"href":"https:\/\/myeye.ee\/en\/wp-json\/wp\/v2\/media\/7907"}],"wp:attachment":[{"href":"https:\/\/myeye.ee\/en\/wp-json\/wp\/v2\/media?parent=8984"}],"wp:term":[{"taxonomy":"product_brand","embeddable":true,"href":"https:\/\/myeye.ee\/en\/wp-json\/wp\/v2\/product_brand?post=8984"},{"taxonomy":"product_cat","embeddable":true,"href":"https:\/\/myeye.ee\/en\/wp-json\/wp\/v2\/product_cat?post=8984"},{"taxonomy":"product_tag","embeddable":true,"href":"https:\/\/myeye.ee\/en\/wp-json\/wp\/v2\/product_tag?post=8984"}],"curies":[{"name":"wp","href":"https:\/\/api.w.org\/{rel}","templated":true}]}}