{"id":8911,"date":"2025-05-12T12:25:40","date_gmt":"2025-05-12T12:25:40","guid":{"rendered":"https:\/\/myeye.ee\/product\/airoptix-nightday-3pcs-one-time-purchase\/"},"modified":"2025-12-04T17:35:51","modified_gmt":"2025-12-04T17:35:51","slug":"airoptix-nightday-3pcs-one-time-purchase","status":"publish","type":"product","link":"https:\/\/myeye.ee\/en\/product\/airoptix-nightday-3pcs-one-time-purchase\/","title":{"rendered":"Airoptix Night&#038;Day 3pcs &#8211; One time purchase"},"content":{"rendered":"<p>AirOptix Night&amp;Day &#8211; contact lenses that do not require daily removal<\/p>\n<p>If you are looking for contact lenses that you can wear continuously at night, then AirOptix Night&amp;Day is just for you. These are daily lenses that can be worn for up to 30 days without removal (if the ophthalmologist has given permission).<\/p>\n<p>These lenses are highly permeable to oxygen \u2013 more so than most other lenses. Thanks to this, the eyes remain clear and fresh during the entire wearing period. The surface of the lens is treated in such a way that it repels dirt and debris &#8211; so the view remains clean.<\/p>\n<p>Suitable for those who want to deal less with daily maintenance.<br \/>\nPut the lenses in your eyes and forget about them until your next shift.<\/p>\n<p>Why choose AirOptix Night&amp;Day?<br \/>\n\u2013 24-hour contact lenses \u2013 can be used up to 30 days in a row<br \/>\n\u2013 Very good oxygen permeability<br \/>\n\u2013 Suitable for an active lifestyle<br \/>\n\u2013 No daily removal required<br \/>\n\u2013 Can be worn only during the day if necessary<\/p>\n<p data-start=\"1595\" data-end=\"1786\">\n","protected":false},"excerpt":{"rendered":"<p>AirOptix Night&amp;Day &#8211; contact lenses that do not require daily removal If you are looking for contact lenses that you can wear continuously at night, then AirOptix Night&amp;Day is just for you. These are daily lenses that can be worn for up to 30 days without removal (if the ophthalmologist has given permission). These lenses [&hellip;]<\/p>\n","protected":false},"featured_media":8040,"template":"","meta":{"_acf_changed":false},"product_brand":[328],"product_cat":[324,326,327,329],"product_tag":[],"class_list":{"0":"post-8911","1":"product","2":"type-product","3":"status-publish","4":"has-post-thumbnail","6":"product_brand-alcon-en","7":"product_cat-contact-lenses","8":"product_cat-monthly-contact-lenses","9":"product_cat-one-time-purchase","10":"product_cat-regular-contact-lenses","12":"first","13":"instock","14":"taxable","15":"shipping-taxable","16":"purchasable","17":"product-type-simple"},"acf":[],"yoast_head":"<!-- This site is optimized with the Yoast SEO Premium plugin v26.4 (Yoast SEO v27.4) - https:\/\/yoast.com\/product\/yoast-seo-premium-wordpress\/ -->\n<title>Airoptix Night&amp;Day 3pcs - One time purchase - Myeye<\/title>\n<meta name=\"description\" content=\"AirOptix Night&amp;Day are daily contact lenses that you can wear day and night for up to 30 days in a row. Freedom without glasses.\" \/>\n<meta name=\"robots\" content=\"index, follow, max-snippet:-1, max-image-preview:large, max-video-preview:-1\" \/>\n<link rel=\"canonical\" href=\"https:\/\/myeye.ee\/en\/product\/airoptix-nightday-3pcs-one-time-purchase\/\" \/>\n<meta property=\"og:locale\" content=\"en_US\" \/>\n<meta property=\"og:type\" content=\"article\" \/>\n<meta property=\"og:title\" content=\"Airoptix Night&amp;Day 3pcs - One time purchase\" \/>\n<meta property=\"og:description\" content=\"AirOptix Night&amp;Day are daily contact lenses that you can wear day and night for up to 30 days in a row. Freedom without glasses.\" \/>\n<meta property=\"og:url\" content=\"https:\/\/myeye.ee\/en\/product\/airoptix-nightday-3pcs-one-time-purchase\/\" \/>\n<meta property=\"og:site_name\" content=\"Myeye\" \/>\n<meta property=\"article:publisher\" content=\"https:\/\/www.facebook.com\/profile.php?id=61571474589924\" \/>\n<meta property=\"article:modified_time\" content=\"2025-12-04T17:35:51+00:00\" \/>\n<meta property=\"og:image\" content=\"https:\/\/myeye.ee\/wp-content\/uploads\/2025\/04\/Air-Optix-NightDay-03-pack-Sphere_R.jpg\" \/>\n\t<meta property=\"og:image:width\" content=\"2500\" \/>\n\t<meta property=\"og:image:height\" content=\"2500\" \/>\n\t<meta property=\"og:image:type\" content=\"image\/jpeg\" \/>\n<meta name=\"twitter:card\" content=\"summary_large_image\" \/>\n<meta name=\"twitter:label1\" content=\"Est. reading time\" \/>\n\t<meta name=\"twitter:data1\" content=\"2 minutes\" \/>\n<script type=\"application\/ld+json\" class=\"yoast-schema-graph\">{\"@context\":\"https:\\\/\\\/schema.org\",\"@graph\":[{\"@type\":\"WebPage\",\"@id\":\"https:\\\/\\\/myeye.ee\\\/en\\\/product\\\/airoptix-nightday-3pcs-one-time-purchase\\\/\",\"url\":\"https:\\\/\\\/myeye.ee\\\/en\\\/product\\\/airoptix-nightday-3pcs-one-time-purchase\\\/\",\"name\":\"Airoptix Night&Day 3pcs - One time purchase - Myeye\",\"isPartOf\":{\"@id\":\"https:\\\/\\\/myeye.ee\\\/#website\"},\"primaryImageOfPage\":{\"@id\":\"https:\\\/\\\/myeye.ee\\\/en\\\/product\\\/airoptix-nightday-3pcs-one-time-purchase\\\/#primaryimage\"},\"image\":{\"@id\":\"https:\\\/\\\/myeye.ee\\\/en\\\/product\\\/airoptix-nightday-3pcs-one-time-purchase\\\/#primaryimage\"},\"thumbnailUrl\":\"https:\\\/\\\/myeye.ee\\\/wp-content\\\/uploads\\\/2025\\\/04\\\/Air-Optix-NightDay-03-pack-Sphere_R.jpg\",\"datePublished\":\"2025-05-12T12:25:40+00:00\",\"dateModified\":\"2025-12-04T17:35:51+00:00\",\"description\":\"AirOptix Night&Day are daily contact lenses that you can wear day and night for up to 30 days in a row. Freedom without glasses.\",\"breadcrumb\":{\"@id\":\"https:\\\/\\\/myeye.ee\\\/en\\\/product\\\/airoptix-nightday-3pcs-one-time-purchase\\\/#breadcrumb\"},\"inLanguage\":\"en-US\",\"potentialAction\":[{\"@type\":\"ReadAction\",\"target\":[\"https:\\\/\\\/myeye.ee\\\/en\\\/product\\\/airoptix-nightday-3pcs-one-time-purchase\\\/\"]}]},{\"@type\":\"ImageObject\",\"inLanguage\":\"en-US\",\"@id\":\"https:\\\/\\\/myeye.ee\\\/en\\\/product\\\/airoptix-nightday-3pcs-one-time-purchase\\\/#primaryimage\",\"url\":\"https:\\\/\\\/myeye.ee\\\/wp-content\\\/uploads\\\/2025\\\/04\\\/Air-Optix-NightDay-03-pack-Sphere_R.jpg\",\"contentUrl\":\"https:\\\/\\\/myeye.ee\\\/wp-content\\\/uploads\\\/2025\\\/04\\\/Air-Optix-NightDay-03-pack-Sphere_R.jpg\",\"width\":2500,\"height\":2500,\"caption\":\"AirOptix Night&Day daily contact lenses \u2013 for up to 30 consecutive days of wear\"},{\"@type\":\"BreadcrumbList\",\"@id\":\"https:\\\/\\\/myeye.ee\\\/en\\\/product\\\/airoptix-nightday-3pcs-one-time-purchase\\\/#breadcrumb\",\"itemListElement\":[{\"@type\":\"ListItem\",\"position\":1,\"name\":\"Home\",\"item\":\"https:\\\/\\\/myeye.ee\\\/en\\\/\"},{\"@type\":\"ListItem\",\"position\":2,\"name\":\"Shop\",\"item\":\"https:\\\/\\\/myeye.ee\\\/pood\\\/\"},{\"@type\":\"ListItem\",\"position\":3,\"name\":\"Airoptix Night&#038;Day 3pcs &#8211; One time purchase\"}]},{\"@type\":\"WebSite\",\"@id\":\"https:\\\/\\\/myeye.ee\\\/#website\",\"url\":\"https:\\\/\\\/myeye.ee\\\/\",\"name\":\"Myeye\",\"description\":\"Pakume professionaalset ja usaldusv\u00e4\u00e4rset teenust, kiiret kohaletoimetamist \u00fcle ning kliendis\u00f5bralikku ostukogemust.\",\"publisher\":{\"@id\":\"https:\\\/\\\/myeye.ee\\\/#organization\"},\"potentialAction\":[{\"@type\":\"SearchAction\",\"target\":{\"@type\":\"EntryPoint\",\"urlTemplate\":\"https:\\\/\\\/myeye.ee\\\/?s={search_term_string}\"},\"query-input\":{\"@type\":\"PropertyValueSpecification\",\"valueRequired\":true,\"valueName\":\"search_term_string\"}}],\"inLanguage\":\"en-US\"},{\"@type\":\"Organization\",\"@id\":\"https:\\\/\\\/myeye.ee\\\/#organization\",\"name\":\"Myeye\",\"url\":\"https:\\\/\\\/myeye.ee\\\/\",\"logo\":{\"@type\":\"ImageObject\",\"inLanguage\":\"en-US\",\"@id\":\"https:\\\/\\\/myeye.ee\\\/#\\\/schema\\\/logo\\\/image\\\/\",\"url\":\"https:\\\/\\\/myeye.ee\\\/wp-content\\\/uploads\\\/2025\\\/06\\\/1.png\",\"contentUrl\":\"https:\\\/\\\/myeye.ee\\\/wp-content\\\/uploads\\\/2025\\\/06\\\/1.png\",\"width\":1563,\"height\":1563,\"caption\":\"Myeye\"},\"image\":{\"@id\":\"https:\\\/\\\/myeye.ee\\\/#\\\/schema\\\/logo\\\/image\\\/\"},\"sameAs\":[\"https:\\\/\\\/www.facebook.com\\\/profile.php?id=61571474589924\"]}]}<\/script>\n<!-- \/ Yoast SEO Premium plugin. -->","yoast_head_json":{"title":"Airoptix Night&Day 3pcs - One time purchase - Myeye","description":"AirOptix Night&Day are daily contact lenses that you can wear day and night for up to 30 days in a row. Freedom without glasses.","robots":{"index":"index","follow":"follow","max-snippet":"max-snippet:-1","max-image-preview":"max-image-preview:large","max-video-preview":"max-video-preview:-1"},"canonical":"https:\/\/myeye.ee\/en\/product\/airoptix-nightday-3pcs-one-time-purchase\/","og_locale":"en_US","og_type":"article","og_title":"Airoptix Night&Day 3pcs - One time purchase","og_description":"AirOptix Night&Day are daily contact lenses that you can wear day and night for up to 30 days in a row. Freedom without glasses.","og_url":"https:\/\/myeye.ee\/en\/product\/airoptix-nightday-3pcs-one-time-purchase\/","og_site_name":"Myeye","article_publisher":"https:\/\/www.facebook.com\/profile.php?id=61571474589924","article_modified_time":"2025-12-04T17:35:51+00:00","og_image":[{"width":2500,"height":2500,"url":"https:\/\/myeye.ee\/wp-content\/uploads\/2025\/04\/Air-Optix-NightDay-03-pack-Sphere_R.jpg","type":"image\/jpeg"}],"twitter_card":"summary_large_image","twitter_misc":{"Est. reading time":"2 minutes"},"schema":{"@context":"https:\/\/schema.org","@graph":[{"@type":"WebPage","@id":"https:\/\/myeye.ee\/en\/product\/airoptix-nightday-3pcs-one-time-purchase\/","url":"https:\/\/myeye.ee\/en\/product\/airoptix-nightday-3pcs-one-time-purchase\/","name":"Airoptix Night&Day 3pcs - One time purchase - Myeye","isPartOf":{"@id":"https:\/\/myeye.ee\/#website"},"primaryImageOfPage":{"@id":"https:\/\/myeye.ee\/en\/product\/airoptix-nightday-3pcs-one-time-purchase\/#primaryimage"},"image":{"@id":"https:\/\/myeye.ee\/en\/product\/airoptix-nightday-3pcs-one-time-purchase\/#primaryimage"},"thumbnailUrl":"https:\/\/myeye.ee\/wp-content\/uploads\/2025\/04\/Air-Optix-NightDay-03-pack-Sphere_R.jpg","datePublished":"2025-05-12T12:25:40+00:00","dateModified":"2025-12-04T17:35:51+00:00","description":"AirOptix Night&Day are daily contact lenses that you can wear day and night for up to 30 days in a row. Freedom without glasses.","breadcrumb":{"@id":"https:\/\/myeye.ee\/en\/product\/airoptix-nightday-3pcs-one-time-purchase\/#breadcrumb"},"inLanguage":"en-US","potentialAction":[{"@type":"ReadAction","target":["https:\/\/myeye.ee\/en\/product\/airoptix-nightday-3pcs-one-time-purchase\/"]}]},{"@type":"ImageObject","inLanguage":"en-US","@id":"https:\/\/myeye.ee\/en\/product\/airoptix-nightday-3pcs-one-time-purchase\/#primaryimage","url":"https:\/\/myeye.ee\/wp-content\/uploads\/2025\/04\/Air-Optix-NightDay-03-pack-Sphere_R.jpg","contentUrl":"https:\/\/myeye.ee\/wp-content\/uploads\/2025\/04\/Air-Optix-NightDay-03-pack-Sphere_R.jpg","width":2500,"height":2500,"caption":"AirOptix Night&Day daily contact lenses \u2013 for up to 30 consecutive days of wear"},{"@type":"BreadcrumbList","@id":"https:\/\/myeye.ee\/en\/product\/airoptix-nightday-3pcs-one-time-purchase\/#breadcrumb","itemListElement":[{"@type":"ListItem","position":1,"name":"Home","item":"https:\/\/myeye.ee\/en\/"},{"@type":"ListItem","position":2,"name":"Shop","item":"https:\/\/myeye.ee\/pood\/"},{"@type":"ListItem","position":3,"name":"Airoptix Night&#038;Day 3pcs &#8211; One time purchase"}]},{"@type":"WebSite","@id":"https:\/\/myeye.ee\/#website","url":"https:\/\/myeye.ee\/","name":"Myeye","description":"Pakume professionaalset ja usaldusv\u00e4\u00e4rset teenust, kiiret kohaletoimetamist \u00fcle ning kliendis\u00f5bralikku ostukogemust.","publisher":{"@id":"https:\/\/myeye.ee\/#organization"},"potentialAction":[{"@type":"SearchAction","target":{"@type":"EntryPoint","urlTemplate":"https:\/\/myeye.ee\/?s={search_term_string}"},"query-input":{"@type":"PropertyValueSpecification","valueRequired":true,"valueName":"search_term_string"}}],"inLanguage":"en-US"},{"@type":"Organization","@id":"https:\/\/myeye.ee\/#organization","name":"Myeye","url":"https:\/\/myeye.ee\/","logo":{"@type":"ImageObject","inLanguage":"en-US","@id":"https:\/\/myeye.ee\/#\/schema\/logo\/image\/","url":"https:\/\/myeye.ee\/wp-content\/uploads\/2025\/06\/1.png","contentUrl":"https:\/\/myeye.ee\/wp-content\/uploads\/2025\/06\/1.png","width":1563,"height":1563,"caption":"Myeye"},"image":{"@id":"https:\/\/myeye.ee\/#\/schema\/logo\/image\/"},"sameAs":["https:\/\/www.facebook.com\/profile.php?id=61571474589924"]}]}},"_links":{"self":[{"href":"https:\/\/myeye.ee\/en\/wp-json\/wp\/v2\/product\/8911","targetHints":{"allow":["GET"]}}],"collection":[{"href":"https:\/\/myeye.ee\/en\/wp-json\/wp\/v2\/product"}],"about":[{"href":"https:\/\/myeye.ee\/en\/wp-json\/wp\/v2\/types\/product"}],"wp:featuredmedia":[{"embeddable":true,"href":"https:\/\/myeye.ee\/en\/wp-json\/wp\/v2\/media\/8040"}],"wp:attachment":[{"href":"https:\/\/myeye.ee\/en\/wp-json\/wp\/v2\/media?parent=8911"}],"wp:term":[{"taxonomy":"product_brand","embeddable":true,"href":"https:\/\/myeye.ee\/en\/wp-json\/wp\/v2\/product_brand?post=8911"},{"taxonomy":"product_cat","embeddable":true,"href":"https:\/\/myeye.ee\/en\/wp-json\/wp\/v2\/product_cat?post=8911"},{"taxonomy":"product_tag","embeddable":true,"href":"https:\/\/myeye.ee\/en\/wp-json\/wp\/v2\/product_tag?post=8911"}],"curies":[{"name":"wp","href":"https:\/\/api.w.org\/{rel}","templated":true}]}}