{"id":9262,"date":"2024-11-27T00:48:52","date_gmt":"2024-11-27T00:48:52","guid":{"rendered":"https:\/\/myeye.ee\/privacy-policy-2\/"},"modified":"2025-11-20T12:19:18","modified_gmt":"2025-11-20T12:19:18","slug":"privacy-policy-2","status":"publish","type":"page","link":"https:\/\/myeye.ee\/en\/privacy-policy-2\/","title":{"rendered":"Privacy Policy"},"content":{"rendered":"\t\t<div data-elementor-type=\"wp-page\" data-elementor-id=\"9262\" class=\"elementor elementor-9262 elementor-23\" data-elementor-post-type=\"page\">\n\t\t\t\t<div class=\"elementor-element elementor-element-882c6aa e-flex e-con-boxed e-con e-parent\" data-id=\"882c6aa\" data-element_type=\"container\">\r\n\t\t\t\t\t<div class=\"e-con-inner\">\r\n\t\t\t\t<div class=\"elementor-element elementor-element-fbefb70 elementor-widget elementor-widget-text-editor\" data-id=\"fbefb70\" data-element_type=\"widget\" data-widget_type=\"text-editor.default\">\n\t\t\t\t<div class=\"elementor-widget-container\">\n\t\t\t\t\t\t\t\t\t<p>It is important to us that you can trust us. That\u2019s why we focus on protecting the privacy of MyEye visitors. We do not request any personal data from visitors of MyEye.ee unless they choose to provide such information voluntarily and knowingly. This information is not shared with third parties, except when necessary for delivering goods or in cases required by law.<\/p>\n\t\t\t\t\t\t\t\t<\/div>\n\t\t\t\t<\/div>\n\t\t\t\t<div class=\"elementor-element elementor-element-3f7ae3d elementor-widget elementor-widget-heading\" data-id=\"3f7ae3d\" data-element_type=\"widget\" data-widget_type=\"heading.default\">\n\t\t\t\t<div class=\"elementor-widget-container\">\n\t\t\t\t\t<h3 class=\"elementor-heading-title elementor-size-default\">Information we collect<\/h3>\t\t\t\t<\/div>\n\t\t\t\t<\/div>\n\t\t\t\t<div class=\"elementor-element elementor-element-832b9a0 elementor-widget elementor-widget-text-editor\" data-id=\"832b9a0\" data-element_type=\"widget\" data-widget_type=\"text-editor.default\">\n\t\t\t\t<div class=\"elementor-widget-container\">\n\t\t\t\t\t\t\t\t\t<p data-start=\"51\" data-end=\"267\">Our main purpose in collecting information is to provide fast and convenient service. The controller of personal data is MyEye O\u00dc. When you order goods from our website, we ask you for the following information:<\/p><br><br><ul data-start=\"269\" data-end=\"338\">\r\n \t<li data-start=\"269\" data-end=\"281\">\r\n<p data-start=\"271\" data-end=\"281\">Name<\/p>\r\n<\/li>\r\n \t<li data-start=\"282\" data-end=\"297\">\r\n<p data-start=\"284\" data-end=\"297\">Address<\/p>\r\n<\/li>\r\n \t<li data-start=\"298\" data-end=\"319\">\r\n<p data-start=\"300\" data-end=\"319\">Email address<\/p>\r\n<\/li>\r\n \t<li data-start=\"320\" data-end=\"338\">\r\n<p data-start=\"322\" data-end=\"338\">Phone number<\/p>\r\n<\/li>\r\n<\/ul><br><p data-start=\"340\" data-end=\"561\">We also collect information such as the visitor\u2019s IP address, the time of the visit, how the visitor reached the MyEye website, how long they stayed on the page, etc. This information is used for statistical purposes.<\/p><br><p data-start=\"563\" data-end=\"880\" data-is-last-node=\"\" data-is-only-node=\"\">When you visit our online store, your browser saves a temporary file (a cookie), which allows us to offer you a personalised browsing experience and remember the choices you make on our site. Cookies also allow us to temporarily show you advertisements and other offers related to products you are interested in.<\/p>\t\t\t\t\t\t\t\t<\/div>\n\t\t\t\t<\/div>\n\t\t\t\t<div class=\"elementor-element elementor-element-e84923f elementor-widget elementor-widget-heading\" data-id=\"e84923f\" data-element_type=\"widget\" data-widget_type=\"heading.default\">\n\t\t\t\t<div class=\"elementor-widget-container\">\n\t\t\t\t\t<h3 class=\"elementor-heading-title elementor-size-default\">How we use the information<\/h3>\t\t\t\t<\/div>\n\t\t\t\t<\/div>\n\t\t\t\t<div class=\"elementor-element elementor-element-bcb7a90 elementor-widget elementor-widget-text-editor\" data-id=\"bcb7a90\" data-element_type=\"widget\" data-widget_type=\"text-editor.default\">\n\t\t\t\t<div class=\"elementor-widget-container\">\n\t\t\t\t\t\t\t\t\tWe use the information you provide \u2014 your name, address, email address, phone number and, if needed, your credit card number \u2014 only for fulfilling your order.<br data-start=\"161\" data-end=\"164\" \/>We share the information you provide with third parties only when it is necessary to deliver the goods to you or when required by law. For example, we give the courier your phone number, e-mail address and name.\t\t\t\t\t\t\t\t<\/div>\n\t\t\t\t<\/div>\n\t\t\t\t<div class=\"elementor-element elementor-element-77ff579 elementor-widget elementor-widget-heading\" data-id=\"77ff579\" data-element_type=\"widget\" data-widget_type=\"heading.default\">\n\t\t\t\t<div class=\"elementor-widget-container\">\n\t\t\t\t\t<h3 class=\"elementor-heading-title elementor-size-default\">Data deletion<\/h3>\t\t\t\t<\/div>\n\t\t\t\t<\/div>\n\t\t\t\t<div class=\"elementor-element elementor-element-5cd8180 elementor-widget elementor-widget-text-editor\" data-id=\"5cd8180\" data-element_type=\"widget\" data-widget_type=\"text-editor.default\">\n\t\t\t\t<div class=\"elementor-widget-container\">\n\t\t\t\t\t\t\t\t\t<p>If you wish to have your personal data deleted from our system, send a request to <a class=\"decorated-link cursor-pointer\" rel=\"noopener\" data-start=\"85\" data-end=\"98\">info@myeye.ee<\/a> and we will respond within 14 days.<\/p>\n\t\t\t\t\t\t\t\t<\/div>\n\t\t\t\t<\/div>\n\t\t\t\t\t<\/div>\n\t\t\t\t<\/div>\n\t\t\t\t<\/div>\n\t\t","protected":false},"excerpt":{"rendered":"<p>It is important to us that you can trust us. That\u2019s why we focus on protecting the privacy of MyEye visitors. We do not request any personal data from visitors of MyEye.ee unless they choose to provide such information voluntarily and knowingly. This information is not shared with third parties, except when necessary for delivering [&hellip;]<\/p>\n","protected":false},"author":1,"featured_media":0,"parent":0,"menu_order":0,"comment_status":"closed","ping_status":"closed","template":"","meta":{"_acf_changed":false,"footnotes":""},"class_list":["post-9262","page","type-page","status-publish","hentry"],"acf":[],"yoast_head":"<!-- This site is optimized with the Yoast SEO Premium plugin v26.4 (Yoast SEO v27.3) - https:\/\/yoast.com\/product\/yoast-seo-premium-wordpress\/ -->\n<title>Privacy Policy - Myeye<\/title>\n<meta name=\"description\" content=\"Learn how your data stays secure in the myeye.ee environment. Move forward with peace of mind when you prefer a convenient way to order lenses.\" \/>\n<meta name=\"robots\" content=\"index, follow, max-snippet:-1, max-image-preview:large, max-video-preview:-1\" \/>\n<link rel=\"canonical\" href=\"https:\/\/myeye.ee\/privaatsuspoliitika\/\" \/>\n<meta property=\"og:locale\" content=\"en_US\" \/>\n<meta property=\"og:type\" content=\"article\" \/>\n<meta property=\"og:title\" content=\"Privacy Policy\" \/>\n<meta property=\"og:description\" content=\"Learn how your data stays secure in the myeye.ee environment. Move forward with peace of mind when you prefer a convenient way to order lenses.\" \/>\n<meta property=\"og:url\" content=\"https:\/\/myeye.ee\/privaatsuspoliitika\/\" \/>\n<meta property=\"og:site_name\" content=\"Myeye\" \/>\n<meta property=\"article:publisher\" content=\"https:\/\/www.facebook.com\/profile.php?id=61571474589924\" \/>\n<meta property=\"article:modified_time\" content=\"2025-11-20T12:19:18+00:00\" \/>\n<meta property=\"og:image\" content=\"https:\/\/myeye.ee\/wp-content\/uploads\/2025\/04\/1.jpg\" \/>\n\t<meta property=\"og:image:width\" content=\"1920\" \/>\n\t<meta property=\"og:image:height\" content=\"900\" \/>\n\t<meta property=\"og:image:type\" content=\"image\/jpeg\" \/>\n<meta name=\"twitter:card\" content=\"summary_large_image\" \/>\n<meta name=\"twitter:label1\" content=\"Est. reading time\" \/>\n\t<meta name=\"twitter:data1\" content=\"1 minute\" \/>\n<script type=\"application\/ld+json\" class=\"yoast-schema-graph\">{\"@context\":\"https:\\\/\\\/schema.org\",\"@graph\":[{\"@type\":\"WebPage\",\"@id\":\"https:\\\/\\\/myeye.ee\\\/privaatsuspoliitika\\\/\",\"url\":\"https:\\\/\\\/myeye.ee\\\/privaatsuspoliitika\\\/\",\"name\":\"Privacy Policy - Myeye\",\"isPartOf\":{\"@id\":\"https:\\\/\\\/myeye.ee\\\/#website\"},\"datePublished\":\"2024-11-27T00:48:52+00:00\",\"dateModified\":\"2025-11-20T12:19:18+00:00\",\"description\":\"Learn how your data stays secure in the myeye.ee environment. Move forward with peace of mind when you prefer a convenient way to order lenses.\",\"breadcrumb\":{\"@id\":\"https:\\\/\\\/myeye.ee\\\/privaatsuspoliitika\\\/#breadcrumb\"},\"inLanguage\":\"en-US\",\"potentialAction\":[{\"@type\":\"ReadAction\",\"target\":[\"https:\\\/\\\/myeye.ee\\\/privaatsuspoliitika\\\/\"]}]},{\"@type\":\"BreadcrumbList\",\"@id\":\"https:\\\/\\\/myeye.ee\\\/privaatsuspoliitika\\\/#breadcrumb\",\"itemListElement\":[{\"@type\":\"ListItem\",\"position\":1,\"name\":\"Home\",\"item\":\"https:\\\/\\\/myeye.ee\\\/en\\\/\"},{\"@type\":\"ListItem\",\"position\":2,\"name\":\"Privacy Policy\"}]},{\"@type\":\"WebSite\",\"@id\":\"https:\\\/\\\/myeye.ee\\\/#website\",\"url\":\"https:\\\/\\\/myeye.ee\\\/\",\"name\":\"Myeye\",\"description\":\"Pakume professionaalset ja usaldusv\u00e4\u00e4rset teenust, kiiret kohaletoimetamist \u00fcle ning kliendis\u00f5bralikku ostukogemust.\",\"publisher\":{\"@id\":\"https:\\\/\\\/myeye.ee\\\/#organization\"},\"potentialAction\":[{\"@type\":\"SearchAction\",\"target\":{\"@type\":\"EntryPoint\",\"urlTemplate\":\"https:\\\/\\\/myeye.ee\\\/?s={search_term_string}\"},\"query-input\":{\"@type\":\"PropertyValueSpecification\",\"valueRequired\":true,\"valueName\":\"search_term_string\"}}],\"inLanguage\":\"en-US\"},{\"@type\":\"Organization\",\"@id\":\"https:\\\/\\\/myeye.ee\\\/#organization\",\"name\":\"Myeye\",\"url\":\"https:\\\/\\\/myeye.ee\\\/\",\"logo\":{\"@type\":\"ImageObject\",\"inLanguage\":\"en-US\",\"@id\":\"https:\\\/\\\/myeye.ee\\\/#\\\/schema\\\/logo\\\/image\\\/\",\"url\":\"https:\\\/\\\/myeye.ee\\\/wp-content\\\/uploads\\\/2025\\\/06\\\/1.png\",\"contentUrl\":\"https:\\\/\\\/myeye.ee\\\/wp-content\\\/uploads\\\/2025\\\/06\\\/1.png\",\"width\":1563,\"height\":1563,\"caption\":\"Myeye\"},\"image\":{\"@id\":\"https:\\\/\\\/myeye.ee\\\/#\\\/schema\\\/logo\\\/image\\\/\"},\"sameAs\":[\"https:\\\/\\\/www.facebook.com\\\/profile.php?id=61571474589924\"]}]}<\/script>\n<!-- \/ Yoast SEO Premium plugin. -->","yoast_head_json":{"title":"Privacy Policy - Myeye","description":"Learn how your data stays secure in the myeye.ee environment. Move forward with peace of mind when you prefer a convenient way to order lenses.","robots":{"index":"index","follow":"follow","max-snippet":"max-snippet:-1","max-image-preview":"max-image-preview:large","max-video-preview":"max-video-preview:-1"},"canonical":"https:\/\/myeye.ee\/privaatsuspoliitika\/","og_locale":"en_US","og_type":"article","og_title":"Privacy Policy","og_description":"Learn how your data stays secure in the myeye.ee environment. Move forward with peace of mind when you prefer a convenient way to order lenses.","og_url":"https:\/\/myeye.ee\/privaatsuspoliitika\/","og_site_name":"Myeye","article_publisher":"https:\/\/www.facebook.com\/profile.php?id=61571474589924","article_modified_time":"2025-11-20T12:19:18+00:00","og_image":[{"width":1920,"height":900,"url":"https:\/\/myeye.ee\/wp-content\/uploads\/2025\/04\/1.jpg","type":"image\/jpeg"}],"twitter_card":"summary_large_image","twitter_misc":{"Est. reading time":"1 minute"},"schema":{"@context":"https:\/\/schema.org","@graph":[{"@type":"WebPage","@id":"https:\/\/myeye.ee\/privaatsuspoliitika\/","url":"https:\/\/myeye.ee\/privaatsuspoliitika\/","name":"Privacy Policy - Myeye","isPartOf":{"@id":"https:\/\/myeye.ee\/#website"},"datePublished":"2024-11-27T00:48:52+00:00","dateModified":"2025-11-20T12:19:18+00:00","description":"Learn how your data stays secure in the myeye.ee environment. Move forward with peace of mind when you prefer a convenient way to order lenses.","breadcrumb":{"@id":"https:\/\/myeye.ee\/privaatsuspoliitika\/#breadcrumb"},"inLanguage":"en-US","potentialAction":[{"@type":"ReadAction","target":["https:\/\/myeye.ee\/privaatsuspoliitika\/"]}]},{"@type":"BreadcrumbList","@id":"https:\/\/myeye.ee\/privaatsuspoliitika\/#breadcrumb","itemListElement":[{"@type":"ListItem","position":1,"name":"Home","item":"https:\/\/myeye.ee\/en\/"},{"@type":"ListItem","position":2,"name":"Privacy Policy"}]},{"@type":"WebSite","@id":"https:\/\/myeye.ee\/#website","url":"https:\/\/myeye.ee\/","name":"Myeye","description":"Pakume professionaalset ja usaldusv\u00e4\u00e4rset teenust, kiiret kohaletoimetamist \u00fcle ning kliendis\u00f5bralikku ostukogemust.","publisher":{"@id":"https:\/\/myeye.ee\/#organization"},"potentialAction":[{"@type":"SearchAction","target":{"@type":"EntryPoint","urlTemplate":"https:\/\/myeye.ee\/?s={search_term_string}"},"query-input":{"@type":"PropertyValueSpecification","valueRequired":true,"valueName":"search_term_string"}}],"inLanguage":"en-US"},{"@type":"Organization","@id":"https:\/\/myeye.ee\/#organization","name":"Myeye","url":"https:\/\/myeye.ee\/","logo":{"@type":"ImageObject","inLanguage":"en-US","@id":"https:\/\/myeye.ee\/#\/schema\/logo\/image\/","url":"https:\/\/myeye.ee\/wp-content\/uploads\/2025\/06\/1.png","contentUrl":"https:\/\/myeye.ee\/wp-content\/uploads\/2025\/06\/1.png","width":1563,"height":1563,"caption":"Myeye"},"image":{"@id":"https:\/\/myeye.ee\/#\/schema\/logo\/image\/"},"sameAs":["https:\/\/www.facebook.com\/profile.php?id=61571474589924"]}]}},"_links":{"self":[{"href":"https:\/\/myeye.ee\/en\/wp-json\/wp\/v2\/pages\/9262","targetHints":{"allow":["GET"]}}],"collection":[{"href":"https:\/\/myeye.ee\/en\/wp-json\/wp\/v2\/pages"}],"about":[{"href":"https:\/\/myeye.ee\/en\/wp-json\/wp\/v2\/types\/page"}],"author":[{"embeddable":true,"href":"https:\/\/myeye.ee\/en\/wp-json\/wp\/v2\/users\/1"}],"replies":[{"embeddable":true,"href":"https:\/\/myeye.ee\/en\/wp-json\/wp\/v2\/comments?post=9262"}],"version-history":[{"count":1,"href":"https:\/\/myeye.ee\/en\/wp-json\/wp\/v2\/pages\/9262\/revisions"}],"predecessor-version":[{"id":9263,"href":"https:\/\/myeye.ee\/en\/wp-json\/wp\/v2\/pages\/9262\/revisions\/9263"}],"wp:attachment":[{"href":"https:\/\/myeye.ee\/en\/wp-json\/wp\/v2\/media?parent=9262"}],"curies":[{"name":"wp","href":"https:\/\/api.w.org\/{rel}","templated":true}]}}