{"id":9251,"date":"2025-05-01T11:45:59","date_gmt":"2025-05-01T11:45:59","guid":{"rendered":"https:\/\/myeye.ee\/terms-and-conditions\/"},"modified":"2025-11-20T10:51:41","modified_gmt":"2025-11-20T10:51:41","slug":"terms-and-conditions","status":"publish","type":"page","link":"https:\/\/myeye.ee\/en\/terms-and-conditions\/","title":{"rendered":"Terms and Conditions"},"content":{"rendered":"\t\t<div data-elementor-type=\"wp-page\" data-elementor-id=\"9251\" class=\"elementor elementor-9251 elementor-7410\" data-elementor-post-type=\"page\">\n\t\t\t\t<div class=\"elementor-element elementor-element-882c6aa e-flex e-con-boxed e-con e-parent\" data-id=\"882c6aa\" data-element_type=\"container\">\r\n\t\t\t\t\t<div class=\"e-con-inner\">\r\n\t\t\t\t<div class=\"elementor-element elementor-element-fd0a94a elementor-widget elementor-widget-heading\" data-id=\"fd0a94a\" data-element_type=\"widget\" data-widget_type=\"heading.default\">\n\t\t\t\t<div class=\"elementor-widget-container\">\n\t\t\t\t\t<h3 class=\"elementor-heading-title elementor-size-default\">Terms of use of the online store<\/h3>\t\t\t\t<\/div>\n\t\t\t\t<\/div>\n\t\t\t\t<div class=\"elementor-element elementor-element-fbefb70 elementor-widget elementor-widget-text-editor\" data-id=\"fbefb70\" data-element_type=\"widget\" data-widget_type=\"text-editor.default\">\n\t\t\t\t<div class=\"elementor-widget-container\">\n\t\t\t\t\t\t\t\t\t<p>1. These terms of use apply between the buyer of the MyEye.ee online store (hereinafter the Consumer) and the service provider MyEye O\u00dc, registry code 17149953 (hereinafter MyEye) when providing\/purchasing goods and services.<br \/>2. In addition to these terms of service, the legal relationships arising from the purchase of products from the MyEye online store are regulated by the Law of Obligations Act (hereinafter the Law of Obligations), the Consumer Protection Act (hereinafter the Law of Obligations) and other legislation in force in the Republic of Estonia.<br \/>3. MyEye reserves the right to make changes to the terms of sale, which we will notify about via the website.<\/p>\n\t\t\t\t\t\t\t\t<\/div>\n\t\t\t\t<\/div>\n\t\t\t\t<div class=\"elementor-element elementor-element-3f7ae3d elementor-widget elementor-widget-heading\" data-id=\"3f7ae3d\" data-element_type=\"widget\" data-widget_type=\"heading.default\">\n\t\t\t\t<div class=\"elementor-widget-container\">\n\t\t\t\t\t<h3 class=\"elementor-heading-title elementor-size-default\">Price information<\/h3>\t\t\t\t<\/div>\n\t\t\t\t<\/div>\n\t\t\t\t<div class=\"elementor-element elementor-element-832b9a0 elementor-widget elementor-widget-text-editor\" data-id=\"832b9a0\" data-element_type=\"widget\" data-widget_type=\"text-editor.default\">\n\t\t\t\t<div class=\"elementor-widget-container\">\n\t\t\t\t\t\t\t\t\t<p>1. All prices in the MyEye online store are in euros and include VAT;<br \/>2. MyEye has the right to make changes to sales prices, but these changes must be reflected in our online store.<br \/>3. If an order is placed before the terms of sale or prices are changed, the terms and conditions in force at the time of placing the order will apply.<\/p>\n\t\t\t\t\t\t\t\t<\/div>\n\t\t\t\t<\/div>\n\t\t\t\t<div class=\"elementor-element elementor-element-e84923f elementor-widget elementor-widget-heading\" data-id=\"e84923f\" data-element_type=\"widget\" data-widget_type=\"heading.default\">\n\t\t\t\t<div class=\"elementor-widget-container\">\n\t\t\t\t\t<h3 class=\"elementor-heading-title elementor-size-default\">Placing an order<\/h3>\t\t\t\t<\/div>\n\t\t\t\t<\/div>\n\t\t\t\t<div class=\"elementor-element elementor-element-bcb7a90 elementor-widget elementor-widget-text-editor\" data-id=\"bcb7a90\" data-element_type=\"widget\" data-widget_type=\"text-editor.default\">\n\t\t\t\t<div class=\"elementor-widget-container\">\n\t\t\t\t\t\t\t\t\t<p>1. Add the items you want to the cart and, for a one-time purchase, click \u201cCheckout\u201d.<br data-start=\"175\" data-end=\"178\" \/>2. On the checkout page, fill in the required fields, choose a delivery method, and click \u201cPlace order\u201d. After that you will be directed to your bank to complete the payment.<br data-start=\"356\" data-end=\"359\" \/>3. If you choose a subscription, you agree to enter your credit card details and allow automatic payments at the selected interval.<br data-start=\"494\" data-end=\"497\" \/>4. Make sure your card has enough funds on the payment date for the subscription charge.<br data-start=\"589\" data-end=\"592\" \/>5. You may pause the subscription after the 6-month period by doing it in your myeye.ee account or by emailing <a class=\"decorated-link cursor-pointer\" rel=\"noopener\" data-start=\"705\" data-end=\"718\">info@myeye.ee<\/a>.<br data-start=\"721\" data-end=\"724\" \/>6. Orders placed in the MyEye online store are processed on business days (Mon\u2013Fri) from 9:00 to 17:00.<\/p>\n\t\t\t\t\t\t\t\t<\/div>\n\t\t\t\t<\/div>\n\t\t\t\t<div class=\"elementor-element elementor-element-77ff579 elementor-widget elementor-widget-heading\" data-id=\"77ff579\" data-element_type=\"widget\" data-widget_type=\"heading.default\">\n\t\t\t\t<div class=\"elementor-widget-container\">\n\t\t\t\t\t<h3 class=\"elementor-heading-title elementor-size-default\">Payment<\/h3>\t\t\t\t<\/div>\n\t\t\t\t<\/div>\n\t\t\t\t<div class=\"elementor-element elementor-element-5cd8180 elementor-widget elementor-widget-text-editor\" data-id=\"5cd8180\" data-element_type=\"widget\" data-widget_type=\"text-editor.default\">\n\t\t\t\t<div class=\"elementor-widget-container\">\n\t\t\t\t\t\t\t\t\t<p>1. Under the sales contract, MyEye undertakes to transfer the Goods to the Consumer and enable the transfer of ownership. The Consumer undertakes to pay the amount indicated on the invoice and accept the Goods.<br data-start=\"262\" data-end=\"265\" \/>2. The sales contract enters into force once the Consumer\u2019s payment has been received on MyEye\u2019s bank account.<br data-start=\"379\" data-end=\"382\" \/>3. Orders that remain unpaid will be cancelled 48 hours after the order has been placed.<\/p>\n\t\t\t\t\t\t\t\t<\/div>\n\t\t\t\t<\/div>\n\t\t\t\t<div class=\"elementor-element elementor-element-452956f elementor-widget elementor-widget-heading\" data-id=\"452956f\" data-element_type=\"widget\" data-widget_type=\"heading.default\">\n\t\t\t\t<div class=\"elementor-widget-container\">\n\t\t\t\t\t<h3 class=\"elementor-heading-title elementor-size-default\">Delivery<\/h3>\t\t\t\t<\/div>\n\t\t\t\t<\/div>\n\t\t\t\t<div class=\"elementor-element elementor-element-27fac1a elementor-widget elementor-widget-text-editor\" data-id=\"27fac1a\" data-element_type=\"widget\" data-widget_type=\"text-editor.default\">\n\t\t\t\t<div class=\"elementor-widget-container\">\n\t\t\t\t\t\t\t\t\t<p>1. After the sales contract enters into force, MyEye prepares the order (or, if not in stock, orders it from a partner) and hands it over to the logistics partner for delivery.<br data-start=\"231\" data-end=\"234\" \/>2. The Consumer can receive the order via Unisend , Omniva or DPD.<br data-start=\"318\" data-end=\"321\" \/>3. Each product includes separate delivery information, and the delivery time starts from the moment the payment is received on MyEye\u2019s bank account.<\/p>\n\t\t\t\t\t\t\t\t<\/div>\n\t\t\t\t<\/div>\n\t\t\t\t<div class=\"elementor-element elementor-element-51a263d elementor-widget elementor-widget-heading\" data-id=\"51a263d\" data-element_type=\"widget\" data-widget_type=\"heading.default\">\n\t\t\t\t<div class=\"elementor-widget-container\">\n\t\t\t\t\t<h3 class=\"elementor-heading-title elementor-size-default\">Right of return<\/h3>\t\t\t\t<\/div>\n\t\t\t\t<\/div>\n\t\t\t\t<div class=\"elementor-element elementor-element-652de39 elementor-widget elementor-widget-text-editor\" data-id=\"652de39\" data-element_type=\"widget\" data-widget_type=\"text-editor.default\">\n\t\t\t\t<div class=\"elementor-widget-container\">\n\t\t\t\t\t\t\t\t\t<p data-start=\"51\" data-end=\"470\">1. After receiving the order, you have the right to return unused products purchased from MyEye.ee within 14 days. According to \u00a7 53 (4) of the Law of Obligations Act, the Consumer has no right of return for goods that cannot be returned due to their nature. Opened packages of contact lenses, contact lens care liquids, prescription glasses, as well as plus-power, toric and multifocal lenses cannot be returned.<\/p>\n<p><\/p>\n<p data-start=\"51\" data-end=\"470\">2. To return the goods, send a freely written email to <a class=\"decorated-link cursor-pointer\" rel=\"noopener\" data-start=\"529\" data-end=\"542\">info@myeye.ee<\/a> no later than 14 days from the date of receipt.<\/p>\n<p><\/p>\n<p data-start=\"596\" data-end=\"728\" data-is-last-node=\"\" data-is-only-node=\"\">3. Once the return request has been received, MyEye will refund the amounts paid after the returned products have been received.<\/p>\n\t\t\t\t\t\t\t\t<\/div>\n\t\t\t\t<\/div>\n\t\t\t\t<div class=\"elementor-element elementor-element-0ead9a5 elementor-widget elementor-widget-heading\" data-id=\"0ead9a5\" data-element_type=\"widget\" data-widget_type=\"heading.default\">\n\t\t\t\t<div class=\"elementor-widget-container\">\n\t\t\t\t\t<h3 class=\"elementor-heading-title elementor-size-default\">Force majeure<\/h3>\t\t\t\t<\/div>\n\t\t\t\t<\/div>\n\t\t\t\t<div class=\"elementor-element elementor-element-21eed0d elementor-widget elementor-widget-text-editor\" data-id=\"21eed0d\" data-element_type=\"widget\" data-widget_type=\"text-editor.default\">\n\t\t\t\t<div class=\"elementor-widget-container\">\n\t\t\t\t\t\t\t\t\t<p>MyEye is not liable for any damage caused to the Consumer or for delays in the delivery of goods if the damage or delay is due to circumstances that MyEye could not influence or foresee.<\/p>\n\t\t\t\t\t\t\t\t<\/div>\n\t\t\t\t<\/div>\n\t\t\t\t<div class=\"elementor-element elementor-element-d55db55 elementor-widget elementor-widget-heading\" data-id=\"d55db55\" data-element_type=\"widget\" data-widget_type=\"heading.default\">\n\t\t\t\t<div class=\"elementor-widget-container\">\n\t\t\t\t\t<h3 class=\"elementor-heading-title elementor-size-default\">Liability<\/h3>\t\t\t\t<\/div>\n\t\t\t\t<\/div>\n\t\t\t\t<div class=\"elementor-element elementor-element-6571eed elementor-widget elementor-widget-text-editor\" data-id=\"6571eed\" data-element_type=\"widget\" data-widget_type=\"text-editor.default\">\n\t\t\t\t<div class=\"elementor-widget-container\">\n\t\t\t\t\t\t\t\t\t<p>The Consumer must use the MyEye online store only for purposes that comply with the law and good practice, and the Consumer is solely responsible for the devices, software and data connection systems required to use the MyEye online store.<\/p>\n\t\t\t\t\t\t\t\t<\/div>\n\t\t\t\t<\/div>\n\t\t\t\t<div class=\"elementor-element elementor-element-b74a2d1 elementor-widget elementor-widget-heading\" data-id=\"b74a2d1\" data-element_type=\"widget\" data-widget_type=\"heading.default\">\n\t\t\t\t<div class=\"elementor-widget-container\">\n\t\t\t\t\t<h3 class=\"elementor-heading-title elementor-size-default\">Submitting complaints<\/h3>\t\t\t\t<\/div>\n\t\t\t\t<\/div>\n\t\t\t\t<div class=\"elementor-element elementor-element-a2ad083 elementor-widget elementor-widget-text-editor\" data-id=\"a2ad083\" data-element_type=\"widget\" data-widget_type=\"text-editor.default\">\n\t\t\t\t<div class=\"elementor-widget-container\">\n\t\t\t\t\t\t\t\t\t<p data-start=\"48\" data-end=\"226\">1. MyEye is liable for any non-conformity or defects of the goods sold to the Consumer that appear within two years from the date the goods are handed over to the Consumer.<\/p>\n<p><\/p>\n<p data-start=\"228\" data-end=\"291\">2. If a defect appears, stop using the goods immediately.<\/p>\n<p><\/p>\n<p data-start=\"293\" data-end=\"424\">3. Repair or replacement of defective goods will be agreed between MyEye and the Consumer. Repair costs are covered by MyEye.<\/p>\n<p><\/p>\n<p data-start=\"426\" data-end=\"567\">4. MyEye is not liable for defects caused by the Consumer, including improper storage or use that does not follow the intended purpose.<\/p>\n<p><\/p>\n<p data-start=\"569\" data-end=\"789\">5. In case of non-conformity or defects, please send a complaint to <a class=\"decorated-link cursor-pointer\" rel=\"noopener\" data-start=\"639\" data-end=\"652\">info@myeye.ee<\/a>, including the name of the purchaser, contact phone number, order number and a detailed description of the defect or non-conformity.<\/p>\n<p><\/p>\n<p data-start=\"791\" data-end=\"907\">6. A complaint must be submitted within two months from the moment the defect or non-conformity is discovered.<\/p>\n<p><\/p>\n<p data-start=\"909\" data-end=\"1070\">7. All complaints will be reviewed and the Consumer will be contacted as soon as possible, but no later than 14 days after the complaint has been received.<\/p>\n<p><\/p>\n<p data-start=\"1072\" data-end=\"1357\" data-is-last-node=\"\" data-is-only-node=\"\">8. The Consumer has the right to request a price reduction, contract termination or a refund if MyEye is unable to repair or replace the goods, if repair or replacement fails, if the defect is not remedied within a reasonable time, or if unreasonable inconvenience has been caused.<\/p>\n\t\t\t\t\t\t\t\t<\/div>\n\t\t\t\t<\/div>\n\t\t\t\t<div class=\"elementor-element elementor-element-7405c3b elementor-widget elementor-widget-heading\" data-id=\"7405c3b\" data-element_type=\"widget\" data-widget_type=\"heading.default\">\n\t\t\t\t<div class=\"elementor-widget-container\">\n\t\t\t\t\t<h3 class=\"elementor-heading-title elementor-size-default\">Consumer\u2019s right<\/h3>\t\t\t\t<\/div>\n\t\t\t\t<\/div>\n\t\t\t\t<div class=\"elementor-element elementor-element-ed4a7e0 elementor-widget elementor-widget-text-editor\" data-id=\"ed4a7e0\" data-element_type=\"widget\" data-widget_type=\"text-editor.default\">\n\t\t\t\t<div class=\"elementor-widget-container\">\n\t\t\t\t\t\t\t\t\t<p>f the Consumer does not agree with the solution offered by MyEye and believes that their rights have been violated or their interests harmed, the Consumer may submit a complaint to the Consumer Disputes Committee through the Consumer Protection Authority or take the matter to court. The Consumer may file the complaint personally or through a representative. Information about the Consumer Disputes Committee is available on the website of the Consumer Protection Authority. For issues arising within EU member states, the Consumer may contact the European Consumer Centre.<\/p>\n\t\t\t\t\t\t\t\t<\/div>\n\t\t\t\t<\/div>\n\t\t\t\t\t<\/div>\n\t\t\t\t<\/div>\n\t\t\t\t<\/div>\n\t\t","protected":false},"excerpt":{"rendered":"<p>Terms of use of the online store 1. These terms of use apply between the buyer of the MyEye.ee online store (hereinafter the Consumer) and the service provider MyEye O\u00dc, registry code 17149953 (hereinafter MyEye) when providing\/purchasing goods and services.2. In addition to these terms of service, the legal relationships arising from the purchase of [&hellip;]<\/p>\n","protected":false},"author":1,"featured_media":0,"parent":0,"menu_order":0,"comment_status":"closed","ping_status":"closed","template":"","meta":{"_acf_changed":false,"footnotes":""},"class_list":["post-9251","page","type-page","status-publish","hentry"],"acf":[],"yoast_head":"<!-- This site is optimized with the Yoast SEO Premium plugin v26.4 (Yoast SEO v27.3) - https:\/\/yoast.com\/product\/yoast-seo-premium-wordpress\/ -->\n<title>Terms and Conditions - Myeye<\/title>\n<meta name=\"description\" content=\"An overview that guides you to a safe purchase and helps you order contact lenses conveniently and quickly from the MyEye online store.\" \/>\n<meta name=\"robots\" content=\"index, follow, max-snippet:-1, max-image-preview:large, max-video-preview:-1\" \/>\n<link rel=\"canonical\" href=\"https:\/\/myeye.ee\/kasutustingimused\/\" \/>\n<meta property=\"og:locale\" content=\"en_US\" \/>\n<meta property=\"og:type\" content=\"article\" \/>\n<meta property=\"og:title\" content=\"Terms and Conditions\" \/>\n<meta property=\"og:description\" content=\"An overview that guides you to a safe purchase and helps you order contact lenses conveniently and quickly from the MyEye online store.\" \/>\n<meta property=\"og:url\" content=\"https:\/\/myeye.ee\/kasutustingimused\/\" \/>\n<meta property=\"og:site_name\" content=\"Myeye\" \/>\n<meta property=\"article:publisher\" content=\"https:\/\/www.facebook.com\/profile.php?id=61571474589924\" \/>\n<meta property=\"article:modified_time\" content=\"2025-11-20T10:51:41+00:00\" \/>\n<meta property=\"og:image\" content=\"https:\/\/myeye.ee\/wp-content\/uploads\/2025\/04\/1.jpg\" \/>\n\t<meta property=\"og:image:width\" content=\"1920\" \/>\n\t<meta property=\"og:image:height\" content=\"900\" \/>\n\t<meta property=\"og:image:type\" content=\"image\/jpeg\" \/>\n<meta name=\"twitter:card\" content=\"summary_large_image\" \/>\n<meta name=\"twitter:label1\" content=\"Est. reading time\" \/>\n\t<meta name=\"twitter:data1\" content=\"5 minutes\" \/>\n<script type=\"application\/ld+json\" class=\"yoast-schema-graph\">{\"@context\":\"https:\\\/\\\/schema.org\",\"@graph\":[{\"@type\":\"WebPage\",\"@id\":\"https:\\\/\\\/myeye.ee\\\/kasutustingimused\\\/\",\"url\":\"https:\\\/\\\/myeye.ee\\\/kasutustingimused\\\/\",\"name\":\"Terms and Conditions - Myeye\",\"isPartOf\":{\"@id\":\"https:\\\/\\\/myeye.ee\\\/#website\"},\"datePublished\":\"2025-05-01T11:45:59+00:00\",\"dateModified\":\"2025-11-20T10:51:41+00:00\",\"description\":\"An overview that guides you to a safe purchase and helps you order contact lenses conveniently and quickly from the MyEye online store.\",\"breadcrumb\":{\"@id\":\"https:\\\/\\\/myeye.ee\\\/kasutustingimused\\\/#breadcrumb\"},\"inLanguage\":\"en-US\",\"potentialAction\":[{\"@type\":\"ReadAction\",\"target\":[\"https:\\\/\\\/myeye.ee\\\/kasutustingimused\\\/\"]}]},{\"@type\":\"BreadcrumbList\",\"@id\":\"https:\\\/\\\/myeye.ee\\\/kasutustingimused\\\/#breadcrumb\",\"itemListElement\":[{\"@type\":\"ListItem\",\"position\":1,\"name\":\"Home\",\"item\":\"https:\\\/\\\/myeye.ee\\\/en\\\/\"},{\"@type\":\"ListItem\",\"position\":2,\"name\":\"Terms and Conditions\"}]},{\"@type\":\"WebSite\",\"@id\":\"https:\\\/\\\/myeye.ee\\\/#website\",\"url\":\"https:\\\/\\\/myeye.ee\\\/\",\"name\":\"Myeye\",\"description\":\"Pakume professionaalset ja usaldusv\u00e4\u00e4rset teenust, kiiret kohaletoimetamist \u00fcle ning kliendis\u00f5bralikku ostukogemust.\",\"publisher\":{\"@id\":\"https:\\\/\\\/myeye.ee\\\/#organization\"},\"potentialAction\":[{\"@type\":\"SearchAction\",\"target\":{\"@type\":\"EntryPoint\",\"urlTemplate\":\"https:\\\/\\\/myeye.ee\\\/?s={search_term_string}\"},\"query-input\":{\"@type\":\"PropertyValueSpecification\",\"valueRequired\":true,\"valueName\":\"search_term_string\"}}],\"inLanguage\":\"en-US\"},{\"@type\":\"Organization\",\"@id\":\"https:\\\/\\\/myeye.ee\\\/#organization\",\"name\":\"Myeye\",\"url\":\"https:\\\/\\\/myeye.ee\\\/\",\"logo\":{\"@type\":\"ImageObject\",\"inLanguage\":\"en-US\",\"@id\":\"https:\\\/\\\/myeye.ee\\\/#\\\/schema\\\/logo\\\/image\\\/\",\"url\":\"https:\\\/\\\/myeye.ee\\\/wp-content\\\/uploads\\\/2025\\\/06\\\/1.png\",\"contentUrl\":\"https:\\\/\\\/myeye.ee\\\/wp-content\\\/uploads\\\/2025\\\/06\\\/1.png\",\"width\":1563,\"height\":1563,\"caption\":\"Myeye\"},\"image\":{\"@id\":\"https:\\\/\\\/myeye.ee\\\/#\\\/schema\\\/logo\\\/image\\\/\"},\"sameAs\":[\"https:\\\/\\\/www.facebook.com\\\/profile.php?id=61571474589924\"]}]}<\/script>\n<!-- \/ Yoast SEO Premium plugin. -->","yoast_head_json":{"title":"Terms and Conditions - Myeye","description":"An overview that guides you to a safe purchase and helps you order contact lenses conveniently and quickly from the MyEye online store.","robots":{"index":"index","follow":"follow","max-snippet":"max-snippet:-1","max-image-preview":"max-image-preview:large","max-video-preview":"max-video-preview:-1"},"canonical":"https:\/\/myeye.ee\/kasutustingimused\/","og_locale":"en_US","og_type":"article","og_title":"Terms and Conditions","og_description":"An overview that guides you to a safe purchase and helps you order contact lenses conveniently and quickly from the MyEye online store.","og_url":"https:\/\/myeye.ee\/kasutustingimused\/","og_site_name":"Myeye","article_publisher":"https:\/\/www.facebook.com\/profile.php?id=61571474589924","article_modified_time":"2025-11-20T10:51:41+00:00","og_image":[{"width":1920,"height":900,"url":"https:\/\/myeye.ee\/wp-content\/uploads\/2025\/04\/1.jpg","type":"image\/jpeg"}],"twitter_card":"summary_large_image","twitter_misc":{"Est. reading time":"5 minutes"},"schema":{"@context":"https:\/\/schema.org","@graph":[{"@type":"WebPage","@id":"https:\/\/myeye.ee\/kasutustingimused\/","url":"https:\/\/myeye.ee\/kasutustingimused\/","name":"Terms and Conditions - Myeye","isPartOf":{"@id":"https:\/\/myeye.ee\/#website"},"datePublished":"2025-05-01T11:45:59+00:00","dateModified":"2025-11-20T10:51:41+00:00","description":"An overview that guides you to a safe purchase and helps you order contact lenses conveniently and quickly from the MyEye online store.","breadcrumb":{"@id":"https:\/\/myeye.ee\/kasutustingimused\/#breadcrumb"},"inLanguage":"en-US","potentialAction":[{"@type":"ReadAction","target":["https:\/\/myeye.ee\/kasutustingimused\/"]}]},{"@type":"BreadcrumbList","@id":"https:\/\/myeye.ee\/kasutustingimused\/#breadcrumb","itemListElement":[{"@type":"ListItem","position":1,"name":"Home","item":"https:\/\/myeye.ee\/en\/"},{"@type":"ListItem","position":2,"name":"Terms and Conditions"}]},{"@type":"WebSite","@id":"https:\/\/myeye.ee\/#website","url":"https:\/\/myeye.ee\/","name":"Myeye","description":"Pakume professionaalset ja usaldusv\u00e4\u00e4rset teenust, kiiret kohaletoimetamist \u00fcle ning kliendis\u00f5bralikku ostukogemust.","publisher":{"@id":"https:\/\/myeye.ee\/#organization"},"potentialAction":[{"@type":"SearchAction","target":{"@type":"EntryPoint","urlTemplate":"https:\/\/myeye.ee\/?s={search_term_string}"},"query-input":{"@type":"PropertyValueSpecification","valueRequired":true,"valueName":"search_term_string"}}],"inLanguage":"en-US"},{"@type":"Organization","@id":"https:\/\/myeye.ee\/#organization","name":"Myeye","url":"https:\/\/myeye.ee\/","logo":{"@type":"ImageObject","inLanguage":"en-US","@id":"https:\/\/myeye.ee\/#\/schema\/logo\/image\/","url":"https:\/\/myeye.ee\/wp-content\/uploads\/2025\/06\/1.png","contentUrl":"https:\/\/myeye.ee\/wp-content\/uploads\/2025\/06\/1.png","width":1563,"height":1563,"caption":"Myeye"},"image":{"@id":"https:\/\/myeye.ee\/#\/schema\/logo\/image\/"},"sameAs":["https:\/\/www.facebook.com\/profile.php?id=61571474589924"]}]}},"_links":{"self":[{"href":"https:\/\/myeye.ee\/en\/wp-json\/wp\/v2\/pages\/9251","targetHints":{"allow":["GET"]}}],"collection":[{"href":"https:\/\/myeye.ee\/en\/wp-json\/wp\/v2\/pages"}],"about":[{"href":"https:\/\/myeye.ee\/en\/wp-json\/wp\/v2\/types\/page"}],"author":[{"embeddable":true,"href":"https:\/\/myeye.ee\/en\/wp-json\/wp\/v2\/users\/1"}],"replies":[{"embeddable":true,"href":"https:\/\/myeye.ee\/en\/wp-json\/wp\/v2\/comments?post=9251"}],"version-history":[{"count":2,"href":"https:\/\/myeye.ee\/en\/wp-json\/wp\/v2\/pages\/9251\/revisions"}],"predecessor-version":[{"id":9256,"href":"https:\/\/myeye.ee\/en\/wp-json\/wp\/v2\/pages\/9251\/revisions\/9256"}],"wp:attachment":[{"href":"https:\/\/myeye.ee\/en\/wp-json\/wp\/v2\/media?parent=9251"}],"curies":[{"name":"wp","href":"https:\/\/api.w.org\/{rel}","templated":true}]}}