{"id":9241,"date":"2025-05-01T11:42:43","date_gmt":"2025-05-01T11:42:43","guid":{"rendered":"https:\/\/myeye.ee\/privacy-policy\/"},"modified":"2025-11-20T10:10:54","modified_gmt":"2025-11-20T10:10:54","slug":"privacy-policy","status":"publish","type":"page","link":"https:\/\/myeye.ee\/en\/privacy-policy\/","title":{"rendered":"Privacy Policy"},"content":{"rendered":"\t\t<div data-elementor-type=\"wp-page\" data-elementor-id=\"9241\" class=\"elementor elementor-9241 elementor-7405\" data-elementor-post-type=\"page\">\n\t\t\t\t<div class=\"elementor-element elementor-element-882c6aa e-flex e-con-boxed e-con e-parent\" data-id=\"882c6aa\" data-element_type=\"container\">\r\n\t\t\t\t\t<div class=\"e-con-inner\">\r\n\t\t\t\t<div class=\"elementor-element elementor-element-72172fa elementor-widget elementor-widget-heading\" data-id=\"72172fa\" data-element_type=\"widget\" data-widget_type=\"heading.default\">\n\t\t\t\t<div class=\"elementor-widget-container\">\n\t\t\t\t\t<h3 class=\"elementor-heading-title elementor-size-default\">Personal Data and Its Use<\/h3>\t\t\t\t<\/div>\n\t\t\t\t<\/div>\n\t\t\t\t<div class=\"elementor-element elementor-element-fbefb70 elementor-widget elementor-widget-text-editor\" data-id=\"fbefb70\" data-element_type=\"widget\" data-widget_type=\"text-editor.default\">\n\t\t\t\t<div class=\"elementor-widget-container\">\n\t\t\t\t\t\t\t\t\t<p>1. The customer&#8217;s personal data is processed only in accordance with the Personal Data Protection Act.<br \/>2. The data controller is MyEye O\u00dc.<br \/>3. When ordering goods from the MyEye online store, we ask the customer for information about their name, address, e-mail and phone number. We use this information to fulfill orders. We also receive the bank account number from which the payment was made. MyEye can use the bank account number to make a return.<br \/>4. MyEye forwards the information necessary for the transport of goods to the logistics company or a third party, if required by law.<br \/>5. The e-mail address and phone number are used with consent to send direct marketing messages, which can be unsubscribed from by selecting the corresponding link in the footer of the e-mail or by clicking on the corresponding link in the SMS message.<br \/>6. MyEye collects information about visitors such as the visitor&#8217;s IP address, the time the page was visited, where they came to the MyEye page, how long they were on the website, etc. We use such information to create statistics to make the user experience even better.<br \/>7. When you visit the MyEye online store, your browser stores a temporary file (hereinafter: cookie) that allows you to save product parameters and display targeted advertisements (Google Remarketing). This is not related to personal information and is completely anonymous. With the help of a cookie, we can temporarily show you advertisements related to our products with the aim of bringing you our best offers.<\/p>\n\t\t\t\t\t\t\t\t<\/div>\n\t\t\t\t<\/div>\n\t\t\t\t<div class=\"elementor-element elementor-element-3f7ae3d elementor-widget elementor-widget-heading\" data-id=\"3f7ae3d\" data-element_type=\"widget\" data-widget_type=\"heading.default\">\n\t\t\t\t<div class=\"elementor-widget-container\">\n\t\t\t\t\t<h3 class=\"elementor-heading-title elementor-size-default\">Changing, deleting and transferring personal data<\/h3>\t\t\t\t<\/div>\n\t\t\t\t<\/div>\n\t\t\t\t<div class=\"elementor-element elementor-element-832b9a0 elementor-widget elementor-widget-text-editor\" data-id=\"832b9a0\" data-element_type=\"widget\" data-widget_type=\"text-editor.default\">\n\t\t\t\t<div class=\"elementor-widget-container\">\n\t\t\t\t\t\t\t\t\t<p>1. The customer can view and change personal data in the online store user profile. If the customer does not have a myeye.ee user profile, they can view their personal data via info@myeye.ee.<br \/>2. When closing the online store user account, all personal data and purchase history will also be deleted. If a purchase is made in the online store without a customer account, the purchase history will be stored for 7 years.<br \/>3. In the case of data related to payment and consumer disputes, personal data will be stored until the claim is fulfilled or the expiration of the limitation period (7 years).<br \/>4. To delete personal data, please contact customer support by e-mail info@myeye.ee. The deletion request will be responded to within 14 days at the latest.<\/p>\n\t\t\t\t\t\t\t\t<\/div>\n\t\t\t\t<\/div>\n\t\t\t\t\t<\/div>\n\t\t\t\t<\/div>\n\t\t\t\t<\/div>\n\t\t","protected":false},"excerpt":{"rendered":"<p>Personal Data and Its Use 1. The customer&#8217;s personal data is processed only in accordance with the Personal Data Protection Act.2. The data controller is MyEye O\u00dc.3. When ordering goods from the MyEye online store, we ask the customer for information about their name, address, e-mail and phone number. We use this information to fulfill [&hellip;]<\/p>\n","protected":false},"author":1,"featured_media":0,"parent":0,"menu_order":0,"comment_status":"closed","ping_status":"closed","template":"","meta":{"_acf_changed":false,"footnotes":""},"class_list":["post-9241","page","type-page","status-publish","hentry"],"acf":[],"yoast_head":"<!-- This site is optimized with the Yoast SEO Premium plugin v26.4 (Yoast SEO v27.3) - https:\/\/yoast.com\/product\/yoast-seo-premium-wordpress\/ -->\n<title>Privacy Policy - Myeye<\/title>\n<meta name=\"description\" content=\"Read how MyEye O\u00dc protects your data. Stay informed when ordering contact lenses conveniently and securely.\" \/>\n<meta name=\"robots\" content=\"index, follow, max-snippet:-1, max-image-preview:large, max-video-preview:-1\" \/>\n<link rel=\"canonical\" href=\"https:\/\/myeye.ee\/andmekaitse-tingimused\/\" \/>\n<meta property=\"og:locale\" content=\"en_US\" \/>\n<meta property=\"og:type\" content=\"article\" \/>\n<meta property=\"og:title\" content=\"Privacy Policy\" \/>\n<meta property=\"og:description\" content=\"Read how MyEye O\u00dc protects your data. Stay informed when ordering contact lenses conveniently and securely.\" \/>\n<meta property=\"og:url\" content=\"https:\/\/myeye.ee\/andmekaitse-tingimused\/\" \/>\n<meta property=\"og:site_name\" content=\"Myeye\" \/>\n<meta property=\"article:publisher\" content=\"https:\/\/www.facebook.com\/profile.php?id=61571474589924\" \/>\n<meta property=\"article:modified_time\" content=\"2025-11-20T10:10:54+00:00\" \/>\n<meta property=\"og:image\" content=\"https:\/\/myeye.ee\/wp-content\/uploads\/2025\/04\/1.jpg\" \/>\n\t<meta property=\"og:image:width\" content=\"1920\" \/>\n\t<meta property=\"og:image:height\" content=\"900\" \/>\n\t<meta property=\"og:image:type\" content=\"image\/jpeg\" \/>\n<meta name=\"twitter:card\" content=\"summary_large_image\" \/>\n<meta name=\"twitter:label1\" content=\"Est. reading time\" \/>\n\t<meta name=\"twitter:data1\" content=\"2 minutes\" \/>\n<script type=\"application\/ld+json\" class=\"yoast-schema-graph\">{\"@context\":\"https:\\\/\\\/schema.org\",\"@graph\":[{\"@type\":\"WebPage\",\"@id\":\"https:\\\/\\\/myeye.ee\\\/andmekaitse-tingimused\\\/\",\"url\":\"https:\\\/\\\/myeye.ee\\\/andmekaitse-tingimused\\\/\",\"name\":\"Privacy Policy - Myeye\",\"isPartOf\":{\"@id\":\"https:\\\/\\\/myeye.ee\\\/#website\"},\"datePublished\":\"2025-05-01T11:42:43+00:00\",\"dateModified\":\"2025-11-20T10:10:54+00:00\",\"description\":\"Read how MyEye O\u00dc protects your data. Stay informed when ordering contact lenses conveniently and securely.\",\"breadcrumb\":{\"@id\":\"https:\\\/\\\/myeye.ee\\\/andmekaitse-tingimused\\\/#breadcrumb\"},\"inLanguage\":\"en-US\",\"potentialAction\":[{\"@type\":\"ReadAction\",\"target\":[\"https:\\\/\\\/myeye.ee\\\/andmekaitse-tingimused\\\/\"]}]},{\"@type\":\"BreadcrumbList\",\"@id\":\"https:\\\/\\\/myeye.ee\\\/andmekaitse-tingimused\\\/#breadcrumb\",\"itemListElement\":[{\"@type\":\"ListItem\",\"position\":1,\"name\":\"Home\",\"item\":\"https:\\\/\\\/myeye.ee\\\/en\\\/\"},{\"@type\":\"ListItem\",\"position\":2,\"name\":\"Privacy Policy\"}]},{\"@type\":\"WebSite\",\"@id\":\"https:\\\/\\\/myeye.ee\\\/#website\",\"url\":\"https:\\\/\\\/myeye.ee\\\/\",\"name\":\"Myeye\",\"description\":\"Pakume professionaalset ja usaldusv\u00e4\u00e4rset teenust, kiiret kohaletoimetamist \u00fcle ning kliendis\u00f5bralikku ostukogemust.\",\"publisher\":{\"@id\":\"https:\\\/\\\/myeye.ee\\\/#organization\"},\"potentialAction\":[{\"@type\":\"SearchAction\",\"target\":{\"@type\":\"EntryPoint\",\"urlTemplate\":\"https:\\\/\\\/myeye.ee\\\/?s={search_term_string}\"},\"query-input\":{\"@type\":\"PropertyValueSpecification\",\"valueRequired\":true,\"valueName\":\"search_term_string\"}}],\"inLanguage\":\"en-US\"},{\"@type\":\"Organization\",\"@id\":\"https:\\\/\\\/myeye.ee\\\/#organization\",\"name\":\"Myeye\",\"url\":\"https:\\\/\\\/myeye.ee\\\/\",\"logo\":{\"@type\":\"ImageObject\",\"inLanguage\":\"en-US\",\"@id\":\"https:\\\/\\\/myeye.ee\\\/#\\\/schema\\\/logo\\\/image\\\/\",\"url\":\"https:\\\/\\\/myeye.ee\\\/wp-content\\\/uploads\\\/2025\\\/06\\\/1.png\",\"contentUrl\":\"https:\\\/\\\/myeye.ee\\\/wp-content\\\/uploads\\\/2025\\\/06\\\/1.png\",\"width\":1563,\"height\":1563,\"caption\":\"Myeye\"},\"image\":{\"@id\":\"https:\\\/\\\/myeye.ee\\\/#\\\/schema\\\/logo\\\/image\\\/\"},\"sameAs\":[\"https:\\\/\\\/www.facebook.com\\\/profile.php?id=61571474589924\"]}]}<\/script>\n<!-- \/ Yoast SEO Premium plugin. -->","yoast_head_json":{"title":"Privacy Policy - Myeye","description":"Read how MyEye O\u00dc protects your data. Stay informed when ordering contact lenses conveniently and securely.","robots":{"index":"index","follow":"follow","max-snippet":"max-snippet:-1","max-image-preview":"max-image-preview:large","max-video-preview":"max-video-preview:-1"},"canonical":"https:\/\/myeye.ee\/andmekaitse-tingimused\/","og_locale":"en_US","og_type":"article","og_title":"Privacy Policy","og_description":"Read how MyEye O\u00dc protects your data. Stay informed when ordering contact lenses conveniently and securely.","og_url":"https:\/\/myeye.ee\/andmekaitse-tingimused\/","og_site_name":"Myeye","article_publisher":"https:\/\/www.facebook.com\/profile.php?id=61571474589924","article_modified_time":"2025-11-20T10:10:54+00:00","og_image":[{"width":1920,"height":900,"url":"https:\/\/myeye.ee\/wp-content\/uploads\/2025\/04\/1.jpg","type":"image\/jpeg"}],"twitter_card":"summary_large_image","twitter_misc":{"Est. reading time":"2 minutes"},"schema":{"@context":"https:\/\/schema.org","@graph":[{"@type":"WebPage","@id":"https:\/\/myeye.ee\/andmekaitse-tingimused\/","url":"https:\/\/myeye.ee\/andmekaitse-tingimused\/","name":"Privacy Policy - Myeye","isPartOf":{"@id":"https:\/\/myeye.ee\/#website"},"datePublished":"2025-05-01T11:42:43+00:00","dateModified":"2025-11-20T10:10:54+00:00","description":"Read how MyEye O\u00dc protects your data. Stay informed when ordering contact lenses conveniently and securely.","breadcrumb":{"@id":"https:\/\/myeye.ee\/andmekaitse-tingimused\/#breadcrumb"},"inLanguage":"en-US","potentialAction":[{"@type":"ReadAction","target":["https:\/\/myeye.ee\/andmekaitse-tingimused\/"]}]},{"@type":"BreadcrumbList","@id":"https:\/\/myeye.ee\/andmekaitse-tingimused\/#breadcrumb","itemListElement":[{"@type":"ListItem","position":1,"name":"Home","item":"https:\/\/myeye.ee\/en\/"},{"@type":"ListItem","position":2,"name":"Privacy Policy"}]},{"@type":"WebSite","@id":"https:\/\/myeye.ee\/#website","url":"https:\/\/myeye.ee\/","name":"Myeye","description":"Pakume professionaalset ja usaldusv\u00e4\u00e4rset teenust, kiiret kohaletoimetamist \u00fcle ning kliendis\u00f5bralikku ostukogemust.","publisher":{"@id":"https:\/\/myeye.ee\/#organization"},"potentialAction":[{"@type":"SearchAction","target":{"@type":"EntryPoint","urlTemplate":"https:\/\/myeye.ee\/?s={search_term_string}"},"query-input":{"@type":"PropertyValueSpecification","valueRequired":true,"valueName":"search_term_string"}}],"inLanguage":"en-US"},{"@type":"Organization","@id":"https:\/\/myeye.ee\/#organization","name":"Myeye","url":"https:\/\/myeye.ee\/","logo":{"@type":"ImageObject","inLanguage":"en-US","@id":"https:\/\/myeye.ee\/#\/schema\/logo\/image\/","url":"https:\/\/myeye.ee\/wp-content\/uploads\/2025\/06\/1.png","contentUrl":"https:\/\/myeye.ee\/wp-content\/uploads\/2025\/06\/1.png","width":1563,"height":1563,"caption":"Myeye"},"image":{"@id":"https:\/\/myeye.ee\/#\/schema\/logo\/image\/"},"sameAs":["https:\/\/www.facebook.com\/profile.php?id=61571474589924"]}]}},"_links":{"self":[{"href":"https:\/\/myeye.ee\/en\/wp-json\/wp\/v2\/pages\/9241","targetHints":{"allow":["GET"]}}],"collection":[{"href":"https:\/\/myeye.ee\/en\/wp-json\/wp\/v2\/pages"}],"about":[{"href":"https:\/\/myeye.ee\/en\/wp-json\/wp\/v2\/types\/page"}],"author":[{"embeddable":true,"href":"https:\/\/myeye.ee\/en\/wp-json\/wp\/v2\/users\/1"}],"replies":[{"embeddable":true,"href":"https:\/\/myeye.ee\/en\/wp-json\/wp\/v2\/comments?post=9241"}],"version-history":[{"count":2,"href":"https:\/\/myeye.ee\/en\/wp-json\/wp\/v2\/pages\/9241\/revisions"}],"predecessor-version":[{"id":9246,"href":"https:\/\/myeye.ee\/en\/wp-json\/wp\/v2\/pages\/9241\/revisions\/9246"}],"wp:attachment":[{"href":"https:\/\/myeye.ee\/en\/wp-json\/wp\/v2\/media?parent=9241"}],"curies":[{"name":"wp","href":"https:\/\/api.w.org\/{rel}","templated":true}]}}