{"id":8861,"date":"2024-11-27T00:46:47","date_gmt":"2024-11-27T00:46:47","guid":{"rendered":"https:\/\/myeye.ee\/kontakt\/"},"modified":"2025-12-04T15:03:12","modified_gmt":"2025-12-04T15:03:12","slug":"contact","status":"publish","type":"page","link":"https:\/\/myeye.ee\/en\/contact\/","title":{"rendered":"Contact"},"content":{"rendered":"\t\t<div data-elementor-type=\"wp-page\" data-elementor-id=\"8861\" class=\"elementor elementor-8861 elementor-17\" data-elementor-post-type=\"page\">\n\t\t\t\t<div class=\"elementor-element elementor-element-e444cba e-flex e-con-boxed e-con e-parent\" data-id=\"e444cba\" data-element_type=\"container\" data-settings=\"{&quot;background_background&quot;:&quot;classic&quot;}\">\r\n\t\t\t\t\t<div class=\"e-con-inner\">\r\n\t\t\t\t<div class=\"elementor-element elementor-element-9c6d72e elementor-widget elementor-widget-heading\" data-id=\"9c6d72e\" data-element_type=\"widget\" data-widget_type=\"heading.default\">\n\t\t\t\t<div class=\"elementor-widget-container\">\n\t\t\t\t\t<p class=\"elementor-heading-title elementor-size-default\">It is important to us that every customer feels supported and confident \u2013 \u200b\u200bwhether it is their first time ordering contact lenses or they have been using them for years. If you have any questions about products, orders or standing orders, please contact us. We always respond personally and do our best to help you find the most suitable solution.<\/p>\t\t\t\t<\/div>\n\t\t\t\t<\/div>\n\t\t<div class=\"elementor-element elementor-element-bbeaefa e-con-full e-flex e-con e-child\" data-id=\"bbeaefa\" data-element_type=\"container\">\r\n\t\t<div class=\"elementor-element elementor-element-bbf63d9 e-con-full e-flex e-con e-child\" data-id=\"bbf63d9\" data-element_type=\"container\">\r\n\t\t\t\t<div class=\"elementor-element elementor-element-756d859 elementor-widget elementor-widget-porto_ultimate_heading\" data-id=\"756d859\" data-element_type=\"widget\" data-widget_type=\"porto_ultimate_heading.default\">\n\t\t\t\t<div class=\"elementor-widget-container\">\n\t\t\t\t\t<div class=\"porto-u-heading  porto-u-ad87e2eaf3f9c495180fe0156ddf3eb0\"><div class=\"porto-u-main-heading\"><h2    style=\"margin-bottom: 0.9rem;\">Contact Us<\/h2><\/div><div class=\"porto-u-sub-heading\" style=\"\"><p>If you need advice on how to choose the right lenses or how to care for your glasses, we\u2019re just a message away. We\u2019re also happy to help with any technical or order-related issues. Our goal is to make achieving good vision easy and seamless \u2013 even if you need a little extra guidance.<\/p><\/div><style>.porto-u-ad87e2eaf3f9c495180fe0156ddf3eb0.porto-u-heading{text-align:left}<\/style><\/div>\t\t\t\t<\/div>\n\t\t\t\t<\/div>\n\t\t\t\t<div class=\"elementor-element elementor-element-1b11475 elementor-widget elementor-widget-porto_contact_form\" data-id=\"1b11475\" data-element_type=\"widget\" data-widget_type=\"porto_contact_form.default\">\n\t\t\t\t<div class=\"elementor-widget-container\">\n\t\t\t\t\t\n<div class=\"wpcf7 no-js\" id=\"wpcf7-f8863-o1\" lang=\"en-US\" dir=\"ltr\" data-wpcf7-id=\"8863\">\n<div class=\"screen-reader-response\"><p role=\"status\" aria-live=\"polite\" aria-atomic=\"true\"><\/p> <ul><\/ul><\/div>\n<form action=\"\/en\/wp-json\/wp\/v2\/pages\/8861#wpcf7-f8863-o1\" method=\"post\" class=\"wpcf7-form init\" aria-label=\"Contact form\" novalidate=\"novalidate\" data-status=\"init\">\n<fieldset class=\"hidden-fields-container\"><input type=\"hidden\" name=\"_wpcf7\" value=\"8863\" \/><input type=\"hidden\" name=\"_wpcf7_version\" value=\"6.1.4\" \/><input type=\"hidden\" name=\"_wpcf7_locale\" value=\"en_US\" \/><input type=\"hidden\" name=\"_wpcf7_unit_tag\" value=\"wpcf7-f8863-o1\" \/><input type=\"hidden\" name=\"_wpcf7_container_post\" value=\"0\" \/><input type=\"hidden\" name=\"_wpcf7_posted_data_hash\" value=\"\" \/><input type=\"hidden\" name=\"_wpcf7_recaptcha_response\" value=\"\" \/>\n<\/fieldset>\n<div class=\"row\">\n    <div class=\"mb-3 col-md-6\">\n        <label class=\"d-block mb-2\">Name *<\/label><span class=\"wpcf7-form-control-wrap\" data-name=\"text-102\"><input size=\"40\" maxlength=\"400\" class=\"wpcf7-form-control wpcf7-text wpcf7-validates-as-required w-100\" aria-required=\"true\" aria-invalid=\"false\" value=\"\" type=\"text\" name=\"text-102\" \/><\/span>\n    <\/div>\n    <div class=\"mb-3 col-md-6\">\n        <label class=\"d-block mb-2\">Subject *<\/label><span class=\"wpcf7-form-control-wrap\" data-name=\"text-623\"><input size=\"40\" maxlength=\"400\" class=\"wpcf7-form-control wpcf7-text wpcf7-validates-as-required w-100\" aria-required=\"true\" aria-invalid=\"false\" value=\"\" type=\"text\" name=\"text-623\" \/><\/span>\n    <\/div>\n<\/div>\n<div class=\"row\">\n    <div class=\"mb-3 col-md-6\">\n        <label class=\"d-block mb-2\">Email *<\/label><span class=\"wpcf7-form-control-wrap\" data-name=\"text-105\"><input size=\"40\" maxlength=\"400\" class=\"wpcf7-form-control wpcf7-email wpcf7-validates-as-required wpcf7-text wpcf7-validates-as-email w-100\" aria-required=\"true\" aria-invalid=\"false\" value=\"\" type=\"email\" name=\"text-105\" \/><\/span>\n    <\/div>\n    <div class=\"mb-3 col-md-6\">\n        <label class=\"d-block mb-2\">Phone*<\/label><span class=\"wpcf7-form-control-wrap\" data-name=\"text-627\"><input size=\"40\" maxlength=\"400\" class=\"wpcf7-form-control wpcf7-text wpcf7-validates-as-required w-100\" aria-required=\"true\" aria-invalid=\"false\" value=\"\" type=\"text\" name=\"text-627\" \/><\/span>\n    <\/div>\n<\/div>\n<p class=\"col-12 m-b-lg\">\n    <label class=\"d-block mb-2\">Message*<\/label><span class=\"wpcf7-form-control-wrap\" data-name=\"Comments\"><textarea cols=\"40\" rows=\"10\" maxlength=\"2000\" class=\"wpcf7-form-control wpcf7-textarea d-block w-100\" aria-invalid=\"false\" name=\"Comments\"><\/textarea><\/span>\n<\/p>\n<p class=\"col-12\"><input class=\"wpcf7-form-control wpcf7-submit has-spinner btn btn-dark\" type=\"submit\" value=\"Send\" \/><\/p><div class=\"wpcf7-response-output\" aria-hidden=\"true\"><\/div>\n<\/form>\n<\/div>\n\t\t\t\t<\/div>\n\t\t\t\t<\/div>\n\t\t\t\t<\/div>\n\t\t\t\t<\/div>\n\t\t\t\t\t<\/div>\n\t\t\t\t<\/div>\n\t\t\t\t<\/div>\n\t\t","protected":false},"excerpt":{"rendered":"<p>It is important to us that every customer feels supported and confident \u2013 \u200b\u200bwhether it is their first time ordering contact lenses or they have been using them for years. If you have any questions about products, orders or standing orders, please contact us. We always respond personally and do our best to help you [&hellip;]<\/p>\n","protected":false},"author":1,"featured_media":0,"parent":0,"menu_order":0,"comment_status":"closed","ping_status":"closed","template":"","meta":{"_acf_changed":false,"footnotes":""},"class_list":["post-8861","page","type-page","status-publish","hentry"],"acf":[],"yoast_head":"<!-- This site is optimized with the Yoast SEO Premium plugin v26.4 (Yoast SEO v27.3) - https:\/\/yoast.com\/product\/yoast-seo-premium-wordpress\/ -->\n<title>Contact - Myeye<\/title>\n<meta name=\"robots\" content=\"index, follow, max-snippet:-1, max-image-preview:large, max-video-preview:-1\" \/>\n<link rel=\"canonical\" href=\"https:\/\/myeye.ee\/en\/contact\/\" \/>\n<meta property=\"og:locale\" content=\"en_US\" \/>\n<meta property=\"og:type\" content=\"article\" \/>\n<meta property=\"og:title\" content=\"Contact\" \/>\n<meta property=\"og:description\" content=\"It is important to us that every customer feels supported and confident \u2013 \u200b\u200bwhether it is their first time ordering contact lenses or they have been using them for years. If you have any questions about products, orders or standing orders, please contact us. We always respond personally and do our best to help you [&hellip;]\" \/>\n<meta property=\"og:url\" content=\"https:\/\/myeye.ee\/en\/contact\/\" \/>\n<meta property=\"og:site_name\" content=\"Myeye\" \/>\n<meta property=\"article:publisher\" content=\"https:\/\/www.facebook.com\/profile.php?id=61571474589924\" \/>\n<meta property=\"article:modified_time\" content=\"2025-12-04T15:03:12+00:00\" \/>\n<meta property=\"og:image\" content=\"https:\/\/myeye.ee\/wp-content\/uploads\/2025\/04\/1.jpg\" \/>\n\t<meta property=\"og:image:width\" content=\"1920\" \/>\n\t<meta property=\"og:image:height\" content=\"900\" \/>\n\t<meta property=\"og:image:type\" content=\"image\/jpeg\" \/>\n<meta name=\"twitter:card\" content=\"summary_large_image\" \/>\n<meta name=\"twitter:label1\" content=\"Est. reading time\" \/>\n\t<meta name=\"twitter:data1\" content=\"1 minute\" \/>\n<script type=\"application\/ld+json\" class=\"yoast-schema-graph\">{\"@context\":\"https:\\\/\\\/schema.org\",\"@graph\":[{\"@type\":\"WebPage\",\"@id\":\"https:\\\/\\\/myeye.ee\\\/en\\\/contact\\\/\",\"url\":\"https:\\\/\\\/myeye.ee\\\/en\\\/contact\\\/\",\"name\":\"Contact - Myeye\",\"isPartOf\":{\"@id\":\"https:\\\/\\\/myeye.ee\\\/#website\"},\"datePublished\":\"2024-11-27T00:46:47+00:00\",\"dateModified\":\"2025-12-04T15:03:12+00:00\",\"breadcrumb\":{\"@id\":\"https:\\\/\\\/myeye.ee\\\/en\\\/contact\\\/#breadcrumb\"},\"inLanguage\":\"en-US\",\"potentialAction\":[{\"@type\":\"ReadAction\",\"target\":[\"https:\\\/\\\/myeye.ee\\\/en\\\/contact\\\/\"]}]},{\"@type\":\"BreadcrumbList\",\"@id\":\"https:\\\/\\\/myeye.ee\\\/en\\\/contact\\\/#breadcrumb\",\"itemListElement\":[{\"@type\":\"ListItem\",\"position\":1,\"name\":\"Home\",\"item\":\"https:\\\/\\\/myeye.ee\\\/en\\\/\"},{\"@type\":\"ListItem\",\"position\":2,\"name\":\"Contact\"}]},{\"@type\":\"WebSite\",\"@id\":\"https:\\\/\\\/myeye.ee\\\/#website\",\"url\":\"https:\\\/\\\/myeye.ee\\\/\",\"name\":\"Myeye\",\"description\":\"Pakume professionaalset ja usaldusv\u00e4\u00e4rset teenust, kiiret kohaletoimetamist \u00fcle ning kliendis\u00f5bralikku ostukogemust.\",\"publisher\":{\"@id\":\"https:\\\/\\\/myeye.ee\\\/#organization\"},\"potentialAction\":[{\"@type\":\"SearchAction\",\"target\":{\"@type\":\"EntryPoint\",\"urlTemplate\":\"https:\\\/\\\/myeye.ee\\\/?s={search_term_string}\"},\"query-input\":{\"@type\":\"PropertyValueSpecification\",\"valueRequired\":true,\"valueName\":\"search_term_string\"}}],\"inLanguage\":\"en-US\"},{\"@type\":\"Organization\",\"@id\":\"https:\\\/\\\/myeye.ee\\\/#organization\",\"name\":\"Myeye\",\"url\":\"https:\\\/\\\/myeye.ee\\\/\",\"logo\":{\"@type\":\"ImageObject\",\"inLanguage\":\"en-US\",\"@id\":\"https:\\\/\\\/myeye.ee\\\/#\\\/schema\\\/logo\\\/image\\\/\",\"url\":\"https:\\\/\\\/myeye.ee\\\/wp-content\\\/uploads\\\/2025\\\/06\\\/1.png\",\"contentUrl\":\"https:\\\/\\\/myeye.ee\\\/wp-content\\\/uploads\\\/2025\\\/06\\\/1.png\",\"width\":1563,\"height\":1563,\"caption\":\"Myeye\"},\"image\":{\"@id\":\"https:\\\/\\\/myeye.ee\\\/#\\\/schema\\\/logo\\\/image\\\/\"},\"sameAs\":[\"https:\\\/\\\/www.facebook.com\\\/profile.php?id=61571474589924\"]}]}<\/script>\n<!-- \/ Yoast SEO Premium plugin. -->","yoast_head_json":{"title":"Contact - Myeye","robots":{"index":"index","follow":"follow","max-snippet":"max-snippet:-1","max-image-preview":"max-image-preview:large","max-video-preview":"max-video-preview:-1"},"canonical":"https:\/\/myeye.ee\/en\/contact\/","og_locale":"en_US","og_type":"article","og_title":"Contact","og_description":"It is important to us that every customer feels supported and confident \u2013 \u200b\u200bwhether it is their first time ordering contact lenses or they have been using them for years. If you have any questions about products, orders or standing orders, please contact us. We always respond personally and do our best to help you [&hellip;]","og_url":"https:\/\/myeye.ee\/en\/contact\/","og_site_name":"Myeye","article_publisher":"https:\/\/www.facebook.com\/profile.php?id=61571474589924","article_modified_time":"2025-12-04T15:03:12+00:00","og_image":[{"width":1920,"height":900,"url":"https:\/\/myeye.ee\/wp-content\/uploads\/2025\/04\/1.jpg","type":"image\/jpeg"}],"twitter_card":"summary_large_image","twitter_misc":{"Est. reading time":"1 minute"},"schema":{"@context":"https:\/\/schema.org","@graph":[{"@type":"WebPage","@id":"https:\/\/myeye.ee\/en\/contact\/","url":"https:\/\/myeye.ee\/en\/contact\/","name":"Contact - Myeye","isPartOf":{"@id":"https:\/\/myeye.ee\/#website"},"datePublished":"2024-11-27T00:46:47+00:00","dateModified":"2025-12-04T15:03:12+00:00","breadcrumb":{"@id":"https:\/\/myeye.ee\/en\/contact\/#breadcrumb"},"inLanguage":"en-US","potentialAction":[{"@type":"ReadAction","target":["https:\/\/myeye.ee\/en\/contact\/"]}]},{"@type":"BreadcrumbList","@id":"https:\/\/myeye.ee\/en\/contact\/#breadcrumb","itemListElement":[{"@type":"ListItem","position":1,"name":"Home","item":"https:\/\/myeye.ee\/en\/"},{"@type":"ListItem","position":2,"name":"Contact"}]},{"@type":"WebSite","@id":"https:\/\/myeye.ee\/#website","url":"https:\/\/myeye.ee\/","name":"Myeye","description":"Pakume professionaalset ja usaldusv\u00e4\u00e4rset teenust, kiiret kohaletoimetamist \u00fcle ning kliendis\u00f5bralikku ostukogemust.","publisher":{"@id":"https:\/\/myeye.ee\/#organization"},"potentialAction":[{"@type":"SearchAction","target":{"@type":"EntryPoint","urlTemplate":"https:\/\/myeye.ee\/?s={search_term_string}"},"query-input":{"@type":"PropertyValueSpecification","valueRequired":true,"valueName":"search_term_string"}}],"inLanguage":"en-US"},{"@type":"Organization","@id":"https:\/\/myeye.ee\/#organization","name":"Myeye","url":"https:\/\/myeye.ee\/","logo":{"@type":"ImageObject","inLanguage":"en-US","@id":"https:\/\/myeye.ee\/#\/schema\/logo\/image\/","url":"https:\/\/myeye.ee\/wp-content\/uploads\/2025\/06\/1.png","contentUrl":"https:\/\/myeye.ee\/wp-content\/uploads\/2025\/06\/1.png","width":1563,"height":1563,"caption":"Myeye"},"image":{"@id":"https:\/\/myeye.ee\/#\/schema\/logo\/image\/"},"sameAs":["https:\/\/www.facebook.com\/profile.php?id=61571474589924"]}]}},"_links":{"self":[{"href":"https:\/\/myeye.ee\/en\/wp-json\/wp\/v2\/pages\/8861","targetHints":{"allow":["GET"]}}],"collection":[{"href":"https:\/\/myeye.ee\/en\/wp-json\/wp\/v2\/pages"}],"about":[{"href":"https:\/\/myeye.ee\/en\/wp-json\/wp\/v2\/types\/page"}],"author":[{"embeddable":true,"href":"https:\/\/myeye.ee\/en\/wp-json\/wp\/v2\/users\/1"}],"replies":[{"embeddable":true,"href":"https:\/\/myeye.ee\/en\/wp-json\/wp\/v2\/comments?post=8861"}],"version-history":[{"count":15,"href":"https:\/\/myeye.ee\/en\/wp-json\/wp\/v2\/pages\/8861\/revisions"}],"predecessor-version":[{"id":9466,"href":"https:\/\/myeye.ee\/en\/wp-json\/wp\/v2\/pages\/8861\/revisions\/9466"}],"wp:attachment":[{"href":"https:\/\/myeye.ee\/en\/wp-json\/wp\/v2\/media?parent=8861"}],"curies":[{"name":"wp","href":"https:\/\/api.w.org\/{rel}","templated":true}]}}